{"id":501,"date":"2020-04-10T15:34:48","date_gmt":"2020-04-10T13:34:48","guid":{"rendered":"https:\/\/inspire.chu-toulouse.fr\/?page_id=501"},"modified":"2024-11-26T10:57:39","modified_gmt":"2024-11-26T09:57:39","slug":"vision-2","status":"publish","type":"page","link":"https:\/\/ihuhealthage.fr\/fr\/vision-2\/","title":{"rendered":"Notre vision"},"content":{"rendered":"<p style=\"text-align: justify;\">L\u2019<strong>IHU HealthAge<\/strong> centre son programme sur la <strong>pr\u00e9vention du d\u00e9clin des fonctions<\/strong> li\u00e9 au <strong>vieillissement, la long\u00e9vit\u00e9, le vieillissement bonne sant\u00e9 et la G\u00e9roscience<\/strong>. Il s\u2019articule sur la mise en place d\u2019actions de pr\u00e9vention centr\u00e9es sur la fonction et sur l\u2019acquisition de nouvelles connaissances m\u00e9canistiques de la biologie du vieillissement en visant une am\u00e9lioration de la qualit\u00e9 de vie des personnes \u00e2g\u00e9es et une r\u00e9duction des co\u00fbts de soins de sant\u00e9 et de la perte de productivit\u00e9. Cela ouvrira des perspectives d\u2019innovation au service d\u2019une soci\u00e9t\u00e9 vieillissante mais durable ! Mettant en \u0153uvre l\u2019approche novatrice de la G\u00e9roscience, l\u2019IHU HealthAge d\u00e9ploie un plan d\u2019action autour de trois \u00e9tapes clefs\u00a0:<\/p>\n<ul>\n<li><strong>Rep\u00e9rer la perte de fonctions et d\u00e9tecter la fragilit\u00e9<\/strong><\/li>\n<li><strong>Impl\u00e9menter et pr\u00e9venir \u00e0 grande \u00e9chelle<\/strong><\/li>\n<li><strong>Comprendre et intervenir sur le processus biologique du vieillissement<\/strong><\/li>\n<\/ul>\n<div><\/div>\n<div style=\"text-align: center;\"><\/div>\n<div><\/div>\n<div class=\"citation\"><em>Nous allons passer un tiers de notre vie apr\u00e8s 60 ans, et nous devons atteindre cet \u00e2ge avec un capital sant\u00e9 suffisant \u2013 cela doit \u00eatre un enjeu prioritaire pour notre soci\u00e9t\u00e9 moderne !\u00a0<\/em><\/div>\n<div>\n<div style=\"text-align: center;\"><strong>&#8211; Prof. Bruno Vellas, pr\u00e9sident fondateur de l\u2019IHU HealthAge\u00a0<\/strong><\/div>\n<\/div>\n<div><\/div>\n<div><\/div>\n<div><\/div>\n<div class=\"mis-en-avant\"><a href=\"https:\/\/inspire.chu-toulouse.fr\/wp-content\/uploads\/2024\/11\/Interview-Prof.-Bruno-Vellas-president-fondateur-de-lIHU-HealthAge-1.pdf\">Interview Prof. Bruno Vellas, pr\u00e9sident fondateur de l\u2019IHU HealthAge<\/a><\/div>\n","protected":false},"excerpt":{"rendered":"<p>L\u2019IHU HealthAge centre son programme sur la pr\u00e9vention du d\u00e9clin des fonctions li\u00e9 au vieillissement, la long\u00e9vit\u00e9, le vieillissement bonne sant\u00e9 et la G\u00e9roscience. Il s\u2019articule sur la mise en place d\u2019actions de pr\u00e9vention centr\u00e9es sur la fonction et sur l\u2019acquisition de nouvelles connaissances m\u00e9canistiques de la biologie du vieillissement en visant une am\u00e9lioration de [&hellip;]<\/p>\n","protected":false},"author":1,"featured_media":0,"parent":0,"menu_order":0,"comment_status":"closed","ping_status":"closed","template":"","meta":{"footnotes":""},"class_list":["post-501","page","type-page","status-publish","hentry"],"yoast_head":"<!-- This site is optimized with the Yoast SEO plugin v24.7 - https:\/\/yoast.com\/wordpress\/plugins\/seo\/ -->\n<title>Notre vision - IHU Healthage<\/title>\n<meta name=\"robots\" content=\"index, follow, max-snippet:-1, max-image-preview:large, max-video-preview:-1\" \/>\n<link rel=\"canonical\" href=\"https:\/\/ihuhealthage.fr\/fr\/vision-2\/\" \/>\n<meta property=\"og:locale\" content=\"fr_FR\" \/>\n<meta property=\"og:type\" content=\"article\" \/>\n<meta property=\"og:title\" content=\"Notre vision - IHU Healthage\" \/>\n<meta property=\"og:description\" content=\"L\u2019IHU HealthAge centre son programme sur la pr\u00e9vention du d\u00e9clin des fonctions li\u00e9 au vieillissement, la long\u00e9vit\u00e9, le vieillissement bonne sant\u00e9 et la G\u00e9roscience. Il s\u2019articule sur la mise en place d\u2019actions de pr\u00e9vention centr\u00e9es sur la fonction et sur l\u2019acquisition de nouvelles connaissances m\u00e9canistiques de la biologie du vieillissement en visant une am\u00e9lioration de [&hellip;]\" \/>\n<meta property=\"og:url\" content=\"https:\/\/ihuhealthage.fr\/fr\/vision-2\/\" \/>\n<meta property=\"og:site_name\" content=\"INSPIRE\" \/>\n<meta property=\"article:modified_time\" content=\"2024-11-26T09:57:39+00:00\" \/>\n<meta name=\"twitter:card\" content=\"summary_large_image\" \/>\n<meta name=\"twitter:label1\" content=\"Dur\u00e9e de lecture estim\u00e9e\" \/>\n\t<meta name=\"twitter:data1\" content=\"1 minute\" \/>\n<script type=\"application\/ld+json\" class=\"yoast-schema-graph\">{\"@context\":\"https:\/\/schema.org\",\"@graph\":[{\"@type\":\"WebPage\",\"@id\":\"https:\/\/ihuhealthage.fr\/fr\/vision-2\/\",\"url\":\"https:\/\/ihuhealthage.fr\/fr\/vision-2\/\",\"name\":\"Notre vision - IHU Healthage\",\"isPartOf\":{\"@id\":\"https:\/\/ihuhealthage.fr\/fr\/#website\"},\"datePublished\":\"2020-04-10T13:34:48+00:00\",\"dateModified\":\"2024-11-26T09:57:39+00:00\",\"breadcrumb\":{\"@id\":\"https:\/\/ihuhealthage.fr\/fr\/vision-2\/#breadcrumb\"},\"inLanguage\":\"fr-FR\",\"potentialAction\":[{\"@type\":\"ReadAction\",\"target\":[\"https:\/\/ihuhealthage.fr\/fr\/vision-2\/\"]}]},{\"@type\":\"BreadcrumbList\",\"@id\":\"https:\/\/ihuhealthage.fr\/fr\/vision-2\/#breadcrumb\",\"itemListElement\":[{\"@type\":\"ListItem\",\"position\":1,\"name\":\"Accueil\",\"item\":\"https:\/\/ihuhealthage.fr\/fr\/\"},{\"@type\":\"ListItem\",\"position\":2,\"name\":\"Notre vision\"}]},{\"@type\":\"WebSite\",\"@id\":\"https:\/\/ihuhealthage.fr\/fr\/#website\",\"url\":\"https:\/\/ihuhealthage.fr\/fr\/\",\"name\":\"IHU Healthage\",\"description\":\"\",\"potentialAction\":[{\"@type\":\"SearchAction\",\"target\":{\"@type\":\"EntryPoint\",\"urlTemplate\":\"https:\/\/ihuhealthage.fr\/fr\/?s={search_term_string}\"},\"query-input\":{\"@type\":\"PropertyValueSpecification\",\"valueRequired\":true,\"valueName\":\"search_term_string\"}}],\"inLanguage\":\"fr-FR\"}]}<\/script>\n<!-- \/ Yoast SEO plugin. -->","yoast_head_json":{"title":"Notre vision - IHU Healthage","robots":{"index":"index","follow":"follow","max-snippet":"max-snippet:-1","max-image-preview":"max-image-preview:large","max-video-preview":"max-video-preview:-1"},"canonical":"https:\/\/ihuhealthage.fr\/fr\/vision-2\/","og_locale":"fr_FR","og_type":"article","og_title":"Notre vision - IHU Healthage","og_description":"L\u2019IHU HealthAge centre son programme sur la pr\u00e9vention du d\u00e9clin des fonctions li\u00e9 au vieillissement, la long\u00e9vit\u00e9, le vieillissement bonne sant\u00e9 et la G\u00e9roscience. Il s\u2019articule sur la mise en place d\u2019actions de pr\u00e9vention centr\u00e9es sur la fonction et sur l\u2019acquisition de nouvelles connaissances m\u00e9canistiques de la biologie du vieillissement en visant une am\u00e9lioration de [&hellip;]","og_url":"https:\/\/ihuhealthage.fr\/fr\/vision-2\/","og_site_name":"INSPIRE","article_modified_time":"2024-11-26T09:57:39+00:00","twitter_card":"summary_large_image","twitter_misc":{"Dur\u00e9e de lecture estim\u00e9e":"1 minute"},"schema":{"@context":"https:\/\/schema.org","@graph":[{"@type":"WebPage","@id":"https:\/\/ihuhealthage.fr\/fr\/vision-2\/","url":"https:\/\/ihuhealthage.fr\/fr\/vision-2\/","name":"Notre vision - IHU Healthage","isPartOf":{"@id":"https:\/\/ihuhealthage.fr\/fr\/#website"},"datePublished":"2020-04-10T13:34:48+00:00","dateModified":"2024-11-26T09:57:39+00:00","breadcrumb":{"@id":"https:\/\/ihuhealthage.fr\/fr\/vision-2\/#breadcrumb"},"inLanguage":"fr-FR","potentialAction":[{"@type":"ReadAction","target":["https:\/\/ihuhealthage.fr\/fr\/vision-2\/"]}]},{"@type":"BreadcrumbList","@id":"https:\/\/ihuhealthage.fr\/fr\/vision-2\/#breadcrumb","itemListElement":[{"@type":"ListItem","position":1,"name":"Accueil","item":"https:\/\/ihuhealthage.fr\/fr\/"},{"@type":"ListItem","position":2,"name":"Notre vision"}]},{"@type":"WebSite","@id":"https:\/\/ihuhealthage.fr\/fr\/#website","url":"https:\/\/ihuhealthage.fr\/fr\/","name":"IHU Healthage","description":"","potentialAction":[{"@type":"SearchAction","target":{"@type":"EntryPoint","urlTemplate":"https:\/\/ihuhealthage.fr\/fr\/?s={search_term_string}"},"query-input":{"@type":"PropertyValueSpecification","valueRequired":true,"valueName":"search_term_string"}}],"inLanguage":"fr-FR"}]}},"_links":{"self":[{"href":"https:\/\/ihuhealthage.fr\/fr\/wp-json\/wp\/v2\/pages\/501","targetHints":{"allow":["GET"]}}],"collection":[{"href":"https:\/\/ihuhealthage.fr\/fr\/wp-json\/wp\/v2\/pages"}],"about":[{"href":"https:\/\/ihuhealthage.fr\/fr\/wp-json\/wp\/v2\/types\/page"}],"author":[{"embeddable":true,"href":"https:\/\/ihuhealthage.fr\/fr\/wp-json\/wp\/v2\/users\/1"}],"replies":[{"embeddable":true,"href":"https:\/\/ihuhealthage.fr\/fr\/wp-json\/wp\/v2\/comments?post=501"}],"version-history":[{"count":26,"href":"https:\/\/ihuhealthage.fr\/fr\/wp-json\/wp\/v2\/pages\/501\/revisions"}],"predecessor-version":[{"id":3501,"href":"https:\/\/ihuhealthage.fr\/fr\/wp-json\/wp\/v2\/pages\/501\/revisions\/3501"}],"wp:attachment":[{"href":"https:\/\/ihuhealthage.fr\/fr\/wp-json\/wp\/v2\/media?parent=501"}],"curies":[{"name":"wp","href":"https:\/\/api.w.org\/{rel}","templated":true}]}}