{"id":483,"date":"2020-04-10T15:20:09","date_gmt":"2020-04-10T13:20:09","guid":{"rendered":"https:\/\/inspire.chu-toulouse.fr\/?page_id=483"},"modified":"2026-01-15T09:26:11","modified_gmt":"2026-01-15T08:26:11","slug":"partenaires-mecenes","status":"publish","type":"page","link":"https:\/\/ihuhealthage.fr\/fr\/partenaires-mecenes\/","title":{"rendered":"Nos partenaires et m\u00e9c\u00e8nes"},"content":{"rendered":"<p style=\"text-align: center;\"><span style=\"color: #000080;\"><strong>Plusieurs entreprises et organisations soutiennent nos recherches visant \u00e0 contribuer au vieillissement en bonne sant\u00e9 des populations.<\/strong><\/span><\/p>\n<p style=\"text-align: center;\"><span style=\"text-decoration: underline; color: #000080;\"><strong>Nous les remercions sinc\u00e8rement de leur soutien et de leur confiance !<\/strong><\/span><\/p>\n<p>&nbsp;<\/p>\n<p><img loading=\"lazy\" decoding=\"async\" class=\"alignnone size-large wp-image-4518\" src=\"https:\/\/inspire.chu-toulouse.fr\/wp-content\/uploads\/2026\/01\/Logo-FR-1110x345.jpg\" alt=\"\" width=\"1110\" height=\"345\" \/><\/p>\n<p>&nbsp;<\/p>\n<p style=\"text-align: justify;\"><strong><em>Partenaires<\/em><\/strong><\/p>\n<ul style=\"text-align: justify;\">\n<li><span style=\"text-decoration: underline;\"><em>Assurance maladie<\/em><\/span> : l\u2019assurance maladie est un dispositif charg\u00e9 d&rsquo;assurer un individu face \u00e0 des risques financiers de soins en cas de maladie, ainsi qu&rsquo;un revenu minimal lorsque l&rsquo;affection prive la personne de travail.<\/li>\n<li><span style=\"text-decoration: underline;\"><em>Assurance retraite<\/em><\/span> : l&rsquo;Assurance retraite, c&rsquo;est le service public de la retraite. Elle garantit un accompagnement fiable et personnalis\u00e9 vers un passage \u00e0 la retraite simple et fluide, puis son d\u00e9roulement dans la s\u00e9r\u00e9nit\u00e9.<\/li>\n<\/ul>\n<p><strong><em>M\u00e9c\u00e8nes<\/em><\/strong><\/p>\n<ul>\n<li><span style=\"text-decoration: underline;\"><em>IRCEM<\/em><\/span> : le groupe Ircem est un groupe paritaire de protection sociale \u00e0 but non lucratif. Il g\u00e8re la Retraite et la Pr\u00e9voyance compl\u00e9mentaire, la Sant\u00e9, la Pr\u00e9vention et l\u2019Action sociale d\u00e9di\u00e9es aux Emplois de la Famille et aux Services \u00e0 la Personne.<\/li>\n<li><span style=\"text-decoration: underline;\"><em>AXA<\/em><\/span> : groupe international fran\u00e7ais sp\u00e9cialis\u00e9 dans l&rsquo;assurance et dans la gestion d&rsquo;actifs.<\/li>\n<li><span style=\"text-decoration: underline;\"><em>La Poste<\/em><\/span> : La Poste est une soci\u00e9t\u00e9 anonyme fran\u00e7aise majoritairement pr\u00e9sente en tant qu&rsquo;op\u00e9rateur de services postaux, de services bancaires et assurantiels, op\u00e9rateur de t\u00e9l\u00e9phonie mobile, fournisseur de services num\u00e9riques et de solutions commerce, commerce en ligne et de collecte et vente de donn\u00e9es.<\/li>\n<li><span style=\"text-decoration: underline;\"><em>Calico<\/em><\/span> : Calico est une soci\u00e9t\u00e9 de biotechnologie fond\u00e9e le 18 septembre 2013 par Google dans le but de lutter contre le vieillissement humain et ses maladies associ\u00e9es, avec pour projet d\u00e9clar\u00e9 de Tuer la mort.<\/li>\n<li><span style=\"text-decoration: underline;\"><em>Laboratoire Pierre Fabre<\/em><\/span> : groupe pharmaceutique et dermo- cosm\u00e9tique fran\u00e7ais<\/li>\n<li><span style=\"text-decoration: underline;\"><em>Eisai<\/em><\/span> : laboratoire pharmaceutique de recherche et d&rsquo;innovation japonais<\/li>\n<li><span style=\"text-decoration: underline;\"><em>Edenis<\/em><\/span> : groupe associatif sp\u00e9cialis\u00e9 dans l&rsquo;accueil et l&rsquo;accompagnement des personnes \u00e2g\u00e9es fragilis\u00e9es<\/li>\n<li><span style=\"text-decoration: underline;\"><em>Clariane<\/em><\/span> : premi\u00e8re communaut\u00e9 europ\u00e9enne de soin dans les moments de fragilit\u00e9, c&rsquo;est un groupe sp\u00e9cialis\u00e9 dans le soin, avec pour principale marque l&rsquo;entreprise Korian<\/li>\n<li><span style=\"text-decoration: underline;\"><em>Lilly<\/em><\/span> : le laboratoire pharmaceutique Lilly, est une entreprise de sant\u00e9, au service des patients et des professionnels de sant\u00e9<\/li>\n<li><span style=\"text-decoration: underline;\"><em>Emeis<\/em><\/span> : couvre cinq m\u00e9tiers li\u00e9s aux soins \u00e0 la personne avec les cliniques psychiatriques, les cliniques de soins m\u00e9dicaux et de r\u00e9adaptation, les maisons de retraite, les services et soins \u00e0 domicile et les r\u00e9sidences services<\/li>\n<li style=\"text-align: justify;\"><span style=\"text-decoration: underline;\"><em>CNSA<\/em><\/span> : la Caisse Nationale de Solidarit\u00e9 pour l&rsquo;Autonomie est l&rsquo;organisme gestionnaire de la branche Autonomie de la S\u00e9curit\u00e9 sociale.<\/li>\n<li><em><span style=\"text-decoration: underline;\">Danone<\/span><\/em> : apporte la sant\u00e9 par l&rsquo;alimentation au plus grand nombre, \u00e0 tous \u00e2ges de la vie<\/li>\n<li><em><span style=\"text-decoration: underline;\">Nestle<\/span><\/em> : leader en nutrition et bien-\u00eatre, engag\u00e9 \u00e0 offrir des produits de qualit\u00e9 tout en soutenant des initiatives durables<\/li>\n<\/ul>\n","protected":false},"excerpt":{"rendered":"<p>Plusieurs entreprises et organisations soutiennent nos recherches visant \u00e0 contribuer au vieillissement en bonne sant\u00e9 des populations. Nous les remercions sinc\u00e8rement de leur soutien et de leur confiance ! &nbsp; &nbsp; Partenaires Assurance maladie : l\u2019assurance maladie est un dispositif charg\u00e9 d&rsquo;assurer un individu face \u00e0 des risques financiers de soins en cas de maladie, [&hellip;]<\/p>\n","protected":false},"author":1,"featured_media":0,"parent":0,"menu_order":0,"comment_status":"closed","ping_status":"closed","template":"","meta":{"footnotes":""},"class_list":["post-483","page","type-page","status-publish","hentry"],"yoast_head":"<!-- This site is optimized with the Yoast SEO plugin v24.7 - https:\/\/yoast.com\/wordpress\/plugins\/seo\/ -->\n<title>Nos partenaires et m\u00e9c\u00e8nes - IHU Healthage<\/title>\n<meta name=\"robots\" content=\"index, follow, max-snippet:-1, max-image-preview:large, max-video-preview:-1\" \/>\n<link rel=\"canonical\" href=\"https:\/\/ihuhealthage.fr\/fr\/partenaires-mecenes\/\" \/>\n<meta property=\"og:locale\" content=\"fr_FR\" \/>\n<meta property=\"og:type\" content=\"article\" \/>\n<meta property=\"og:title\" content=\"Nos partenaires et m\u00e9c\u00e8nes - IHU Healthage\" \/>\n<meta property=\"og:description\" content=\"Plusieurs entreprises et organisations soutiennent nos recherches visant \u00e0 contribuer au vieillissement en bonne sant\u00e9 des populations. Nous les remercions sinc\u00e8rement de leur soutien et de leur confiance ! &nbsp; &nbsp; Partenaires Assurance maladie : l\u2019assurance maladie est un dispositif charg\u00e9 d&rsquo;assurer un individu face \u00e0 des risques financiers de soins en cas de maladie, [&hellip;]\" \/>\n<meta property=\"og:url\" content=\"https:\/\/ihuhealthage.fr\/fr\/partenaires-mecenes\/\" \/>\n<meta property=\"og:site_name\" content=\"INSPIRE\" \/>\n<meta property=\"article:modified_time\" content=\"2026-01-15T08:26:11+00:00\" \/>\n<meta property=\"og:image\" content=\"https:\/\/inspire.chu-toulouse.fr\/wp-content\/uploads\/2026\/01\/Logo-FR-e1772795665499.jpg\" \/>\n\t<meta property=\"og:image:width\" content=\"1000\" \/>\n\t<meta property=\"og:image:height\" content=\"311\" \/>\n\t<meta property=\"og:image:type\" content=\"image\/jpeg\" \/>\n<meta name=\"twitter:card\" content=\"summary_large_image\" \/>\n<meta name=\"twitter:label1\" content=\"Dur\u00e9e de lecture estim\u00e9e\" \/>\n\t<meta name=\"twitter:data1\" content=\"3 minutes\" \/>\n<script type=\"application\/ld+json\" class=\"yoast-schema-graph\">{\"@context\":\"https:\/\/schema.org\",\"@graph\":[{\"@type\":\"WebPage\",\"@id\":\"https:\/\/ihuhealthage.fr\/fr\/partenaires-mecenes\/\",\"url\":\"https:\/\/ihuhealthage.fr\/fr\/partenaires-mecenes\/\",\"name\":\"Nos partenaires et m\u00e9c\u00e8nes - IHU Healthage\",\"isPartOf\":{\"@id\":\"https:\/\/ihuhealthage.fr\/fr\/#website\"},\"primaryImageOfPage\":{\"@id\":\"https:\/\/ihuhealthage.fr\/fr\/partenaires-mecenes\/#primaryimage\"},\"image\":{\"@id\":\"https:\/\/ihuhealthage.fr\/fr\/partenaires-mecenes\/#primaryimage\"},\"thumbnailUrl\":\"https:\/\/inspire.chu-toulouse.fr\/wp-content\/uploads\/2026\/01\/Logo-FR-1110x345.jpg\",\"datePublished\":\"2020-04-10T13:20:09+00:00\",\"dateModified\":\"2026-01-15T08:26:11+00:00\",\"breadcrumb\":{\"@id\":\"https:\/\/ihuhealthage.fr\/fr\/partenaires-mecenes\/#breadcrumb\"},\"inLanguage\":\"fr-FR\",\"potentialAction\":[{\"@type\":\"ReadAction\",\"target\":[\"https:\/\/ihuhealthage.fr\/fr\/partenaires-mecenes\/\"]}]},{\"@type\":\"ImageObject\",\"inLanguage\":\"fr-FR\",\"@id\":\"https:\/\/ihuhealthage.fr\/fr\/partenaires-mecenes\/#primaryimage\",\"url\":\"https:\/\/inspire.chu-toulouse.fr\/wp-content\/uploads\/2026\/01\/Logo-FR-1110x345.jpg\",\"contentUrl\":\"https:\/\/inspire.chu-toulouse.fr\/wp-content\/uploads\/2026\/01\/Logo-FR-1110x345.jpg\"},{\"@type\":\"BreadcrumbList\",\"@id\":\"https:\/\/ihuhealthage.fr\/fr\/partenaires-mecenes\/#breadcrumb\",\"itemListElement\":[{\"@type\":\"ListItem\",\"position\":1,\"name\":\"Accueil\",\"item\":\"https:\/\/ihuhealthage.fr\/fr\/\"},{\"@type\":\"ListItem\",\"position\":2,\"name\":\"Nos partenaires et m\u00e9c\u00e8nes\"}]},{\"@type\":\"WebSite\",\"@id\":\"https:\/\/ihuhealthage.fr\/fr\/#website\",\"url\":\"https:\/\/ihuhealthage.fr\/fr\/\",\"name\":\"IHU Healthage\",\"description\":\"\",\"potentialAction\":[{\"@type\":\"SearchAction\",\"target\":{\"@type\":\"EntryPoint\",\"urlTemplate\":\"https:\/\/ihuhealthage.fr\/fr\/?s={search_term_string}\"},\"query-input\":{\"@type\":\"PropertyValueSpecification\",\"valueRequired\":true,\"valueName\":\"search_term_string\"}}],\"inLanguage\":\"fr-FR\"}]}<\/script>\n<!-- \/ Yoast SEO plugin. -->","yoast_head_json":{"title":"Nos partenaires et m\u00e9c\u00e8nes - IHU Healthage","robots":{"index":"index","follow":"follow","max-snippet":"max-snippet:-1","max-image-preview":"max-image-preview:large","max-video-preview":"max-video-preview:-1"},"canonical":"https:\/\/ihuhealthage.fr\/fr\/partenaires-mecenes\/","og_locale":"fr_FR","og_type":"article","og_title":"Nos partenaires et m\u00e9c\u00e8nes - IHU Healthage","og_description":"Plusieurs entreprises et organisations soutiennent nos recherches visant \u00e0 contribuer au vieillissement en bonne sant\u00e9 des populations. Nous les remercions sinc\u00e8rement de leur soutien et de leur confiance ! &nbsp; &nbsp; Partenaires Assurance maladie : l\u2019assurance maladie est un dispositif charg\u00e9 d&rsquo;assurer un individu face \u00e0 des risques financiers de soins en cas de maladie, [&hellip;]","og_url":"https:\/\/ihuhealthage.fr\/fr\/partenaires-mecenes\/","og_site_name":"INSPIRE","article_modified_time":"2026-01-15T08:26:11+00:00","og_image":[{"width":1000,"height":311,"url":"https:\/\/inspire.chu-toulouse.fr\/wp-content\/uploads\/2026\/01\/Logo-FR-e1772795665499.jpg","type":"image\/jpeg"}],"twitter_card":"summary_large_image","twitter_misc":{"Dur\u00e9e de lecture estim\u00e9e":"3 minutes"},"schema":{"@context":"https:\/\/schema.org","@graph":[{"@type":"WebPage","@id":"https:\/\/ihuhealthage.fr\/fr\/partenaires-mecenes\/","url":"https:\/\/ihuhealthage.fr\/fr\/partenaires-mecenes\/","name":"Nos partenaires et m\u00e9c\u00e8nes - IHU Healthage","isPartOf":{"@id":"https:\/\/ihuhealthage.fr\/fr\/#website"},"primaryImageOfPage":{"@id":"https:\/\/ihuhealthage.fr\/fr\/partenaires-mecenes\/#primaryimage"},"image":{"@id":"https:\/\/ihuhealthage.fr\/fr\/partenaires-mecenes\/#primaryimage"},"thumbnailUrl":"https:\/\/inspire.chu-toulouse.fr\/wp-content\/uploads\/2026\/01\/Logo-FR-1110x345.jpg","datePublished":"2020-04-10T13:20:09+00:00","dateModified":"2026-01-15T08:26:11+00:00","breadcrumb":{"@id":"https:\/\/ihuhealthage.fr\/fr\/partenaires-mecenes\/#breadcrumb"},"inLanguage":"fr-FR","potentialAction":[{"@type":"ReadAction","target":["https:\/\/ihuhealthage.fr\/fr\/partenaires-mecenes\/"]}]},{"@type":"ImageObject","inLanguage":"fr-FR","@id":"https:\/\/ihuhealthage.fr\/fr\/partenaires-mecenes\/#primaryimage","url":"https:\/\/inspire.chu-toulouse.fr\/wp-content\/uploads\/2026\/01\/Logo-FR-1110x345.jpg","contentUrl":"https:\/\/inspire.chu-toulouse.fr\/wp-content\/uploads\/2026\/01\/Logo-FR-1110x345.jpg"},{"@type":"BreadcrumbList","@id":"https:\/\/ihuhealthage.fr\/fr\/partenaires-mecenes\/#breadcrumb","itemListElement":[{"@type":"ListItem","position":1,"name":"Accueil","item":"https:\/\/ihuhealthage.fr\/fr\/"},{"@type":"ListItem","position":2,"name":"Nos partenaires et m\u00e9c\u00e8nes"}]},{"@type":"WebSite","@id":"https:\/\/ihuhealthage.fr\/fr\/#website","url":"https:\/\/ihuhealthage.fr\/fr\/","name":"IHU Healthage","description":"","potentialAction":[{"@type":"SearchAction","target":{"@type":"EntryPoint","urlTemplate":"https:\/\/ihuhealthage.fr\/fr\/?s={search_term_string}"},"query-input":{"@type":"PropertyValueSpecification","valueRequired":true,"valueName":"search_term_string"}}],"inLanguage":"fr-FR"}]}},"_links":{"self":[{"href":"https:\/\/ihuhealthage.fr\/fr\/wp-json\/wp\/v2\/pages\/483","targetHints":{"allow":["GET"]}}],"collection":[{"href":"https:\/\/ihuhealthage.fr\/fr\/wp-json\/wp\/v2\/pages"}],"about":[{"href":"https:\/\/ihuhealthage.fr\/fr\/wp-json\/wp\/v2\/types\/page"}],"author":[{"embeddable":true,"href":"https:\/\/ihuhealthage.fr\/fr\/wp-json\/wp\/v2\/users\/1"}],"replies":[{"embeddable":true,"href":"https:\/\/ihuhealthage.fr\/fr\/wp-json\/wp\/v2\/comments?post=483"}],"version-history":[{"count":34,"href":"https:\/\/ihuhealthage.fr\/fr\/wp-json\/wp\/v2\/pages\/483\/revisions"}],"predecessor-version":[{"id":4522,"href":"https:\/\/ihuhealthage.fr\/fr\/wp-json\/wp\/v2\/pages\/483\/revisions\/4522"}],"wp:attachment":[{"href":"https:\/\/ihuhealthage.fr\/fr\/wp-json\/wp\/v2\/media?parent=483"}],"curies":[{"name":"wp","href":"https:\/\/api.w.org\/{rel}","templated":true}]}}