{"id":3836,"date":"2025-01-07T15:24:04","date_gmt":"2025-01-07T14:24:04","guid":{"rendered":"https:\/\/ihuhealthage.fr\/fr\/?page_id=3836"},"modified":"2026-04-17T15:16:03","modified_gmt":"2026-04-17T13:16:03","slug":"les-projets-de-recherche-2","status":"publish","type":"page","link":"https:\/\/ihuhealthage.fr\/fr\/les-projets-de-recherche-2\/","title":{"rendered":"Les projets de recherche"},"content":{"rendered":"<p>Aper\u00e7u de l&rsquo;IHU-HealthAge (<a href=\"https:\/\/inspire.chu-toulouse.fr\/wp-content\/uploads\/2025\/01\/Apercu-de-lIHU-HealthAge-1.pdf\">En savoir plus<\/a>)<\/p>\n<ul>\n<li>Cohorte INSPIRE-T Extension HealthAge (<a href=\"https:\/\/inspire.chu-toulouse.fr\/wp-content\/uploads\/2025\/01\/INSPIRE-Extension-HealthAge.pdf\">En savoir plus<\/a>)<\/li>\n<li>Trajectoires de la capacit\u00e9 intrins\u00e8que et score composite (bas\u00e9 sur l&rsquo;\u00e9valuation ICOPE) (<a href=\"https:\/\/inspire.chu-toulouse.fr\/wp-content\/uploads\/2025\/01\/Trajectoires-de-la-capacite-intrinseque-et-score-composite-base-sur-levaluation-ICOPE.pdf\">En savoir plus<\/a>)<\/li>\n<li>Horloge de la capacit\u00e9 intrins\u00e8que v1 Programme de recherche IHU HealthAge Premiers r\u00e9sultats Horloge de la capacit\u00e9 intrins\u00e8que (<a href=\"https:\/\/inspire.chu-toulouse.fr\/wp-content\/uploads\/2025\/01\/Horloge-de-la-capacite-intrinseque-v1-Programme-de-recherche-IHU-HealthAge-Premiers-resultats-Horloge-de-la-capacite-intrinseque-IC.pdf\">En savoir plus<\/a>)<\/li>\n<li>R\u00e9partition des tissus adipeux<\/li>\n<li>Fonction mitochondriale (<a href=\"https:\/\/inspire.chu-toulouse.fr\/wp-content\/uploads\/2026\/04\/Mitochondrie-2026_Martinez.pdf\">En savoir plus<\/a>)<\/li>\n<li>Apeline (<a href=\"https:\/\/inspire.chu-toulouse.fr\/wp-content\/uploads\/2025\/01\/Apelin.pdf\">En savoir plus<\/a>)<\/li>\n<li>Horloge des cellules T (<a href=\"https:\/\/inspire.chu-toulouse.fr\/wp-content\/uploads\/2025\/01\/Horloge-des-cellules-T.pdf\">En savoir plus<\/a>)<\/li>\n<li>Plate-forme science ouverte IHU HealthAge<\/li>\n<li>Plate-forme d&rsquo;essais en G\u00e9roscience<\/li>\n<li>Progr\u00e8s de l&rsquo;essai ICOPE<\/li>\n<li>Clinique de long\u00e9vit\u00e9 de l&rsquo;IHU HealthAge (<a href=\"https:\/\/inspire.chu-toulouse.fr\/wp-content\/uploads\/2025\/01\/Clinique-de-longevite-de-lIHU-HealthAge.pdf\">En savoir plus<\/a>)<\/li>\n<li>Programme sur le vieillissement de la peau IHU HealthAge (en collaboration avec Pierre Fabre)<\/li>\n<li>Approche multi-\u00e9chelle (cellulaire et plasmatique)\u00a0 pour identifier des biomarqueurs du vieillissement en bonne sant\u00e9 (<a href=\"https:\/\/inspire.chu-toulouse.fr\/wp-content\/uploads\/2025\/01\/Signatures-metabolomiques-et-cognition.pdf\">En savoir plus<\/a>)<\/li>\n<li>Comment utiliser la cohorte INSPIRE-T HealthAge comme cohorte d&rsquo;essai en g\u00e9rosciences (ADNI) ? (<a href=\"https:\/\/inspire.chu-toulouse.fr\/wp-content\/uploads\/2025\/01\/Comment-utiliser-la-cohorte-INSPIRE-T-HealthAge-comme-cohorte-dessai-en-gerosciences-ADNI.pdf\">En savoir plus<\/a>)<\/li>\n<li>Cohorte de souris INSPIRE (<a href=\"https:\/\/inspire.chu-toulouse.fr\/wp-content\/uploads\/2025\/01\/Cohorte-de-souris-INSPIRE.pdf\">En savoir plus<\/a>)<\/li>\n<li>Cohorte de poissons INSPIRE (<a href=\"https:\/\/inspire.chu-toulouse.fr\/wp-content\/uploads\/2025\/01\/Cohorte-de-poissons-INSPIRE.pdf\">En savoir plus<\/a>)<\/li>\n<\/ul>\n","protected":false},"excerpt":{"rendered":"<p>Aper\u00e7u de l&rsquo;IHU-HealthAge (En savoir plus) Cohorte INSPIRE-T Extension HealthAge (En savoir plus) Trajectoires de la capacit\u00e9 intrins\u00e8que et score composite (bas\u00e9 sur l&rsquo;\u00e9valuation ICOPE) (En savoir plus) Horloge de la capacit\u00e9 intrins\u00e8que v1 Programme de recherche IHU HealthAge Premiers r\u00e9sultats Horloge de la capacit\u00e9 intrins\u00e8que (En savoir plus) R\u00e9partition des tissus adipeux Fonction mitochondriale [&hellip;]<\/p>\n","protected":false},"author":6,"featured_media":0,"parent":0,"menu_order":0,"comment_status":"closed","ping_status":"closed","template":"","meta":{"footnotes":""},"class_list":["post-3836","page","type-page","status-publish","hentry"],"yoast_head":"<!-- This site is optimized with the Yoast SEO plugin v24.7 - https:\/\/yoast.com\/wordpress\/plugins\/seo\/ -->\n<title>Les projets de recherche - IHU Healthage<\/title>\n<meta name=\"robots\" content=\"index, follow, max-snippet:-1, max-image-preview:large, max-video-preview:-1\" \/>\n<link rel=\"canonical\" href=\"https:\/\/ihuhealthage.fr\/fr\/les-projets-de-recherche-2\/\" \/>\n<meta property=\"og:locale\" content=\"fr_FR\" \/>\n<meta property=\"og:type\" content=\"article\" \/>\n<meta property=\"og:title\" content=\"Les projets de recherche - IHU Healthage\" \/>\n<meta property=\"og:description\" content=\"Aper\u00e7u de l&rsquo;IHU-HealthAge (En savoir plus) Cohorte INSPIRE-T Extension HealthAge (En savoir plus) Trajectoires de la capacit\u00e9 intrins\u00e8que et score composite (bas\u00e9 sur l&rsquo;\u00e9valuation ICOPE) (En savoir plus) Horloge de la capacit\u00e9 intrins\u00e8que v1 Programme de recherche IHU HealthAge Premiers r\u00e9sultats Horloge de la capacit\u00e9 intrins\u00e8que (En savoir plus) R\u00e9partition des tissus adipeux Fonction mitochondriale [&hellip;]\" \/>\n<meta property=\"og:url\" content=\"https:\/\/ihuhealthage.fr\/fr\/les-projets-de-recherche-2\/\" \/>\n<meta property=\"og:site_name\" content=\"INSPIRE\" \/>\n<meta property=\"article:modified_time\" content=\"2026-04-17T13:16:03+00:00\" \/>\n<meta name=\"twitter:card\" content=\"summary_large_image\" \/>\n<meta name=\"twitter:label1\" content=\"Dur\u00e9e de lecture estim\u00e9e\" \/>\n\t<meta name=\"twitter:data1\" content=\"1 minute\" \/>\n<script type=\"application\/ld+json\" class=\"yoast-schema-graph\">{\"@context\":\"https:\/\/schema.org\",\"@graph\":[{\"@type\":\"WebPage\",\"@id\":\"https:\/\/ihuhealthage.fr\/fr\/les-projets-de-recherche-2\/\",\"url\":\"https:\/\/ihuhealthage.fr\/fr\/les-projets-de-recherche-2\/\",\"name\":\"Les projets de recherche - IHU Healthage\",\"isPartOf\":{\"@id\":\"https:\/\/ihuhealthage.fr\/fr\/#website\"},\"datePublished\":\"2025-01-07T14:24:04+00:00\",\"dateModified\":\"2026-04-17T13:16:03+00:00\",\"breadcrumb\":{\"@id\":\"https:\/\/ihuhealthage.fr\/fr\/les-projets-de-recherche-2\/#breadcrumb\"},\"inLanguage\":\"fr-FR\",\"potentialAction\":[{\"@type\":\"ReadAction\",\"target\":[\"https:\/\/ihuhealthage.fr\/fr\/les-projets-de-recherche-2\/\"]}]},{\"@type\":\"BreadcrumbList\",\"@id\":\"https:\/\/ihuhealthage.fr\/fr\/les-projets-de-recherche-2\/#breadcrumb\",\"itemListElement\":[{\"@type\":\"ListItem\",\"position\":1,\"name\":\"Accueil\",\"item\":\"https:\/\/ihuhealthage.fr\/fr\/\"},{\"@type\":\"ListItem\",\"position\":2,\"name\":\"Les projets de recherche\"}]},{\"@type\":\"WebSite\",\"@id\":\"https:\/\/ihuhealthage.fr\/fr\/#website\",\"url\":\"https:\/\/ihuhealthage.fr\/fr\/\",\"name\":\"IHU Healthage\",\"description\":\"\",\"potentialAction\":[{\"@type\":\"SearchAction\",\"target\":{\"@type\":\"EntryPoint\",\"urlTemplate\":\"https:\/\/ihuhealthage.fr\/fr\/?s={search_term_string}\"},\"query-input\":{\"@type\":\"PropertyValueSpecification\",\"valueRequired\":true,\"valueName\":\"search_term_string\"}}],\"inLanguage\":\"fr-FR\"}]}<\/script>\n<!-- \/ Yoast SEO plugin. -->","yoast_head_json":{"title":"Les projets de recherche - IHU Healthage","robots":{"index":"index","follow":"follow","max-snippet":"max-snippet:-1","max-image-preview":"max-image-preview:large","max-video-preview":"max-video-preview:-1"},"canonical":"https:\/\/ihuhealthage.fr\/fr\/les-projets-de-recherche-2\/","og_locale":"fr_FR","og_type":"article","og_title":"Les projets de recherche - IHU Healthage","og_description":"Aper\u00e7u de l&rsquo;IHU-HealthAge (En savoir plus) Cohorte INSPIRE-T Extension HealthAge (En savoir plus) Trajectoires de la capacit\u00e9 intrins\u00e8que et score composite (bas\u00e9 sur l&rsquo;\u00e9valuation ICOPE) (En savoir plus) Horloge de la capacit\u00e9 intrins\u00e8que v1 Programme de recherche IHU HealthAge Premiers r\u00e9sultats Horloge de la capacit\u00e9 intrins\u00e8que (En savoir plus) R\u00e9partition des tissus adipeux Fonction mitochondriale [&hellip;]","og_url":"https:\/\/ihuhealthage.fr\/fr\/les-projets-de-recherche-2\/","og_site_name":"INSPIRE","article_modified_time":"2026-04-17T13:16:03+00:00","twitter_card":"summary_large_image","twitter_misc":{"Dur\u00e9e de lecture estim\u00e9e":"1 minute"},"schema":{"@context":"https:\/\/schema.org","@graph":[{"@type":"WebPage","@id":"https:\/\/ihuhealthage.fr\/fr\/les-projets-de-recherche-2\/","url":"https:\/\/ihuhealthage.fr\/fr\/les-projets-de-recherche-2\/","name":"Les projets de recherche - IHU Healthage","isPartOf":{"@id":"https:\/\/ihuhealthage.fr\/fr\/#website"},"datePublished":"2025-01-07T14:24:04+00:00","dateModified":"2026-04-17T13:16:03+00:00","breadcrumb":{"@id":"https:\/\/ihuhealthage.fr\/fr\/les-projets-de-recherche-2\/#breadcrumb"},"inLanguage":"fr-FR","potentialAction":[{"@type":"ReadAction","target":["https:\/\/ihuhealthage.fr\/fr\/les-projets-de-recherche-2\/"]}]},{"@type":"BreadcrumbList","@id":"https:\/\/ihuhealthage.fr\/fr\/les-projets-de-recherche-2\/#breadcrumb","itemListElement":[{"@type":"ListItem","position":1,"name":"Accueil","item":"https:\/\/ihuhealthage.fr\/fr\/"},{"@type":"ListItem","position":2,"name":"Les projets de recherche"}]},{"@type":"WebSite","@id":"https:\/\/ihuhealthage.fr\/fr\/#website","url":"https:\/\/ihuhealthage.fr\/fr\/","name":"IHU Healthage","description":"","potentialAction":[{"@type":"SearchAction","target":{"@type":"EntryPoint","urlTemplate":"https:\/\/ihuhealthage.fr\/fr\/?s={search_term_string}"},"query-input":{"@type":"PropertyValueSpecification","valueRequired":true,"valueName":"search_term_string"}}],"inLanguage":"fr-FR"}]}},"_links":{"self":[{"href":"https:\/\/ihuhealthage.fr\/fr\/wp-json\/wp\/v2\/pages\/3836","targetHints":{"allow":["GET"]}}],"collection":[{"href":"https:\/\/ihuhealthage.fr\/fr\/wp-json\/wp\/v2\/pages"}],"about":[{"href":"https:\/\/ihuhealthage.fr\/fr\/wp-json\/wp\/v2\/types\/page"}],"author":[{"embeddable":true,"href":"https:\/\/ihuhealthage.fr\/fr\/wp-json\/wp\/v2\/users\/6"}],"replies":[{"embeddable":true,"href":"https:\/\/ihuhealthage.fr\/fr\/wp-json\/wp\/v2\/comments?post=3836"}],"version-history":[{"count":14,"href":"https:\/\/ihuhealthage.fr\/fr\/wp-json\/wp\/v2\/pages\/3836\/revisions"}],"predecessor-version":[{"id":4614,"href":"https:\/\/ihuhealthage.fr\/fr\/wp-json\/wp\/v2\/pages\/3836\/revisions\/4614"}],"wp:attachment":[{"href":"https:\/\/ihuhealthage.fr\/fr\/wp-json\/wp\/v2\/media?parent=3836"}],"curies":[{"name":"wp","href":"https:\/\/api.w.org\/{rel}","templated":true}]}}