{"id":3810,"date":"2025-01-07T11:24:45","date_gmt":"2025-01-07T10:24:45","guid":{"rendered":"https:\/\/ihuhealthage.fr\/fr\/?page_id=3810"},"modified":"2026-04-17T15:44:18","modified_gmt":"2026-04-17T13:44:18","slug":"le-programme-icope","status":"publish","type":"page","link":"https:\/\/ihuhealthage.fr\/fr\/le-programme-icope\/","title":{"rendered":"Le programme ICOPE"},"content":{"rendered":"<p style=\"text-align: justify;\">Le programme ICOPE (Soins int\u00e9gr\u00e9s pour les personnes \u00e2g\u00e9es), publi\u00e9 par l\u2019Organisation Mondiale de la Sant\u00e9 (OMS) en 2019, repose sur <strong>l\u2019\u00e9valuation et le suivi de six fonctions essentielles de la personne (mobilit\u00e9, nutrition, vision, audition, cognition, psychologie) et la mise en place d\u2019un parcours de soin int\u00e9gr\u00e9 visant \u00e0 maintenir l\u2019autonomie pour vieillir en bonne sant\u00e9<\/strong>. La d\u00e9marche ICOPE s\u2019adresse aux seniors autonomes de 60 ans et plus et comporte 5 \u00e9tapes :<\/p>\n<ul>\n<li style=\"text-align: justify;\">rep\u00e9rage (\u00e9tape1)<\/li>\n<li style=\"text-align: justify;\">\u00e9valuation approfondie (\u00e9tape2)<\/li>\n<li style=\"text-align: justify;\">proposition d\u2019un plan de soin (\u00e9tape3)<\/li>\n<li style=\"text-align: justify;\">suivi (\u00e9tape4)<\/li>\n<li style=\"text-align: justify;\">implication des collectivit\u00e9s et soutien aux aidants (\u00e9tape5)<\/li>\n<\/ul>\n<p style=\"text-align: justify;\"><strong>ICOPE est reconnu au niveau scientifique et sant\u00e9 publique comme le programme le plus prometteur pour permettre au plus grand nombre d\u2019acc\u00e9der \u00e0 un vieillissement r\u00e9ussi<\/strong>. Les outils num\u00e9riques <strong>ICOPE Monitor<\/strong> d\u00e9velopp\u00e9s par l\u2019IHU HealthAge facilitent la r\u00e9alisation des \u00e9valuations et le recueil de donn\u00e9es par les professionnels et ainsi permettent une large diffusion du programme ICOPE.<\/p>\n<p><img loading=\"lazy\" decoding=\"async\" class=\"alignnone size-large wp-image-4618\" src=\"https:\/\/inspire.chu-toulouse.fr\/wp-content\/uploads\/2026\/04\/icope-monitor-04026-1110x624.png\" alt=\"\" width=\"1110\" height=\"624\" srcset=\"https:\/\/inspire.chu-toulouse.fr\/wp-content\/uploads\/2026\/04\/icope-monitor-04026-1110x624.png 1110w, https:\/\/inspire.chu-toulouse.fr\/wp-content\/uploads\/2026\/04\/icope-monitor-04026-533x300.png 533w, https:\/\/inspire.chu-toulouse.fr\/wp-content\/uploads\/2026\/04\/icope-monitor-04026-768x432.png 768w, https:\/\/inspire.chu-toulouse.fr\/wp-content\/uploads\/2026\/04\/icope-monitor-04026.png 1280w\" sizes=\"auto, (max-width: 1110px) 100vw, 1110px\" \/><\/p>\n","protected":false},"excerpt":{"rendered":"<p>Le programme ICOPE (Soins int\u00e9gr\u00e9s pour les personnes \u00e2g\u00e9es), publi\u00e9 par l\u2019Organisation Mondiale de la Sant\u00e9 (OMS) en 2019, repose sur l\u2019\u00e9valuation et le suivi de six fonctions essentielles de la personne (mobilit\u00e9, nutrition, vision, audition, cognition, psychologie) et la mise en place d\u2019un parcours de soin int\u00e9gr\u00e9 visant \u00e0 maintenir l\u2019autonomie pour vieillir en [&hellip;]<\/p>\n","protected":false},"author":6,"featured_media":0,"parent":0,"menu_order":0,"comment_status":"closed","ping_status":"closed","template":"","meta":{"footnotes":""},"class_list":["post-3810","page","type-page","status-publish","hentry"],"yoast_head":"<!-- This site is optimized with the Yoast SEO plugin v24.7 - https:\/\/yoast.com\/wordpress\/plugins\/seo\/ -->\n<title>Le programme ICOPE - IHU Healthage<\/title>\n<meta name=\"robots\" content=\"index, follow, max-snippet:-1, max-image-preview:large, max-video-preview:-1\" \/>\n<link rel=\"canonical\" href=\"https:\/\/ihuhealthage.fr\/fr\/le-programme-icope\/\" \/>\n<meta property=\"og:locale\" content=\"fr_FR\" \/>\n<meta property=\"og:type\" content=\"article\" \/>\n<meta property=\"og:title\" content=\"Le programme ICOPE - IHU Healthage\" \/>\n<meta property=\"og:description\" content=\"Le programme ICOPE (Soins int\u00e9gr\u00e9s pour les personnes \u00e2g\u00e9es), publi\u00e9 par l\u2019Organisation Mondiale de la Sant\u00e9 (OMS) en 2019, repose sur l\u2019\u00e9valuation et le suivi de six fonctions essentielles de la personne (mobilit\u00e9, nutrition, vision, audition, cognition, psychologie) et la mise en place d\u2019un parcours de soin int\u00e9gr\u00e9 visant \u00e0 maintenir l\u2019autonomie pour vieillir en [&hellip;]\" \/>\n<meta property=\"og:url\" content=\"https:\/\/ihuhealthage.fr\/fr\/le-programme-icope\/\" \/>\n<meta property=\"og:site_name\" content=\"INSPIRE\" \/>\n<meta property=\"article:modified_time\" content=\"2026-04-17T13:44:18+00:00\" \/>\n<meta property=\"og:image\" content=\"https:\/\/inspire.chu-toulouse.fr\/wp-content\/uploads\/2026\/04\/icope-monitor-04026.png\" \/>\n\t<meta property=\"og:image:width\" content=\"1280\" \/>\n\t<meta property=\"og:image:height\" content=\"720\" \/>\n\t<meta property=\"og:image:type\" content=\"image\/png\" \/>\n<meta name=\"twitter:card\" content=\"summary_large_image\" \/>\n<meta name=\"twitter:label1\" content=\"Dur\u00e9e de lecture estim\u00e9e\" \/>\n\t<meta name=\"twitter:data1\" content=\"1 minute\" \/>\n<script type=\"application\/ld+json\" class=\"yoast-schema-graph\">{\"@context\":\"https:\/\/schema.org\",\"@graph\":[{\"@type\":\"WebPage\",\"@id\":\"https:\/\/ihuhealthage.fr\/fr\/le-programme-icope\/\",\"url\":\"https:\/\/ihuhealthage.fr\/fr\/le-programme-icope\/\",\"name\":\"Le programme ICOPE - IHU Healthage\",\"isPartOf\":{\"@id\":\"https:\/\/ihuhealthage.fr\/fr\/#website\"},\"primaryImageOfPage\":{\"@id\":\"https:\/\/ihuhealthage.fr\/fr\/le-programme-icope\/#primaryimage\"},\"image\":{\"@id\":\"https:\/\/ihuhealthage.fr\/fr\/le-programme-icope\/#primaryimage\"},\"thumbnailUrl\":\"https:\/\/inspire.chu-toulouse.fr\/wp-content\/uploads\/2026\/04\/icope-monitor-04026-1110x624.png\",\"datePublished\":\"2025-01-07T10:24:45+00:00\",\"dateModified\":\"2026-04-17T13:44:18+00:00\",\"breadcrumb\":{\"@id\":\"https:\/\/ihuhealthage.fr\/fr\/le-programme-icope\/#breadcrumb\"},\"inLanguage\":\"fr-FR\",\"potentialAction\":[{\"@type\":\"ReadAction\",\"target\":[\"https:\/\/ihuhealthage.fr\/fr\/le-programme-icope\/\"]}]},{\"@type\":\"ImageObject\",\"inLanguage\":\"fr-FR\",\"@id\":\"https:\/\/ihuhealthage.fr\/fr\/le-programme-icope\/#primaryimage\",\"url\":\"https:\/\/inspire.chu-toulouse.fr\/wp-content\/uploads\/2026\/04\/icope-monitor-04026-1110x624.png\",\"contentUrl\":\"https:\/\/inspire.chu-toulouse.fr\/wp-content\/uploads\/2026\/04\/icope-monitor-04026-1110x624.png\"},{\"@type\":\"BreadcrumbList\",\"@id\":\"https:\/\/ihuhealthage.fr\/fr\/le-programme-icope\/#breadcrumb\",\"itemListElement\":[{\"@type\":\"ListItem\",\"position\":1,\"name\":\"Accueil\",\"item\":\"https:\/\/ihuhealthage.fr\/fr\/\"},{\"@type\":\"ListItem\",\"position\":2,\"name\":\"Le programme ICOPE\"}]},{\"@type\":\"WebSite\",\"@id\":\"https:\/\/ihuhealthage.fr\/fr\/#website\",\"url\":\"https:\/\/ihuhealthage.fr\/fr\/\",\"name\":\"IHU Healthage\",\"description\":\"\",\"potentialAction\":[{\"@type\":\"SearchAction\",\"target\":{\"@type\":\"EntryPoint\",\"urlTemplate\":\"https:\/\/ihuhealthage.fr\/fr\/?s={search_term_string}\"},\"query-input\":{\"@type\":\"PropertyValueSpecification\",\"valueRequired\":true,\"valueName\":\"search_term_string\"}}],\"inLanguage\":\"fr-FR\"}]}<\/script>\n<!-- \/ Yoast SEO plugin. -->","yoast_head_json":{"title":"Le programme ICOPE - IHU Healthage","robots":{"index":"index","follow":"follow","max-snippet":"max-snippet:-1","max-image-preview":"max-image-preview:large","max-video-preview":"max-video-preview:-1"},"canonical":"https:\/\/ihuhealthage.fr\/fr\/le-programme-icope\/","og_locale":"fr_FR","og_type":"article","og_title":"Le programme ICOPE - IHU Healthage","og_description":"Le programme ICOPE (Soins int\u00e9gr\u00e9s pour les personnes \u00e2g\u00e9es), publi\u00e9 par l\u2019Organisation Mondiale de la Sant\u00e9 (OMS) en 2019, repose sur l\u2019\u00e9valuation et le suivi de six fonctions essentielles de la personne (mobilit\u00e9, nutrition, vision, audition, cognition, psychologie) et la mise en place d\u2019un parcours de soin int\u00e9gr\u00e9 visant \u00e0 maintenir l\u2019autonomie pour vieillir en [&hellip;]","og_url":"https:\/\/ihuhealthage.fr\/fr\/le-programme-icope\/","og_site_name":"INSPIRE","article_modified_time":"2026-04-17T13:44:18+00:00","og_image":[{"width":1280,"height":720,"url":"https:\/\/inspire.chu-toulouse.fr\/wp-content\/uploads\/2026\/04\/icope-monitor-04026.png","type":"image\/png"}],"twitter_card":"summary_large_image","twitter_misc":{"Dur\u00e9e de lecture estim\u00e9e":"1 minute"},"schema":{"@context":"https:\/\/schema.org","@graph":[{"@type":"WebPage","@id":"https:\/\/ihuhealthage.fr\/fr\/le-programme-icope\/","url":"https:\/\/ihuhealthage.fr\/fr\/le-programme-icope\/","name":"Le programme ICOPE - IHU Healthage","isPartOf":{"@id":"https:\/\/ihuhealthage.fr\/fr\/#website"},"primaryImageOfPage":{"@id":"https:\/\/ihuhealthage.fr\/fr\/le-programme-icope\/#primaryimage"},"image":{"@id":"https:\/\/ihuhealthage.fr\/fr\/le-programme-icope\/#primaryimage"},"thumbnailUrl":"https:\/\/inspire.chu-toulouse.fr\/wp-content\/uploads\/2026\/04\/icope-monitor-04026-1110x624.png","datePublished":"2025-01-07T10:24:45+00:00","dateModified":"2026-04-17T13:44:18+00:00","breadcrumb":{"@id":"https:\/\/ihuhealthage.fr\/fr\/le-programme-icope\/#breadcrumb"},"inLanguage":"fr-FR","potentialAction":[{"@type":"ReadAction","target":["https:\/\/ihuhealthage.fr\/fr\/le-programme-icope\/"]}]},{"@type":"ImageObject","inLanguage":"fr-FR","@id":"https:\/\/ihuhealthage.fr\/fr\/le-programme-icope\/#primaryimage","url":"https:\/\/inspire.chu-toulouse.fr\/wp-content\/uploads\/2026\/04\/icope-monitor-04026-1110x624.png","contentUrl":"https:\/\/inspire.chu-toulouse.fr\/wp-content\/uploads\/2026\/04\/icope-monitor-04026-1110x624.png"},{"@type":"BreadcrumbList","@id":"https:\/\/ihuhealthage.fr\/fr\/le-programme-icope\/#breadcrumb","itemListElement":[{"@type":"ListItem","position":1,"name":"Accueil","item":"https:\/\/ihuhealthage.fr\/fr\/"},{"@type":"ListItem","position":2,"name":"Le programme ICOPE"}]},{"@type":"WebSite","@id":"https:\/\/ihuhealthage.fr\/fr\/#website","url":"https:\/\/ihuhealthage.fr\/fr\/","name":"IHU Healthage","description":"","potentialAction":[{"@type":"SearchAction","target":{"@type":"EntryPoint","urlTemplate":"https:\/\/ihuhealthage.fr\/fr\/?s={search_term_string}"},"query-input":{"@type":"PropertyValueSpecification","valueRequired":true,"valueName":"search_term_string"}}],"inLanguage":"fr-FR"}]}},"_links":{"self":[{"href":"https:\/\/ihuhealthage.fr\/fr\/wp-json\/wp\/v2\/pages\/3810","targetHints":{"allow":["GET"]}}],"collection":[{"href":"https:\/\/ihuhealthage.fr\/fr\/wp-json\/wp\/v2\/pages"}],"about":[{"href":"https:\/\/ihuhealthage.fr\/fr\/wp-json\/wp\/v2\/types\/page"}],"author":[{"embeddable":true,"href":"https:\/\/ihuhealthage.fr\/fr\/wp-json\/wp\/v2\/users\/6"}],"replies":[{"embeddable":true,"href":"https:\/\/ihuhealthage.fr\/fr\/wp-json\/wp\/v2\/comments?post=3810"}],"version-history":[{"count":8,"href":"https:\/\/ihuhealthage.fr\/fr\/wp-json\/wp\/v2\/pages\/3810\/revisions"}],"predecessor-version":[{"id":4621,"href":"https:\/\/ihuhealthage.fr\/fr\/wp-json\/wp\/v2\/pages\/3810\/revisions\/4621"}],"wp:attachment":[{"href":"https:\/\/ihuhealthage.fr\/fr\/wp-json\/wp\/v2\/media?parent=3810"}],"curies":[{"name":"wp","href":"https:\/\/api.w.org\/{rel}","templated":true}]}}