{"id":3438,"date":"2024-12-11T16:23:58","date_gmt":"2024-12-11T15:23:58","guid":{"rendered":"https:\/\/ihuhealthage.fr\/fr\/?page_id=3438"},"modified":"2025-09-04T11:32:25","modified_gmt":"2025-09-04T09:32:25","slug":"portail-de-transparence","status":"publish","type":"page","link":"https:\/\/ihuhealthage.fr\/fr\/portail-de-transparence\/","title":{"rendered":"Portail de transparence"},"content":{"rendered":"<p style=\"text-align: justify;\"><strong>Le CHU de Toulouse utilise les donn\u00e9es collect\u00e9es dans le cadre de la prise en charge des patients \u00e0 des fins de recherche pour faire avancer les connaissances (mieux comprendre les maladies, mieux les traiter, identifier les facteurs de risque, etc.) et ainsi am\u00e9liorer la prise en charge et la qualit\u00e9 des soins prodigu\u00e9s aux patients.<\/strong><\/p>\n<p style=\"text-align: justify;\">Dans ce contexte, un portail de transparence <a href=\"https:\/\/data-transparence.chu-toulouse.fr\"><em>https:\/\/data-transparence.chu-toulouse.fr<\/em><\/a>\u00a0 a \u00e9t\u00e9 cr\u00e9\u00e9 et recense toutes les recherches port\u00e9es par le CHU d\u00e9marr\u00e9es depuis le mois de juin 2025.<\/p>\n<p style=\"text-align: justify;\">Ce portail d\u00e9taille l\u2019ensemble des mentions obligatoires du RGPD, notamment, pour chaque projet concern\u00e9, l\u2019identit\u00e9 du responsable de traitement et les finalit\u00e9s poursuivies justifiant la r\u00e9utilisation des donn\u00e9es.<\/p>\n<p style=\"text-align: justify;\">Pour chaque projet r\u00e9f\u00e9renc\u00e9 dans le portail de transparence du CHU de Toulouse, un lien de contact est disponible afin que les participants puissent \u00a0poser toute question relative au(x) nouveau(x) traitement(s) de ses donn\u00e9es et exercer ses droits.<\/p>\n<p style=\"text-align: justify;\">Gr\u00e2ce \u00e0 cette information, le participant pourra choisir d\u2019exercer ses droits d\u2019acc\u00e8s, de rectification, de limitation, d\u2019opposition ou d\u2019effacement de ses donn\u00e9es. L\u2019affichage des projets sur la page du site internet vaut information pour cette r\u00e9utilisation de donn\u00e9es et d\u00e8s lors, il n\u2019est pas pr\u00e9vu d\u2019adresser au participant, une lettre individuelle d\u2019information compl\u00e9mentaire pour chaque projet de recherche. Les modalit\u00e9s d\u2019opposition pour chaque projet de recherche seront indiqu\u00e9es sur ce site Internet.<\/p>\n","protected":false},"excerpt":{"rendered":"<p>Le CHU de Toulouse utilise les donn\u00e9es collect\u00e9es dans le cadre de la prise en charge des patients \u00e0 des fins de recherche pour faire avancer les connaissances (mieux comprendre les maladies, mieux les traiter, identifier les facteurs de risque, etc.) et ainsi am\u00e9liorer la prise en charge et la qualit\u00e9 des soins prodigu\u00e9s aux [&hellip;]<\/p>\n","protected":false},"author":6,"featured_media":0,"parent":0,"menu_order":0,"comment_status":"closed","ping_status":"closed","template":"","meta":{"footnotes":""},"class_list":["post-3438","page","type-page","status-publish","hentry"],"yoast_head":"<!-- This site is optimized with the Yoast SEO plugin v24.7 - https:\/\/yoast.com\/wordpress\/plugins\/seo\/ -->\n<title>Portail de transparence - IHU Healthage<\/title>\n<meta name=\"robots\" content=\"index, follow, max-snippet:-1, max-image-preview:large, max-video-preview:-1\" \/>\n<link rel=\"canonical\" href=\"https:\/\/ihuhealthage.fr\/fr\/portail-de-transparence\/\" \/>\n<meta property=\"og:locale\" content=\"fr_FR\" \/>\n<meta property=\"og:type\" content=\"article\" \/>\n<meta property=\"og:title\" content=\"Portail de transparence - IHU Healthage\" \/>\n<meta property=\"og:description\" content=\"Le CHU de Toulouse utilise les donn\u00e9es collect\u00e9es dans le cadre de la prise en charge des patients \u00e0 des fins de recherche pour faire avancer les connaissances (mieux comprendre les maladies, mieux les traiter, identifier les facteurs de risque, etc.) et ainsi am\u00e9liorer la prise en charge et la qualit\u00e9 des soins prodigu\u00e9s aux [&hellip;]\" \/>\n<meta property=\"og:url\" content=\"https:\/\/ihuhealthage.fr\/fr\/portail-de-transparence\/\" \/>\n<meta property=\"og:site_name\" content=\"INSPIRE\" \/>\n<meta property=\"article:modified_time\" content=\"2025-09-04T09:32:25+00:00\" \/>\n<meta name=\"twitter:card\" content=\"summary_large_image\" \/>\n<meta name=\"twitter:label1\" content=\"Dur\u00e9e de lecture estim\u00e9e\" \/>\n\t<meta name=\"twitter:data1\" content=\"2 minutes\" \/>\n<script type=\"application\/ld+json\" class=\"yoast-schema-graph\">{\"@context\":\"https:\/\/schema.org\",\"@graph\":[{\"@type\":\"WebPage\",\"@id\":\"https:\/\/ihuhealthage.fr\/fr\/portail-de-transparence\/\",\"url\":\"https:\/\/ihuhealthage.fr\/fr\/portail-de-transparence\/\",\"name\":\"Portail de transparence - IHU Healthage\",\"isPartOf\":{\"@id\":\"https:\/\/ihuhealthage.fr\/fr\/#website\"},\"datePublished\":\"2024-12-11T15:23:58+00:00\",\"dateModified\":\"2025-09-04T09:32:25+00:00\",\"breadcrumb\":{\"@id\":\"https:\/\/ihuhealthage.fr\/fr\/portail-de-transparence\/#breadcrumb\"},\"inLanguage\":\"fr-FR\",\"potentialAction\":[{\"@type\":\"ReadAction\",\"target\":[\"https:\/\/ihuhealthage.fr\/fr\/portail-de-transparence\/\"]}]},{\"@type\":\"BreadcrumbList\",\"@id\":\"https:\/\/ihuhealthage.fr\/fr\/portail-de-transparence\/#breadcrumb\",\"itemListElement\":[{\"@type\":\"ListItem\",\"position\":1,\"name\":\"Accueil\",\"item\":\"https:\/\/ihuhealthage.fr\/fr\/\"},{\"@type\":\"ListItem\",\"position\":2,\"name\":\"Portail de transparence\"}]},{\"@type\":\"WebSite\",\"@id\":\"https:\/\/ihuhealthage.fr\/fr\/#website\",\"url\":\"https:\/\/ihuhealthage.fr\/fr\/\",\"name\":\"IHU Healthage\",\"description\":\"\",\"potentialAction\":[{\"@type\":\"SearchAction\",\"target\":{\"@type\":\"EntryPoint\",\"urlTemplate\":\"https:\/\/ihuhealthage.fr\/fr\/?s={search_term_string}\"},\"query-input\":{\"@type\":\"PropertyValueSpecification\",\"valueRequired\":true,\"valueName\":\"search_term_string\"}}],\"inLanguage\":\"fr-FR\"}]}<\/script>\n<!-- \/ Yoast SEO plugin. -->","yoast_head_json":{"title":"Portail de transparence - IHU Healthage","robots":{"index":"index","follow":"follow","max-snippet":"max-snippet:-1","max-image-preview":"max-image-preview:large","max-video-preview":"max-video-preview:-1"},"canonical":"https:\/\/ihuhealthage.fr\/fr\/portail-de-transparence\/","og_locale":"fr_FR","og_type":"article","og_title":"Portail de transparence - IHU Healthage","og_description":"Le CHU de Toulouse utilise les donn\u00e9es collect\u00e9es dans le cadre de la prise en charge des patients \u00e0 des fins de recherche pour faire avancer les connaissances (mieux comprendre les maladies, mieux les traiter, identifier les facteurs de risque, etc.) et ainsi am\u00e9liorer la prise en charge et la qualit\u00e9 des soins prodigu\u00e9s aux [&hellip;]","og_url":"https:\/\/ihuhealthage.fr\/fr\/portail-de-transparence\/","og_site_name":"INSPIRE","article_modified_time":"2025-09-04T09:32:25+00:00","twitter_card":"summary_large_image","twitter_misc":{"Dur\u00e9e de lecture estim\u00e9e":"2 minutes"},"schema":{"@context":"https:\/\/schema.org","@graph":[{"@type":"WebPage","@id":"https:\/\/ihuhealthage.fr\/fr\/portail-de-transparence\/","url":"https:\/\/ihuhealthage.fr\/fr\/portail-de-transparence\/","name":"Portail de transparence - IHU Healthage","isPartOf":{"@id":"https:\/\/ihuhealthage.fr\/fr\/#website"},"datePublished":"2024-12-11T15:23:58+00:00","dateModified":"2025-09-04T09:32:25+00:00","breadcrumb":{"@id":"https:\/\/ihuhealthage.fr\/fr\/portail-de-transparence\/#breadcrumb"},"inLanguage":"fr-FR","potentialAction":[{"@type":"ReadAction","target":["https:\/\/ihuhealthage.fr\/fr\/portail-de-transparence\/"]}]},{"@type":"BreadcrumbList","@id":"https:\/\/ihuhealthage.fr\/fr\/portail-de-transparence\/#breadcrumb","itemListElement":[{"@type":"ListItem","position":1,"name":"Accueil","item":"https:\/\/ihuhealthage.fr\/fr\/"},{"@type":"ListItem","position":2,"name":"Portail de transparence"}]},{"@type":"WebSite","@id":"https:\/\/ihuhealthage.fr\/fr\/#website","url":"https:\/\/ihuhealthage.fr\/fr\/","name":"IHU Healthage","description":"","potentialAction":[{"@type":"SearchAction","target":{"@type":"EntryPoint","urlTemplate":"https:\/\/ihuhealthage.fr\/fr\/?s={search_term_string}"},"query-input":{"@type":"PropertyValueSpecification","valueRequired":true,"valueName":"search_term_string"}}],"inLanguage":"fr-FR"}]}},"_links":{"self":[{"href":"https:\/\/ihuhealthage.fr\/fr\/wp-json\/wp\/v2\/pages\/3438","targetHints":{"allow":["GET"]}}],"collection":[{"href":"https:\/\/ihuhealthage.fr\/fr\/wp-json\/wp\/v2\/pages"}],"about":[{"href":"https:\/\/ihuhealthage.fr\/fr\/wp-json\/wp\/v2\/types\/page"}],"author":[{"embeddable":true,"href":"https:\/\/ihuhealthage.fr\/fr\/wp-json\/wp\/v2\/users\/6"}],"replies":[{"embeddable":true,"href":"https:\/\/ihuhealthage.fr\/fr\/wp-json\/wp\/v2\/comments?post=3438"}],"version-history":[{"count":7,"href":"https:\/\/ihuhealthage.fr\/fr\/wp-json\/wp\/v2\/pages\/3438\/revisions"}],"predecessor-version":[{"id":4375,"href":"https:\/\/ihuhealthage.fr\/fr\/wp-json\/wp\/v2\/pages\/3438\/revisions\/4375"}],"wp:attachment":[{"href":"https:\/\/ihuhealthage.fr\/fr\/wp-json\/wp\/v2\/media?parent=3438"}],"curies":[{"name":"wp","href":"https:\/\/api.w.org\/{rel}","templated":true}]}}