{"id":3341,"date":"2024-11-14T13:48:13","date_gmt":"2024-11-14T12:48:13","guid":{"rendered":"https:\/\/ihuhealthage.fr\/fr\/?page_id=3341"},"modified":"2025-09-04T11:27:49","modified_gmt":"2025-09-04T09:27:49","slug":"publications","status":"publish","type":"page","link":"https:\/\/ihuhealthage.fr\/fr\/publications\/","title":{"rendered":"Publications"},"content":{"rendered":"<h2 style=\"text-align: justify;\">2025<\/h2>\n<p style=\"text-align: justify;\"><span style=\"color: #000000;\"><a style=\"color: #000000;\" href=\"https:\/\/pubmed.ncbi.nlm.nih.gov\/40828895\/\">The INSPIRE-T longitudinal observational study centred on intrinsic capacity: baseline data. Guyonnet S e al., J Gerontol A Biol Sci Med Sci. 2025 Aug 18<\/a><\/span><\/p>\n<p style=\"text-align: justify;\"><span style=\"color: #000000;\"><a style=\"color: #000000;\" href=\"https:\/\/pubmed.ncbi.nlm.nih.gov\/40814797\/\">Acceleration and Functional Capacities Across the Lifespan in the INSPIRE-T Cohort. J Cachexia Sarcopenia Muscle. S\u00e1nchez-S\u00e1nchez JL et al., J Cachexia Sarcopenia Muscle. 2025 Aug 16<\/a><\/span><\/p>\n<p style=\"text-align: justify;\"><span style=\"color: #000000;\"><a style=\"color: #000000;\" href=\"https:\/\/pubmed.ncbi.nlm.nih.gov\/40484800\/\">Physical activity and Alzheimer&rsquo;s disease: a call for evidence incorporation. S\u00e1nchez-S\u00e1nchez JL, de Souto Barreto P., J Prev Alzheimers Dis. 2025 Aug 12<\/a><\/span><\/p>\n<p style=\"text-align: justify;\"><span style=\"color: #000000;\"><a style=\"color: #000000;\" href=\"https:\/\/pubmed.ncbi.nlm.nih.gov\/40785275\/\">Associations of Skin Biomechanical Properties With Biological Aging Clocks and Longitudinal Changes in Intrinsic Capacity in Adults Aged 20-93: The INSPIRE-T Project. Lu WH et al., Aging Cell. 2025 Aug 10<\/a><\/span><\/p>\n<p style=\"text-align: justify;\"><span style=\"color: #000000;\"><a style=\"color: #000000;\" href=\"https:\/\/pubmed.ncbi.nlm.nih.gov\/40601428\/\">Associations between intrinsic capacity, plasma p-tau181 and cognitive function over a 5-year follow-up among community-dwelling older adults: a secondary analysis of the MAPT Study. Giudici KV et al., J Frailty Aging. 2025 Aug<\/a><\/span><\/p>\n<p style=\"text-align: justify;\"><span style=\"color: #000000;\"><a style=\"color: #000000;\" href=\"https:\/\/pubmed.ncbi.nlm.nih.gov\/40706903\/\">Cross-sectional associations of plasma vitamin D with plasma phosphorylated tau-181 and plasma neurofilament light chain in older adults with memory complaints. Hooper C et al., Neurobiol. 2025 Jul 22<\/a><\/span><\/p>\n<p style=\"text-align: justify;\"><span style=\"color: #000000;\"><a style=\"color: #000000;\" href=\"https:\/\/pubmed.ncbi.nlm.nih.gov\/40467932\/\">A blood-based epigenetic clock for intrinsic capacity predicts mortality and is associated with clinical, immunological and lifestyle factors. Fuentealba M et al., Nat Aging. 2025 Jul 5<\/a><\/span><\/p>\n<p style=\"text-align: justify;\"><span style=\"color: #000000;\"><a style=\"color: #000000;\" href=\"https:\/\/pubmed.ncbi.nlm.nih.gov\/40360907\/\">Reference centiles for intrinsic capacity to monitor clinical health outcomes in real-world primary care cohorts. de Souto Barreto P et al., Nat Aging. 2025 Jul 5<\/a><\/span><\/p>\n<p style=\"text-align: justify;\"><span style=\"color: #000000;\"><a style=\"color: #000000;\" href=\"https:\/\/pubmed.ncbi.nlm.nih.gov\/40591484\/\">Identification of Functional Cellular Markers Related to Human Health, Frailty and Chronological Age. Brodeau C et al., Aging Cell. 2025 Jul 1<\/a><\/span><\/p>\n<p style=\"text-align: justify;\"><span style=\"color: #000000;\"><a style=\"color: #000000;\" href=\"https:\/\/pubmed.ncbi.nlm.nih.gov\/40518489\/\">HealthAge: evaluation of intrinsic capacity changes in humans, mice, and killifish to explore the biology of aging. Guyonnet S, et al., Geroscience. 2025 Jun 16<\/a><\/span><\/p>\n<p style=\"text-align: justify;\"><span style=\"color: #000000;\"><a style=\"color: #000000;\" href=\"https:\/\/pubmed.ncbi.nlm.nih.gov\/40082178\/\">Lifestyle factors and plasma biomarkers of Alzheimer&rsquo;s disease: A narrative review. Hooper C et al., J Prev Alzheimers Dis. 2025 Jun 12<\/a><\/span><\/p>\n<p style=\"text-align: justify;\"><span style=\"color: #000000;\"><a style=\"color: #000000;\" href=\"https:\/\/pubmed.ncbi.nlm.nih.gov\/40392632\/\">Mitochondrial Bioenergetic Profiling in T Cell Subsets Associates With Functional Health in Older Adults: A Cross-sectional Analysis From the INSPIRE-T Cohort. Jabrane-Ferrat N et al., J Gerontol A Biol Sci Med Sci. 2025 Jun 10<\/a><\/span><\/p>\n<p style=\"text-align: justify;\"><span style=\"color: #000000;\"><a style=\"color: #000000;\" href=\"https:\/\/pubmed.ncbi.nlm.nih.gov\/40404666\/\">Pathogenicity of commensal gut biofilm in prefrail aging. NPJ Biofilms Microbiomes. Le Cosquer G et al., NPJ Biofilms Microbiomes. 2025 May 22<\/a><\/span><\/p>\n<p style=\"text-align: justify;\"><span style=\"color: #000000;\"><a style=\"color: #000000;\" href=\"https:\/\/pubmed.ncbi.nlm.nih.gov\/40380021\/\">Cross-sectional associations of epigenetic clocks with intrinsic capacity and functional ability in older adults with frailty and cognitive impairment: the COGFRAIL study. Valenzuela PL et al., Geroscience. 2025 May 16<\/a><\/span><\/p>\n<p style=\"text-align: justify;\"><span style=\"color: #000000;\"><a style=\"color: #000000;\" href=\"https:\/\/pubmed.ncbi.nlm.nih.gov\/40347354\/\">The associations between biological markers of aging and appetite loss across adulthood: retrospective case-control data from the INSPIRE-T study. Turesson A et al., Geroscience. 2025 May 10<\/a><\/span><\/p>\n<p style=\"text-align: justify;\"><span style=\"color: #000000;\"><a style=\"color: #000000;\" href=\"https:\/\/pubmed.ncbi.nlm.nih.gov\/40121958\/\">The relationship between physical activity and appetite among older adults &#8211; A scoping review. Turesson A et al., J Nutr Health Aging. 2025 May<\/a><\/span><\/p>\n<p style=\"text-align: justify;\"><span style=\"color: #000000;\"><a style=\"color: #000000;\" href=\"https:\/\/pubmed.ncbi.nlm.nih.gov\/39986483\/\">Hallmarks of aging and Alzheimer&rsquo;s Disease pathogenesis: Paving the route for new therapeutic targets. Bellelli F et al., Ageing Res Rev. 2025 Apr<\/a><\/span><\/p>\n<p style=\"text-align: justify;\"><span style=\"color: #000000;\"><a style=\"color: #000000;\" href=\"https:\/\/pubmed.ncbi.nlm.nih.gov\/39700710\/\">Cross-sectional and longitudinal associations between physical activity and intrinsic capacity in healthy older adults from the MAPT study. Raffin J et al., Arch Gerontol Geriatr. 2025 Mar<\/a><\/span><\/p>\n<p style=\"text-align: justify;\"><span style=\"color: #000000;\"><a style=\"color: #000000;\" href=\"https:\/\/pubmed.ncbi.nlm.nih.gov\/39549299\/\">Implementing the WHO ICOPE Program in Clinical Practice: Three Years of Lessons From Monitoring 27 082 Participants Using the ICOPE Monitor Digital Tool. Berbon C et al., J Gerontol A Biol Sci Med Sci. 2025 Feb 10<\/a><\/span><\/p>\n<p style=\"text-align: justify;\"><span style=\"color: #000000;\"><a style=\"color: #000000;\" href=\"https:\/\/pubmed.ncbi.nlm.nih.gov\/40015298\/\">Associations between moderate-to-vigorous physical activity, p-tau181, and cognition in healthy older adults with memory complaints: a secondary analysis from the MAPT. Raffin J et al., Lancet Healthy Longev. 2025 Feb 6<\/a><\/span><\/p>\n<p style=\"text-align: justify;\"><span style=\"color: #000000;\"><a style=\"color: #000000;\" href=\"https:\/\/pubmed.ncbi.nlm.nih.gov\/39028455\/\">Body composition and aging: cross-sectional results from the INSPIRE study in people 20 to 93 years old. Briand M et al., Geroscience. 2025 Feb<\/a><\/span><\/p>\n<p style=\"text-align: justify;\"><span style=\"color: #000000;\"><a style=\"color: #000000;\" href=\"https:\/\/pubmed.ncbi.nlm.nih.gov\/39754932\/\">Sex-specific associations of neurodegeneration and inflammatory biomarkers with intrinsic capacity in older adults: Findings from the 4-year longitudinal Multidomain Alzheimer&rsquo;s Prevention Trial (MAPT). de Assun\u00e7\u00e3o Cortez Corr\u00eaa LC et al., Maturitas. 2025 Feb<\/a><\/span><\/p>\n<p style=\"text-align: justify;\"><span style=\"color: #000000;\"><a style=\"color: #000000;\" href=\"https:\/\/pubmed.ncbi.nlm.nih.gov\/39743381\/\">Global consensus on optimal exercise recommendations for enhancing healthy longevity in older adults (ICFSR). Izquierdo M et al., J Nutr Health Aging. 2025 Jan 29<\/a><\/span><\/p>\n<p style=\"text-align: justify;\"><span style=\"color: #000000;\"><a style=\"color: #000000;\" href=\"https:\/\/pubmed.ncbi.nlm.nih.gov\/39659209\/\">Nutritional specificity of frailty: from epidemiological and clinical evidence to potential mechanisms. Lengel\u00e9 L et al., Curr Opin Clin Nutr Metab Care. 2025 Jan 1<\/a><\/span><\/p>\n<p style=\"text-align: justify;\"><span style=\"color: #000000;\"><a style=\"color: #000000;\" href=\"https:\/\/pubmed.ncbi.nlm.nih.gov\/39571617\/\">Sarcopenia and the biological determinants of aging: A narrative review from a geroscience perspective. Nunes-Pinto M et al., Ageing Res Rev. 2025 Jan<\/a><\/span><\/p>\n<h2 style=\"text-align: justify;\">2024<\/h2>\n<p style=\"text-align: justify;\"><span style=\"color: #000000;\"><a style=\"color: #000000;\" href=\"https:\/\/pubmed.ncbi.nlm.nih.gov\/39574260\/\">Self-Reported Fatigue and Its Cross-Sectional Associations with Physical Function throughout Adulthood: The INSPIRE-T Cohort. Matsumoto D et al., J Frailty Aging. 2024<\/a><\/span><\/p>\n<p><span style=\"color: #000000;\"><a style=\"color: #000000;\" href=\"https:\/\/pubmed.ncbi.nlm.nih.gov\/39443183\/\">Now and future: Strategies for diagnosis, prevention and therapies for Alzheimer&rsquo;s disease. Shi J et al., Sci Bull. 2024 Sep 28<\/a><\/span><\/p>\n<p style=\"text-align: justify;\"><span style=\"color: #000000;\"><a style=\"color: #000000;\" href=\"https:\/\/pubmed.ncbi.nlm.nih.gov\/39122839\/\">Real-life intrinsic capacity screening data from the ICOPE-Care program. de Souto Barreto P et al., Nat Aging. 2024 Sep 4<\/a><\/span><\/p>\n<p style=\"text-align: justify;\"><span style=\"color: #000000;\"><a style=\"color: #000000;\" href=\"https:\/\/pubmed.ncbi.nlm.nih.gov\/38877658\/\">Mild behavioral impairment domains are longitudinally associated with pTAU and metabolic biomarkers in dementia-free older adults. Gonzalez-Bautista E et al., Alzheimers Dement. 2024 Jul 20<\/a><\/span><\/p>\n<p><span style=\"color: #000000;\"><a style=\"color: #000000;\" href=\"https:\/\/pubmed.ncbi.nlm.nih.gov\/38945130\/\">Association of intrinsic capacity with functional decline and mortality in older adults: a systematic review and meta-analysis of longitudinal studies. S\u00e1nchez-S\u00e1nchez JL et al., Lancet Healthy Longev. 2024 Jul 5<\/a><\/span><\/p>\n<p style=\"text-align: justify;\"><span style=\"color: #000000;\"><a style=\"color: #000000;\" href=\"https:\/\/pubmed.ncbi.nlm.nih.gov\/38676323\/\">Predictive Capacity of the Integrated Care for Older People Screening Tool for Intrinsic Capacity Impairments: Results From the INSPIRE-T Cohort. Guidici KV et al., Gerontol A Biol Sci. 2024 Jul 1<\/a><\/span><\/p>\n<p style=\"text-align: justify;\"><span style=\"color: #000000;\"><a style=\"color: #000000;\" href=\"https:\/\/pubmed.ncbi.nlm.nih.gov\/38461072\/\"><span style=\"color: #000000;\">Drugs for Alzheimer&rsquo;s disease: Where are we coming f<\/span>rom? Where are we going? Angioni D et al., Sci Bull 2024 May 30<\/a><\/span><\/p>\n<p style=\"text-align: justify;\"><span style=\"color: #000000;\"><a style=\"color: #000000;\" href=\"https:\/\/pubmed.ncbi.nlm.nih.gov\/38452244\/\">Integrative multi metabolomics to early predict cognitive decline among amyloid positive community-dwelling older adults. Tremblay-Franco M et al., J Gerontol A Biol Sci Med Sci. 2024. May 1<\/a><\/span><\/p>\n<p style=\"text-align: justify;\"><span style=\"color: #000000;\"><a style=\"color: #000000;\" href=\"https:\/\/pubmed.ncbi.nlm.nih.gov\/38310892\/\">Plasma p-tau181 as an outcome and predictor of multidomain intervention effects: a secondary analysis of a randomised, controlled, dementia prevention trial. Coley N et al., Lancet Healthy Longev. 2024 Feb 5<\/a><\/span><\/p>\n<p style=\"text-align: justify;\"><span style=\"color: #000000;\"><a style=\"color: #000000;\" href=\"https:\/\/pubmed.ncbi.nlm.nih.gov\/38101884\/\">Dementia research in 2023: the year of anti-amyloid immunotherapy. Delrieu J et al., Lancet Neurol. 2024 Jan 23<\/a><\/span><\/p>\n<p>&nbsp;<\/p>\n<h2 style=\"text-align: justify;\">2023<\/h2>\n<p style=\"text-align: justify;\"><span style=\"color: #000000;\"><a style=\"color: #000000;\" href=\"https:\/\/pubmed.ncbi.nlm.nih.gov\/37946044\/\">Reference centiles for intrinsic capacity throughout adulthood and their association with clinical outcomes: a cross-sectional analysis from the INSPIRE-T cohort. Lu WH et al., Nat Aging. 2023 Dec 3<\/a><\/span><\/p>\n<p style=\"text-align: justify;\"><span style=\"color: #000000;\"><a style=\"color: #000000;\" href=\"https:\/\/pubmed.ncbi.nlm.nih.gov\/37985720\/\">Looking at frailty and intrinsic capacity through a geroscience lens: the ICFSR &amp; Geroscience Task Force. de Souto Barreto P et al., Nat Aging. 2023 Dec 3<\/a><\/span><\/p>\n","protected":false},"excerpt":{"rendered":"<p>2025 The INSPIRE-T longitudinal observational study centred on intrinsic capacity: baseline data. Guyonnet S e al., J Gerontol A Biol Sci Med Sci. 2025 Aug 18 Acceleration and Functional Capacities Across the Lifespan in the INSPIRE-T Cohort. J Cachexia Sarcopenia Muscle. S\u00e1nchez-S\u00e1nchez JL et al., J Cachexia Sarcopenia Muscle. 2025 Aug 16 Physical activity and [&hellip;]<\/p>\n","protected":false},"author":6,"featured_media":0,"parent":0,"menu_order":0,"comment_status":"closed","ping_status":"closed","template":"","meta":{"footnotes":""},"class_list":["post-3341","page","type-page","status-publish","hentry"],"yoast_head":"<!-- This site is optimized with the Yoast SEO plugin v24.7 - https:\/\/yoast.com\/wordpress\/plugins\/seo\/ -->\n<title>Publications - IHU Healthage<\/title>\n<meta name=\"robots\" content=\"index, follow, max-snippet:-1, max-image-preview:large, max-video-preview:-1\" \/>\n<link rel=\"canonical\" href=\"https:\/\/ihuhealthage.fr\/fr\/publications\/\" \/>\n<meta property=\"og:locale\" content=\"fr_FR\" \/>\n<meta property=\"og:type\" content=\"article\" \/>\n<meta property=\"og:title\" content=\"Publications - IHU Healthage\" \/>\n<meta property=\"og:description\" content=\"2025 The INSPIRE-T longitudinal observational study centred on intrinsic capacity: baseline data. Guyonnet S e al., J Gerontol A Biol Sci Med Sci. 2025 Aug 18 Acceleration and Functional Capacities Across the Lifespan in the INSPIRE-T Cohort. J Cachexia Sarcopenia Muscle. S\u00e1nchez-S\u00e1nchez JL et al., J Cachexia Sarcopenia Muscle. 2025 Aug 16 Physical activity and [&hellip;]\" \/>\n<meta property=\"og:url\" content=\"https:\/\/ihuhealthage.fr\/fr\/publications\/\" \/>\n<meta property=\"og:site_name\" content=\"INSPIRE\" \/>\n<meta property=\"article:modified_time\" content=\"2025-09-04T09:27:49+00:00\" \/>\n<meta name=\"twitter:card\" content=\"summary_large_image\" \/>\n<meta name=\"twitter:label1\" content=\"Dur\u00e9e de lecture estim\u00e9e\" \/>\n\t<meta name=\"twitter:data1\" content=\"6 minutes\" \/>\n<script type=\"application\/ld+json\" class=\"yoast-schema-graph\">{\"@context\":\"https:\/\/schema.org\",\"@graph\":[{\"@type\":\"WebPage\",\"@id\":\"https:\/\/ihuhealthage.fr\/fr\/publications\/\",\"url\":\"https:\/\/ihuhealthage.fr\/fr\/publications\/\",\"name\":\"Publications - IHU Healthage\",\"isPartOf\":{\"@id\":\"https:\/\/ihuhealthage.fr\/fr\/#website\"},\"datePublished\":\"2024-11-14T12:48:13+00:00\",\"dateModified\":\"2025-09-04T09:27:49+00:00\",\"breadcrumb\":{\"@id\":\"https:\/\/ihuhealthage.fr\/fr\/publications\/#breadcrumb\"},\"inLanguage\":\"fr-FR\",\"potentialAction\":[{\"@type\":\"ReadAction\",\"target\":[\"https:\/\/ihuhealthage.fr\/fr\/publications\/\"]}]},{\"@type\":\"BreadcrumbList\",\"@id\":\"https:\/\/ihuhealthage.fr\/fr\/publications\/#breadcrumb\",\"itemListElement\":[{\"@type\":\"ListItem\",\"position\":1,\"name\":\"Accueil\",\"item\":\"https:\/\/ihuhealthage.fr\/fr\/\"},{\"@type\":\"ListItem\",\"position\":2,\"name\":\"Publications\"}]},{\"@type\":\"WebSite\",\"@id\":\"https:\/\/ihuhealthage.fr\/fr\/#website\",\"url\":\"https:\/\/ihuhealthage.fr\/fr\/\",\"name\":\"IHU Healthage\",\"description\":\"\",\"potentialAction\":[{\"@type\":\"SearchAction\",\"target\":{\"@type\":\"EntryPoint\",\"urlTemplate\":\"https:\/\/ihuhealthage.fr\/fr\/?s={search_term_string}\"},\"query-input\":{\"@type\":\"PropertyValueSpecification\",\"valueRequired\":true,\"valueName\":\"search_term_string\"}}],\"inLanguage\":\"fr-FR\"}]}<\/script>\n<!-- \/ Yoast SEO plugin. -->","yoast_head_json":{"title":"Publications - IHU Healthage","robots":{"index":"index","follow":"follow","max-snippet":"max-snippet:-1","max-image-preview":"max-image-preview:large","max-video-preview":"max-video-preview:-1"},"canonical":"https:\/\/ihuhealthage.fr\/fr\/publications\/","og_locale":"fr_FR","og_type":"article","og_title":"Publications - IHU Healthage","og_description":"2025 The INSPIRE-T longitudinal observational study centred on intrinsic capacity: baseline data. Guyonnet S e al., J Gerontol A Biol Sci Med Sci. 2025 Aug 18 Acceleration and Functional Capacities Across the Lifespan in the INSPIRE-T Cohort. J Cachexia Sarcopenia Muscle. S\u00e1nchez-S\u00e1nchez JL et al., J Cachexia Sarcopenia Muscle. 2025 Aug 16 Physical activity and [&hellip;]","og_url":"https:\/\/ihuhealthage.fr\/fr\/publications\/","og_site_name":"INSPIRE","article_modified_time":"2025-09-04T09:27:49+00:00","twitter_card":"summary_large_image","twitter_misc":{"Dur\u00e9e de lecture estim\u00e9e":"6 minutes"},"schema":{"@context":"https:\/\/schema.org","@graph":[{"@type":"WebPage","@id":"https:\/\/ihuhealthage.fr\/fr\/publications\/","url":"https:\/\/ihuhealthage.fr\/fr\/publications\/","name":"Publications - IHU Healthage","isPartOf":{"@id":"https:\/\/ihuhealthage.fr\/fr\/#website"},"datePublished":"2024-11-14T12:48:13+00:00","dateModified":"2025-09-04T09:27:49+00:00","breadcrumb":{"@id":"https:\/\/ihuhealthage.fr\/fr\/publications\/#breadcrumb"},"inLanguage":"fr-FR","potentialAction":[{"@type":"ReadAction","target":["https:\/\/ihuhealthage.fr\/fr\/publications\/"]}]},{"@type":"BreadcrumbList","@id":"https:\/\/ihuhealthage.fr\/fr\/publications\/#breadcrumb","itemListElement":[{"@type":"ListItem","position":1,"name":"Accueil","item":"https:\/\/ihuhealthage.fr\/fr\/"},{"@type":"ListItem","position":2,"name":"Publications"}]},{"@type":"WebSite","@id":"https:\/\/ihuhealthage.fr\/fr\/#website","url":"https:\/\/ihuhealthage.fr\/fr\/","name":"IHU Healthage","description":"","potentialAction":[{"@type":"SearchAction","target":{"@type":"EntryPoint","urlTemplate":"https:\/\/ihuhealthage.fr\/fr\/?s={search_term_string}"},"query-input":{"@type":"PropertyValueSpecification","valueRequired":true,"valueName":"search_term_string"}}],"inLanguage":"fr-FR"}]}},"_links":{"self":[{"href":"https:\/\/ihuhealthage.fr\/fr\/wp-json\/wp\/v2\/pages\/3341","targetHints":{"allow":["GET"]}}],"collection":[{"href":"https:\/\/ihuhealthage.fr\/fr\/wp-json\/wp\/v2\/pages"}],"about":[{"href":"https:\/\/ihuhealthage.fr\/fr\/wp-json\/wp\/v2\/types\/page"}],"author":[{"embeddable":true,"href":"https:\/\/ihuhealthage.fr\/fr\/wp-json\/wp\/v2\/users\/6"}],"replies":[{"embeddable":true,"href":"https:\/\/ihuhealthage.fr\/fr\/wp-json\/wp\/v2\/comments?post=3341"}],"version-history":[{"count":8,"href":"https:\/\/ihuhealthage.fr\/fr\/wp-json\/wp\/v2\/pages\/3341\/revisions"}],"predecessor-version":[{"id":4373,"href":"https:\/\/ihuhealthage.fr\/fr\/wp-json\/wp\/v2\/pages\/3341\/revisions\/4373"}],"wp:attachment":[{"href":"https:\/\/ihuhealthage.fr\/fr\/wp-json\/wp\/v2\/media?parent=3341"}],"curies":[{"name":"wp","href":"https:\/\/api.w.org\/{rel}","templated":true}]}}