{"id":3321,"date":"2024-11-13T11:02:09","date_gmt":"2024-11-13T10:02:09","guid":{"rendered":"https:\/\/ihuhealthage.fr\/fr\/?page_id=3321"},"modified":"2026-02-26T12:03:48","modified_gmt":"2026-02-26T11:03:48","slug":"clinique-de-la-longevite","status":"publish","type":"page","link":"https:\/\/ihuhealthage.fr\/fr\/clinique-de-la-longevite\/","title":{"rendered":"Clinique Universitaire de la Long\u00e9vit\u00e9 en Sant\u00e9"},"content":{"rendered":"<p style=\"text-align: justify;\"><strong>Profiter d\u2019une vie en bonne sant\u00e9, en forme, le plus longtemps possible<\/strong>. C\u2019est un des enjeux de l\u2019IHU HealthAge et l\u2019objectif de la clinique de la long\u00e9vit\u00e9.<\/p>\n<p style=\"text-align: justify;\">La clinique de la long\u00e9vit\u00e9 sera la premi\u00e8re structure hospitalo-universitaire fran\u00e7aise \u00e0 <strong>proposer un bilan de sant\u00e9 et fonctionnel avanc\u00e9, via l\u2019expertise de professionnels du champ du vieillissement et des pathologies li\u00e9es \u00e0 l\u2019\u00e2ge<\/strong>.<\/p>\n<p style=\"text-align: justify;\">En s\u2019appuyant sur les avanc\u00e9es scientifiques apport\u00e9es par l\u2019IHU HealthAge et les progr\u00e8s dans le domaine de la g\u00e9roscience, une \u00e9quipe pluriprofessionnelle proposera une \u00e9valuation globale, \u00e0 la fois clinique, biologique (int\u00e9grant les derniers biomarqueurs du vieillissement) et par imagerie si n\u00e9cessaire. Cette \u00e9valuation permettra de d\u00e9pister pr\u00e9cocement les pathologies chroniques li\u00e9es \u00e0 l\u2019\u00e2ge ou de les pr\u00e9venir en identifiant et en ciblant leurs facteurs de risque, mais aussi de pr\u00e9venir ou limiter la perte de fonction li\u00e9e \u00e0 l\u2019\u00e2ge (mobilit\u00e9, m\u00e9moire, vitalit\u00e9 \u2026 ).<\/p>\n<p style=\"text-align: justify;\">A l\u2019issue de ce temps d\u2019\u00e9valuation, des interventions multimodales, personnalis\u00e9es, ciblant le mode de vie (activit\u00e9 physique, nutrition, stress \u2026), les facteurs de risque de vieillissement, ou les pathologies chroniques identifi\u00e9es seront mises en place. La collaboration avec un r\u00e9seau de sp\u00e9cialistes m\u00e9dicaux du champ du vieillissement permettra un suivi sp\u00e9cialis\u00e9 si n\u00e9cessaire. Les liens \u00e9troits avec l\u2019IHU permettront d\u2019acc\u00e9der aux nouvelles th\u00e9rapeutiques anti-\u00e2ges valid\u00e9es et pour ceux qui le souhaitent de participer \u00e0 la recherche clinique.<\/p>\n<p style=\"text-align: justify;\">Gr\u00e2ce \u00e0 ce programme de soins innovant, \u00e9volutif, acc\u00e9der \u00e0 la long\u00e9vit\u00e9 en sant\u00e9 sera d\u00e9sormais possible.<\/p>\n","protected":false},"excerpt":{"rendered":"<p>Profiter d\u2019une vie en bonne sant\u00e9, en forme, le plus longtemps possible. C\u2019est un des enjeux de l\u2019IHU HealthAge et l\u2019objectif de la clinique de la long\u00e9vit\u00e9. La clinique de la long\u00e9vit\u00e9 sera la premi\u00e8re structure hospitalo-universitaire fran\u00e7aise \u00e0 proposer un bilan de sant\u00e9 et fonctionnel avanc\u00e9, via l\u2019expertise de professionnels du champ du vieillissement [&hellip;]<\/p>\n","protected":false},"author":6,"featured_media":0,"parent":0,"menu_order":0,"comment_status":"closed","ping_status":"closed","template":"","meta":{"footnotes":""},"class_list":["post-3321","page","type-page","status-publish","hentry"],"yoast_head":"<!-- This site is optimized with the Yoast SEO plugin v24.7 - https:\/\/yoast.com\/wordpress\/plugins\/seo\/ -->\n<title>Clinique Universitaire de la Long\u00e9vit\u00e9 en Sant\u00e9 - IHU Healthage<\/title>\n<meta name=\"robots\" content=\"index, follow, max-snippet:-1, max-image-preview:large, max-video-preview:-1\" \/>\n<link rel=\"canonical\" href=\"https:\/\/ihuhealthage.fr\/fr\/clinique-de-la-longevite\/\" \/>\n<meta property=\"og:locale\" content=\"fr_FR\" \/>\n<meta property=\"og:type\" content=\"article\" \/>\n<meta property=\"og:title\" content=\"Clinique Universitaire de la Long\u00e9vit\u00e9 en Sant\u00e9 - IHU Healthage\" \/>\n<meta property=\"og:description\" content=\"Profiter d\u2019une vie en bonne sant\u00e9, en forme, le plus longtemps possible. C\u2019est un des enjeux de l\u2019IHU HealthAge et l\u2019objectif de la clinique de la long\u00e9vit\u00e9. La clinique de la long\u00e9vit\u00e9 sera la premi\u00e8re structure hospitalo-universitaire fran\u00e7aise \u00e0 proposer un bilan de sant\u00e9 et fonctionnel avanc\u00e9, via l\u2019expertise de professionnels du champ du vieillissement [&hellip;]\" \/>\n<meta property=\"og:url\" content=\"https:\/\/ihuhealthage.fr\/fr\/clinique-de-la-longevite\/\" \/>\n<meta property=\"og:site_name\" content=\"INSPIRE\" \/>\n<meta property=\"article:modified_time\" content=\"2026-02-26T11:03:48+00:00\" \/>\n<meta name=\"twitter:card\" content=\"summary_large_image\" \/>\n<meta name=\"twitter:label1\" content=\"Dur\u00e9e de lecture estim\u00e9e\" \/>\n\t<meta name=\"twitter:data1\" content=\"2 minutes\" \/>\n<script type=\"application\/ld+json\" class=\"yoast-schema-graph\">{\"@context\":\"https:\/\/schema.org\",\"@graph\":[{\"@type\":\"WebPage\",\"@id\":\"https:\/\/ihuhealthage.fr\/fr\/clinique-de-la-longevite\/\",\"url\":\"https:\/\/ihuhealthage.fr\/fr\/clinique-de-la-longevite\/\",\"name\":\"Clinique Universitaire de la Long\u00e9vit\u00e9 en Sant\u00e9 - IHU Healthage\",\"isPartOf\":{\"@id\":\"https:\/\/ihuhealthage.fr\/fr\/#website\"},\"datePublished\":\"2024-11-13T10:02:09+00:00\",\"dateModified\":\"2026-02-26T11:03:48+00:00\",\"breadcrumb\":{\"@id\":\"https:\/\/ihuhealthage.fr\/fr\/clinique-de-la-longevite\/#breadcrumb\"},\"inLanguage\":\"fr-FR\",\"potentialAction\":[{\"@type\":\"ReadAction\",\"target\":[\"https:\/\/ihuhealthage.fr\/fr\/clinique-de-la-longevite\/\"]}]},{\"@type\":\"BreadcrumbList\",\"@id\":\"https:\/\/ihuhealthage.fr\/fr\/clinique-de-la-longevite\/#breadcrumb\",\"itemListElement\":[{\"@type\":\"ListItem\",\"position\":1,\"name\":\"Accueil\",\"item\":\"https:\/\/ihuhealthage.fr\/fr\/\"},{\"@type\":\"ListItem\",\"position\":2,\"name\":\"Clinique Universitaire de la Long\u00e9vit\u00e9 en Sant\u00e9\"}]},{\"@type\":\"WebSite\",\"@id\":\"https:\/\/ihuhealthage.fr\/fr\/#website\",\"url\":\"https:\/\/ihuhealthage.fr\/fr\/\",\"name\":\"IHU Healthage\",\"description\":\"\",\"potentialAction\":[{\"@type\":\"SearchAction\",\"target\":{\"@type\":\"EntryPoint\",\"urlTemplate\":\"https:\/\/ihuhealthage.fr\/fr\/?s={search_term_string}\"},\"query-input\":{\"@type\":\"PropertyValueSpecification\",\"valueRequired\":true,\"valueName\":\"search_term_string\"}}],\"inLanguage\":\"fr-FR\"}]}<\/script>\n<!-- \/ Yoast SEO plugin. -->","yoast_head_json":{"title":"Clinique Universitaire de la Long\u00e9vit\u00e9 en Sant\u00e9 - IHU Healthage","robots":{"index":"index","follow":"follow","max-snippet":"max-snippet:-1","max-image-preview":"max-image-preview:large","max-video-preview":"max-video-preview:-1"},"canonical":"https:\/\/ihuhealthage.fr\/fr\/clinique-de-la-longevite\/","og_locale":"fr_FR","og_type":"article","og_title":"Clinique Universitaire de la Long\u00e9vit\u00e9 en Sant\u00e9 - IHU Healthage","og_description":"Profiter d\u2019une vie en bonne sant\u00e9, en forme, le plus longtemps possible. C\u2019est un des enjeux de l\u2019IHU HealthAge et l\u2019objectif de la clinique de la long\u00e9vit\u00e9. La clinique de la long\u00e9vit\u00e9 sera la premi\u00e8re structure hospitalo-universitaire fran\u00e7aise \u00e0 proposer un bilan de sant\u00e9 et fonctionnel avanc\u00e9, via l\u2019expertise de professionnels du champ du vieillissement [&hellip;]","og_url":"https:\/\/ihuhealthage.fr\/fr\/clinique-de-la-longevite\/","og_site_name":"INSPIRE","article_modified_time":"2026-02-26T11:03:48+00:00","twitter_card":"summary_large_image","twitter_misc":{"Dur\u00e9e de lecture estim\u00e9e":"2 minutes"},"schema":{"@context":"https:\/\/schema.org","@graph":[{"@type":"WebPage","@id":"https:\/\/ihuhealthage.fr\/fr\/clinique-de-la-longevite\/","url":"https:\/\/ihuhealthage.fr\/fr\/clinique-de-la-longevite\/","name":"Clinique Universitaire de la Long\u00e9vit\u00e9 en Sant\u00e9 - IHU Healthage","isPartOf":{"@id":"https:\/\/ihuhealthage.fr\/fr\/#website"},"datePublished":"2024-11-13T10:02:09+00:00","dateModified":"2026-02-26T11:03:48+00:00","breadcrumb":{"@id":"https:\/\/ihuhealthage.fr\/fr\/clinique-de-la-longevite\/#breadcrumb"},"inLanguage":"fr-FR","potentialAction":[{"@type":"ReadAction","target":["https:\/\/ihuhealthage.fr\/fr\/clinique-de-la-longevite\/"]}]},{"@type":"BreadcrumbList","@id":"https:\/\/ihuhealthage.fr\/fr\/clinique-de-la-longevite\/#breadcrumb","itemListElement":[{"@type":"ListItem","position":1,"name":"Accueil","item":"https:\/\/ihuhealthage.fr\/fr\/"},{"@type":"ListItem","position":2,"name":"Clinique Universitaire de la Long\u00e9vit\u00e9 en Sant\u00e9"}]},{"@type":"WebSite","@id":"https:\/\/ihuhealthage.fr\/fr\/#website","url":"https:\/\/ihuhealthage.fr\/fr\/","name":"IHU Healthage","description":"","potentialAction":[{"@type":"SearchAction","target":{"@type":"EntryPoint","urlTemplate":"https:\/\/ihuhealthage.fr\/fr\/?s={search_term_string}"},"query-input":{"@type":"PropertyValueSpecification","valueRequired":true,"valueName":"search_term_string"}}],"inLanguage":"fr-FR"}]}},"_links":{"self":[{"href":"https:\/\/ihuhealthage.fr\/fr\/wp-json\/wp\/v2\/pages\/3321","targetHints":{"allow":["GET"]}}],"collection":[{"href":"https:\/\/ihuhealthage.fr\/fr\/wp-json\/wp\/v2\/pages"}],"about":[{"href":"https:\/\/ihuhealthage.fr\/fr\/wp-json\/wp\/v2\/types\/page"}],"author":[{"embeddable":true,"href":"https:\/\/ihuhealthage.fr\/fr\/wp-json\/wp\/v2\/users\/6"}],"replies":[{"embeddable":true,"href":"https:\/\/ihuhealthage.fr\/fr\/wp-json\/wp\/v2\/comments?post=3321"}],"version-history":[{"count":7,"href":"https:\/\/ihuhealthage.fr\/fr\/wp-json\/wp\/v2\/pages\/3321\/revisions"}],"predecessor-version":[{"id":4530,"href":"https:\/\/ihuhealthage.fr\/fr\/wp-json\/wp\/v2\/pages\/3321\/revisions\/4530"}],"wp:attachment":[{"href":"https:\/\/ihuhealthage.fr\/fr\/wp-json\/wp\/v2\/media?parent=3321"}],"curies":[{"name":"wp","href":"https:\/\/api.w.org\/{rel}","templated":true}]}}