{"id":3310,"date":"2024-11-13T10:24:47","date_gmt":"2024-11-13T09:24:47","guid":{"rendered":"https:\/\/ihuhealthage.fr\/fr\/?page_id=3310"},"modified":"2025-01-28T15:39:47","modified_gmt":"2025-01-28T14:39:47","slug":"comite-de-suivi-operationnel","status":"publish","type":"page","link":"https:\/\/ihuhealthage.fr\/fr\/comite-de-suivi-operationnel\/","title":{"rendered":"Le comit\u00e9 de suivi op\u00e9rationnel"},"content":{"rendered":"<p>Le comit\u00e9 de suivi op\u00e9rationnel hebdomadaire est compos\u00e9 du pr\u00e9sident fondateur de l&rsquo;IHU, de la secr\u00e9taire g\u00e9n\u00e9rale de l&rsquo;IHU ainsi que de la directrice des programmes de l\u2019IHU HealthAge sur la long\u00e9vit\u00e9 en sant\u00e9, la pr\u00e9vention et la G\u00e9roscience.<\/p>\n<p>&nbsp;<\/p>\n<p style=\"text-align: center;\"><strong>Bruno Vellas &#8211; <\/strong><strong>(Pr\u00e9sident fondateur de l&rsquo;IHU)<\/strong><\/p>\n<p style=\"text-align: center;\"><img loading=\"lazy\" decoding=\"async\" class=\"alignnone wp-image-2794\" style=\"color: #212529; font-family: -apple-system, BlinkMacSystemFont, 'Segoe UI', Roboto, 'Helvetica Neue', Arial, 'Noto Sans', sans-serif, 'Apple Color Emoji', 'Segoe UI Emoji', 'Segoe UI Symbol', 'Noto Color Emoji'; font-size: 1rem;\" src=\"https:\/\/inspire.chu-toulouse.fr\/wp-content\/uploads\/2024\/04\/VELLAS.png\" alt=\"\" width=\"180\" height=\"120\" \/><\/p>\n<p style=\"text-align: justify;\">Bruno Vellas est le fondateur de l\u2019Institut Hospitalier Universitaire HealthAge sur la long\u00e9vit\u00e9 en sant\u00e9, la pr\u00e9vention et la G\u00e9roscience du G\u00e9rontop\u00f4le de Toulouse. Il est \u00e9galement Chef du Service de M\u00e9decine Interne et de G\u00e9riatrie du CHU de Toulouse. Il est membre de l&rsquo;unit\u00e9 UMR 1295 Vieillissement de l&rsquo;INSERM. Il fait ses \u00e9tudes de m\u00e9decine \u00e0 Toulouse et obtient son Doctorat en M\u00e9decine en 1987 et son Doctorat en Science, Sp\u00e9cialit\u00e9 Physiopathologie Humaine, en 1990 \u00e0 l&rsquo;Universit\u00e9 Paul Sabatier de Toulouse. Pendant son ann\u00e9e de mobilit\u00e9 de 1987 \u00e0 1988, il suit une formation en nutrition et vieillissement dans le Laboratoire de Nutrition Clinique, Facult\u00e9 de M\u00e9decine de l&rsquo;Universit\u00e9 de Nouveau Mexique, Albuquerque, NM, USA. Ses principaux sujets de recherche sont : les essais cliniques dans la maladie d\u2019Alzheimer, la fragilit\u00e9 et la G\u00e9roscience, qui ont fait l&rsquo;objet de nombreux financements nationaux, europ\u00e9ens et internationaux. Il fonde le G\u00e9rontop\u00f4le de Toulouse pour d\u00e9velopper l&rsquo;innovation et la recherche sur les personnes \u00e2g\u00e9es.<\/p>\n<p style=\"text-align: justify;\">Depuis 1987, il est l&rsquo;auteur et co-auteur de plus de 500 publications parues dans des revues scientifiques avec Index H: 130. Il est membre du Comit\u00e9 de R\u00e9daction et reviewer dans plusieurs journaux importants. Il est Professeur Associ\u00e9 au D\u00e9partement de M\u00e9decine Interne de la Facult\u00e9 de M\u00e9decine de l&rsquo;Universit\u00e9 du Nouveau Mexique, Albuquerque, NM, USA et membre du Comit\u00e9 Scientifique de nombreuses institutions scientifiques en France, en Europe, au Japon et aux USA. Depuis 2016, il est membre titulaire de l&rsquo;Acad\u00e9mie Nationale de M\u00e9decine, Officier dans l&rsquo;Ordre de la L\u00e9gion d&rsquo;Honneur et officier dans l&rsquo;Ordre des Palmes Acad\u00e9miques. Entre 2009 et 2013, il devient Pr\u00e9sident de l&rsquo;IAGG (International Association of Gerontology and Geriatrics), une ONG ayant un statut consultatif \u00e0 l&rsquo;ONU. Depuis septembre 2017, il est Directeur du Centre Collaborateur OMS pour la Fragilit\u00e9, la Recherche Clinique et la Formation en G\u00e9riatrie. Enfin, Bruno VELLAS est \u00e0 l\u2019origine du programme INSPIRE dans le domaine de la G\u00e9roscience.<\/p>\n<p>&nbsp;<\/p>\n<p style=\"text-align: center;\"><strong>Mathilde Cavalier &#8211; <\/strong><strong>(Secr\u00e9taire g\u00e9n\u00e9rale de l&rsquo;IHU)<\/strong><\/p>\n<p><img loading=\"lazy\" decoding=\"async\" class=\"wp-image-3687 aligncenter\" src=\"https:\/\/inspire.chu-toulouse.fr\/wp-content\/uploads\/2024\/12\/Cavalier.png\" alt=\"\" width=\"129\" height=\"129\" srcset=\"https:\/\/inspire.chu-toulouse.fr\/wp-content\/uploads\/2024\/12\/Cavalier.png 800w, https:\/\/inspire.chu-toulouse.fr\/wp-content\/uploads\/2024\/12\/Cavalier-300x300.png 300w, https:\/\/inspire.chu-toulouse.fr\/wp-content\/uploads\/2024\/12\/Cavalier-768x768.png 768w\" sizes=\"auto, (max-width: 129px) 100vw, 129px\" \/><\/p>\n<p style=\"text-align: justify;\">Mathilde Cavalier a travaill\u00e9 pendant pr\u00e8s de 10 ans pour l&rsquo;un des plus gros dossier de sant\u00e9 num\u00e9rique national et europ\u00e9en, le Dossier Pharmaceutique (DP) mis en \u0153uvre par l&rsquo;Ordre national des pharmaciens ( 45 millions de dossiers, 20\u00a0000 officines et 550 \u00e9tablissement de sant\u00e9 raccord\u00e9, canal de diffusion des rappels de lots de m\u00e9dicaments, \u2026) . Elle a par la suite pris les fonctions Directrice de la strat\u00e9gie et des financements du Coll\u00e8ge des Enseignants en Radiologie de France pour notamment piloter des projets europ\u00e9ens de constitution de base de donn\u00e9es en imagerie du cancer. Elle est depuis 2023 Secr\u00e9taire G\u00e9n\u00e9rale de l\u2019IHU HealthAge et Directrice de la Fondation Pastel, fondation hospitali\u00e8re du CHU de Toulouse.<\/p>\n<p>&nbsp;<\/p>\n<p style=\"text-align: center;\"><strong>Sophie Guyonnet &#8211; <\/strong><strong>(Directrice des programmes de l\u2019IHU)<\/strong><\/p>\n<p><img loading=\"lazy\" decoding=\"async\" class=\"wp-image-4090 aligncenter\" src=\"https:\/\/inspire.chu-toulouse.fr\/wp-content\/uploads\/2025\/01\/PHOTO-S-GUYONNET-766x1024.jpg\" alt=\"\" width=\"85\" height=\"113\" srcset=\"https:\/\/inspire.chu-toulouse.fr\/wp-content\/uploads\/2025\/01\/PHOTO-S-GUYONNET-766x1024.jpg 766w, https:\/\/inspire.chu-toulouse.fr\/wp-content\/uploads\/2025\/01\/PHOTO-S-GUYONNET-224x300.jpg 224w, https:\/\/inspire.chu-toulouse.fr\/wp-content\/uploads\/2025\/01\/PHOTO-S-GUYONNET-768x1027.jpg 768w, https:\/\/inspire.chu-toulouse.fr\/wp-content\/uploads\/2025\/01\/PHOTO-S-GUYONNET.jpg 957w\" sizes=\"auto, (max-width: 85px) 100vw, 85px\" \/><\/p>\n<p style=\"text-align: justify;\">Sophie Guyonnet est docteur en biologie du vieillissement, Ma\u00eetre de Conf\u00e9rences des Universit\u00e9s-Praticien Hospitalier au sein du G\u00e9rontop\u00f4le\/p\u00f4le G\u00e9riatrie du CHU de Toulouse. Elle est membre de l\u2019UMR1295 INSERM CERPOP (Centre d&rsquo;\u00e9pid\u00e9miologie et de recherche en sant\u00e9 des populations), \u00e9quipe Vieillissement Maintain. Elle est responsable du d\u00e9veloppement des programmes de recherche clinique du G\u00e9rontop\u00f4le. Son domaine d&rsquo;expertise comprend la coordination nationale et europ\u00e9enne de grandes cohortes multicentriques de patients atteints de la maladie d&rsquo;Alzheimer, la coordination nationale de grands essais pr\u00e9ventifs multicentriques dans le domaine des maladies neurod\u00e9g\u00e9n\u00e9ratives ; la coordination de biobanques humaines ; l\u2019\u00e9tude des relations entre les facteurs nutritionnels et la pr\u00e9vention du d\u00e9clin des capacit\u00e9s intrins\u00e8ques (notamment la cognition) ; les approches multi domaines. Depuis 2019, elle est en charge de la gestion de la plateforme de recherche de bioressources Inspire pour le vieillissement en bonne sant\u00e9. L&rsquo;objectif principal de cette plateforme est de construire une plateforme de recherche translationnelle rassemblant des ressources biologiques, cliniques (y compris l&rsquo;imagerie) et num\u00e9riques qui seront explor\u00e9es pour identifier des marqueurs robustes (ensemble de marqueurs) du vieillissement, des maladies li\u00e9es \u00e0 l&rsquo;\u00e2ge et de l&rsquo;\u00e9volution de la capacit\u00e9 intrins\u00e8que. Depuis 2024, elle est directrice des programmes de l&rsquo;IHU HealthAge sur la long\u00e9vit\u00e9 en sant\u00e9, la pr\u00e9vention et la G\u00e9roscience.<\/p>\n","protected":false},"excerpt":{"rendered":"<p>Le comit\u00e9 de suivi op\u00e9rationnel hebdomadaire est compos\u00e9 du pr\u00e9sident fondateur de l&rsquo;IHU, de la secr\u00e9taire g\u00e9n\u00e9rale de l&rsquo;IHU ainsi que de la directrice des programmes de l\u2019IHU HealthAge sur la long\u00e9vit\u00e9 en sant\u00e9, la pr\u00e9vention et la G\u00e9roscience. &nbsp; Bruno Vellas &#8211; (Pr\u00e9sident fondateur de l&rsquo;IHU) Bruno Vellas est le fondateur de l\u2019Institut Hospitalier [&hellip;]<\/p>\n","protected":false},"author":6,"featured_media":0,"parent":0,"menu_order":0,"comment_status":"closed","ping_status":"closed","template":"","meta":{"footnotes":""},"class_list":["post-3310","page","type-page","status-publish","hentry"],"yoast_head":"<!-- This site is optimized with the Yoast SEO plugin v24.7 - https:\/\/yoast.com\/wordpress\/plugins\/seo\/ -->\n<title>Le comit\u00e9 de suivi op\u00e9rationnel - IHU Healthage<\/title>\n<meta name=\"robots\" content=\"index, follow, max-snippet:-1, max-image-preview:large, max-video-preview:-1\" \/>\n<link rel=\"canonical\" href=\"https:\/\/ihuhealthage.fr\/fr\/comite-de-suivi-operationnel\/\" \/>\n<meta property=\"og:locale\" content=\"fr_FR\" \/>\n<meta property=\"og:type\" content=\"article\" \/>\n<meta property=\"og:title\" content=\"Le comit\u00e9 de suivi op\u00e9rationnel - IHU Healthage\" \/>\n<meta property=\"og:description\" content=\"Le comit\u00e9 de suivi op\u00e9rationnel hebdomadaire est compos\u00e9 du pr\u00e9sident fondateur de l&rsquo;IHU, de la secr\u00e9taire g\u00e9n\u00e9rale de l&rsquo;IHU ainsi que de la directrice des programmes de l\u2019IHU HealthAge sur la long\u00e9vit\u00e9 en sant\u00e9, la pr\u00e9vention et la G\u00e9roscience. &nbsp; Bruno Vellas &#8211; (Pr\u00e9sident fondateur de l&rsquo;IHU) Bruno Vellas est le fondateur de l\u2019Institut Hospitalier [&hellip;]\" \/>\n<meta property=\"og:url\" content=\"https:\/\/ihuhealthage.fr\/fr\/comite-de-suivi-operationnel\/\" \/>\n<meta property=\"og:site_name\" content=\"INSPIRE\" \/>\n<meta property=\"article:modified_time\" content=\"2025-01-28T14:39:47+00:00\" \/>\n<meta property=\"og:image\" content=\"https:\/\/inspire.chu-toulouse.fr\/wp-content\/uploads\/2024\/04\/VELLAS.png\" \/>\n<meta name=\"twitter:card\" content=\"summary_large_image\" \/>\n<meta name=\"twitter:label1\" content=\"Dur\u00e9e de lecture estim\u00e9e\" \/>\n\t<meta name=\"twitter:data1\" content=\"5 minutes\" \/>\n<script type=\"application\/ld+json\" class=\"yoast-schema-graph\">{\"@context\":\"https:\/\/schema.org\",\"@graph\":[{\"@type\":\"WebPage\",\"@id\":\"https:\/\/ihuhealthage.fr\/fr\/comite-de-suivi-operationnel\/\",\"url\":\"https:\/\/ihuhealthage.fr\/fr\/comite-de-suivi-operationnel\/\",\"name\":\"Le comit\u00e9 de suivi op\u00e9rationnel - IHU Healthage\",\"isPartOf\":{\"@id\":\"https:\/\/ihuhealthage.fr\/fr\/#website\"},\"primaryImageOfPage\":{\"@id\":\"https:\/\/ihuhealthage.fr\/fr\/comite-de-suivi-operationnel\/#primaryimage\"},\"image\":{\"@id\":\"https:\/\/ihuhealthage.fr\/fr\/comite-de-suivi-operationnel\/#primaryimage\"},\"thumbnailUrl\":\"https:\/\/inspire.chu-toulouse.fr\/wp-content\/uploads\/2024\/04\/VELLAS.png\",\"datePublished\":\"2024-11-13T09:24:47+00:00\",\"dateModified\":\"2025-01-28T14:39:47+00:00\",\"breadcrumb\":{\"@id\":\"https:\/\/ihuhealthage.fr\/fr\/comite-de-suivi-operationnel\/#breadcrumb\"},\"inLanguage\":\"fr-FR\",\"potentialAction\":[{\"@type\":\"ReadAction\",\"target\":[\"https:\/\/ihuhealthage.fr\/fr\/comite-de-suivi-operationnel\/\"]}]},{\"@type\":\"ImageObject\",\"inLanguage\":\"fr-FR\",\"@id\":\"https:\/\/ihuhealthage.fr\/fr\/comite-de-suivi-operationnel\/#primaryimage\",\"url\":\"https:\/\/inspire.chu-toulouse.fr\/wp-content\/uploads\/2024\/04\/VELLAS.png\",\"contentUrl\":\"https:\/\/inspire.chu-toulouse.fr\/wp-content\/uploads\/2024\/04\/VELLAS.png\"},{\"@type\":\"BreadcrumbList\",\"@id\":\"https:\/\/ihuhealthage.fr\/fr\/comite-de-suivi-operationnel\/#breadcrumb\",\"itemListElement\":[{\"@type\":\"ListItem\",\"position\":1,\"name\":\"Accueil\",\"item\":\"https:\/\/ihuhealthage.fr\/fr\/\"},{\"@type\":\"ListItem\",\"position\":2,\"name\":\"Le comit\u00e9 de suivi op\u00e9rationnel\"}]},{\"@type\":\"WebSite\",\"@id\":\"https:\/\/ihuhealthage.fr\/fr\/#website\",\"url\":\"https:\/\/ihuhealthage.fr\/fr\/\",\"name\":\"IHU Healthage\",\"description\":\"\",\"potentialAction\":[{\"@type\":\"SearchAction\",\"target\":{\"@type\":\"EntryPoint\",\"urlTemplate\":\"https:\/\/ihuhealthage.fr\/fr\/?s={search_term_string}\"},\"query-input\":{\"@type\":\"PropertyValueSpecification\",\"valueRequired\":true,\"valueName\":\"search_term_string\"}}],\"inLanguage\":\"fr-FR\"}]}<\/script>\n<!-- \/ Yoast SEO plugin. -->","yoast_head_json":{"title":"Le comit\u00e9 de suivi op\u00e9rationnel - IHU Healthage","robots":{"index":"index","follow":"follow","max-snippet":"max-snippet:-1","max-image-preview":"max-image-preview:large","max-video-preview":"max-video-preview:-1"},"canonical":"https:\/\/ihuhealthage.fr\/fr\/comite-de-suivi-operationnel\/","og_locale":"fr_FR","og_type":"article","og_title":"Le comit\u00e9 de suivi op\u00e9rationnel - IHU Healthage","og_description":"Le comit\u00e9 de suivi op\u00e9rationnel hebdomadaire est compos\u00e9 du pr\u00e9sident fondateur de l&rsquo;IHU, de la secr\u00e9taire g\u00e9n\u00e9rale de l&rsquo;IHU ainsi que de la directrice des programmes de l\u2019IHU HealthAge sur la long\u00e9vit\u00e9 en sant\u00e9, la pr\u00e9vention et la G\u00e9roscience. &nbsp; Bruno Vellas &#8211; (Pr\u00e9sident fondateur de l&rsquo;IHU) Bruno Vellas est le fondateur de l\u2019Institut Hospitalier [&hellip;]","og_url":"https:\/\/ihuhealthage.fr\/fr\/comite-de-suivi-operationnel\/","og_site_name":"INSPIRE","article_modified_time":"2025-01-28T14:39:47+00:00","og_image":[{"url":"https:\/\/inspire.chu-toulouse.fr\/wp-content\/uploads\/2024\/04\/VELLAS.png","type":"","width":"","height":""}],"twitter_card":"summary_large_image","twitter_misc":{"Dur\u00e9e de lecture estim\u00e9e":"5 minutes"},"schema":{"@context":"https:\/\/schema.org","@graph":[{"@type":"WebPage","@id":"https:\/\/ihuhealthage.fr\/fr\/comite-de-suivi-operationnel\/","url":"https:\/\/ihuhealthage.fr\/fr\/comite-de-suivi-operationnel\/","name":"Le comit\u00e9 de suivi op\u00e9rationnel - IHU Healthage","isPartOf":{"@id":"https:\/\/ihuhealthage.fr\/fr\/#website"},"primaryImageOfPage":{"@id":"https:\/\/ihuhealthage.fr\/fr\/comite-de-suivi-operationnel\/#primaryimage"},"image":{"@id":"https:\/\/ihuhealthage.fr\/fr\/comite-de-suivi-operationnel\/#primaryimage"},"thumbnailUrl":"https:\/\/inspire.chu-toulouse.fr\/wp-content\/uploads\/2024\/04\/VELLAS.png","datePublished":"2024-11-13T09:24:47+00:00","dateModified":"2025-01-28T14:39:47+00:00","breadcrumb":{"@id":"https:\/\/ihuhealthage.fr\/fr\/comite-de-suivi-operationnel\/#breadcrumb"},"inLanguage":"fr-FR","potentialAction":[{"@type":"ReadAction","target":["https:\/\/ihuhealthage.fr\/fr\/comite-de-suivi-operationnel\/"]}]},{"@type":"ImageObject","inLanguage":"fr-FR","@id":"https:\/\/ihuhealthage.fr\/fr\/comite-de-suivi-operationnel\/#primaryimage","url":"https:\/\/inspire.chu-toulouse.fr\/wp-content\/uploads\/2024\/04\/VELLAS.png","contentUrl":"https:\/\/inspire.chu-toulouse.fr\/wp-content\/uploads\/2024\/04\/VELLAS.png"},{"@type":"BreadcrumbList","@id":"https:\/\/ihuhealthage.fr\/fr\/comite-de-suivi-operationnel\/#breadcrumb","itemListElement":[{"@type":"ListItem","position":1,"name":"Accueil","item":"https:\/\/ihuhealthage.fr\/fr\/"},{"@type":"ListItem","position":2,"name":"Le comit\u00e9 de suivi op\u00e9rationnel"}]},{"@type":"WebSite","@id":"https:\/\/ihuhealthage.fr\/fr\/#website","url":"https:\/\/ihuhealthage.fr\/fr\/","name":"IHU Healthage","description":"","potentialAction":[{"@type":"SearchAction","target":{"@type":"EntryPoint","urlTemplate":"https:\/\/ihuhealthage.fr\/fr\/?s={search_term_string}"},"query-input":{"@type":"PropertyValueSpecification","valueRequired":true,"valueName":"search_term_string"}}],"inLanguage":"fr-FR"}]}},"_links":{"self":[{"href":"https:\/\/ihuhealthage.fr\/fr\/wp-json\/wp\/v2\/pages\/3310","targetHints":{"allow":["GET"]}}],"collection":[{"href":"https:\/\/ihuhealthage.fr\/fr\/wp-json\/wp\/v2\/pages"}],"about":[{"href":"https:\/\/ihuhealthage.fr\/fr\/wp-json\/wp\/v2\/types\/page"}],"author":[{"embeddable":true,"href":"https:\/\/ihuhealthage.fr\/fr\/wp-json\/wp\/v2\/users\/6"}],"replies":[{"embeddable":true,"href":"https:\/\/ihuhealthage.fr\/fr\/wp-json\/wp\/v2\/comments?post=3310"}],"version-history":[{"count":11,"href":"https:\/\/ihuhealthage.fr\/fr\/wp-json\/wp\/v2\/pages\/3310\/revisions"}],"predecessor-version":[{"id":4217,"href":"https:\/\/ihuhealthage.fr\/fr\/wp-json\/wp\/v2\/pages\/3310\/revisions\/4217"}],"wp:attachment":[{"href":"https:\/\/ihuhealthage.fr\/fr\/wp-json\/wp\/v2\/media?parent=3310"}],"curies":[{"name":"wp","href":"https:\/\/api.w.org\/{rel}","templated":true}]}}