{"id":3142,"date":"2024-10-24T14:19:15","date_gmt":"2024-10-24T12:19:15","guid":{"rendered":"https:\/\/ihuhealthage.fr\/fr\/?page_id=3142"},"modified":"2025-01-22T11:27:18","modified_gmt":"2025-01-22T10:27:18","slug":"devenir-mecene","status":"publish","type":"page","link":"https:\/\/ihuhealthage.fr\/fr\/devenir-mecene\/","title":{"rendered":"Devenir m\u00e9c\u00e8ne"},"content":{"rendered":"<p style=\"text-align: justify;\">Devenir m\u00e9c\u00e8ne de l\u2019IHU c\u2019est s\u2019impliquer aux c\u00f4t\u00e9s des \u00e9quipes de l&rsquo;IHU HealthAge, c\u2019est contribuer \u00e0 un projet visionnaire qui r\u00e9pond \u00e0 l&rsquo;un des plus grands d\u00e9fis de notre temps :<strong> permettre \u00e0 chacun de vieillir en sant\u00e9, avec dignit\u00e9 et autonomie<\/strong>. Ensemble, nous pouvons fa\u00e7onner un avenir o\u00f9 le vieillissement n\u2019est plus un d\u00e9fi, mais une opportunit\u00e9 pour innover et impacter durablement notre soci\u00e9t\u00e9.<\/p>\n<p>Etre aux c\u00f4t\u00e9s de l\u2019IHU c\u2019est\u00a0:<\/p>\n<ul>\n<li><strong>Contribuer \u00e0 l&rsquo;avenir de la long\u00e9vit\u00e9 en sant\u00e9<\/strong><\/li>\n<li><strong>Participer \u00e0 un projet visionnaire<\/strong><\/li>\n<li><strong>Relever l\u2019un des plus grands d\u00e9fis de notre temps <\/strong><\/li>\n<li><strong>Permettre des d\u00e9couvertes qui changeront nos vies et celles des g\u00e9n\u00e9rations futures<\/strong><\/li>\n<li><strong>Avoir un impact durable sur nos soci\u00e9t\u00e9s <\/strong><\/li>\n<\/ul>\n<p>&nbsp;<\/p>\n<p style=\"text-align: center;\"><span style=\"color: #333399;\"><strong>Nous avons besoin de toutes les forces \u00e0 nos c\u00f4t\u00e9s. Ensemble, pour demain. <\/strong><\/span><\/p>\n<p><strong>\u00a0\u00a0<\/strong><\/p>\n<p style=\"text-align: justify;\">Aujourd&rsquo;hui, l&rsquo;humanit\u00e9 se trouve \u00e0 un tournant de son histoire. Les progr\u00e8s m\u00e9dicaux et technologiques ouvrent des perspectives sans pr\u00e9c\u00e9dent pour l\u2019am\u00e9lioration de la qualit\u00e9 de vie des individus et pour repousser les limites scientifiques et m\u00e9dicales du vieillissement en bonne sant\u00e9.\u00a0 de la long\u00e9vit\u00e9. Ces avanc\u00e9es doivent \u00eatre accompagn\u00e9es d\u2019un soutien constant et d&rsquo;un engagement collectif pour qu&rsquo;elles b\u00e9n\u00e9ficient r\u00e9ellement \u00e0 tous, d\u00e8s que possible.\u00a0 C&rsquo;est dans ce cadre que l&rsquo;IHU HealthAge s&rsquo;inscrit comme un acteur cl\u00e9 de la pr\u00e9vention, de la recherche, de l\u2019innovation et du soin pour une vieillissement en bonne sant\u00e9.<\/p>\n<p>&nbsp;<\/p>\n<h2>Pourquoi soutenir l&rsquo;IHU HealthAge ?<\/h2>\n<ul>\n<li style=\"text-align: justify;\">Une <strong>mission de sant\u00e9 publique majeure<\/strong>\u00a0 : Le vieillissement de la population est un d\u00e9fi majeur pour les soci\u00e9t\u00e9s modernes. L\u2019IHU HealthAge propose de r\u00e9pondre \u00e0 cet enjeu\u00a0 par la recherche appliqu\u00e9e et l\u2019innovation. Nous cherchons \u00e0 \u00e9laborer des traitements et des strat\u00e9gies pr\u00e9ventives, des th\u00e9rapeutiques\u00a0 pour am\u00e9liorer les conditions du vieillissement et maintenir les fonctions essentilles des individus et par voie de cons\u00e9quence soulager les syst\u00e8mes de sant\u00e9 de la pression croissante qu\u2019ils subissent.<\/li>\n<li style=\"text-align: justify;\">Un <strong>projet \u00e0 fort potentiel scientifique et technologique<\/strong> : L\u2019IHU HealthAge regroupe des experts de pointe dans des domaines vari\u00e9s. Gr\u00e2ce \u00e0 des partenariats avec des \u00e9quipes acad\u00e9miques de rang international, des entreprises innovantes et des h\u00f4pitaux de r\u00e9f\u00e9rence, notre institut se positionne \u00e0 la crois\u00e9e des chemins entre science fondamentale et applications cliniques. Nous croyons fermement que c\u2019est gr\u00e2ce \u00e0 une approche interdisciplinaire que nous pourrons v\u00e9ritablement changer le paradigme du vieillissement.<\/li>\n<li style=\"text-align: justify;\">Un <strong>impact \u00e9conomique et social majeur<\/strong> : Soutenir l\u2019IHU HealthAge, c\u2019est investir dans l\u2019avenir d\u2019une soci\u00e9t\u00e9 plus \u00e9quitable et plus durable. En am\u00e9liorant la qualit\u00e9 de vie et en favorisant le vieillissement en sant\u00e9 nous esp\u00e9rons r\u00e9duire les co\u00fbts sociaux et \u00e9conomique li\u00e9s \u00e0 l\u2019\u00e2ge et les transformer en b\u00e9n\u00e9fice individuels et collectifs. En agissant en amont, nous pourrons \u00e9viter l\u2019aggravation de nombreuses pathologies et favoriser une prise en charge plus pr\u00e9coce, ce qui contribuera \u00e0 soulager notre syst\u00e8me de sant\u00e9.<\/li>\n<\/ul>\n<p style=\"text-align: justify;\">En tant que m\u00e9c\u00e8ne, vous ferez partie d\u2019un r\u00e9seau de leaders visionnaires qui ont \u00e0 c\u0153ur de soutenir des projets d\u2019envergure \u00e0 impact. Votre contribution permettra de financer des programmes de recherche, des plateformes technologiques, des positions pour des chercheurs internationaux. De plus, vous b\u00e9n\u00e9ficierez de retomb\u00e9es positives en mati\u00e8re d&rsquo;image et de visibilit\u00e9, en vous associant \u00e0 un projet pionnier et porteur de sens.<\/p>\n<p>&nbsp;<\/p>\n<h2>L&rsquo;engagement des m\u00e9c\u00e8nes : un levier d\u00e9cisif<\/h2>\n<p style=\"text-align: justify;\">Votre soutien est indispensable pour permettre \u00e0 l\u2019IHU HealthAge de d\u00e9ployer son potentiel. Les m\u00e9c\u00e8nes, acteurs du changement, ont toujours \u00e9t\u00e9 des moteurs d&rsquo;innovation dans le domaine de la sant\u00e9 et de la recherche. En vous associant \u00e0 notre projet, vous contribuerez directement \u00e0 l\u2019\u00e9mergence de solutions concr\u00e8tes pour am\u00e9liorer la vie de millions de personnes \u00e0 travers le monde. Ensemble, nous pouvons acc\u00e9l\u00e9rer la recherche, d\u00e9ployer des solutions innovantes et, surtout, offrir un avenir plus serein aux g\u00e9n\u00e9rations futures.<\/p>\n<p style=\"text-align: justify;\">L\u2019IHU \u00a0HealthAge est bien plus qu\u2019un projet de recherche. C\u2019est un projet de soci\u00e9t\u00e9, une d\u00e9marche humaine et scientifique qui s\u2019inscrit dans un avenir o\u00f9 chacun, quel que soit son \u00e2ge, pourra b\u00e9n\u00e9ficier des meilleures conditions de sant\u00e9, de bien-\u00eatre et d\u2019autonomie. Avec votre soutien, nous ferons de cette vision une r\u00e9alit\u00e9 tangible.<\/p>\n<p>&nbsp;<\/p>\n<p style=\"text-align: center;\"><strong><a href=\"https:\/\/ihuhealthage.fr\/fr\/nous-soutenir-contact\/\">Soutenez- nous<\/a> et accompagnez nous dans cette aventure.<\/strong><\/p>\n","protected":false},"excerpt":{"rendered":"<p>Devenir m\u00e9c\u00e8ne de l\u2019IHU c\u2019est s\u2019impliquer aux c\u00f4t\u00e9s des \u00e9quipes de l&rsquo;IHU HealthAge, c\u2019est contribuer \u00e0 un projet visionnaire qui r\u00e9pond \u00e0 l&rsquo;un des plus grands d\u00e9fis de notre temps : permettre \u00e0 chacun de vieillir en sant\u00e9, avec dignit\u00e9 et autonomie. Ensemble, nous pouvons fa\u00e7onner un avenir o\u00f9 le vieillissement n\u2019est plus un d\u00e9fi, [&hellip;]<\/p>\n","protected":false},"author":6,"featured_media":0,"parent":0,"menu_order":0,"comment_status":"closed","ping_status":"closed","template":"","meta":{"footnotes":""},"class_list":["post-3142","page","type-page","status-publish","hentry"],"yoast_head":"<!-- This site is optimized with the Yoast SEO plugin v24.7 - https:\/\/yoast.com\/wordpress\/plugins\/seo\/ -->\n<title>Devenir m\u00e9c\u00e8ne - IHU Healthage<\/title>\n<meta name=\"robots\" content=\"index, follow, max-snippet:-1, max-image-preview:large, max-video-preview:-1\" \/>\n<link rel=\"canonical\" href=\"https:\/\/ihuhealthage.fr\/fr\/devenir-mecene\/\" \/>\n<meta property=\"og:locale\" content=\"fr_FR\" \/>\n<meta property=\"og:type\" content=\"article\" \/>\n<meta property=\"og:title\" content=\"Devenir m\u00e9c\u00e8ne - IHU Healthage\" \/>\n<meta property=\"og:description\" content=\"Devenir m\u00e9c\u00e8ne de l\u2019IHU c\u2019est s\u2019impliquer aux c\u00f4t\u00e9s des \u00e9quipes de l&rsquo;IHU HealthAge, c\u2019est contribuer \u00e0 un projet visionnaire qui r\u00e9pond \u00e0 l&rsquo;un des plus grands d\u00e9fis de notre temps : permettre \u00e0 chacun de vieillir en sant\u00e9, avec dignit\u00e9 et autonomie. Ensemble, nous pouvons fa\u00e7onner un avenir o\u00f9 le vieillissement n\u2019est plus un d\u00e9fi, [&hellip;]\" \/>\n<meta property=\"og:url\" content=\"https:\/\/ihuhealthage.fr\/fr\/devenir-mecene\/\" \/>\n<meta property=\"og:site_name\" content=\"INSPIRE\" \/>\n<meta property=\"article:modified_time\" content=\"2025-01-22T10:27:18+00:00\" \/>\n<meta name=\"twitter:card\" content=\"summary_large_image\" \/>\n<meta name=\"twitter:label1\" content=\"Dur\u00e9e de lecture estim\u00e9e\" \/>\n\t<meta name=\"twitter:data1\" content=\"4 minutes\" \/>\n<script type=\"application\/ld+json\" class=\"yoast-schema-graph\">{\"@context\":\"https:\/\/schema.org\",\"@graph\":[{\"@type\":\"WebPage\",\"@id\":\"https:\/\/ihuhealthage.fr\/fr\/devenir-mecene\/\",\"url\":\"https:\/\/ihuhealthage.fr\/fr\/devenir-mecene\/\",\"name\":\"Devenir m\u00e9c\u00e8ne - IHU Healthage\",\"isPartOf\":{\"@id\":\"https:\/\/ihuhealthage.fr\/fr\/#website\"},\"datePublished\":\"2024-10-24T12:19:15+00:00\",\"dateModified\":\"2025-01-22T10:27:18+00:00\",\"breadcrumb\":{\"@id\":\"https:\/\/ihuhealthage.fr\/fr\/devenir-mecene\/#breadcrumb\"},\"inLanguage\":\"fr-FR\",\"potentialAction\":[{\"@type\":\"ReadAction\",\"target\":[\"https:\/\/ihuhealthage.fr\/fr\/devenir-mecene\/\"]}]},{\"@type\":\"BreadcrumbList\",\"@id\":\"https:\/\/ihuhealthage.fr\/fr\/devenir-mecene\/#breadcrumb\",\"itemListElement\":[{\"@type\":\"ListItem\",\"position\":1,\"name\":\"Accueil\",\"item\":\"https:\/\/ihuhealthage.fr\/fr\/\"},{\"@type\":\"ListItem\",\"position\":2,\"name\":\"Devenir m\u00e9c\u00e8ne\"}]},{\"@type\":\"WebSite\",\"@id\":\"https:\/\/ihuhealthage.fr\/fr\/#website\",\"url\":\"https:\/\/ihuhealthage.fr\/fr\/\",\"name\":\"IHU Healthage\",\"description\":\"\",\"potentialAction\":[{\"@type\":\"SearchAction\",\"target\":{\"@type\":\"EntryPoint\",\"urlTemplate\":\"https:\/\/ihuhealthage.fr\/fr\/?s={search_term_string}\"},\"query-input\":{\"@type\":\"PropertyValueSpecification\",\"valueRequired\":true,\"valueName\":\"search_term_string\"}}],\"inLanguage\":\"fr-FR\"}]}<\/script>\n<!-- \/ Yoast SEO plugin. -->","yoast_head_json":{"title":"Devenir m\u00e9c\u00e8ne - IHU Healthage","robots":{"index":"index","follow":"follow","max-snippet":"max-snippet:-1","max-image-preview":"max-image-preview:large","max-video-preview":"max-video-preview:-1"},"canonical":"https:\/\/ihuhealthage.fr\/fr\/devenir-mecene\/","og_locale":"fr_FR","og_type":"article","og_title":"Devenir m\u00e9c\u00e8ne - IHU Healthage","og_description":"Devenir m\u00e9c\u00e8ne de l\u2019IHU c\u2019est s\u2019impliquer aux c\u00f4t\u00e9s des \u00e9quipes de l&rsquo;IHU HealthAge, c\u2019est contribuer \u00e0 un projet visionnaire qui r\u00e9pond \u00e0 l&rsquo;un des plus grands d\u00e9fis de notre temps : permettre \u00e0 chacun de vieillir en sant\u00e9, avec dignit\u00e9 et autonomie. Ensemble, nous pouvons fa\u00e7onner un avenir o\u00f9 le vieillissement n\u2019est plus un d\u00e9fi, [&hellip;]","og_url":"https:\/\/ihuhealthage.fr\/fr\/devenir-mecene\/","og_site_name":"INSPIRE","article_modified_time":"2025-01-22T10:27:18+00:00","twitter_card":"summary_large_image","twitter_misc":{"Dur\u00e9e de lecture estim\u00e9e":"4 minutes"},"schema":{"@context":"https:\/\/schema.org","@graph":[{"@type":"WebPage","@id":"https:\/\/ihuhealthage.fr\/fr\/devenir-mecene\/","url":"https:\/\/ihuhealthage.fr\/fr\/devenir-mecene\/","name":"Devenir m\u00e9c\u00e8ne - IHU Healthage","isPartOf":{"@id":"https:\/\/ihuhealthage.fr\/fr\/#website"},"datePublished":"2024-10-24T12:19:15+00:00","dateModified":"2025-01-22T10:27:18+00:00","breadcrumb":{"@id":"https:\/\/ihuhealthage.fr\/fr\/devenir-mecene\/#breadcrumb"},"inLanguage":"fr-FR","potentialAction":[{"@type":"ReadAction","target":["https:\/\/ihuhealthage.fr\/fr\/devenir-mecene\/"]}]},{"@type":"BreadcrumbList","@id":"https:\/\/ihuhealthage.fr\/fr\/devenir-mecene\/#breadcrumb","itemListElement":[{"@type":"ListItem","position":1,"name":"Accueil","item":"https:\/\/ihuhealthage.fr\/fr\/"},{"@type":"ListItem","position":2,"name":"Devenir m\u00e9c\u00e8ne"}]},{"@type":"WebSite","@id":"https:\/\/ihuhealthage.fr\/fr\/#website","url":"https:\/\/ihuhealthage.fr\/fr\/","name":"IHU Healthage","description":"","potentialAction":[{"@type":"SearchAction","target":{"@type":"EntryPoint","urlTemplate":"https:\/\/ihuhealthage.fr\/fr\/?s={search_term_string}"},"query-input":{"@type":"PropertyValueSpecification","valueRequired":true,"valueName":"search_term_string"}}],"inLanguage":"fr-FR"}]}},"_links":{"self":[{"href":"https:\/\/ihuhealthage.fr\/fr\/wp-json\/wp\/v2\/pages\/3142","targetHints":{"allow":["GET"]}}],"collection":[{"href":"https:\/\/ihuhealthage.fr\/fr\/wp-json\/wp\/v2\/pages"}],"about":[{"href":"https:\/\/ihuhealthage.fr\/fr\/wp-json\/wp\/v2\/types\/page"}],"author":[{"embeddable":true,"href":"https:\/\/ihuhealthage.fr\/fr\/wp-json\/wp\/v2\/users\/6"}],"replies":[{"embeddable":true,"href":"https:\/\/ihuhealthage.fr\/fr\/wp-json\/wp\/v2\/comments?post=3142"}],"version-history":[{"count":7,"href":"https:\/\/ihuhealthage.fr\/fr\/wp-json\/wp\/v2\/pages\/3142\/revisions"}],"predecessor-version":[{"id":3937,"href":"https:\/\/ihuhealthage.fr\/fr\/wp-json\/wp\/v2\/pages\/3142\/revisions\/3937"}],"wp:attachment":[{"href":"https:\/\/ihuhealthage.fr\/fr\/wp-json\/wp\/v2\/media?parent=3142"}],"curies":[{"name":"wp","href":"https:\/\/api.w.org\/{rel}","templated":true}]}}