{"id":3125,"date":"2024-10-24T12:18:49","date_gmt":"2024-10-24T10:18:49","guid":{"rendered":"https:\/\/ihuhealthage.fr\/fr\/?page_id=3125"},"modified":"2024-11-20T10:45:53","modified_gmt":"2024-11-20T09:45:53","slug":"faire-un-don","status":"publish","type":"page","link":"https:\/\/ihuhealthage.fr\/fr\/faire-un-don\/","title":{"rendered":"Faire un don"},"content":{"rendered":"<p style=\"text-align: justify;\">La g\u00e9n\u00e9rosit\u00e9 des donateurs, qu\u2019elle vienne des entreprises ou des particuliers, est essentielle pour soutenir l\u2019innovation. Vos dons \u00e0 l\u2019IHU HealthAge servent \u00e0\u00a0<strong>acc\u00e9l\u00e9rer des projets innovants, faire la preuve de concept scientifique pour ensuite les d\u00e9ployer \u00e0 plus grande \u00e9chelle, explorer de nouvelles voies de recherche, acheter du mat\u00e9riel de pointe pour gagner du temps et \u00eatre plus performant, renforcer les \u00e9quipes de recherche\u2026<\/strong><\/p>\n<p style=\"text-align: justify;\">Les dons sont une force pour les \u00e9quipes de l\u2019IHU HealthAge.<strong>\u00a0En r\u00e9alisant un don, vous transmettez votre force et un message d\u2019encouragement aux \u00e9quipes qui se mobilisent au quotidien.<\/strong><\/p>\n<p>&nbsp;<\/p>\n<div class=\"mis-en-avant\" style=\"text-align: center;\"><a href=\"https:\/\/ihuhealthage.fr\/fr\/nous-soutenir-contact\/\">Faire un don<\/a><\/div>\n","protected":false},"excerpt":{"rendered":"<p>La g\u00e9n\u00e9rosit\u00e9 des donateurs, qu\u2019elle vienne des entreprises ou des particuliers, est essentielle pour soutenir l\u2019innovation. Vos dons \u00e0 l\u2019IHU HealthAge servent \u00e0\u00a0acc\u00e9l\u00e9rer des projets innovants, faire la preuve de concept scientifique pour ensuite les d\u00e9ployer \u00e0 plus grande \u00e9chelle, explorer de nouvelles voies de recherche, acheter du mat\u00e9riel de pointe pour gagner du temps [&hellip;]<\/p>\n","protected":false},"author":6,"featured_media":0,"parent":0,"menu_order":0,"comment_status":"closed","ping_status":"closed","template":"","meta":{"footnotes":""},"class_list":["post-3125","page","type-page","status-publish","hentry"],"yoast_head":"<!-- This site is optimized with the Yoast SEO plugin v24.7 - https:\/\/yoast.com\/wordpress\/plugins\/seo\/ -->\n<title>Faire un don - IHU Healthage<\/title>\n<meta name=\"robots\" content=\"index, follow, max-snippet:-1, max-image-preview:large, max-video-preview:-1\" \/>\n<link rel=\"canonical\" href=\"https:\/\/ihuhealthage.fr\/fr\/faire-un-don\/\" \/>\n<meta property=\"og:locale\" content=\"fr_FR\" \/>\n<meta property=\"og:type\" content=\"article\" \/>\n<meta property=\"og:title\" content=\"Faire un don - IHU Healthage\" \/>\n<meta property=\"og:description\" content=\"La g\u00e9n\u00e9rosit\u00e9 des donateurs, qu\u2019elle vienne des entreprises ou des particuliers, est essentielle pour soutenir l\u2019innovation. Vos dons \u00e0 l\u2019IHU HealthAge servent \u00e0\u00a0acc\u00e9l\u00e9rer des projets innovants, faire la preuve de concept scientifique pour ensuite les d\u00e9ployer \u00e0 plus grande \u00e9chelle, explorer de nouvelles voies de recherche, acheter du mat\u00e9riel de pointe pour gagner du temps [&hellip;]\" \/>\n<meta property=\"og:url\" content=\"https:\/\/ihuhealthage.fr\/fr\/faire-un-don\/\" \/>\n<meta property=\"og:site_name\" content=\"INSPIRE\" \/>\n<meta property=\"article:modified_time\" content=\"2024-11-20T09:45:53+00:00\" \/>\n<meta name=\"twitter:card\" content=\"summary_large_image\" \/>\n<meta name=\"twitter:label1\" content=\"Dur\u00e9e de lecture estim\u00e9e\" \/>\n\t<meta name=\"twitter:data1\" content=\"1 minute\" \/>\n<script type=\"application\/ld+json\" class=\"yoast-schema-graph\">{\"@context\":\"https:\/\/schema.org\",\"@graph\":[{\"@type\":\"WebPage\",\"@id\":\"https:\/\/ihuhealthage.fr\/fr\/faire-un-don\/\",\"url\":\"https:\/\/ihuhealthage.fr\/fr\/faire-un-don\/\",\"name\":\"Faire un don - IHU Healthage\",\"isPartOf\":{\"@id\":\"https:\/\/ihuhealthage.fr\/fr\/#website\"},\"datePublished\":\"2024-10-24T10:18:49+00:00\",\"dateModified\":\"2024-11-20T09:45:53+00:00\",\"breadcrumb\":{\"@id\":\"https:\/\/ihuhealthage.fr\/fr\/faire-un-don\/#breadcrumb\"},\"inLanguage\":\"fr-FR\",\"potentialAction\":[{\"@type\":\"ReadAction\",\"target\":[\"https:\/\/ihuhealthage.fr\/fr\/faire-un-don\/\"]}]},{\"@type\":\"BreadcrumbList\",\"@id\":\"https:\/\/ihuhealthage.fr\/fr\/faire-un-don\/#breadcrumb\",\"itemListElement\":[{\"@type\":\"ListItem\",\"position\":1,\"name\":\"Accueil\",\"item\":\"https:\/\/ihuhealthage.fr\/fr\/\"},{\"@type\":\"ListItem\",\"position\":2,\"name\":\"Faire un don\"}]},{\"@type\":\"WebSite\",\"@id\":\"https:\/\/ihuhealthage.fr\/fr\/#website\",\"url\":\"https:\/\/ihuhealthage.fr\/fr\/\",\"name\":\"IHU Healthage\",\"description\":\"\",\"potentialAction\":[{\"@type\":\"SearchAction\",\"target\":{\"@type\":\"EntryPoint\",\"urlTemplate\":\"https:\/\/ihuhealthage.fr\/fr\/?s={search_term_string}\"},\"query-input\":{\"@type\":\"PropertyValueSpecification\",\"valueRequired\":true,\"valueName\":\"search_term_string\"}}],\"inLanguage\":\"fr-FR\"}]}<\/script>\n<!-- \/ Yoast SEO plugin. -->","yoast_head_json":{"title":"Faire un don - IHU Healthage","robots":{"index":"index","follow":"follow","max-snippet":"max-snippet:-1","max-image-preview":"max-image-preview:large","max-video-preview":"max-video-preview:-1"},"canonical":"https:\/\/ihuhealthage.fr\/fr\/faire-un-don\/","og_locale":"fr_FR","og_type":"article","og_title":"Faire un don - IHU Healthage","og_description":"La g\u00e9n\u00e9rosit\u00e9 des donateurs, qu\u2019elle vienne des entreprises ou des particuliers, est essentielle pour soutenir l\u2019innovation. Vos dons \u00e0 l\u2019IHU HealthAge servent \u00e0\u00a0acc\u00e9l\u00e9rer des projets innovants, faire la preuve de concept scientifique pour ensuite les d\u00e9ployer \u00e0 plus grande \u00e9chelle, explorer de nouvelles voies de recherche, acheter du mat\u00e9riel de pointe pour gagner du temps [&hellip;]","og_url":"https:\/\/ihuhealthage.fr\/fr\/faire-un-don\/","og_site_name":"INSPIRE","article_modified_time":"2024-11-20T09:45:53+00:00","twitter_card":"summary_large_image","twitter_misc":{"Dur\u00e9e de lecture estim\u00e9e":"1 minute"},"schema":{"@context":"https:\/\/schema.org","@graph":[{"@type":"WebPage","@id":"https:\/\/ihuhealthage.fr\/fr\/faire-un-don\/","url":"https:\/\/ihuhealthage.fr\/fr\/faire-un-don\/","name":"Faire un don - IHU Healthage","isPartOf":{"@id":"https:\/\/ihuhealthage.fr\/fr\/#website"},"datePublished":"2024-10-24T10:18:49+00:00","dateModified":"2024-11-20T09:45:53+00:00","breadcrumb":{"@id":"https:\/\/ihuhealthage.fr\/fr\/faire-un-don\/#breadcrumb"},"inLanguage":"fr-FR","potentialAction":[{"@type":"ReadAction","target":["https:\/\/ihuhealthage.fr\/fr\/faire-un-don\/"]}]},{"@type":"BreadcrumbList","@id":"https:\/\/ihuhealthage.fr\/fr\/faire-un-don\/#breadcrumb","itemListElement":[{"@type":"ListItem","position":1,"name":"Accueil","item":"https:\/\/ihuhealthage.fr\/fr\/"},{"@type":"ListItem","position":2,"name":"Faire un don"}]},{"@type":"WebSite","@id":"https:\/\/ihuhealthage.fr\/fr\/#website","url":"https:\/\/ihuhealthage.fr\/fr\/","name":"IHU Healthage","description":"","potentialAction":[{"@type":"SearchAction","target":{"@type":"EntryPoint","urlTemplate":"https:\/\/ihuhealthage.fr\/fr\/?s={search_term_string}"},"query-input":{"@type":"PropertyValueSpecification","valueRequired":true,"valueName":"search_term_string"}}],"inLanguage":"fr-FR"}]}},"_links":{"self":[{"href":"https:\/\/ihuhealthage.fr\/fr\/wp-json\/wp\/v2\/pages\/3125","targetHints":{"allow":["GET"]}}],"collection":[{"href":"https:\/\/ihuhealthage.fr\/fr\/wp-json\/wp\/v2\/pages"}],"about":[{"href":"https:\/\/ihuhealthage.fr\/fr\/wp-json\/wp\/v2\/types\/page"}],"author":[{"embeddable":true,"href":"https:\/\/ihuhealthage.fr\/fr\/wp-json\/wp\/v2\/users\/6"}],"replies":[{"embeddable":true,"href":"https:\/\/ihuhealthage.fr\/fr\/wp-json\/wp\/v2\/comments?post=3125"}],"version-history":[{"count":5,"href":"https:\/\/ihuhealthage.fr\/fr\/wp-json\/wp\/v2\/pages\/3125\/revisions"}],"predecessor-version":[{"id":3422,"href":"https:\/\/ihuhealthage.fr\/fr\/wp-json\/wp\/v2\/pages\/3125\/revisions\/3422"}],"wp:attachment":[{"href":"https:\/\/ihuhealthage.fr\/fr\/wp-json\/wp\/v2\/media?parent=3125"}],"curies":[{"name":"wp","href":"https:\/\/api.w.org\/{rel}","templated":true}]}}