{"id":3100,"date":"2024-10-24T11:52:55","date_gmt":"2024-10-24T09:52:55","guid":{"rendered":"https:\/\/ihuhealthage.fr\/fr\/?page_id=3100"},"modified":"2025-09-04T12:22:49","modified_gmt":"2025-09-04T10:22:49","slug":"espace-presse","status":"publish","type":"page","link":"https:\/\/ihuhealthage.fr\/fr\/espace-presse\/","title":{"rendered":"Espace presse"},"content":{"rendered":"<h2>Articles<\/h2>\n<div><\/div>\n<div class=\"mis-en-avant\"><a href=\"https:\/\/inspire.chu-toulouse.fr\/wp-content\/uploads\/2025\/09\/La-depeche.pdf\">La d\u00e9p\u00eache &#8211; Retarder de 10 ans le vieillissement : le d\u00e9fi fou \u00e0 101 millions de dollars<\/a><\/div>\n<p class=\"mis-en-avant\"><a href=\"https:\/\/madame.lefigaro.fr\/beaute\/bien-vieillir-quels-sont-les-trois-ages-paliers-ou-tout-bascule-20250215\">Madame Le Figaro &#8211; Bien vieillir, qu&rsquo;est sont les trois \u00e2ges paliers o\u00f9 tout bascule<\/a><\/p>\n<div class=\"mis-en-avant\"><span class=\"lien-fichier\"><a href=\"https:\/\/inspire.chu-toulouse.fr\/wp-content\/uploads\/2024\/12\/Le_Point_20240801120000.pdf\">Le Point &#8211; Bient\u00f4t tous centenaires! (Et en pleine forme<\/a><\/span><\/div>\n<div class=\"mis-en-avant\"><span class=\"lien-fichier\"><a href=\"https:\/\/inspire.chu-toulouse.fr\/wp-content\/uploads\/2024\/12\/Le_Point_20240801120000-1.pdf\">Le Point &#8211; Comment rester en forme \u00e0 tous les \u00e2ge<\/a><\/span><\/div>\n<div class=\"mis-en-avant\"><span class=\"lien-fichier\"><a href=\"https:\/\/inspire.chu-toulouse.fr\/wp-content\/uploads\/2024\/12\/Science_et_Vie_-_Hors_Serie_Hors_Serie_20240901120000.pdf\">Science et Vie &#8211; Les promesses de la g\u00e9roscience<\/a><\/span><\/div>\n<div class=\"mis-en-avant\"><span class=\"lien-fichier\"><a href=\"https:\/\/inspire.chu-toulouse.fr\/wp-content\/uploads\/2024\/12\/Science_et_Vie_-_Hors_Serie_Hors_Serie_20240901120000-1.pdf\">Science et Vie &#8211; Qu&rsquo;est-ce-que vieillir ?<\/a><\/span><\/div>\n<div class=\"mis-en-avant\"><span class=\"lien-fichier\"><a href=\"https:\/\/inspire.chu-toulouse.fr\/wp-content\/uploads\/2024\/12\/Science_et_Vie_-_Hors_Serie_Hors_Serie_20240901120000-2.pdf\">Science et Vie &#8211; Le mode de vie, un alli\u00e9 crucial<\/a><\/span><\/div>\n<div><\/div>\n","protected":false},"excerpt":{"rendered":"<p>Articles La d\u00e9p\u00eache &#8211; Retarder de 10 ans le vieillissement : le d\u00e9fi fou \u00e0 101 millions de dollars Madame Le Figaro &#8211; Bien vieillir, qu&rsquo;est sont les trois \u00e2ges paliers o\u00f9 tout bascule Le Point &#8211; Bient\u00f4t tous centenaires! (Et en pleine forme Le Point &#8211; Comment rester en forme \u00e0 tous les \u00e2ge [&hellip;]<\/p>\n","protected":false},"author":6,"featured_media":0,"parent":0,"menu_order":0,"comment_status":"closed","ping_status":"closed","template":"","meta":{"footnotes":""},"class_list":["post-3100","page","type-page","status-publish","hentry"],"yoast_head":"<!-- This site is optimized with the Yoast SEO plugin v24.7 - https:\/\/yoast.com\/wordpress\/plugins\/seo\/ -->\n<title>Espace presse - IHU Healthage<\/title>\n<meta name=\"robots\" content=\"index, follow, max-snippet:-1, max-image-preview:large, max-video-preview:-1\" \/>\n<link rel=\"canonical\" href=\"https:\/\/ihuhealthage.fr\/fr\/espace-presse\/\" \/>\n<meta property=\"og:locale\" content=\"fr_FR\" \/>\n<meta property=\"og:type\" content=\"article\" \/>\n<meta property=\"og:title\" content=\"Espace presse - IHU Healthage\" \/>\n<meta property=\"og:description\" content=\"Articles La d\u00e9p\u00eache &#8211; Retarder de 10 ans le vieillissement : le d\u00e9fi fou \u00e0 101 millions de dollars Madame Le Figaro &#8211; Bien vieillir, qu&rsquo;est sont les trois \u00e2ges paliers o\u00f9 tout bascule Le Point &#8211; Bient\u00f4t tous centenaires! (Et en pleine forme Le Point &#8211; Comment rester en forme \u00e0 tous les \u00e2ge [&hellip;]\" \/>\n<meta property=\"og:url\" content=\"https:\/\/ihuhealthage.fr\/fr\/espace-presse\/\" \/>\n<meta property=\"og:site_name\" content=\"INSPIRE\" \/>\n<meta property=\"article:modified_time\" content=\"2025-09-04T10:22:49+00:00\" \/>\n<meta name=\"twitter:card\" content=\"summary_large_image\" \/>\n<meta name=\"twitter:label1\" content=\"Dur\u00e9e de lecture estim\u00e9e\" \/>\n\t<meta name=\"twitter:data1\" content=\"1 minute\" \/>\n<script type=\"application\/ld+json\" class=\"yoast-schema-graph\">{\"@context\":\"https:\/\/schema.org\",\"@graph\":[{\"@type\":\"WebPage\",\"@id\":\"https:\/\/ihuhealthage.fr\/fr\/espace-presse\/\",\"url\":\"https:\/\/ihuhealthage.fr\/fr\/espace-presse\/\",\"name\":\"Espace presse - IHU Healthage\",\"isPartOf\":{\"@id\":\"https:\/\/ihuhealthage.fr\/fr\/#website\"},\"datePublished\":\"2024-10-24T09:52:55+00:00\",\"dateModified\":\"2025-09-04T10:22:49+00:00\",\"breadcrumb\":{\"@id\":\"https:\/\/ihuhealthage.fr\/fr\/espace-presse\/#breadcrumb\"},\"inLanguage\":\"fr-FR\",\"potentialAction\":[{\"@type\":\"ReadAction\",\"target\":[\"https:\/\/ihuhealthage.fr\/fr\/espace-presse\/\"]}]},{\"@type\":\"BreadcrumbList\",\"@id\":\"https:\/\/ihuhealthage.fr\/fr\/espace-presse\/#breadcrumb\",\"itemListElement\":[{\"@type\":\"ListItem\",\"position\":1,\"name\":\"Accueil\",\"item\":\"https:\/\/ihuhealthage.fr\/fr\/\"},{\"@type\":\"ListItem\",\"position\":2,\"name\":\"Espace presse\"}]},{\"@type\":\"WebSite\",\"@id\":\"https:\/\/ihuhealthage.fr\/fr\/#website\",\"url\":\"https:\/\/ihuhealthage.fr\/fr\/\",\"name\":\"IHU Healthage\",\"description\":\"\",\"potentialAction\":[{\"@type\":\"SearchAction\",\"target\":{\"@type\":\"EntryPoint\",\"urlTemplate\":\"https:\/\/ihuhealthage.fr\/fr\/?s={search_term_string}\"},\"query-input\":{\"@type\":\"PropertyValueSpecification\",\"valueRequired\":true,\"valueName\":\"search_term_string\"}}],\"inLanguage\":\"fr-FR\"}]}<\/script>\n<!-- \/ Yoast SEO plugin. -->","yoast_head_json":{"title":"Espace presse - IHU Healthage","robots":{"index":"index","follow":"follow","max-snippet":"max-snippet:-1","max-image-preview":"max-image-preview:large","max-video-preview":"max-video-preview:-1"},"canonical":"https:\/\/ihuhealthage.fr\/fr\/espace-presse\/","og_locale":"fr_FR","og_type":"article","og_title":"Espace presse - IHU Healthage","og_description":"Articles La d\u00e9p\u00eache &#8211; Retarder de 10 ans le vieillissement : le d\u00e9fi fou \u00e0 101 millions de dollars Madame Le Figaro &#8211; Bien vieillir, qu&rsquo;est sont les trois \u00e2ges paliers o\u00f9 tout bascule Le Point &#8211; Bient\u00f4t tous centenaires! (Et en pleine forme Le Point &#8211; Comment rester en forme \u00e0 tous les \u00e2ge [&hellip;]","og_url":"https:\/\/ihuhealthage.fr\/fr\/espace-presse\/","og_site_name":"INSPIRE","article_modified_time":"2025-09-04T10:22:49+00:00","twitter_card":"summary_large_image","twitter_misc":{"Dur\u00e9e de lecture estim\u00e9e":"1 minute"},"schema":{"@context":"https:\/\/schema.org","@graph":[{"@type":"WebPage","@id":"https:\/\/ihuhealthage.fr\/fr\/espace-presse\/","url":"https:\/\/ihuhealthage.fr\/fr\/espace-presse\/","name":"Espace presse - IHU Healthage","isPartOf":{"@id":"https:\/\/ihuhealthage.fr\/fr\/#website"},"datePublished":"2024-10-24T09:52:55+00:00","dateModified":"2025-09-04T10:22:49+00:00","breadcrumb":{"@id":"https:\/\/ihuhealthage.fr\/fr\/espace-presse\/#breadcrumb"},"inLanguage":"fr-FR","potentialAction":[{"@type":"ReadAction","target":["https:\/\/ihuhealthage.fr\/fr\/espace-presse\/"]}]},{"@type":"BreadcrumbList","@id":"https:\/\/ihuhealthage.fr\/fr\/espace-presse\/#breadcrumb","itemListElement":[{"@type":"ListItem","position":1,"name":"Accueil","item":"https:\/\/ihuhealthage.fr\/fr\/"},{"@type":"ListItem","position":2,"name":"Espace presse"}]},{"@type":"WebSite","@id":"https:\/\/ihuhealthage.fr\/fr\/#website","url":"https:\/\/ihuhealthage.fr\/fr\/","name":"IHU Healthage","description":"","potentialAction":[{"@type":"SearchAction","target":{"@type":"EntryPoint","urlTemplate":"https:\/\/ihuhealthage.fr\/fr\/?s={search_term_string}"},"query-input":{"@type":"PropertyValueSpecification","valueRequired":true,"valueName":"search_term_string"}}],"inLanguage":"fr-FR"}]}},"_links":{"self":[{"href":"https:\/\/ihuhealthage.fr\/fr\/wp-json\/wp\/v2\/pages\/3100","targetHints":{"allow":["GET"]}}],"collection":[{"href":"https:\/\/ihuhealthage.fr\/fr\/wp-json\/wp\/v2\/pages"}],"about":[{"href":"https:\/\/ihuhealthage.fr\/fr\/wp-json\/wp\/v2\/types\/page"}],"author":[{"embeddable":true,"href":"https:\/\/ihuhealthage.fr\/fr\/wp-json\/wp\/v2\/users\/6"}],"replies":[{"embeddable":true,"href":"https:\/\/ihuhealthage.fr\/fr\/wp-json\/wp\/v2\/comments?post=3100"}],"version-history":[{"count":6,"href":"https:\/\/ihuhealthage.fr\/fr\/wp-json\/wp\/v2\/pages\/3100\/revisions"}],"predecessor-version":[{"id":4387,"href":"https:\/\/ihuhealthage.fr\/fr\/wp-json\/wp\/v2\/pages\/3100\/revisions\/4387"}],"wp:attachment":[{"href":"https:\/\/ihuhealthage.fr\/fr\/wp-json\/wp\/v2\/media?parent=3100"}],"curies":[{"name":"wp","href":"https:\/\/api.w.org\/{rel}","templated":true}]}}