{"id":3096,"date":"2024-10-24T11:52:23","date_gmt":"2024-10-24T09:52:23","guid":{"rendered":"https:\/\/ihuhealthage.fr\/fr\/?page_id=3096"},"modified":"2025-09-04T13:01:36","modified_gmt":"2025-09-04T11:01:36","slug":"breves","status":"publish","type":"page","link":"https:\/\/ihuhealthage.fr\/fr\/breves\/","title":{"rendered":"Br\u00e8ves"},"content":{"rendered":"<h3>Article <strong>Nature Aging<\/strong><\/h3>\n<p>Nous avons publi\u00e9 avec le Buck Institute pour la premi\u00e8re fois un marqueur biologique de la capacit\u00e9 intrins\u00e8que qui a fait la couverture de Nature Aging.<\/p>\n<div class=\"mis-en-avant\" style=\"text-align: center;\"><a href=\"https:\/\/inspire.chu-toulouse.fr\/wp-content\/uploads\/2025\/09\/s43587-025-00883-5-2.pdf\">Article Nature Aging (ICI)<\/a><\/div>\n<p>&nbsp;<\/p>\n<h3>Livre Blanc McKinsey &amp; Company Health Institute<\/h3>\n<p style=\"text-align: justify;\">Ce rapport vise \u00e0 lancer une conversation sur les choix potentiels \u00e0 venir, en r\u00e9unissant les parties prenantes du domaine et celles qui en sont actuellement exclues. Toutes ont un r\u00f4le \u00e0 jouer et toutes ont int\u00e9r\u00eat \u00e0 investir dans une long\u00e9vit\u00e9 en bonne sant\u00e9.<\/p>\n<div class=\"mis-en-avant\" style=\"text-align: center;\"><a href=\"https:\/\/inspire.chu-toulouse.fr\/wp-content\/uploads\/2025\/09\/healthspan-science-may-enable-healthier-lives-for-all.pdf\">La science pourrait permettre \u00e0 tous de vivre plus longtemps en bonne sant\u00e9 (ICI)<\/a><\/div>\n<h3><\/h3>\n<h3><\/h3>\n<p>&nbsp;<\/p>\n<h3 style=\"text-align: justify;\"><strong>Rapport de la DREES (Direction de la Recherche, des Etudes, de l&rsquo;Evaluation et des Strat\u00e9gies)<\/strong><\/h3>\n<p style=\"text-align: justify;\">La DREES a r\u00e9cemment publi\u00e9 un rapport soulignant notamment qu\u2019entre 2015 et 2022, la proportion de personnes \u00e2g\u00e9es de 60 ans et plus vivant \u00e0 domicile ayant perdu leur autonomie est pass\u00e9e de 10 % \u00e0 8 %, soit une diminution de 180 000 personnes. Une baisse encore plus marqu\u00e9e a \u00e9t\u00e9 observ\u00e9e chez les 75 ans et plus. Ces chiffres confirment une \u00e9volution prometteuse : le vieillissement en bonne sant\u00e9 n\u2019est pas un id\u00e9al inatteignable, mais une r\u00e9alit\u00e9 en construction.<\/p>\n<div class=\"mis-en-avant\" style=\"text-align: center;\"><a href=\"https:\/\/drees.solidarites-sante.gouv.fr\/publications-communique-de-presse\/etudes-et-resultats\/241114_ER_perte-autonomie-seniors\">Rapport de la DREES (ICI)<\/a><\/div>\n<p>&nbsp;<\/p>\n<h3><strong>Article Nature Aging de John Beard\u00a0<\/strong><\/h3>\n<p style=\"text-align: justify;\">Un r\u00e9cent article de John Beard, membre du conseil scientifique international de l\u2019IHU, publi\u00e9 dans <em>Nature Aging<\/em>, r\u00e9v\u00e8le que les seniors de 70 ans aujourd\u2019hui ont une capacit\u00e9 intrins\u00e8que \u00e9quivalente \u00e0 celle des 60 ans il y a une d\u00e9cennie. Par ailleurs, les travaux issus de la cohorte INSPIRE-T, \u00e9galement publi\u00e9s dans <em>Nature Aging<\/em>, fournissent des outils pr\u00e9cieux pour suivre et am\u00e9liorer l\u2019\u00e9tat de sant\u00e9 des seniors \u00e0 long terme.<\/p>\n<div class=\"mis-en-avant\" style=\"text-align: center;\"><a href=\"https:\/\/www.nature.com\/articles\/s43587-024-00741-w\">Article Nature Aging de John Beard (ICI)<\/a><\/div>\n","protected":false},"excerpt":{"rendered":"<p>Article Nature Aging Nous avons publi\u00e9 avec le Buck Institute pour la premi\u00e8re fois un marqueur biologique de la capacit\u00e9 intrins\u00e8que qui a fait la couverture de Nature Aging. Article Nature Aging (ICI) &nbsp; Livre Blanc McKinsey &amp; Company Health Institute Ce rapport vise \u00e0 lancer une conversation sur les choix potentiels \u00e0 venir, en [&hellip;]<\/p>\n","protected":false},"author":6,"featured_media":0,"parent":0,"menu_order":0,"comment_status":"closed","ping_status":"closed","template":"","meta":{"footnotes":""},"class_list":["post-3096","page","type-page","status-publish","hentry"],"yoast_head":"<!-- This site is optimized with the Yoast SEO plugin v24.7 - https:\/\/yoast.com\/wordpress\/plugins\/seo\/ -->\n<title>Br\u00e8ves - IHU Healthage<\/title>\n<meta name=\"robots\" content=\"index, follow, max-snippet:-1, max-image-preview:large, max-video-preview:-1\" \/>\n<link rel=\"canonical\" href=\"https:\/\/ihuhealthage.fr\/fr\/breves\/\" \/>\n<meta property=\"og:locale\" content=\"fr_FR\" \/>\n<meta property=\"og:type\" content=\"article\" \/>\n<meta property=\"og:title\" content=\"Br\u00e8ves - IHU Healthage\" \/>\n<meta property=\"og:description\" content=\"Article Nature Aging Nous avons publi\u00e9 avec le Buck Institute pour la premi\u00e8re fois un marqueur biologique de la capacit\u00e9 intrins\u00e8que qui a fait la couverture de Nature Aging. Article Nature Aging (ICI) &nbsp; Livre Blanc McKinsey &amp; Company Health Institute Ce rapport vise \u00e0 lancer une conversation sur les choix potentiels \u00e0 venir, en [&hellip;]\" \/>\n<meta property=\"og:url\" content=\"https:\/\/ihuhealthage.fr\/fr\/breves\/\" \/>\n<meta property=\"og:site_name\" content=\"INSPIRE\" \/>\n<meta property=\"article:modified_time\" content=\"2025-09-04T11:01:36+00:00\" \/>\n<meta name=\"twitter:card\" content=\"summary_large_image\" \/>\n<meta name=\"twitter:label1\" content=\"Dur\u00e9e de lecture estim\u00e9e\" \/>\n\t<meta name=\"twitter:data1\" content=\"2 minutes\" \/>\n<script type=\"application\/ld+json\" class=\"yoast-schema-graph\">{\"@context\":\"https:\/\/schema.org\",\"@graph\":[{\"@type\":\"WebPage\",\"@id\":\"https:\/\/ihuhealthage.fr\/fr\/breves\/\",\"url\":\"https:\/\/ihuhealthage.fr\/fr\/breves\/\",\"name\":\"Br\u00e8ves - IHU Healthage\",\"isPartOf\":{\"@id\":\"https:\/\/ihuhealthage.fr\/fr\/#website\"},\"datePublished\":\"2024-10-24T09:52:23+00:00\",\"dateModified\":\"2025-09-04T11:01:36+00:00\",\"breadcrumb\":{\"@id\":\"https:\/\/ihuhealthage.fr\/fr\/breves\/#breadcrumb\"},\"inLanguage\":\"fr-FR\",\"potentialAction\":[{\"@type\":\"ReadAction\",\"target\":[\"https:\/\/ihuhealthage.fr\/fr\/breves\/\"]}]},{\"@type\":\"BreadcrumbList\",\"@id\":\"https:\/\/ihuhealthage.fr\/fr\/breves\/#breadcrumb\",\"itemListElement\":[{\"@type\":\"ListItem\",\"position\":1,\"name\":\"Accueil\",\"item\":\"https:\/\/ihuhealthage.fr\/fr\/\"},{\"@type\":\"ListItem\",\"position\":2,\"name\":\"Br\u00e8ves\"}]},{\"@type\":\"WebSite\",\"@id\":\"https:\/\/ihuhealthage.fr\/fr\/#website\",\"url\":\"https:\/\/ihuhealthage.fr\/fr\/\",\"name\":\"IHU Healthage\",\"description\":\"\",\"potentialAction\":[{\"@type\":\"SearchAction\",\"target\":{\"@type\":\"EntryPoint\",\"urlTemplate\":\"https:\/\/ihuhealthage.fr\/fr\/?s={search_term_string}\"},\"query-input\":{\"@type\":\"PropertyValueSpecification\",\"valueRequired\":true,\"valueName\":\"search_term_string\"}}],\"inLanguage\":\"fr-FR\"}]}<\/script>\n<!-- \/ Yoast SEO plugin. -->","yoast_head_json":{"title":"Br\u00e8ves - IHU Healthage","robots":{"index":"index","follow":"follow","max-snippet":"max-snippet:-1","max-image-preview":"max-image-preview:large","max-video-preview":"max-video-preview:-1"},"canonical":"https:\/\/ihuhealthage.fr\/fr\/breves\/","og_locale":"fr_FR","og_type":"article","og_title":"Br\u00e8ves - IHU Healthage","og_description":"Article Nature Aging Nous avons publi\u00e9 avec le Buck Institute pour la premi\u00e8re fois un marqueur biologique de la capacit\u00e9 intrins\u00e8que qui a fait la couverture de Nature Aging. Article Nature Aging (ICI) &nbsp; Livre Blanc McKinsey &amp; Company Health Institute Ce rapport vise \u00e0 lancer une conversation sur les choix potentiels \u00e0 venir, en [&hellip;]","og_url":"https:\/\/ihuhealthage.fr\/fr\/breves\/","og_site_name":"INSPIRE","article_modified_time":"2025-09-04T11:01:36+00:00","twitter_card":"summary_large_image","twitter_misc":{"Dur\u00e9e de lecture estim\u00e9e":"2 minutes"},"schema":{"@context":"https:\/\/schema.org","@graph":[{"@type":"WebPage","@id":"https:\/\/ihuhealthage.fr\/fr\/breves\/","url":"https:\/\/ihuhealthage.fr\/fr\/breves\/","name":"Br\u00e8ves - IHU Healthage","isPartOf":{"@id":"https:\/\/ihuhealthage.fr\/fr\/#website"},"datePublished":"2024-10-24T09:52:23+00:00","dateModified":"2025-09-04T11:01:36+00:00","breadcrumb":{"@id":"https:\/\/ihuhealthage.fr\/fr\/breves\/#breadcrumb"},"inLanguage":"fr-FR","potentialAction":[{"@type":"ReadAction","target":["https:\/\/ihuhealthage.fr\/fr\/breves\/"]}]},{"@type":"BreadcrumbList","@id":"https:\/\/ihuhealthage.fr\/fr\/breves\/#breadcrumb","itemListElement":[{"@type":"ListItem","position":1,"name":"Accueil","item":"https:\/\/ihuhealthage.fr\/fr\/"},{"@type":"ListItem","position":2,"name":"Br\u00e8ves"}]},{"@type":"WebSite","@id":"https:\/\/ihuhealthage.fr\/fr\/#website","url":"https:\/\/ihuhealthage.fr\/fr\/","name":"IHU Healthage","description":"","potentialAction":[{"@type":"SearchAction","target":{"@type":"EntryPoint","urlTemplate":"https:\/\/ihuhealthage.fr\/fr\/?s={search_term_string}"},"query-input":{"@type":"PropertyValueSpecification","valueRequired":true,"valueName":"search_term_string"}}],"inLanguage":"fr-FR"}]}},"_links":{"self":[{"href":"https:\/\/ihuhealthage.fr\/fr\/wp-json\/wp\/v2\/pages\/3096","targetHints":{"allow":["GET"]}}],"collection":[{"href":"https:\/\/ihuhealthage.fr\/fr\/wp-json\/wp\/v2\/pages"}],"about":[{"href":"https:\/\/ihuhealthage.fr\/fr\/wp-json\/wp\/v2\/types\/page"}],"author":[{"embeddable":true,"href":"https:\/\/ihuhealthage.fr\/fr\/wp-json\/wp\/v2\/users\/6"}],"replies":[{"embeddable":true,"href":"https:\/\/ihuhealthage.fr\/fr\/wp-json\/wp\/v2\/comments?post=3096"}],"version-history":[{"count":7,"href":"https:\/\/ihuhealthage.fr\/fr\/wp-json\/wp\/v2\/pages\/3096\/revisions"}],"predecessor-version":[{"id":4408,"href":"https:\/\/ihuhealthage.fr\/fr\/wp-json\/wp\/v2\/pages\/3096\/revisions\/4408"}],"wp:attachment":[{"href":"https:\/\/ihuhealthage.fr\/fr\/wp-json\/wp\/v2\/media?parent=3096"}],"curies":[{"name":"wp","href":"https:\/\/api.w.org\/{rel}","templated":true}]}}