{"id":3017,"date":"2024-10-23T16:24:40","date_gmt":"2024-10-23T14:24:40","guid":{"rendered":"https:\/\/ihuhealthage.fr\/fr\/?page_id=3017"},"modified":"2025-01-28T10:28:23","modified_gmt":"2025-01-28T09:28:23","slug":"les-structures-supports","status":"publish","type":"page","link":"https:\/\/ihuhealthage.fr\/fr\/les-structures-supports\/","title":{"rendered":"Les structures supports"},"content":{"rendered":"<h2><strong>Centre de Recherche Clinique (CRC)<\/strong><\/h2>\n<p style=\"text-align: justify;\">Le CRC actuellement implant\u00e9 sur le site de l&rsquo;h\u00f4pital de La Grave se compose :<\/p>\n<p style=\"text-align: justify;\">d&rsquo;un <strong>noyau de coordination clinique<\/strong><\/p>\n<ul style=\"text-align: justify;\">\n<li>soutien aux projets de recherche clinique et translationnelle (proc\u00e9dures administratives, \u00e9tapes r\u00e9glementaires, mise en \u0153uvre, cl\u00f4ture)<\/li>\n<li>gestion des \u00e9chantillons biologiques (d\u00e9veloppement de proc\u00e9dures op\u00e9ratoires normalis\u00e9es internes pour la collecte, l&rsquo;exp\u00e9dition, l&rsquo;aliquotage et le stockage des fluides biologiques ; d\u00e9veloppement de formulaires de suivi des fluides biologiques qui fournissent un historique d\u00e9taill\u00e9 pour chaque \u00e9chantillon)<\/li>\n<li>gestion des partenariats (internes et externes) avec acc\u00e8s aux donn\u00e9es biologiques et cliniques associ\u00e9es<\/li>\n<\/ul>\n<p style=\"text-align: justify;\">d&rsquo;un <strong>noyau technique<\/strong> pour l&rsquo;acquisition de ressources cliniques et biologiques<\/p>\n<ul style=\"text-align: justify;\">\n<li>recrutement et suivi des volontaires<\/li>\n<li>collecte et pr\u00e9paration des \u00e9chantillons biologiques (stockage temporaire sur site puis centralisation au Centre de Ressources Biologiques, exp\u00e9dition mensuelle)<\/li>\n<li>ph\u00e9notypage\/acquisition des donn\u00e9es cliniques<\/li>\n<li>saisie des donn\u00e9es<\/li>\n<\/ul>\n<p style=\"text-align: justify;\">Le CRC est compos\u00e9 de professionnels exp\u00e9riment\u00e9s et qualifi\u00e9s ayant re\u00e7u une formation sp\u00e9cifique sur les instruments d&rsquo;\u00e9valuation pertinents couramment utilis\u00e9s, l&rsquo;\u00e9ducation pr\u00e9ventive et les essais cliniques. Le CRC est compl\u00e9t\u00e9 par une unit\u00e9 mobile de recherche qui peut effectuer des visites d&rsquo;\u00e9tude directement au domicile de la personne.<\/p>\n<p style=\"text-align: justify;\">Dans le cadre de l&rsquo;IHU, le CRC constituera une infrastructure innovante unique \u00e0 la fois pour la pr\u00e9vention, l&rsquo;acc\u00e8s \u00e0 l&rsquo;innovation et la recherche clinique en G\u00e9roscience. Sur la base de son exp\u00e9rience et de son organisation, soutenue par des interactions \u00e9troites avec les structures de soutien locales, le CRC servira de noyau de recrutement et d&rsquo;\u00e9valuation pour toutes les \u00e9tudes cliniques propos\u00e9es dans le cadre du programme de l&rsquo;IHU en mettant en \u0153uvre des outils et des \u00e9quipements sophistiqu\u00e9s pour \u00e9valuer\/suivre les capacit\u00e9s intrins\u00e8ques (CI) conform\u00e9ment au programme ICOPE (Integrated Care for Older People) de l&rsquo;OMS, mener des recherches translationnelles en G\u00e9roscience et tester l&rsquo;efficacit\u00e9 de nouveaux m\u00e9dicaments g\u00e9roprotecteurs ou d&rsquo;approches pr\u00e9ventives multidomaines non pharmaceutiques.<\/p>\n<p>&nbsp;<\/p>\n<h2>Plateforme humaine<\/h2>\n<p style=\"text-align: justify;\">INSPIRE-T est une <a href=\"https:\/\/ihuhealthage.fr\/fr\/cohorte-humaine\/\">cohorte de recherche innovante (Cliquez ici)<\/a> regroupant des donn\u00e9es biologiques, cliniques, digitales et d\u2019imagerie. Ces donn\u00e9es permettront de r\u00e9pondre \u00e0 deux objectifs principaux :<\/p>\n<p style=\"text-align: justify;\"><strong>1- Identifier des biomarqueurs du vieillissement biologique<\/strong>. En effet on utilise depuis toujours l\u2019\u00e2ge chronologique ou l\u2019\u00e2ge civil mais cette d\u00e9finition n\u2019est pas adapt\u00e9e au vieillissement de la population \u00e9tant donn\u00e9 l&rsquo;\u00e9tat actuel des connaissances. L\u2019enjeu pr\u00e9sent est de d\u00e9finir l\u2019\u00e2ge biologique qui permet de pr\u00e9ciser l\u2019\u00e2ge r\u00e9el d\u2019un individu, qui impacte de mani\u00e8re g\u00e9n\u00e9rale et p\u00e9jorative les fonctions de l&rsquo;organisme. Les progr\u00e8s de la biologie, qui ont donn\u00e9 naissance au domaine des g\u00e9rosciences, associ\u00e9s aux progr\u00e8s de l\u2019intelligence artificielle, devraient permettre d\u2019acc\u00e9der \u00e0 la connaissance de cet \u00e2ge biologique. Les diff\u00e9rences \u00e9ventuelles constat\u00e9es entre l\u2019\u00e2ge biologique (incluant l\u2019\u00e9tude de la capacit\u00e9 intrins\u00e8que) et l\u2019\u00e2ge civil (corr\u00e9l\u00e9es \u00e0 l\u2019\u00e9volution clinique) pourront nous amener \u00e0 mettre en place des actions cibl\u00e9es et personnalis\u00e9es.<\/p>\n<p style=\"text-align: justify;\"><strong>2- Suivre l\u2019\u00e9volution des domaines de la capacit\u00e9 intrins\u00e8que<\/strong> comme les fonctions sensorielles, la mobilit\u00e9, les fonctions cognitives (par exemple la m\u00e9moire), la capacit\u00e9 psychologique, la vitalit\u00e9 en lien avec l\u2019\u00e9tat nutritionnel gr\u00e2ce \u00e0 l\u2019utilisation de l\u2019application mobile ICOPE Monitor et en suivant les recommandations du programme ICOPE (Integrated Care for Older People) propos\u00e9 par l\u2019Organisation Mondiale de la Sant\u00e9 (OMS). Ce programme a pour but de maintenir les individus \u00e0 leur niveau optimal de capacit\u00e9s, et de d\u00e9finir des strat\u00e9gies de maintien de l\u2019autonomie et de pr\u00e9vention de la d\u00e9pendance.<\/p>\n<h2>Plateforme souris<\/h2>\n<p style=\"margin: 0cm 0cm 0.0001pt; text-align: justify;\"><span style=\"font-size: 12.0pt; color: black;\">La plateforme souris de l\u2019IHU a \u00e9t\u00e9 g\u00e9n\u00e9r\u00e9e en parall\u00e8le de la plateforme humaine afin de faciliter les approches translationnelles du projet vieillissement. Elle inclut la<b>\u00a0<a href=\"https:\/\/inspire.chu-toulouse.fr\/wp-content\/uploads\/2024\/12\/Mice-facilities-database-biobank-last.pdf\">banque de donn\u00e9es et de tissus le cohorte INSPIRE souris (Cliquez ici)<\/a><\/b> et la<b>\u00a0<a href=\"https:\/\/inspire.chu-toulouse.fr\/wp-content\/uploads\/2024\/12\/POSTER-plateforme-dexploration-de-phenotypage-fonctionnel-last.pdf\">plateforme d\u2019exploration de ph\u00e9notypage fonctionnel des souris vieillissantes (Cliquez ici)<\/a><\/b>.<\/span><\/p>\n<p>&nbsp;<\/p>\n<h2>Plateforme poisson<\/h2>\n<p style=\"text-align: justify;\"><span style=\"font-size: 12.0pt; color: black;\">La plateforme Killifish de l\u2019IHU a \u00e9t\u00e9 g\u00e9n\u00e9r\u00e9e en parall\u00e8le de la plateforme humaine et souris afin de faciliter les approches translationnelles du projet vieillissement. Elle inclut <a href=\"https:\/\/inspire.chu-toulouse.fr\/wp-content\/uploads\/2025\/01\/slides-website-IHU-fish-Plateau.pptx-002.pdf\">la banque de donn\u00e9es et de tissus de la cohorte INSPIRE African Turquoise Killifish et la plateforme d\u2019exploration<\/a><strong>\u00a0<\/strong>de ph\u00e9notypage fonctionnel des capacit\u00e9s intrins\u00e8ques (locomoteur, cognitif, psychosocial ou sensoriel).\u00a0<\/span><\/p>\n<p>&nbsp;<\/p>\n<h2>Plateforme biomarqueurs We-Met &#8211; IHU &#8211; Clinique de la long\u00e9vit\u00e9<\/h2>\n<ul>\n<li>Structure support pour la r\u00e9alisation d&rsquo;analyses de biomarqueurs<\/li>\n<li>Utilisation de technologies innovantes pour les dosages de biomarqueurs prot\u00e9iques et m\u00e9taboliques<\/li>\n<li>Une expertise en biochimie au service de la communaut\u00e9 scientifique de l&rsquo;IHU<\/li>\n<\/ul>\n<p>&nbsp;<\/p>\n<h2>Comit\u00e9 \u00ab biobanques humaines \u00bb<\/h2>\n<p style=\"text-align: justify;\">Le comit\u00e9 biobanques humaines a pour objectif d\u2019examiner les demandes d\u2019acc\u00e8s aux \u00e9chantillons de la cohorte humaine INSPIRE-T faites par les partenaires acad\u00e9miques et priv\u00e9s. Le comit\u00e9 se positionne \u00e9galement sur les demandes d\u2019acc\u00e8s aux donn\u00e9es (\u00ab\u00a0cliniques\u00a0\u00bb) associ\u00e9es en lien avec le comit\u00e9 de data-sharing.<\/p>\n<p style=\"text-align: justify;\">Les demandes doivent \u00eatre effectu\u00e9es par mail via l\u2019adresse g\u00e9n\u00e9rique suivante\u00a0: \u00a0<a href=\"mailto:ihuos_inspiredataaccess@chu-toulouse.fr\">ihuos_inspiredataaccess@chu-toulouse.fr<\/a>, en utilisant <strong>le formulaire d\u2019acc\u00e8s aux donn\u00e9es<\/strong>.<\/p>\n<p style=\"text-align: justify;\">Le comit\u00e9 se r\u00e9unit une fois par mois et \u00e9tudie les demandes en \u00e9troite collaboration avec le comit\u00e9 data-sharing et le comit\u00e9 biomarqueurs.<\/p>\n<p><strong><u>Crit\u00e8res d\u2019\u00e9valuation des demandes<\/u> :<\/strong><\/p>\n<ul>\n<li>Ad\u00e9quation avec les objectifs de l\u2019IHU<\/li>\n<li>Qualit\u00e9 scientifique<\/li>\n<li>Originalit\u00e9 par rapport \u00e0 des projets et\/ou analyses d\u00e9j\u00e0 en cours<\/li>\n<li>M\u00e9thodologie (choix de la population cible, techniques utilis\u00e9es)<\/li>\n<li>Ad\u00e9quation avec la disponibilit\u00e9 des donn\u00e9es biologiques de la cohorte humaine INSPIRE-T<\/li>\n<li>Pertinence des donn\u00e9es associ\u00e9es (\u00ab\u00a0cliniques\u00a0\u00bb) requises<\/li>\n<li>Impact<\/li>\n<\/ul>\n<p>&nbsp;<\/p>\n<h2>Comit\u00e9 \u00ab biomarqueurs \u00bb<\/h2>\n<p style=\"text-align: justify;\">Le comit\u00e9 biomarqueur est compos\u00e9 de diff\u00e9rents membres de l\u2019IHU repr\u00e9sentant les diff\u00e9rents piliers du projets et experts dans le domaine des biomarqueurs.<\/p>\n<p>Les missions du comit\u00e9 sont :<\/p>\n<ul>\n<li>Coordonner\/Evaluer les projets d\u2019\u00e9tudes de biomarqueurs<\/li>\n<li>Organiser les diff\u00e9rentes collaborations biomarqueurs<\/li>\n<li>Expertise et production sur les biomarqueurs<\/li>\n<li>Veille bibliographique scientifique et technologique<\/li>\n<li>Eviter les redondances (\u00e9chantillons, dosages) en coordonnant les analyses<\/li>\n<\/ul>\n","protected":false},"excerpt":{"rendered":"<p>Centre de Recherche Clinique (CRC) Le CRC actuellement implant\u00e9 sur le site de l&rsquo;h\u00f4pital de La Grave se compose : d&rsquo;un noyau de coordination clinique soutien aux projets de recherche clinique et translationnelle (proc\u00e9dures administratives, \u00e9tapes r\u00e9glementaires, mise en \u0153uvre, cl\u00f4ture) gestion des \u00e9chantillons biologiques (d\u00e9veloppement de proc\u00e9dures op\u00e9ratoires normalis\u00e9es internes pour la collecte, l&rsquo;exp\u00e9dition, [&hellip;]<\/p>\n","protected":false},"author":6,"featured_media":0,"parent":0,"menu_order":0,"comment_status":"closed","ping_status":"closed","template":"","meta":{"footnotes":""},"class_list":["post-3017","page","type-page","status-publish","hentry"],"yoast_head":"<!-- This site is optimized with the Yoast SEO plugin v24.7 - https:\/\/yoast.com\/wordpress\/plugins\/seo\/ -->\n<title>Les structures supports - IHU Healthage<\/title>\n<meta name=\"robots\" content=\"index, follow, max-snippet:-1, max-image-preview:large, max-video-preview:-1\" \/>\n<link rel=\"canonical\" href=\"https:\/\/ihuhealthage.fr\/fr\/les-structures-supports\/\" \/>\n<meta property=\"og:locale\" content=\"fr_FR\" \/>\n<meta property=\"og:type\" content=\"article\" \/>\n<meta property=\"og:title\" content=\"Les structures supports - IHU Healthage\" \/>\n<meta property=\"og:description\" content=\"Centre de Recherche Clinique (CRC) Le CRC actuellement implant\u00e9 sur le site de l&rsquo;h\u00f4pital de La Grave se compose : d&rsquo;un noyau de coordination clinique soutien aux projets de recherche clinique et translationnelle (proc\u00e9dures administratives, \u00e9tapes r\u00e9glementaires, mise en \u0153uvre, cl\u00f4ture) gestion des \u00e9chantillons biologiques (d\u00e9veloppement de proc\u00e9dures op\u00e9ratoires normalis\u00e9es internes pour la collecte, l&rsquo;exp\u00e9dition, [&hellip;]\" \/>\n<meta property=\"og:url\" content=\"https:\/\/ihuhealthage.fr\/fr\/les-structures-supports\/\" \/>\n<meta property=\"og:site_name\" content=\"INSPIRE\" \/>\n<meta property=\"article:modified_time\" content=\"2025-01-28T09:28:23+00:00\" \/>\n<meta name=\"twitter:card\" content=\"summary_large_image\" \/>\n<meta name=\"twitter:label1\" content=\"Dur\u00e9e de lecture estim\u00e9e\" \/>\n\t<meta name=\"twitter:data1\" content=\"5 minutes\" \/>\n<script type=\"application\/ld+json\" class=\"yoast-schema-graph\">{\"@context\":\"https:\/\/schema.org\",\"@graph\":[{\"@type\":\"WebPage\",\"@id\":\"https:\/\/ihuhealthage.fr\/fr\/les-structures-supports\/\",\"url\":\"https:\/\/ihuhealthage.fr\/fr\/les-structures-supports\/\",\"name\":\"Les structures supports - IHU Healthage\",\"isPartOf\":{\"@id\":\"https:\/\/ihuhealthage.fr\/fr\/#website\"},\"datePublished\":\"2024-10-23T14:24:40+00:00\",\"dateModified\":\"2025-01-28T09:28:23+00:00\",\"breadcrumb\":{\"@id\":\"https:\/\/ihuhealthage.fr\/fr\/les-structures-supports\/#breadcrumb\"},\"inLanguage\":\"fr-FR\",\"potentialAction\":[{\"@type\":\"ReadAction\",\"target\":[\"https:\/\/ihuhealthage.fr\/fr\/les-structures-supports\/\"]}]},{\"@type\":\"BreadcrumbList\",\"@id\":\"https:\/\/ihuhealthage.fr\/fr\/les-structures-supports\/#breadcrumb\",\"itemListElement\":[{\"@type\":\"ListItem\",\"position\":1,\"name\":\"Accueil\",\"item\":\"https:\/\/ihuhealthage.fr\/fr\/\"},{\"@type\":\"ListItem\",\"position\":2,\"name\":\"Les structures supports\"}]},{\"@type\":\"WebSite\",\"@id\":\"https:\/\/ihuhealthage.fr\/fr\/#website\",\"url\":\"https:\/\/ihuhealthage.fr\/fr\/\",\"name\":\"IHU Healthage\",\"description\":\"\",\"potentialAction\":[{\"@type\":\"SearchAction\",\"target\":{\"@type\":\"EntryPoint\",\"urlTemplate\":\"https:\/\/ihuhealthage.fr\/fr\/?s={search_term_string}\"},\"query-input\":{\"@type\":\"PropertyValueSpecification\",\"valueRequired\":true,\"valueName\":\"search_term_string\"}}],\"inLanguage\":\"fr-FR\"}]}<\/script>\n<!-- \/ Yoast SEO plugin. -->","yoast_head_json":{"title":"Les structures supports - IHU Healthage","robots":{"index":"index","follow":"follow","max-snippet":"max-snippet:-1","max-image-preview":"max-image-preview:large","max-video-preview":"max-video-preview:-1"},"canonical":"https:\/\/ihuhealthage.fr\/fr\/les-structures-supports\/","og_locale":"fr_FR","og_type":"article","og_title":"Les structures supports - IHU Healthage","og_description":"Centre de Recherche Clinique (CRC) Le CRC actuellement implant\u00e9 sur le site de l&rsquo;h\u00f4pital de La Grave se compose : d&rsquo;un noyau de coordination clinique soutien aux projets de recherche clinique et translationnelle (proc\u00e9dures administratives, \u00e9tapes r\u00e9glementaires, mise en \u0153uvre, cl\u00f4ture) gestion des \u00e9chantillons biologiques (d\u00e9veloppement de proc\u00e9dures op\u00e9ratoires normalis\u00e9es internes pour la collecte, l&rsquo;exp\u00e9dition, [&hellip;]","og_url":"https:\/\/ihuhealthage.fr\/fr\/les-structures-supports\/","og_site_name":"INSPIRE","article_modified_time":"2025-01-28T09:28:23+00:00","twitter_card":"summary_large_image","twitter_misc":{"Dur\u00e9e de lecture estim\u00e9e":"5 minutes"},"schema":{"@context":"https:\/\/schema.org","@graph":[{"@type":"WebPage","@id":"https:\/\/ihuhealthage.fr\/fr\/les-structures-supports\/","url":"https:\/\/ihuhealthage.fr\/fr\/les-structures-supports\/","name":"Les structures supports - IHU Healthage","isPartOf":{"@id":"https:\/\/ihuhealthage.fr\/fr\/#website"},"datePublished":"2024-10-23T14:24:40+00:00","dateModified":"2025-01-28T09:28:23+00:00","breadcrumb":{"@id":"https:\/\/ihuhealthage.fr\/fr\/les-structures-supports\/#breadcrumb"},"inLanguage":"fr-FR","potentialAction":[{"@type":"ReadAction","target":["https:\/\/ihuhealthage.fr\/fr\/les-structures-supports\/"]}]},{"@type":"BreadcrumbList","@id":"https:\/\/ihuhealthage.fr\/fr\/les-structures-supports\/#breadcrumb","itemListElement":[{"@type":"ListItem","position":1,"name":"Accueil","item":"https:\/\/ihuhealthage.fr\/fr\/"},{"@type":"ListItem","position":2,"name":"Les structures supports"}]},{"@type":"WebSite","@id":"https:\/\/ihuhealthage.fr\/fr\/#website","url":"https:\/\/ihuhealthage.fr\/fr\/","name":"IHU Healthage","description":"","potentialAction":[{"@type":"SearchAction","target":{"@type":"EntryPoint","urlTemplate":"https:\/\/ihuhealthage.fr\/fr\/?s={search_term_string}"},"query-input":{"@type":"PropertyValueSpecification","valueRequired":true,"valueName":"search_term_string"}}],"inLanguage":"fr-FR"}]}},"_links":{"self":[{"href":"https:\/\/ihuhealthage.fr\/fr\/wp-json\/wp\/v2\/pages\/3017","targetHints":{"allow":["GET"]}}],"collection":[{"href":"https:\/\/ihuhealthage.fr\/fr\/wp-json\/wp\/v2\/pages"}],"about":[{"href":"https:\/\/ihuhealthage.fr\/fr\/wp-json\/wp\/v2\/types\/page"}],"author":[{"embeddable":true,"href":"https:\/\/ihuhealthage.fr\/fr\/wp-json\/wp\/v2\/users\/6"}],"replies":[{"embeddable":true,"href":"https:\/\/ihuhealthage.fr\/fr\/wp-json\/wp\/v2\/comments?post=3017"}],"version-history":[{"count":20,"href":"https:\/\/ihuhealthage.fr\/fr\/wp-json\/wp\/v2\/pages\/3017\/revisions"}],"predecessor-version":[{"id":4139,"href":"https:\/\/ihuhealthage.fr\/fr\/wp-json\/wp\/v2\/pages\/3017\/revisions\/4139"}],"wp:attachment":[{"href":"https:\/\/ihuhealthage.fr\/fr\/wp-json\/wp\/v2\/media?parent=3017"}],"curies":[{"name":"wp","href":"https:\/\/api.w.org\/{rel}","templated":true}]}}