{"id":3002,"date":"2024-10-23T16:12:24","date_gmt":"2024-10-23T14:12:24","guid":{"rendered":"https:\/\/ihuhealthage.fr\/fr\/?page_id=3002"},"modified":"2026-03-25T12:18:49","modified_gmt":"2026-03-25T11:18:49","slug":"pilier-7-clinique-universitaire-de-la-longevite","status":"publish","type":"page","link":"https:\/\/ihuhealthage.fr\/fr\/pilier-7-clinique-universitaire-de-la-longevite\/","title":{"rendered":"Pilier 7 : Clinique Universitaire de la Long\u00e9vit\u00e9 en Sant\u00e9"},"content":{"rendered":"<p style=\"text-align: justify;\">En vue d\u2019un changement de paradigme autour du vieillissement en bonne sant\u00e9, l\u2019IHU HealthAge a pour objectif de d\u00e9velopper la recherche en G\u00e9roscience autour du d\u00e9ploiement du programme ICOPE de l\u2019OMS.<\/p>\n<p style=\"text-align: justify;\">HealthAge sera \u00e0 l\u2019origine d\u2019une clinique universitaire de r\u00e9f\u00e9rence pour la long\u00e9vit\u00e9 en bonne sant\u00e9. Dans le cadre de l\u2019axe pr\u00e9vention inscrit dans le projet de loi \u00ab bien vieillir \u00bb un bilan de pr\u00e9vention \u00e0 60-65 ans et 70-75 sera effectu\u00e9 afin de rep\u00e9rer les fragilit\u00e9s et de d\u00e9finir un plan de pr\u00e9vention personnalis\u00e9. Les patients accueillis dans cette clinique b\u00e9n\u00e9ficieront toujours et auront acc\u00e8s aux innovations les plus actuelles pour renforcer leur sant\u00e9 et ralentir le vieillissement biologique.<\/p>\n<p style=\"text-align: justify;\"><strong>La clinique universitaire de la long\u00e9vit\u00e9 sera une structure clinique \u00ab pivot \u00bb de l\u2019IHU HealthAge assurant un continuum soin-recherche dans le domaine du vieillissement en sant\u00e9. Elle permettra de mod\u00e9liser une approche holistique, multidisciplinaire et int\u00e9grative, mais \u00e9galement de favoriser l\u2019enseignement et la recherche clinique dans le domaine du vieillissement en sant\u00e9.<\/strong><\/p>\n<p style=\"text-align: left;\">Les objectifs de cette clinique seront de :<\/p>\n<ul>\n<li style=\"text-align: justify;\">Cibler la <strong>population \u00e0 partir de 50-60 ans<\/strong> (en amont de la fragilit\u00e9\/d\u00e9pendance)<\/li>\n<li style=\"text-align: justify;\">Permettre une double approche\n<ul>\n<li>Par <span style=\"text-decoration: underline;\">pathologie<\/span>\u00a0: \u00e9valuation individualis\u00e9e du risque des principales pathologies du vieillissement<\/li>\n<li>Par <span style=\"text-decoration: underline;\">domaine de la capacit\u00e9 intrins\u00e8que<\/span> (ICOPE)<\/li>\n<\/ul>\n<\/li>\n<li style=\"text-align: justify;\">Mettre en place un <strong>plan de soin individualis\u00e9<\/strong> ciblant \u00e0 la fois les domaines de la capacit\u00e9 intrins\u00e8que et les facteurs de risques individuels<\/li>\n<li style=\"text-align: justify;\">Int\u00e9grer \u00ab\u00a0au fil de l\u2019eau\u00a0\u00bb les <strong>innovations diagnostiques\/th\u00e9rapeutiques<\/strong> de la recherche en G\u00e9roscience<\/li>\n<\/ul>\n","protected":false},"excerpt":{"rendered":"<p>En vue d\u2019un changement de paradigme autour du vieillissement en bonne sant\u00e9, l\u2019IHU HealthAge a pour objectif de d\u00e9velopper la recherche en G\u00e9roscience autour du d\u00e9ploiement du programme ICOPE de l\u2019OMS. HealthAge sera \u00e0 l\u2019origine d\u2019une clinique universitaire de r\u00e9f\u00e9rence pour la long\u00e9vit\u00e9 en bonne sant\u00e9. Dans le cadre de l\u2019axe pr\u00e9vention inscrit dans le [&hellip;]<\/p>\n","protected":false},"author":6,"featured_media":0,"parent":0,"menu_order":0,"comment_status":"closed","ping_status":"closed","template":"","meta":{"footnotes":""},"class_list":["post-3002","page","type-page","status-publish","hentry"],"yoast_head":"<!-- This site is optimized with the Yoast SEO plugin v24.7 - https:\/\/yoast.com\/wordpress\/plugins\/seo\/ -->\n<title>Pilier 7 : Clinique Universitaire de la Long\u00e9vit\u00e9 en Sant\u00e9 - IHU Healthage<\/title>\n<meta name=\"robots\" content=\"index, follow, max-snippet:-1, max-image-preview:large, max-video-preview:-1\" \/>\n<link rel=\"canonical\" href=\"https:\/\/ihuhealthage.fr\/fr\/pilier-7-clinique-universitaire-de-la-longevite\/\" \/>\n<meta property=\"og:locale\" content=\"fr_FR\" \/>\n<meta property=\"og:type\" content=\"article\" \/>\n<meta property=\"og:title\" content=\"Pilier 7 : Clinique Universitaire de la Long\u00e9vit\u00e9 en Sant\u00e9 - IHU Healthage\" \/>\n<meta property=\"og:description\" content=\"En vue d\u2019un changement de paradigme autour du vieillissement en bonne sant\u00e9, l\u2019IHU HealthAge a pour objectif de d\u00e9velopper la recherche en G\u00e9roscience autour du d\u00e9ploiement du programme ICOPE de l\u2019OMS. HealthAge sera \u00e0 l\u2019origine d\u2019une clinique universitaire de r\u00e9f\u00e9rence pour la long\u00e9vit\u00e9 en bonne sant\u00e9. Dans le cadre de l\u2019axe pr\u00e9vention inscrit dans le [&hellip;]\" \/>\n<meta property=\"og:url\" content=\"https:\/\/ihuhealthage.fr\/fr\/pilier-7-clinique-universitaire-de-la-longevite\/\" \/>\n<meta property=\"og:site_name\" content=\"INSPIRE\" \/>\n<meta property=\"article:modified_time\" content=\"2026-03-25T11:18:49+00:00\" \/>\n<meta name=\"twitter:card\" content=\"summary_large_image\" \/>\n<meta name=\"twitter:label1\" content=\"Dur\u00e9e de lecture estim\u00e9e\" \/>\n\t<meta name=\"twitter:data1\" content=\"2 minutes\" \/>\n<script type=\"application\/ld+json\" class=\"yoast-schema-graph\">{\"@context\":\"https:\/\/schema.org\",\"@graph\":[{\"@type\":\"WebPage\",\"@id\":\"https:\/\/ihuhealthage.fr\/fr\/pilier-7-clinique-universitaire-de-la-longevite\/\",\"url\":\"https:\/\/ihuhealthage.fr\/fr\/pilier-7-clinique-universitaire-de-la-longevite\/\",\"name\":\"Pilier 7 : Clinique Universitaire de la Long\u00e9vit\u00e9 en Sant\u00e9 - IHU Healthage\",\"isPartOf\":{\"@id\":\"https:\/\/ihuhealthage.fr\/fr\/#website\"},\"datePublished\":\"2024-10-23T14:12:24+00:00\",\"dateModified\":\"2026-03-25T11:18:49+00:00\",\"breadcrumb\":{\"@id\":\"https:\/\/ihuhealthage.fr\/fr\/pilier-7-clinique-universitaire-de-la-longevite\/#breadcrumb\"},\"inLanguage\":\"fr-FR\",\"potentialAction\":[{\"@type\":\"ReadAction\",\"target\":[\"https:\/\/ihuhealthage.fr\/fr\/pilier-7-clinique-universitaire-de-la-longevite\/\"]}]},{\"@type\":\"BreadcrumbList\",\"@id\":\"https:\/\/ihuhealthage.fr\/fr\/pilier-7-clinique-universitaire-de-la-longevite\/#breadcrumb\",\"itemListElement\":[{\"@type\":\"ListItem\",\"position\":1,\"name\":\"Accueil\",\"item\":\"https:\/\/ihuhealthage.fr\/fr\/\"},{\"@type\":\"ListItem\",\"position\":2,\"name\":\"Pilier 7 : Clinique Universitaire de la Long\u00e9vit\u00e9 en Sant\u00e9\"}]},{\"@type\":\"WebSite\",\"@id\":\"https:\/\/ihuhealthage.fr\/fr\/#website\",\"url\":\"https:\/\/ihuhealthage.fr\/fr\/\",\"name\":\"IHU Healthage\",\"description\":\"\",\"potentialAction\":[{\"@type\":\"SearchAction\",\"target\":{\"@type\":\"EntryPoint\",\"urlTemplate\":\"https:\/\/ihuhealthage.fr\/fr\/?s={search_term_string}\"},\"query-input\":{\"@type\":\"PropertyValueSpecification\",\"valueRequired\":true,\"valueName\":\"search_term_string\"}}],\"inLanguage\":\"fr-FR\"}]}<\/script>\n<!-- \/ Yoast SEO plugin. -->","yoast_head_json":{"title":"Pilier 7 : Clinique Universitaire de la Long\u00e9vit\u00e9 en Sant\u00e9 - IHU Healthage","robots":{"index":"index","follow":"follow","max-snippet":"max-snippet:-1","max-image-preview":"max-image-preview:large","max-video-preview":"max-video-preview:-1"},"canonical":"https:\/\/ihuhealthage.fr\/fr\/pilier-7-clinique-universitaire-de-la-longevite\/","og_locale":"fr_FR","og_type":"article","og_title":"Pilier 7 : Clinique Universitaire de la Long\u00e9vit\u00e9 en Sant\u00e9 - IHU Healthage","og_description":"En vue d\u2019un changement de paradigme autour du vieillissement en bonne sant\u00e9, l\u2019IHU HealthAge a pour objectif de d\u00e9velopper la recherche en G\u00e9roscience autour du d\u00e9ploiement du programme ICOPE de l\u2019OMS. HealthAge sera \u00e0 l\u2019origine d\u2019une clinique universitaire de r\u00e9f\u00e9rence pour la long\u00e9vit\u00e9 en bonne sant\u00e9. Dans le cadre de l\u2019axe pr\u00e9vention inscrit dans le [&hellip;]","og_url":"https:\/\/ihuhealthage.fr\/fr\/pilier-7-clinique-universitaire-de-la-longevite\/","og_site_name":"INSPIRE","article_modified_time":"2026-03-25T11:18:49+00:00","twitter_card":"summary_large_image","twitter_misc":{"Dur\u00e9e de lecture estim\u00e9e":"2 minutes"},"schema":{"@context":"https:\/\/schema.org","@graph":[{"@type":"WebPage","@id":"https:\/\/ihuhealthage.fr\/fr\/pilier-7-clinique-universitaire-de-la-longevite\/","url":"https:\/\/ihuhealthage.fr\/fr\/pilier-7-clinique-universitaire-de-la-longevite\/","name":"Pilier 7 : Clinique Universitaire de la Long\u00e9vit\u00e9 en Sant\u00e9 - IHU Healthage","isPartOf":{"@id":"https:\/\/ihuhealthage.fr\/fr\/#website"},"datePublished":"2024-10-23T14:12:24+00:00","dateModified":"2026-03-25T11:18:49+00:00","breadcrumb":{"@id":"https:\/\/ihuhealthage.fr\/fr\/pilier-7-clinique-universitaire-de-la-longevite\/#breadcrumb"},"inLanguage":"fr-FR","potentialAction":[{"@type":"ReadAction","target":["https:\/\/ihuhealthage.fr\/fr\/pilier-7-clinique-universitaire-de-la-longevite\/"]}]},{"@type":"BreadcrumbList","@id":"https:\/\/ihuhealthage.fr\/fr\/pilier-7-clinique-universitaire-de-la-longevite\/#breadcrumb","itemListElement":[{"@type":"ListItem","position":1,"name":"Accueil","item":"https:\/\/ihuhealthage.fr\/fr\/"},{"@type":"ListItem","position":2,"name":"Pilier 7 : Clinique Universitaire de la Long\u00e9vit\u00e9 en Sant\u00e9"}]},{"@type":"WebSite","@id":"https:\/\/ihuhealthage.fr\/fr\/#website","url":"https:\/\/ihuhealthage.fr\/fr\/","name":"IHU Healthage","description":"","potentialAction":[{"@type":"SearchAction","target":{"@type":"EntryPoint","urlTemplate":"https:\/\/ihuhealthage.fr\/fr\/?s={search_term_string}"},"query-input":{"@type":"PropertyValueSpecification","valueRequired":true,"valueName":"search_term_string"}}],"inLanguage":"fr-FR"}]}},"_links":{"self":[{"href":"https:\/\/ihuhealthage.fr\/fr\/wp-json\/wp\/v2\/pages\/3002","targetHints":{"allow":["GET"]}}],"collection":[{"href":"https:\/\/ihuhealthage.fr\/fr\/wp-json\/wp\/v2\/pages"}],"about":[{"href":"https:\/\/ihuhealthage.fr\/fr\/wp-json\/wp\/v2\/types\/page"}],"author":[{"embeddable":true,"href":"https:\/\/ihuhealthage.fr\/fr\/wp-json\/wp\/v2\/users\/6"}],"replies":[{"embeddable":true,"href":"https:\/\/ihuhealthage.fr\/fr\/wp-json\/wp\/v2\/comments?post=3002"}],"version-history":[{"count":10,"href":"https:\/\/ihuhealthage.fr\/fr\/wp-json\/wp\/v2\/pages\/3002\/revisions"}],"predecessor-version":[{"id":4586,"href":"https:\/\/ihuhealthage.fr\/fr\/wp-json\/wp\/v2\/pages\/3002\/revisions\/4586"}],"wp:attachment":[{"href":"https:\/\/ihuhealthage.fr\/fr\/wp-json\/wp\/v2\/media?parent=3002"}],"curies":[{"name":"wp","href":"https:\/\/api.w.org\/{rel}","templated":true}]}}