{"id":3000,"date":"2024-10-23T16:09:55","date_gmt":"2024-10-23T14:09:55","guid":{"rendered":"https:\/\/ihuhealthage.fr\/fr\/?page_id=3000"},"modified":"2026-03-02T09:57:57","modified_gmt":"2026-03-02T08:57:57","slug":"pilier-6-plateforme-dessai-en-geroscience","status":"publish","type":"page","link":"https:\/\/ihuhealthage.fr\/fr\/pilier-6-plateforme-dessai-en-geroscience\/","title":{"rendered":"Pilier 6 : Recherche Translationnelle et essais cliniques en G\u00e9roscience"},"content":{"rendered":"<p style=\"text-align: justify;\"><strong>La plateforme d\u2019essai en G\u00e9rorescience a pour objectif d\u2019acc\u00e9l\u00e9rer le d\u00e9veloppement de traitements g\u00e9roprotecteurs ciblant les m\u00e9canismes biologiques du vieillissement en cr\u00e9ant une plateforme d\u2019essai associant les partenaires acad\u00e9miques et les industriels.<\/strong><\/p>\n<p style=\"text-align: justify;\">La <strong>m\u00e9decine g\u00e9roscientifique<\/strong> de demain cible directement la biologie du vieillissement.\u00a0 Le vieillissement est le principal facteur de risque du d\u00e9clin fonctionnel et des maladies chroniques li\u00e9es \u00e0 l&rsquo;\u00e2ge. Comme le sugg\u00e8re la th\u00e9orie de la G\u00e9roscience, en agissant sur le vieillissement biologique \u00e0 l&rsquo;origine des maladies li\u00e9es \u00e0 l&rsquo;\u00e2ge (d\u00e9mence, diab\u00e8te, cancer, maladies cardiaques) et du d\u00e9clin fonctionnel, nous pouvons rester plus longtemps en bonne sant\u00e9 et actifs sur le plan fonctionnel. En d&rsquo;autres termes, les efforts de pr\u00e9vention qui s&rsquo;attaquent au vieillissement biologique sont bas\u00e9s sur une perspective syst\u00e9mique plut\u00f4t que sur une maladie unique &#8211; o\u00f9 la biologie du vieillissement fait partie int\u00e9grante du d\u00e9clin fonctionnel et des maladies multiples, et o\u00f9 la pr\u00e9vention peut \u00eatre g\u00e9r\u00e9e avant le d\u00e9but des maladies chroniques et de l&rsquo;invalidit\u00e9.<\/p>\n<p style=\"text-align: justify;\"><strong>L&rsquo;IHU HealthAge mettra en place un cadre et une plateforme internationale pour relier les essais cliniques qui testent les nouveaux m\u00e9dicaments de g\u00e9rontologie<\/strong>.\u00a0 Cette plateforme tire parti de l&rsquo;expertise toulousaine en mati\u00e8re d&rsquo;essais \u00e0 petite, moyenne et grande \u00e9chelle. En outre, la plateforme s&rsquo;appuie sur le leadership de l&rsquo;\u00e9quipe en mati\u00e8re de lignes directrices internationales pour d\u00e9finir un ensemble de variables de r\u00e9sultats (tests) afin de comparer l&rsquo;efficacit\u00e9 des interventions sur la biologie du vieillissement entre les essais. La plateforme d&rsquo;essai comprendra une <strong>biobanque<\/strong> <strong>d&rsquo;essai pour valider les nouveaux biomarqueurs du vieillissement en r\u00e9ponse aux nouveaux traitements<\/strong> et, dans une <strong>plateforme pr\u00e9clinique, testera la causalit\u00e9 des nouvelles interventions dans les mod\u00e8les animaux INSPIRE de Toulouse<\/strong>.<\/p>\n<p style=\"text-align: justify;\">Les objectifs de la plateforme essais en G\u00e9roscience sont :<\/p>\n<ul>\n<li style=\"text-align: justify;\">Mener des <strong>essais pr\u00e9-cliniques<\/strong> sur des animaux (souris et poissons) et des <strong>essais cliniques<\/strong> permettant d\u2019\u00e9valuer l\u2019efficacit\u00e9 des traitements innovants en G\u00e9roscience (Geroth\u00e9rapie). Les essais rejoignent les objectifs de l\u2019IHU HealthAge centr\u00e9s sur la pr\u00e9vention du d\u00e9clin de la fonction au cours de l\u2019avance en \u00e2ge et la pr\u00e9vention des maladies associ\u00e9es au vieillissement.<\/li>\n<li style=\"text-align: justify;\"><strong>Evaluer la pertinence des nouveaux marqueurs biologiques du vieillissement<\/strong> et notamment leur sensibilit\u00e9 aux interventions m\u00e9dicamenteuses ou non pharmacologiques. A titre d\u2019exemple, le projet ICOPE Intense, va \u00e9valuer l\u2019impact d\u2019un programme ICOPE \u00e0 forte intensit\u00e9 chez des sujets \u00e0 haut risque de d\u00e9clin fonctionnel, sur les marqueurs biologiques du vieillissement. Cette \u00e9tude de preuve de concept \u00e9valuera, par ailleurs, l\u2019effet synergique potentiel d\u2019une suppl\u00e9mentation en corps c\u00e9toniques.<\/li>\n<\/ul>\n","protected":false},"excerpt":{"rendered":"<p>La plateforme d\u2019essai en G\u00e9rorescience a pour objectif d\u2019acc\u00e9l\u00e9rer le d\u00e9veloppement de traitements g\u00e9roprotecteurs ciblant les m\u00e9canismes biologiques du vieillissement en cr\u00e9ant une plateforme d\u2019essai associant les partenaires acad\u00e9miques et les industriels. La m\u00e9decine g\u00e9roscientifique de demain cible directement la biologie du vieillissement.\u00a0 Le vieillissement est le principal facteur de risque du d\u00e9clin fonctionnel et [&hellip;]<\/p>\n","protected":false},"author":6,"featured_media":0,"parent":0,"menu_order":0,"comment_status":"closed","ping_status":"closed","template":"","meta":{"footnotes":""},"class_list":["post-3000","page","type-page","status-publish","hentry"],"yoast_head":"<!-- This site is optimized with the Yoast SEO plugin v24.7 - https:\/\/yoast.com\/wordpress\/plugins\/seo\/ -->\n<title>Pilier 6 : Recherche Translationnelle et essais cliniques en G\u00e9roscience - IHU Healthage<\/title>\n<meta name=\"robots\" content=\"index, follow, max-snippet:-1, max-image-preview:large, max-video-preview:-1\" \/>\n<link rel=\"canonical\" href=\"https:\/\/ihuhealthage.fr\/fr\/pilier-6-plateforme-dessai-en-geroscience\/\" \/>\n<meta property=\"og:locale\" content=\"fr_FR\" \/>\n<meta property=\"og:type\" content=\"article\" \/>\n<meta property=\"og:title\" content=\"Pilier 6 : Recherche Translationnelle et essais cliniques en G\u00e9roscience - IHU Healthage\" \/>\n<meta property=\"og:description\" content=\"La plateforme d\u2019essai en G\u00e9rorescience a pour objectif d\u2019acc\u00e9l\u00e9rer le d\u00e9veloppement de traitements g\u00e9roprotecteurs ciblant les m\u00e9canismes biologiques du vieillissement en cr\u00e9ant une plateforme d\u2019essai associant les partenaires acad\u00e9miques et les industriels. La m\u00e9decine g\u00e9roscientifique de demain cible directement la biologie du vieillissement.\u00a0 Le vieillissement est le principal facteur de risque du d\u00e9clin fonctionnel et [&hellip;]\" \/>\n<meta property=\"og:url\" content=\"https:\/\/ihuhealthage.fr\/fr\/pilier-6-plateforme-dessai-en-geroscience\/\" \/>\n<meta property=\"og:site_name\" content=\"INSPIRE\" \/>\n<meta property=\"article:modified_time\" content=\"2026-03-02T08:57:57+00:00\" \/>\n<meta name=\"twitter:card\" content=\"summary_large_image\" \/>\n<meta name=\"twitter:label1\" content=\"Dur\u00e9e de lecture estim\u00e9e\" \/>\n\t<meta name=\"twitter:data1\" content=\"3 minutes\" \/>\n<script type=\"application\/ld+json\" class=\"yoast-schema-graph\">{\"@context\":\"https:\/\/schema.org\",\"@graph\":[{\"@type\":\"WebPage\",\"@id\":\"https:\/\/ihuhealthage.fr\/fr\/pilier-6-plateforme-dessai-en-geroscience\/\",\"url\":\"https:\/\/ihuhealthage.fr\/fr\/pilier-6-plateforme-dessai-en-geroscience\/\",\"name\":\"Pilier 6 : Recherche Translationnelle et essais cliniques en G\u00e9roscience - IHU Healthage\",\"isPartOf\":{\"@id\":\"https:\/\/ihuhealthage.fr\/fr\/#website\"},\"datePublished\":\"2024-10-23T14:09:55+00:00\",\"dateModified\":\"2026-03-02T08:57:57+00:00\",\"breadcrumb\":{\"@id\":\"https:\/\/ihuhealthage.fr\/fr\/pilier-6-plateforme-dessai-en-geroscience\/#breadcrumb\"},\"inLanguage\":\"fr-FR\",\"potentialAction\":[{\"@type\":\"ReadAction\",\"target\":[\"https:\/\/ihuhealthage.fr\/fr\/pilier-6-plateforme-dessai-en-geroscience\/\"]}]},{\"@type\":\"BreadcrumbList\",\"@id\":\"https:\/\/ihuhealthage.fr\/fr\/pilier-6-plateforme-dessai-en-geroscience\/#breadcrumb\",\"itemListElement\":[{\"@type\":\"ListItem\",\"position\":1,\"name\":\"Accueil\",\"item\":\"https:\/\/ihuhealthage.fr\/fr\/\"},{\"@type\":\"ListItem\",\"position\":2,\"name\":\"Pilier 6 : Recherche Translationnelle et essais cliniques en G\u00e9roscience\"}]},{\"@type\":\"WebSite\",\"@id\":\"https:\/\/ihuhealthage.fr\/fr\/#website\",\"url\":\"https:\/\/ihuhealthage.fr\/fr\/\",\"name\":\"IHU Healthage\",\"description\":\"\",\"potentialAction\":[{\"@type\":\"SearchAction\",\"target\":{\"@type\":\"EntryPoint\",\"urlTemplate\":\"https:\/\/ihuhealthage.fr\/fr\/?s={search_term_string}\"},\"query-input\":{\"@type\":\"PropertyValueSpecification\",\"valueRequired\":true,\"valueName\":\"search_term_string\"}}],\"inLanguage\":\"fr-FR\"}]}<\/script>\n<!-- \/ Yoast SEO plugin. -->","yoast_head_json":{"title":"Pilier 6 : Recherche Translationnelle et essais cliniques en G\u00e9roscience - IHU Healthage","robots":{"index":"index","follow":"follow","max-snippet":"max-snippet:-1","max-image-preview":"max-image-preview:large","max-video-preview":"max-video-preview:-1"},"canonical":"https:\/\/ihuhealthage.fr\/fr\/pilier-6-plateforme-dessai-en-geroscience\/","og_locale":"fr_FR","og_type":"article","og_title":"Pilier 6 : Recherche Translationnelle et essais cliniques en G\u00e9roscience - IHU Healthage","og_description":"La plateforme d\u2019essai en G\u00e9rorescience a pour objectif d\u2019acc\u00e9l\u00e9rer le d\u00e9veloppement de traitements g\u00e9roprotecteurs ciblant les m\u00e9canismes biologiques du vieillissement en cr\u00e9ant une plateforme d\u2019essai associant les partenaires acad\u00e9miques et les industriels. La m\u00e9decine g\u00e9roscientifique de demain cible directement la biologie du vieillissement.\u00a0 Le vieillissement est le principal facteur de risque du d\u00e9clin fonctionnel et [&hellip;]","og_url":"https:\/\/ihuhealthage.fr\/fr\/pilier-6-plateforme-dessai-en-geroscience\/","og_site_name":"INSPIRE","article_modified_time":"2026-03-02T08:57:57+00:00","twitter_card":"summary_large_image","twitter_misc":{"Dur\u00e9e de lecture estim\u00e9e":"3 minutes"},"schema":{"@context":"https:\/\/schema.org","@graph":[{"@type":"WebPage","@id":"https:\/\/ihuhealthage.fr\/fr\/pilier-6-plateforme-dessai-en-geroscience\/","url":"https:\/\/ihuhealthage.fr\/fr\/pilier-6-plateforme-dessai-en-geroscience\/","name":"Pilier 6 : Recherche Translationnelle et essais cliniques en G\u00e9roscience - IHU Healthage","isPartOf":{"@id":"https:\/\/ihuhealthage.fr\/fr\/#website"},"datePublished":"2024-10-23T14:09:55+00:00","dateModified":"2026-03-02T08:57:57+00:00","breadcrumb":{"@id":"https:\/\/ihuhealthage.fr\/fr\/pilier-6-plateforme-dessai-en-geroscience\/#breadcrumb"},"inLanguage":"fr-FR","potentialAction":[{"@type":"ReadAction","target":["https:\/\/ihuhealthage.fr\/fr\/pilier-6-plateforme-dessai-en-geroscience\/"]}]},{"@type":"BreadcrumbList","@id":"https:\/\/ihuhealthage.fr\/fr\/pilier-6-plateforme-dessai-en-geroscience\/#breadcrumb","itemListElement":[{"@type":"ListItem","position":1,"name":"Accueil","item":"https:\/\/ihuhealthage.fr\/fr\/"},{"@type":"ListItem","position":2,"name":"Pilier 6 : Recherche Translationnelle et essais cliniques en G\u00e9roscience"}]},{"@type":"WebSite","@id":"https:\/\/ihuhealthage.fr\/fr\/#website","url":"https:\/\/ihuhealthage.fr\/fr\/","name":"IHU Healthage","description":"","potentialAction":[{"@type":"SearchAction","target":{"@type":"EntryPoint","urlTemplate":"https:\/\/ihuhealthage.fr\/fr\/?s={search_term_string}"},"query-input":{"@type":"PropertyValueSpecification","valueRequired":true,"valueName":"search_term_string"}}],"inLanguage":"fr-FR"}]}},"_links":{"self":[{"href":"https:\/\/ihuhealthage.fr\/fr\/wp-json\/wp\/v2\/pages\/3000","targetHints":{"allow":["GET"]}}],"collection":[{"href":"https:\/\/ihuhealthage.fr\/fr\/wp-json\/wp\/v2\/pages"}],"about":[{"href":"https:\/\/ihuhealthage.fr\/fr\/wp-json\/wp\/v2\/types\/page"}],"author":[{"embeddable":true,"href":"https:\/\/ihuhealthage.fr\/fr\/wp-json\/wp\/v2\/users\/6"}],"replies":[{"embeddable":true,"href":"https:\/\/ihuhealthage.fr\/fr\/wp-json\/wp\/v2\/comments?post=3000"}],"version-history":[{"count":10,"href":"https:\/\/ihuhealthage.fr\/fr\/wp-json\/wp\/v2\/pages\/3000\/revisions"}],"predecessor-version":[{"id":4542,"href":"https:\/\/ihuhealthage.fr\/fr\/wp-json\/wp\/v2\/pages\/3000\/revisions\/4542"}],"wp:attachment":[{"href":"https:\/\/ihuhealthage.fr\/fr\/wp-json\/wp\/v2\/media?parent=3000"}],"curies":[{"name":"wp","href":"https:\/\/api.w.org\/{rel}","templated":true}]}}