{"id":2996,"date":"2024-10-23T15:43:09","date_gmt":"2024-10-23T13:43:09","guid":{"rendered":"https:\/\/ihuhealthage.fr\/fr\/?page_id=2996"},"modified":"2026-04-10T10:55:49","modified_gmt":"2026-04-10T08:55:49","slug":"pilier-5-science-ouverte","status":"publish","type":"page","link":"https:\/\/ihuhealthage.fr\/fr\/pilier-5-science-ouverte\/","title":{"rendered":"Pilier 5 : Science ouverte &#8211; faciliter la d\u00e9couverte gr\u00e2ce au partage des connaissances et des donn\u00e9es"},"content":{"rendered":"<p style=\"text-align: justify;\">Il existe actuellement une augmentation sans pr\u00e9c\u00e9dent de la long\u00e9vit\u00e9 de la population \u00e0 l\u2019\u00e9chelle mondiale. La communaut\u00e9 scientifique doit donc intensifier ses efforts de recherche afin d\u2019allonger la dur\u00e9e de vie en bonne sant\u00e9 (health-span), pour garantir qu\u2019une vie prolong\u00e9e s\u2019accompagne d\u2019une bonne sant\u00e9 et d\u2019un bien-\u00eatre optimal.<\/p>\n<p style=\"text-align: justify;\">\u00c0 cette fin, l\u2019IHU HealthAge, par son engagement en faveur de la science ouverte, vise \u00e0 acc\u00e9l\u00e9rer les d\u00e9couvertes scientifiques au sein de la communaut\u00e9 internationale de recherche afin de mieux comprendre le vieillissement en bonne sant\u00e9, en s\u2019appuyant sur le concept de capacit\u00e9 intrins\u00e8que de l\u2019Organisation mondiale de la sant\u00e9 et sur les bases biologiques qui le sous-tendent.<\/p>\n<p style=\"text-align: justify;\">Cet objectif s\u2019inscrit dans les orientations de la \u00ab Global Roadmap for Healthy Longevity \u00bb, lanc\u00e9e en 2023, qui propose des recommandations pour favoriser une long\u00e9vit\u00e9 en bonne sant\u00e9 des populations, permettant ainsi de vivre des ann\u00e9es avanc\u00e9es de mani\u00e8re digne et pleine de sens.<\/p>\n<p style=\"text-align: justify;\">Le pilier 5 de la science ouverte de l\u2019IHU HealthAge vise sp\u00e9cifiquement \u00e0 promouvoir le partage des donn\u00e9es issues des \u00e9tudes de l\u2019IHU, en se concentrant actuellement sur notre \u00e9tude phare : l\u2019\u00e9tude INSPIRE-T (\u00ab INStitute for Prevention \u00bb, \u00ab healthy agIng \u00bb et \u00ab medicine Rejuvenative \u00bb \u00ab translational \u00bb).<\/p>\n<p style=\"text-align: justify;\">Les donn\u00e9es INSPIRE-T comprennent actuellement 3 ann\u00e9es de donn\u00e9es longitudinales. Le <strong>tableau 1<\/strong> de la demande d\u2019acc\u00e8s aux donn\u00e9es (voir le lien ci-dessous) d\u00e9taille les calendriers des visites d\u2019\u00e9tude et le nombre de participants \u00e0 chaque visite.<\/p>\n<ul style=\"text-align: justify;\">\n<li>Les donn\u00e9es cliniques de base disponibles dans INSPIRE-T comprennent : les donn\u00e9es sociod\u00e9mographiques, les informations m\u00e9dicales et les examens cliniques, les informations sur le mode de vie, les tests relevant des domaines de la capacit\u00e9 intrins\u00e8que, les donn\u00e9es sur le statut fonctionnel et les \u00e9tapes ICOPE 1 \u00e0 4 (voir <strong>tableau 2<\/strong> de la demande d\u2019acc\u00e8s aux donn\u00e9es).<\/li>\n<li>Les donn\u00e9es suppl\u00e9mentaires disponibles comprennent : les tests d\u2019effort, les donn\u00e9es de cutom\u00e9trie cutan\u00e9e, la DEXA, les IRM corps entier et c\u00e9r\u00e9brales, les donn\u00e9es d\u2019acc\u00e9l\u00e9rom\u00e9trie, les horloges du vieillissement, la quantification du p-tau217 plasmatique et de la cha\u00eene l\u00e9g\u00e8re des neurofilaments, la mesure des facteurs du ph\u00e9notype s\u00e9cr\u00e9toire associ\u00e9 \u00e0 la s\u00e9nescence (SASP) dans le plasma, le ph\u00e9notype de l\u2019apolipoprot\u00e9ine E \u03b54 et un profil lipidique plasmatique (voir <strong>tableau 3<\/strong> de la demande d\u2019acc\u00e8s aux donn\u00e9es).<\/li>\n<li>Les donn\u00e9es n\u00e9cessitant des autorisations sp\u00e9cifiques pour l\u2019acc\u00e8s comprennent : le profilage ph\u00e9notypique et m\u00e9tabolique des lymphocytes T CD4 et CD8, les donn\u00e9es sur le potentiel r\u00e9dox plasmatique ainsi que les donn\u00e9es d\u2019expression de l\u2019apolipoprot\u00e9ine et du facteur inhibiteur de l\u2019ATPase 1 (IF1) (voir <strong>tableau 4<\/strong> de la demande d\u2019acc\u00e8s aux donn\u00e9es).<\/li>\n<li>Les \u00e9chantillons biologiques collect\u00e9s dans INSPIRE-T comprennent : la plaque dentaire, la salive, l\u2019urine, le sang, les cellules mononucl\u00e9\u00e9es du sang p\u00e9riph\u00e9rique, des \u00e9chantillons de peau, les follicules pileux, les selles et les \u00e9couvillons nasopharyng\u00e9s.<\/li>\n<\/ul>\n<p style=\"text-align: justify;\"><strong>Pour faire une demande d\u2019acc\u00e8s aux donn\u00e9es et\/ou aux \u00e9chantillons biologiques<\/strong>, veuillez compl\u00e9ter le formulaire de demande d\u2019acc\u00e8s aux donn\u00e9es (y compris l\u2019annexe 1 pour les \u00e9chantillons biologiques) et envoyer le formulaire compl\u00e9t\u00e9 accompagn\u00e9 du nom et de l\u2019identifiant de votre projet \u00e0 : <a href=\"mailto:ihuos_inspiredataaccess@chu-toulouse.fr\">ihuos_inspiredataaccess@chu-toulouse.fr<\/a> (en copie : <a href=\"mailto:nicola.coley@inserm.fr\">nicola.coley@inserm.fr<\/a>, <a href=\"mailto:guyonnet.s@chu-toulouse.fr\">guyonnet.s@chu-toulouse.fr<\/a>).<\/p>\n<p style=\"text-align: justify;\"><strong>Accord d\u2019utilisation des donn\u00e9es et politique de publication<\/strong><\/p>\n<p style=\"text-align: justify;\">En soumettant une proposition d\u2019\u00e9tude, les chercheurs acceptent les termes et conditions d\u00e9finis dans l\u2019accord d\u2019utilisation des donn\u00e9es et la politique de publication.<\/p>\n<ul>\n<li style=\"text-align: justify;\">La politique de publication comprend une section obligatoire de remerciements (\u00e9num\u00e9rant les membres du groupe d\u2019\u00e9tude IHU HealthAge INSPIRE\/Open Science) ainsi qu\u2019une d\u00e9claration de financement. Avant soumission, tous les manuscrits doivent \u00eatre envoy\u00e9s \u00e0 <a href=\"mailto:ihuos_inspiredataaccess@chu-toulouse.fr\">ihuos_inspiredataaccess@chu-toulouse.fr<\/a> (en copie : <a href=\"mailto:nicola.coley@inserm.fr\">nicola.coley@inserm.fr<\/a>) afin de v\u00e9rifier que l\u2019accord d\u2019utilisation des donn\u00e9es et la politique de publication ont bien \u00e9t\u00e9 respect\u00e9s. Cette relecture non scientifique prendra au maximum 5 jours ouvr\u00e9s, et le manuscrit sera trait\u00e9 de mani\u00e8re strictement confidentielle.<\/li>\n<\/ul>\n<h3><\/h3>\n<p>&nbsp;<\/p>\n<h3 style=\"text-align: center;\"><strong>Acc\u00e9der aux donn\u00e9es et \u00e9chantillons <\/strong>: <a href=\"https:\/\/inspire.chu-toulouse.fr\/wp-content\/uploads\/2026\/04\/INSPIRE-T-Data-Access-Request-Form_V3.4_clean.docx\">Formulaire de demande d&rsquo;acc\u00e8s aux donn\u00e9es d&rsquo;INSPIRE-T (ICI)<\/a><\/h3>\n<h2><\/h2>\n<p>&nbsp;<\/p>\n<h2 style=\"text-align: center;\"><span style=\"text-decoration: underline;\">Prochaines dates d&rsquo;examen des propositions par le Comit\u00e9 de data sharing:<\/span><\/h2>\n<h3 style=\"text-align: center;\"><span style=\"text-decoration: underline;\"><span style=\"color: #000000; text-decoration: underline;\">13 avril, 11 mai et 15 juin<\/span><\/span><\/h3>\n","protected":false},"excerpt":{"rendered":"<p>Il existe actuellement une augmentation sans pr\u00e9c\u00e9dent de la long\u00e9vit\u00e9 de la population \u00e0 l\u2019\u00e9chelle mondiale. La communaut\u00e9 scientifique doit donc intensifier ses efforts de recherche afin d\u2019allonger la dur\u00e9e de vie en bonne sant\u00e9 (health-span), pour garantir qu\u2019une vie prolong\u00e9e s\u2019accompagne d\u2019une bonne sant\u00e9 et d\u2019un bien-\u00eatre optimal. \u00c0 cette fin, l\u2019IHU HealthAge, par [&hellip;]<\/p>\n","protected":false},"author":6,"featured_media":0,"parent":0,"menu_order":0,"comment_status":"closed","ping_status":"closed","template":"","meta":{"footnotes":""},"class_list":["post-2996","page","type-page","status-publish","hentry"],"yoast_head":"<!-- This site is optimized with the Yoast SEO plugin v24.7 - https:\/\/yoast.com\/wordpress\/plugins\/seo\/ -->\n<title>Pilier 5 : Science ouverte - faciliter la d\u00e9couverte gr\u00e2ce au partage des connaissances et des donn\u00e9es - IHU Healthage<\/title>\n<meta name=\"robots\" content=\"index, follow, max-snippet:-1, max-image-preview:large, max-video-preview:-1\" \/>\n<link rel=\"canonical\" href=\"https:\/\/ihuhealthage.fr\/fr\/pilier-5-science-ouverte\/\" \/>\n<meta property=\"og:locale\" content=\"fr_FR\" \/>\n<meta property=\"og:type\" content=\"article\" \/>\n<meta property=\"og:title\" content=\"Pilier 5 : Science ouverte - faciliter la d\u00e9couverte gr\u00e2ce au partage des connaissances et des donn\u00e9es - IHU Healthage\" \/>\n<meta property=\"og:description\" content=\"Il existe actuellement une augmentation sans pr\u00e9c\u00e9dent de la long\u00e9vit\u00e9 de la population \u00e0 l\u2019\u00e9chelle mondiale. La communaut\u00e9 scientifique doit donc intensifier ses efforts de recherche afin d\u2019allonger la dur\u00e9e de vie en bonne sant\u00e9 (health-span), pour garantir qu\u2019une vie prolong\u00e9e s\u2019accompagne d\u2019une bonne sant\u00e9 et d\u2019un bien-\u00eatre optimal. \u00c0 cette fin, l\u2019IHU HealthAge, par [&hellip;]\" \/>\n<meta property=\"og:url\" content=\"https:\/\/ihuhealthage.fr\/fr\/pilier-5-science-ouverte\/\" \/>\n<meta property=\"og:site_name\" content=\"INSPIRE\" \/>\n<meta property=\"article:modified_time\" content=\"2026-04-10T08:55:49+00:00\" \/>\n<meta name=\"twitter:card\" content=\"summary_large_image\" \/>\n<meta name=\"twitter:label1\" content=\"Dur\u00e9e de lecture estim\u00e9e\" \/>\n\t<meta name=\"twitter:data1\" content=\"4 minutes\" \/>\n<script type=\"application\/ld+json\" class=\"yoast-schema-graph\">{\"@context\":\"https:\/\/schema.org\",\"@graph\":[{\"@type\":\"WebPage\",\"@id\":\"https:\/\/ihuhealthage.fr\/fr\/pilier-5-science-ouverte\/\",\"url\":\"https:\/\/ihuhealthage.fr\/fr\/pilier-5-science-ouverte\/\",\"name\":\"Pilier 5 : Science ouverte - faciliter la d\u00e9couverte gr\u00e2ce au partage des connaissances et des donn\u00e9es - IHU Healthage\",\"isPartOf\":{\"@id\":\"https:\/\/ihuhealthage.fr\/fr\/#website\"},\"datePublished\":\"2024-10-23T13:43:09+00:00\",\"dateModified\":\"2026-04-10T08:55:49+00:00\",\"breadcrumb\":{\"@id\":\"https:\/\/ihuhealthage.fr\/fr\/pilier-5-science-ouverte\/#breadcrumb\"},\"inLanguage\":\"fr-FR\",\"potentialAction\":[{\"@type\":\"ReadAction\",\"target\":[\"https:\/\/ihuhealthage.fr\/fr\/pilier-5-science-ouverte\/\"]}]},{\"@type\":\"BreadcrumbList\",\"@id\":\"https:\/\/ihuhealthage.fr\/fr\/pilier-5-science-ouverte\/#breadcrumb\",\"itemListElement\":[{\"@type\":\"ListItem\",\"position\":1,\"name\":\"Accueil\",\"item\":\"https:\/\/ihuhealthage.fr\/fr\/\"},{\"@type\":\"ListItem\",\"position\":2,\"name\":\"Pilier 5 : Science ouverte &#8211; faciliter la d\u00e9couverte gr\u00e2ce au partage des connaissances et des donn\u00e9es\"}]},{\"@type\":\"WebSite\",\"@id\":\"https:\/\/ihuhealthage.fr\/fr\/#website\",\"url\":\"https:\/\/ihuhealthage.fr\/fr\/\",\"name\":\"IHU Healthage\",\"description\":\"\",\"potentialAction\":[{\"@type\":\"SearchAction\",\"target\":{\"@type\":\"EntryPoint\",\"urlTemplate\":\"https:\/\/ihuhealthage.fr\/fr\/?s={search_term_string}\"},\"query-input\":{\"@type\":\"PropertyValueSpecification\",\"valueRequired\":true,\"valueName\":\"search_term_string\"}}],\"inLanguage\":\"fr-FR\"}]}<\/script>\n<!-- \/ Yoast SEO plugin. -->","yoast_head_json":{"title":"Pilier 5 : Science ouverte - faciliter la d\u00e9couverte gr\u00e2ce au partage des connaissances et des donn\u00e9es - IHU Healthage","robots":{"index":"index","follow":"follow","max-snippet":"max-snippet:-1","max-image-preview":"max-image-preview:large","max-video-preview":"max-video-preview:-1"},"canonical":"https:\/\/ihuhealthage.fr\/fr\/pilier-5-science-ouverte\/","og_locale":"fr_FR","og_type":"article","og_title":"Pilier 5 : Science ouverte - faciliter la d\u00e9couverte gr\u00e2ce au partage des connaissances et des donn\u00e9es - IHU Healthage","og_description":"Il existe actuellement une augmentation sans pr\u00e9c\u00e9dent de la long\u00e9vit\u00e9 de la population \u00e0 l\u2019\u00e9chelle mondiale. La communaut\u00e9 scientifique doit donc intensifier ses efforts de recherche afin d\u2019allonger la dur\u00e9e de vie en bonne sant\u00e9 (health-span), pour garantir qu\u2019une vie prolong\u00e9e s\u2019accompagne d\u2019une bonne sant\u00e9 et d\u2019un bien-\u00eatre optimal. \u00c0 cette fin, l\u2019IHU HealthAge, par [&hellip;]","og_url":"https:\/\/ihuhealthage.fr\/fr\/pilier-5-science-ouverte\/","og_site_name":"INSPIRE","article_modified_time":"2026-04-10T08:55:49+00:00","twitter_card":"summary_large_image","twitter_misc":{"Dur\u00e9e de lecture estim\u00e9e":"4 minutes"},"schema":{"@context":"https:\/\/schema.org","@graph":[{"@type":"WebPage","@id":"https:\/\/ihuhealthage.fr\/fr\/pilier-5-science-ouverte\/","url":"https:\/\/ihuhealthage.fr\/fr\/pilier-5-science-ouverte\/","name":"Pilier 5 : Science ouverte - faciliter la d\u00e9couverte gr\u00e2ce au partage des connaissances et des donn\u00e9es - IHU Healthage","isPartOf":{"@id":"https:\/\/ihuhealthage.fr\/fr\/#website"},"datePublished":"2024-10-23T13:43:09+00:00","dateModified":"2026-04-10T08:55:49+00:00","breadcrumb":{"@id":"https:\/\/ihuhealthage.fr\/fr\/pilier-5-science-ouverte\/#breadcrumb"},"inLanguage":"fr-FR","potentialAction":[{"@type":"ReadAction","target":["https:\/\/ihuhealthage.fr\/fr\/pilier-5-science-ouverte\/"]}]},{"@type":"BreadcrumbList","@id":"https:\/\/ihuhealthage.fr\/fr\/pilier-5-science-ouverte\/#breadcrumb","itemListElement":[{"@type":"ListItem","position":1,"name":"Accueil","item":"https:\/\/ihuhealthage.fr\/fr\/"},{"@type":"ListItem","position":2,"name":"Pilier 5 : Science ouverte &#8211; faciliter la d\u00e9couverte gr\u00e2ce au partage des connaissances et des donn\u00e9es"}]},{"@type":"WebSite","@id":"https:\/\/ihuhealthage.fr\/fr\/#website","url":"https:\/\/ihuhealthage.fr\/fr\/","name":"IHU Healthage","description":"","potentialAction":[{"@type":"SearchAction","target":{"@type":"EntryPoint","urlTemplate":"https:\/\/ihuhealthage.fr\/fr\/?s={search_term_string}"},"query-input":{"@type":"PropertyValueSpecification","valueRequired":true,"valueName":"search_term_string"}}],"inLanguage":"fr-FR"}]}},"_links":{"self":[{"href":"https:\/\/ihuhealthage.fr\/fr\/wp-json\/wp\/v2\/pages\/2996","targetHints":{"allow":["GET"]}}],"collection":[{"href":"https:\/\/ihuhealthage.fr\/fr\/wp-json\/wp\/v2\/pages"}],"about":[{"href":"https:\/\/ihuhealthage.fr\/fr\/wp-json\/wp\/v2\/types\/page"}],"author":[{"embeddable":true,"href":"https:\/\/ihuhealthage.fr\/fr\/wp-json\/wp\/v2\/users\/6"}],"replies":[{"embeddable":true,"href":"https:\/\/ihuhealthage.fr\/fr\/wp-json\/wp\/v2\/comments?post=2996"}],"version-history":[{"count":17,"href":"https:\/\/ihuhealthage.fr\/fr\/wp-json\/wp\/v2\/pages\/2996\/revisions"}],"predecessor-version":[{"id":4600,"href":"https:\/\/ihuhealthage.fr\/fr\/wp-json\/wp\/v2\/pages\/2996\/revisions\/4600"}],"wp:attachment":[{"href":"https:\/\/ihuhealthage.fr\/fr\/wp-json\/wp\/v2\/media?parent=2996"}],"curies":[{"name":"wp","href":"https:\/\/api.w.org\/{rel}","templated":true}]}}