{"id":2993,"date":"2024-10-23T15:31:01","date_gmt":"2024-10-23T13:31:01","guid":{"rendered":"https:\/\/ihuhealthage.fr\/fr\/?page_id=2993"},"modified":"2026-03-27T10:11:52","modified_gmt":"2026-03-27T09:11:52","slug":"pilier-4-rct-icope-etudier-limpact-cout-efficacite-du-programme-icope","status":"publish","type":"page","link":"https:\/\/ihuhealthage.fr\/fr\/pilier-4-rct-icope-etudier-limpact-cout-efficacite-du-programme-icope\/","title":{"rendered":"Pilier 4 : Essai clinique randomis\u00e9 ICOPE Trial &#8211; Impact co\u00fbt-efficacit\u00e9 du programme ICOPE"},"content":{"rendered":"<p style=\"text-align: justify;\"><strong>ICOPE Trial est un d\u2019essai d\u2019intervention comparatif, multicentrique, randomis\u00e9 en deux bras parall\u00e8les, ouvert, comparant l\u2019efficacit\u00e9 de strat\u00e9gie globale ICOPE par rapport aux soins habituels d\u00e9livr\u00e9s par le m\u00e9decin traitant. <\/strong><\/p>\n<p style=\"text-align: justify;\">La strat\u00e9gie ICOPE a pour objectif de <strong>renforcer les 6 fonctions essentielles<\/strong> (mobilit\u00e9, cognition, sant\u00e9 mentale, vision, audition et nutrition\/vitalit\u00e9) et \u00e0 <strong>pr\u00e9venir la perte d\u2019autonomie<\/strong>. La dur\u00e9e de l\u2019intervention est de 3 ans suivie d\u2019une phase d\u2019extension de 3 ans au cours de laquelle tous les participants de l\u2019\u00e9tude (1000 personnes \u00e2g\u00e9es de 65 ans et plus en France) recevront l\u2019intervention ICOPE dans sa globalit\u00e9 (d\u00e9pistage r\u00e9p\u00e9t\u00e9, \u00e9valuation approfondie, intervention personnalis\u00e9e de pr\u00e9vention et de soin, et suivi).<\/p>\n<p style=\"text-align: justify;\">Cet essai est actuellement l\u2019essai de plus grande ampleur visant \u00e0 d\u00e9montrer l\u2019efficacit\u00e9 du programme ICOPE, et devrait avoir un impact au niveau mondial. Afin d&rsquo;aider les responsables des politiques de sant\u00e9 \u00e0 diffuser largement ICOPE, l&rsquo;essai \u00e9valuera l&rsquo;impact socio-\u00e9conomique de l&rsquo;intervention.<\/p>\n<p style=\"text-align: justify;\">Cet essai permettra \u00e9galement de construire une <strong>biobanque<\/strong> qui permettra de valider les biomarqueurs qui auront \u00e9t\u00e9 identifi\u00e9s dans les travaux conduits dans le pilier 2 de l\u2019IHU.<\/p>\n","protected":false},"excerpt":{"rendered":"<p>ICOPE Trial est un d\u2019essai d\u2019intervention comparatif, multicentrique, randomis\u00e9 en deux bras parall\u00e8les, ouvert, comparant l\u2019efficacit\u00e9 de strat\u00e9gie globale ICOPE par rapport aux soins habituels d\u00e9livr\u00e9s par le m\u00e9decin traitant. La strat\u00e9gie ICOPE a pour objectif de renforcer les 6 fonctions essentielles (mobilit\u00e9, cognition, sant\u00e9 mentale, vision, audition et nutrition\/vitalit\u00e9) et \u00e0 pr\u00e9venir la perte [&hellip;]<\/p>\n","protected":false},"author":6,"featured_media":0,"parent":0,"menu_order":0,"comment_status":"closed","ping_status":"closed","template":"","meta":{"footnotes":""},"class_list":["post-2993","page","type-page","status-publish","hentry"],"yoast_head":"<!-- This site is optimized with the Yoast SEO plugin v24.7 - https:\/\/yoast.com\/wordpress\/plugins\/seo\/ -->\n<title>Pilier 4 : Essai clinique randomis\u00e9 ICOPE Trial - Impact co\u00fbt-efficacit\u00e9 du programme ICOPE - IHU Healthage<\/title>\n<meta name=\"robots\" content=\"index, follow, max-snippet:-1, max-image-preview:large, max-video-preview:-1\" \/>\n<link rel=\"canonical\" href=\"https:\/\/ihuhealthage.fr\/fr\/pilier-4-rct-icope-etudier-limpact-cout-efficacite-du-programme-icope\/\" \/>\n<meta property=\"og:locale\" content=\"fr_FR\" \/>\n<meta property=\"og:type\" content=\"article\" \/>\n<meta property=\"og:title\" content=\"Pilier 4 : Essai clinique randomis\u00e9 ICOPE Trial - Impact co\u00fbt-efficacit\u00e9 du programme ICOPE - IHU Healthage\" \/>\n<meta property=\"og:description\" content=\"ICOPE Trial est un d\u2019essai d\u2019intervention comparatif, multicentrique, randomis\u00e9 en deux bras parall\u00e8les, ouvert, comparant l\u2019efficacit\u00e9 de strat\u00e9gie globale ICOPE par rapport aux soins habituels d\u00e9livr\u00e9s par le m\u00e9decin traitant. La strat\u00e9gie ICOPE a pour objectif de renforcer les 6 fonctions essentielles (mobilit\u00e9, cognition, sant\u00e9 mentale, vision, audition et nutrition\/vitalit\u00e9) et \u00e0 pr\u00e9venir la perte [&hellip;]\" \/>\n<meta property=\"og:url\" content=\"https:\/\/ihuhealthage.fr\/fr\/pilier-4-rct-icope-etudier-limpact-cout-efficacite-du-programme-icope\/\" \/>\n<meta property=\"og:site_name\" content=\"INSPIRE\" \/>\n<meta property=\"article:modified_time\" content=\"2026-03-27T09:11:52+00:00\" \/>\n<meta name=\"twitter:card\" content=\"summary_large_image\" \/>\n<meta name=\"twitter:label1\" content=\"Dur\u00e9e de lecture estim\u00e9e\" \/>\n\t<meta name=\"twitter:data1\" content=\"1 minute\" \/>\n<script type=\"application\/ld+json\" class=\"yoast-schema-graph\">{\"@context\":\"https:\/\/schema.org\",\"@graph\":[{\"@type\":\"WebPage\",\"@id\":\"https:\/\/ihuhealthage.fr\/fr\/pilier-4-rct-icope-etudier-limpact-cout-efficacite-du-programme-icope\/\",\"url\":\"https:\/\/ihuhealthage.fr\/fr\/pilier-4-rct-icope-etudier-limpact-cout-efficacite-du-programme-icope\/\",\"name\":\"Pilier 4 : Essai clinique randomis\u00e9 ICOPE Trial - Impact co\u00fbt-efficacit\u00e9 du programme ICOPE - IHU Healthage\",\"isPartOf\":{\"@id\":\"https:\/\/ihuhealthage.fr\/fr\/#website\"},\"datePublished\":\"2024-10-23T13:31:01+00:00\",\"dateModified\":\"2026-03-27T09:11:52+00:00\",\"breadcrumb\":{\"@id\":\"https:\/\/ihuhealthage.fr\/fr\/pilier-4-rct-icope-etudier-limpact-cout-efficacite-du-programme-icope\/#breadcrumb\"},\"inLanguage\":\"fr-FR\",\"potentialAction\":[{\"@type\":\"ReadAction\",\"target\":[\"https:\/\/ihuhealthage.fr\/fr\/pilier-4-rct-icope-etudier-limpact-cout-efficacite-du-programme-icope\/\"]}]},{\"@type\":\"BreadcrumbList\",\"@id\":\"https:\/\/ihuhealthage.fr\/fr\/pilier-4-rct-icope-etudier-limpact-cout-efficacite-du-programme-icope\/#breadcrumb\",\"itemListElement\":[{\"@type\":\"ListItem\",\"position\":1,\"name\":\"Accueil\",\"item\":\"https:\/\/ihuhealthage.fr\/fr\/\"},{\"@type\":\"ListItem\",\"position\":2,\"name\":\"Pilier 4 : Essai clinique randomis\u00e9 ICOPE Trial &#8211; Impact co\u00fbt-efficacit\u00e9 du programme ICOPE\"}]},{\"@type\":\"WebSite\",\"@id\":\"https:\/\/ihuhealthage.fr\/fr\/#website\",\"url\":\"https:\/\/ihuhealthage.fr\/fr\/\",\"name\":\"IHU Healthage\",\"description\":\"\",\"potentialAction\":[{\"@type\":\"SearchAction\",\"target\":{\"@type\":\"EntryPoint\",\"urlTemplate\":\"https:\/\/ihuhealthage.fr\/fr\/?s={search_term_string}\"},\"query-input\":{\"@type\":\"PropertyValueSpecification\",\"valueRequired\":true,\"valueName\":\"search_term_string\"}}],\"inLanguage\":\"fr-FR\"}]}<\/script>\n<!-- \/ Yoast SEO plugin. -->","yoast_head_json":{"title":"Pilier 4 : Essai clinique randomis\u00e9 ICOPE Trial - Impact co\u00fbt-efficacit\u00e9 du programme ICOPE - IHU Healthage","robots":{"index":"index","follow":"follow","max-snippet":"max-snippet:-1","max-image-preview":"max-image-preview:large","max-video-preview":"max-video-preview:-1"},"canonical":"https:\/\/ihuhealthage.fr\/fr\/pilier-4-rct-icope-etudier-limpact-cout-efficacite-du-programme-icope\/","og_locale":"fr_FR","og_type":"article","og_title":"Pilier 4 : Essai clinique randomis\u00e9 ICOPE Trial - Impact co\u00fbt-efficacit\u00e9 du programme ICOPE - IHU Healthage","og_description":"ICOPE Trial est un d\u2019essai d\u2019intervention comparatif, multicentrique, randomis\u00e9 en deux bras parall\u00e8les, ouvert, comparant l\u2019efficacit\u00e9 de strat\u00e9gie globale ICOPE par rapport aux soins habituels d\u00e9livr\u00e9s par le m\u00e9decin traitant. La strat\u00e9gie ICOPE a pour objectif de renforcer les 6 fonctions essentielles (mobilit\u00e9, cognition, sant\u00e9 mentale, vision, audition et nutrition\/vitalit\u00e9) et \u00e0 pr\u00e9venir la perte [&hellip;]","og_url":"https:\/\/ihuhealthage.fr\/fr\/pilier-4-rct-icope-etudier-limpact-cout-efficacite-du-programme-icope\/","og_site_name":"INSPIRE","article_modified_time":"2026-03-27T09:11:52+00:00","twitter_card":"summary_large_image","twitter_misc":{"Dur\u00e9e de lecture estim\u00e9e":"1 minute"},"schema":{"@context":"https:\/\/schema.org","@graph":[{"@type":"WebPage","@id":"https:\/\/ihuhealthage.fr\/fr\/pilier-4-rct-icope-etudier-limpact-cout-efficacite-du-programme-icope\/","url":"https:\/\/ihuhealthage.fr\/fr\/pilier-4-rct-icope-etudier-limpact-cout-efficacite-du-programme-icope\/","name":"Pilier 4 : Essai clinique randomis\u00e9 ICOPE Trial - Impact co\u00fbt-efficacit\u00e9 du programme ICOPE - IHU Healthage","isPartOf":{"@id":"https:\/\/ihuhealthage.fr\/fr\/#website"},"datePublished":"2024-10-23T13:31:01+00:00","dateModified":"2026-03-27T09:11:52+00:00","breadcrumb":{"@id":"https:\/\/ihuhealthage.fr\/fr\/pilier-4-rct-icope-etudier-limpact-cout-efficacite-du-programme-icope\/#breadcrumb"},"inLanguage":"fr-FR","potentialAction":[{"@type":"ReadAction","target":["https:\/\/ihuhealthage.fr\/fr\/pilier-4-rct-icope-etudier-limpact-cout-efficacite-du-programme-icope\/"]}]},{"@type":"BreadcrumbList","@id":"https:\/\/ihuhealthage.fr\/fr\/pilier-4-rct-icope-etudier-limpact-cout-efficacite-du-programme-icope\/#breadcrumb","itemListElement":[{"@type":"ListItem","position":1,"name":"Accueil","item":"https:\/\/ihuhealthage.fr\/fr\/"},{"@type":"ListItem","position":2,"name":"Pilier 4 : Essai clinique randomis\u00e9 ICOPE Trial &#8211; Impact co\u00fbt-efficacit\u00e9 du programme ICOPE"}]},{"@type":"WebSite","@id":"https:\/\/ihuhealthage.fr\/fr\/#website","url":"https:\/\/ihuhealthage.fr\/fr\/","name":"IHU Healthage","description":"","potentialAction":[{"@type":"SearchAction","target":{"@type":"EntryPoint","urlTemplate":"https:\/\/ihuhealthage.fr\/fr\/?s={search_term_string}"},"query-input":{"@type":"PropertyValueSpecification","valueRequired":true,"valueName":"search_term_string"}}],"inLanguage":"fr-FR"}]}},"_links":{"self":[{"href":"https:\/\/ihuhealthage.fr\/fr\/wp-json\/wp\/v2\/pages\/2993","targetHints":{"allow":["GET"]}}],"collection":[{"href":"https:\/\/ihuhealthage.fr\/fr\/wp-json\/wp\/v2\/pages"}],"about":[{"href":"https:\/\/ihuhealthage.fr\/fr\/wp-json\/wp\/v2\/types\/page"}],"author":[{"embeddable":true,"href":"https:\/\/ihuhealthage.fr\/fr\/wp-json\/wp\/v2\/users\/6"}],"replies":[{"embeddable":true,"href":"https:\/\/ihuhealthage.fr\/fr\/wp-json\/wp\/v2\/comments?post=2993"}],"version-history":[{"count":10,"href":"https:\/\/ihuhealthage.fr\/fr\/wp-json\/wp\/v2\/pages\/2993\/revisions"}],"predecessor-version":[{"id":4590,"href":"https:\/\/ihuhealthage.fr\/fr\/wp-json\/wp\/v2\/pages\/2993\/revisions\/4590"}],"wp:attachment":[{"href":"https:\/\/ihuhealthage.fr\/fr\/wp-json\/wp\/v2\/media?parent=2993"}],"curies":[{"name":"wp","href":"https:\/\/api.w.org\/{rel}","templated":true}]}}