{"id":2991,"date":"2024-10-23T15:23:39","date_gmt":"2024-10-23T13:23:39","guid":{"rendered":"https:\/\/ihuhealthage.fr\/fr\/?page_id=2991"},"modified":"2026-03-02T09:55:25","modified_gmt":"2026-03-02T08:55:25","slug":"pilier-3-sciences-fondamentales-mieux-comprendre-les-mecanismes-biologiques-pour-lutter-contre-les-maladies-liees-au-vieillissement","status":"publish","type":"page","link":"https:\/\/ihuhealthage.fr\/fr\/pilier-3-sciences-fondamentales-mieux-comprendre-les-mecanismes-biologiques-pour-lutter-contre-les-maladies-liees-au-vieillissement\/","title":{"rendered":"Pilier 3 : Sciences fondamentales &#8211; Mieux comprendre les m\u00e9canismes biologiques pour pr\u00e9venir la perte des fonctions et lutter contre les maladies li\u00e9es au vieillissement"},"content":{"rendered":"<p style=\"text-align: justify;\">L&rsquo;IHU HealthAge s\u2019appuie sur une <strong>plateforme de d\u00e9couverte omique<\/strong> partag\u00e9e entre les \u00e9quipes et les esp\u00e8ces (homme, souris, poisson) sur le site de Toulouse et en collaboration avec des centres internationaux de premier plan tels que le Buck Institute et l&rsquo;US National Institute on Aging. <strong>L&rsquo;objectif de cette recherche est de mettre au point, gr\u00e2ce \u00e0 des mod\u00e8les d\u2019intelligence artificielle, de nouveaux biomarqueurs permettant de d\u00e9tecter et de manipuler les d\u00e9compensations biologiques \u00e0 un stade pr\u00e9coce, avant que ne se produisent les changements structurels qui d\u00e9clenchent le d\u00e9clin fonctionnel irr\u00e9versible et la maladie.\u00a0<\/strong><\/p>\n<p style=\"text-align: justify;\">Par ailleurs, l&rsquo;IHU HealthAge a mis en place un solide r\u00e9seau de scientifiques qui travaillent sur diff\u00e9rents <strong>m\u00e9canismes cl\u00e9s du vieillissement biologique<\/strong>, tels que la <strong>fonction mitochondriale, la distribution des cellules adipeuses, la fonction des cellules immunitaires et les exerkines dont la prot\u00e9ine musculaire apeline<\/strong>. Le regroupement de ces scientifiques et leur mise en relation avec l&rsquo;\u00e9quipe scientifique clinique et de sant\u00e9 publique de l&rsquo;IHU HealthAge offrent un potentiel \u00e9norme pour acc\u00e9l\u00e9rer l&rsquo;innovation et la traduction de ces m\u00e9canismes en applications cliniques pour une long\u00e9vit\u00e9 en bonne sant\u00e9.<\/p>\n<p style=\"text-align: justify;\">Les deux programmes tirent parti des <strong>cohortes en miroir de long\u00e9vit\u00e9 INSPIRE<\/strong> \u00e9tablies \u00e0 Toulouse, comprenant <strong>1129 individus \u00e2g\u00e9s de 20 ans \u00e0 plus de 100 ans, plus de 1500 souris (Swiss, outbred) et 300 poissons African Killifish<\/strong>, qui \u00e9valuent les 6 fonctions essentielles mesur\u00e9es selon les recommandations du programme ICOPE. Afin de rendre ces informations utilisables pour les soins cliniques, nous visons \u00e0 utiliser les technologies d\u2019intelligence artificielle pour construire des outils pratiques pour les cliniciens.<\/p>\n<p style=\"text-align: justify;\">En outre, la <strong>plateforme de science ouverte<\/strong> de l&rsquo;IHU permettra \u00e0 l&rsquo;avenir \u00e0 d&rsquo;autres chercheurs de charger leurs donn\u00e9es omiques brutes dans un format interactif et d&rsquo;obtenir les nouvelles horloges du vieillissement analys\u00e9es par l&rsquo;IHU HealthAge. L&rsquo;IHU HealthAge pourra ainsi perfectionner ses horloges \u00e0 l&rsquo;aide des donn\u00e9es mondiales connect\u00e9es \u00e0 son Open Science Hub.<\/p>\n","protected":false},"excerpt":{"rendered":"<p>L&rsquo;IHU HealthAge s\u2019appuie sur une plateforme de d\u00e9couverte omique partag\u00e9e entre les \u00e9quipes et les esp\u00e8ces (homme, souris, poisson) sur le site de Toulouse et en collaboration avec des centres internationaux de premier plan tels que le Buck Institute et l&rsquo;US National Institute on Aging. L&rsquo;objectif de cette recherche est de mettre au point, gr\u00e2ce [&hellip;]<\/p>\n","protected":false},"author":6,"featured_media":0,"parent":0,"menu_order":0,"comment_status":"closed","ping_status":"closed","template":"","meta":{"footnotes":""},"class_list":["post-2991","page","type-page","status-publish","hentry"],"yoast_head":"<!-- This site is optimized with the Yoast SEO plugin v24.7 - https:\/\/yoast.com\/wordpress\/plugins\/seo\/ -->\n<title>Pilier 3 : Sciences fondamentales - Mieux comprendre les m\u00e9canismes biologiques pour pr\u00e9venir la perte des fonctions et lutter contre les maladies li\u00e9es au vieillissement - IHU Healthage<\/title>\n<meta name=\"robots\" content=\"index, follow, max-snippet:-1, max-image-preview:large, max-video-preview:-1\" \/>\n<link rel=\"canonical\" href=\"https:\/\/ihuhealthage.fr\/fr\/pilier-3-sciences-fondamentales-mieux-comprendre-les-mecanismes-biologiques-pour-lutter-contre-les-maladies-liees-au-vieillissement\/\" \/>\n<meta property=\"og:locale\" content=\"fr_FR\" \/>\n<meta property=\"og:type\" content=\"article\" \/>\n<meta property=\"og:title\" content=\"Pilier 3 : Sciences fondamentales - Mieux comprendre les m\u00e9canismes biologiques pour pr\u00e9venir la perte des fonctions et lutter contre les maladies li\u00e9es au vieillissement - IHU Healthage\" \/>\n<meta property=\"og:description\" content=\"L&rsquo;IHU HealthAge s\u2019appuie sur une plateforme de d\u00e9couverte omique partag\u00e9e entre les \u00e9quipes et les esp\u00e8ces (homme, souris, poisson) sur le site de Toulouse et en collaboration avec des centres internationaux de premier plan tels que le Buck Institute et l&rsquo;US National Institute on Aging. L&rsquo;objectif de cette recherche est de mettre au point, gr\u00e2ce [&hellip;]\" \/>\n<meta property=\"og:url\" content=\"https:\/\/ihuhealthage.fr\/fr\/pilier-3-sciences-fondamentales-mieux-comprendre-les-mecanismes-biologiques-pour-lutter-contre-les-maladies-liees-au-vieillissement\/\" \/>\n<meta property=\"og:site_name\" content=\"INSPIRE\" \/>\n<meta property=\"article:modified_time\" content=\"2026-03-02T08:55:25+00:00\" \/>\n<meta name=\"twitter:card\" content=\"summary_large_image\" \/>\n<meta name=\"twitter:label1\" content=\"Dur\u00e9e de lecture estim\u00e9e\" \/>\n\t<meta name=\"twitter:data1\" content=\"2 minutes\" \/>\n<script type=\"application\/ld+json\" class=\"yoast-schema-graph\">{\"@context\":\"https:\/\/schema.org\",\"@graph\":[{\"@type\":\"WebPage\",\"@id\":\"https:\/\/ihuhealthage.fr\/fr\/pilier-3-sciences-fondamentales-mieux-comprendre-les-mecanismes-biologiques-pour-lutter-contre-les-maladies-liees-au-vieillissement\/\",\"url\":\"https:\/\/ihuhealthage.fr\/fr\/pilier-3-sciences-fondamentales-mieux-comprendre-les-mecanismes-biologiques-pour-lutter-contre-les-maladies-liees-au-vieillissement\/\",\"name\":\"Pilier 3 : Sciences fondamentales - Mieux comprendre les m\u00e9canismes biologiques pour pr\u00e9venir la perte des fonctions et lutter contre les maladies li\u00e9es au vieillissement - IHU Healthage\",\"isPartOf\":{\"@id\":\"https:\/\/ihuhealthage.fr\/fr\/#website\"},\"datePublished\":\"2024-10-23T13:23:39+00:00\",\"dateModified\":\"2026-03-02T08:55:25+00:00\",\"breadcrumb\":{\"@id\":\"https:\/\/ihuhealthage.fr\/fr\/pilier-3-sciences-fondamentales-mieux-comprendre-les-mecanismes-biologiques-pour-lutter-contre-les-maladies-liees-au-vieillissement\/#breadcrumb\"},\"inLanguage\":\"fr-FR\",\"potentialAction\":[{\"@type\":\"ReadAction\",\"target\":[\"https:\/\/ihuhealthage.fr\/fr\/pilier-3-sciences-fondamentales-mieux-comprendre-les-mecanismes-biologiques-pour-lutter-contre-les-maladies-liees-au-vieillissement\/\"]}]},{\"@type\":\"BreadcrumbList\",\"@id\":\"https:\/\/ihuhealthage.fr\/fr\/pilier-3-sciences-fondamentales-mieux-comprendre-les-mecanismes-biologiques-pour-lutter-contre-les-maladies-liees-au-vieillissement\/#breadcrumb\",\"itemListElement\":[{\"@type\":\"ListItem\",\"position\":1,\"name\":\"Accueil\",\"item\":\"https:\/\/ihuhealthage.fr\/fr\/\"},{\"@type\":\"ListItem\",\"position\":2,\"name\":\"Pilier 3 : Sciences fondamentales &#8211; Mieux comprendre les m\u00e9canismes biologiques pour pr\u00e9venir la perte des fonctions et lutter contre les maladies li\u00e9es au vieillissement\"}]},{\"@type\":\"WebSite\",\"@id\":\"https:\/\/ihuhealthage.fr\/fr\/#website\",\"url\":\"https:\/\/ihuhealthage.fr\/fr\/\",\"name\":\"IHU Healthage\",\"description\":\"\",\"potentialAction\":[{\"@type\":\"SearchAction\",\"target\":{\"@type\":\"EntryPoint\",\"urlTemplate\":\"https:\/\/ihuhealthage.fr\/fr\/?s={search_term_string}\"},\"query-input\":{\"@type\":\"PropertyValueSpecification\",\"valueRequired\":true,\"valueName\":\"search_term_string\"}}],\"inLanguage\":\"fr-FR\"}]}<\/script>\n<!-- \/ Yoast SEO plugin. -->","yoast_head_json":{"title":"Pilier 3 : Sciences fondamentales - Mieux comprendre les m\u00e9canismes biologiques pour pr\u00e9venir la perte des fonctions et lutter contre les maladies li\u00e9es au vieillissement - IHU Healthage","robots":{"index":"index","follow":"follow","max-snippet":"max-snippet:-1","max-image-preview":"max-image-preview:large","max-video-preview":"max-video-preview:-1"},"canonical":"https:\/\/ihuhealthage.fr\/fr\/pilier-3-sciences-fondamentales-mieux-comprendre-les-mecanismes-biologiques-pour-lutter-contre-les-maladies-liees-au-vieillissement\/","og_locale":"fr_FR","og_type":"article","og_title":"Pilier 3 : Sciences fondamentales - Mieux comprendre les m\u00e9canismes biologiques pour pr\u00e9venir la perte des fonctions et lutter contre les maladies li\u00e9es au vieillissement - IHU Healthage","og_description":"L&rsquo;IHU HealthAge s\u2019appuie sur une plateforme de d\u00e9couverte omique partag\u00e9e entre les \u00e9quipes et les esp\u00e8ces (homme, souris, poisson) sur le site de Toulouse et en collaboration avec des centres internationaux de premier plan tels que le Buck Institute et l&rsquo;US National Institute on Aging. L&rsquo;objectif de cette recherche est de mettre au point, gr\u00e2ce [&hellip;]","og_url":"https:\/\/ihuhealthage.fr\/fr\/pilier-3-sciences-fondamentales-mieux-comprendre-les-mecanismes-biologiques-pour-lutter-contre-les-maladies-liees-au-vieillissement\/","og_site_name":"INSPIRE","article_modified_time":"2026-03-02T08:55:25+00:00","twitter_card":"summary_large_image","twitter_misc":{"Dur\u00e9e de lecture estim\u00e9e":"2 minutes"},"schema":{"@context":"https:\/\/schema.org","@graph":[{"@type":"WebPage","@id":"https:\/\/ihuhealthage.fr\/fr\/pilier-3-sciences-fondamentales-mieux-comprendre-les-mecanismes-biologiques-pour-lutter-contre-les-maladies-liees-au-vieillissement\/","url":"https:\/\/ihuhealthage.fr\/fr\/pilier-3-sciences-fondamentales-mieux-comprendre-les-mecanismes-biologiques-pour-lutter-contre-les-maladies-liees-au-vieillissement\/","name":"Pilier 3 : Sciences fondamentales - Mieux comprendre les m\u00e9canismes biologiques pour pr\u00e9venir la perte des fonctions et lutter contre les maladies li\u00e9es au vieillissement - IHU Healthage","isPartOf":{"@id":"https:\/\/ihuhealthage.fr\/fr\/#website"},"datePublished":"2024-10-23T13:23:39+00:00","dateModified":"2026-03-02T08:55:25+00:00","breadcrumb":{"@id":"https:\/\/ihuhealthage.fr\/fr\/pilier-3-sciences-fondamentales-mieux-comprendre-les-mecanismes-biologiques-pour-lutter-contre-les-maladies-liees-au-vieillissement\/#breadcrumb"},"inLanguage":"fr-FR","potentialAction":[{"@type":"ReadAction","target":["https:\/\/ihuhealthage.fr\/fr\/pilier-3-sciences-fondamentales-mieux-comprendre-les-mecanismes-biologiques-pour-lutter-contre-les-maladies-liees-au-vieillissement\/"]}]},{"@type":"BreadcrumbList","@id":"https:\/\/ihuhealthage.fr\/fr\/pilier-3-sciences-fondamentales-mieux-comprendre-les-mecanismes-biologiques-pour-lutter-contre-les-maladies-liees-au-vieillissement\/#breadcrumb","itemListElement":[{"@type":"ListItem","position":1,"name":"Accueil","item":"https:\/\/ihuhealthage.fr\/fr\/"},{"@type":"ListItem","position":2,"name":"Pilier 3 : Sciences fondamentales &#8211; Mieux comprendre les m\u00e9canismes biologiques pour pr\u00e9venir la perte des fonctions et lutter contre les maladies li\u00e9es au vieillissement"}]},{"@type":"WebSite","@id":"https:\/\/ihuhealthage.fr\/fr\/#website","url":"https:\/\/ihuhealthage.fr\/fr\/","name":"IHU Healthage","description":"","potentialAction":[{"@type":"SearchAction","target":{"@type":"EntryPoint","urlTemplate":"https:\/\/ihuhealthage.fr\/fr\/?s={search_term_string}"},"query-input":{"@type":"PropertyValueSpecification","valueRequired":true,"valueName":"search_term_string"}}],"inLanguage":"fr-FR"}]}},"_links":{"self":[{"href":"https:\/\/ihuhealthage.fr\/fr\/wp-json\/wp\/v2\/pages\/2991","targetHints":{"allow":["GET"]}}],"collection":[{"href":"https:\/\/ihuhealthage.fr\/fr\/wp-json\/wp\/v2\/pages"}],"about":[{"href":"https:\/\/ihuhealthage.fr\/fr\/wp-json\/wp\/v2\/types\/page"}],"author":[{"embeddable":true,"href":"https:\/\/ihuhealthage.fr\/fr\/wp-json\/wp\/v2\/users\/6"}],"replies":[{"embeddable":true,"href":"https:\/\/ihuhealthage.fr\/fr\/wp-json\/wp\/v2\/comments?post=2991"}],"version-history":[{"count":10,"href":"https:\/\/ihuhealthage.fr\/fr\/wp-json\/wp\/v2\/pages\/2991\/revisions"}],"predecessor-version":[{"id":4540,"href":"https:\/\/ihuhealthage.fr\/fr\/wp-json\/wp\/v2\/pages\/2991\/revisions\/4540"}],"wp:attachment":[{"href":"https:\/\/ihuhealthage.fr\/fr\/wp-json\/wp\/v2\/media?parent=2991"}],"curies":[{"name":"wp","href":"https:\/\/api.w.org\/{rel}","templated":true}]}}