{"id":2983,"date":"2024-10-23T15:08:11","date_gmt":"2024-10-23T13:08:11","guid":{"rendered":"https:\/\/ihuhealthage.fr\/fr\/?page_id=2983"},"modified":"2026-03-27T10:45:29","modified_gmt":"2026-03-27T09:45:29","slug":"pilier-1-icope-cohorte-care-permettre-une-longevite-en-sante-pour-continuer-a-faire-ce-qui-est-important-pour-chacun","status":"publish","type":"page","link":"https:\/\/ihuhealthage.fr\/fr\/pilier-1-icope-cohorte-care-permettre-une-longevite-en-sante-pour-continuer-a-faire-ce-qui-est-important-pour-chacun\/","title":{"rendered":"Pilier 1 : D\u00e9ploiement du programme ICOPE en vie r\u00e9elle &#8211; Permettre un vieillissement en bonne sant\u00e9 pour continuer \u00e0 faire ce qui est important pour chacun de nous"},"content":{"rendered":"<p style=\"text-align: justify;\"><strong>Le programme ICOPE<\/strong> (Soins int\u00e9gr\u00e9s pour les personnes \u00e2g\u00e9es), publi\u00e9 par l\u2019Organisation Mondiale de la Sant\u00e9 (OMS) en 2019, <strong>repose sur l\u2019\u00e9valuation et le suivi de six fonctions essentielles de la personne (mobilit\u00e9, nutrition, vision, audition, cognition, psychologie) et la mise en place d\u2019un parcours de soin int\u00e9gr\u00e9 visant \u00e0 maintenir l\u2019autonomie pour vieillir en bonne sant\u00e9<\/strong>. La d\u00e9marche ICOPE s\u2019adresse aux seniors autonomes de 60 ans et plus et comporte 4 \u00e9tapes : rep\u00e9rage (\u00e9tape1), \u00e9valuation approfondie (\u00e9tape2), proposition d\u2019un plan de soin (\u00e9tape3) et le suivi (\u00e9tape4). ICOPE est reconnu au niveau scientifique et sant\u00e9 publique comme le programme le plus prometteur pour permettre au plus grand nombre d\u2019acc\u00e9der \u00e0 un vieillissement r\u00e9ussi.<\/p>\n<p style=\"text-align: justify;\">La France, qui avait lanc\u00e9 d\u00e8s 2015 un Plan national d\u2019action de pr\u00e9vention de la perte d\u2019autonomie et diff\u00e9rents plans d\u2019actions autour du bien-vieillir, d\u00e9ploie le programme ICOPE depuis 2019. D\u00e8s cette date, le G\u00e9rontop\u00f4le du CHU de Toulouse, en tant que centre collaborateur de l&rsquo;OMS, a pris l\u2019initiative de d\u00e9ployer le programme ICOPE en Occitanie avec le soutien de l\u2019Agence R\u00e9gionale de Sant\u00e9. En 2022, le d\u00e9ploiement d\u2019ICOPE a pris une ampleur nationale avec le lancement de l\u2019Exp\u00e9rimentation Nationale ICOPE par le Minist\u00e8re de la Sant\u00e9, dans le cadre de l\u2019article 51. Aujourd\u2019hui, le programme ICOPE est g\u00e9n\u00e9ralis\u00e9 en France. La population cible du programme ICOPE est celle des seniors autonomes de 60 ans et plus vivant \u00e0 domicile.<\/p>\n<p style=\"text-align: justify;\">Au 25 mars 2026, gr\u00e2ce au d\u00e9ploiement du programme ICOPE, plus de 150 000 seniors ont d\u00e9j\u00e0 int\u00e9gr\u00e9 ce programme de sant\u00e9 publique en France et b\u00e9n\u00e9ficient d\u2019un suivi par les professionnels de sant\u00e9 dans leur territoire. L\u2019objectif de l\u2019IHU HealthAge est de faire adh\u00e9rer \u00e0 ce programme de pr\u00e9vention, 500 000 seniors en 5 ans et 2 millions en 10 ans.<\/p>\n<p style=\"text-align: justify;\">Pour atteindre cet objectif, l&rsquo;IHU HealthAge s\u2019appuie sur 4 axes\u00a0:<\/p>\n<ul style=\"text-align: justify;\">\n<li>les <strong>outils num\u00e9riques ICOPE Monitor<\/strong> qu\u2019il a d\u00e9velopp\u00e9s pour faciliter la r\u00e9alisation des \u00e9valuations, le recueil de donn\u00e9es et le suivi des participants par les professionnels de sant\u00e9 et ainsi permettre une large diffusion du programme ICOPE<\/li>\n<li>la <strong>formation des professionnels<\/strong> gr\u00e2ce \u00e0 la plateforme e-learning ICOPE qui a permis de former plus de 9 000 professionnels au programme ICOPE<\/li>\n<li>la <strong>collaboration \u00e9troite<\/strong> avec le Minist\u00e8re de la Sant\u00e9, la Caisse Nationale d\u2019Assurance Maladie (CNAM) et l\u2019Agence R\u00e9gionale de Sant\u00e9 (ARS) d\u2019Occitanie ainsi que les partenariats avec les institutions publiques et priv\u00e9s<\/li>\n<li>la <strong>communication<\/strong> en cr\u00e9ant le site grand public \u00ab\u00a0<a href=\"http:\/\/www.icope.fr\">icope.fr<\/a>\u00bb, la page Facebook \u00ab\u00a0Ma Sant\u00e9 avec ICOPE\u00a0\u00bb et une multitude d\u2019outils d\u2019information \u00e0 destination des seniors et des professionnels<\/li>\n<\/ul>\n<p style=\"text-align: justify;\">L\u2019IHU HealthAge travaille en \u00e9troite collaboration de l\u2019ensemble des acteurs impliqu\u00e9s dans la prise en charge des seniors afin d\u2019int\u00e9grer la pr\u00e9vention de la d\u00e9pendance dans la pratique clinique des professionnels et d\u2019\u00e9tendre la culture de bien vieillir aupr\u00e8s du grand public.<\/p>\n<p>&nbsp;<\/p>\n<p>&nbsp;<\/p>\n<p><strong>Equipe r\u00e9gionale Vieillissement et Pr\u00e9vention de la D\u00e9pendance<\/strong><\/p>\n<p style=\"text-align: justify;\">L\u2019\u00e9quipe ERVPD constitu\u00e9e au sein du G\u00e9rontop\u00f4le de Toulouse- IHU HealthAge est en charge du <strong>d\u00e9ploiement d\u2019ICOPE<\/strong>. Cette \u00e9quipe permet par ailleurs de soutenir des projets innovants dans le domaine de la pr\u00e9vention de la d\u00e9pendance en r\u00e9gion Occitanie, avec le soutien de l&rsquo;Agence R\u00e9gionale de Sant\u00e9 (ARS). La premi\u00e8re action de l&rsquo;ERVPD en 2012 a consist\u00e9 en la cr\u00e9ation des \u00c9quipes Territoriales Vieillissement et Pr\u00e9vention de la D\u00e9pendance (ETVPD). Il y a une \u00e9quipe par d\u00e9partement, soit 13 \u00e9quipes en Occitanie, compos\u00e9es de professionnels de sant\u00e9 et de professionnels du secteur m\u00e9dico-social et social, et coordonn\u00e9es par les g\u00e9riatres r\u00e9f\u00e9rents et les d\u00e9l\u00e9gu\u00e9s d\u00e9partementaux de l&rsquo;ARS. A ce jour, le r\u00e9seau des ETVPD compte plus de 4 800 membres.<\/p>\n<p>De sa cr\u00e9ation \u00e0 ce jour, l&rsquo;ERVPD a choisi de d\u00e9velopper <strong>3 axes prioritaires<\/strong> :<\/p>\n<ul>\n<li style=\"text-align: justify;\">Le <strong>d\u00e9ploiement d&rsquo;actions de pr\u00e9vention de la d\u00e9pendance<\/strong> :\n<ul>\n<li style=\"text-align: justify;\">Le programme ICOPE : c&rsquo;est l&rsquo;ERVPD qui coordonne actuellement la mise en \u0153uvre du programme ICOPE en r\u00e9gion Occitanie et accompagne plus de 250 \u00e9quipes au niveau national dans le cadre de la g\u00e9n\u00e9ralisation du programme ICOPE en France.<\/li>\n<li style=\"text-align: justify;\">Prise en charge des personnes \u00e2g\u00e9es fragiles : depuis 2012, plus de 200 structures d&rsquo;\u00e9valuation et de prise en charge des personnes \u00e2g\u00e9es fragiles ont \u00e9t\u00e9 d\u00e9velopp\u00e9es en r\u00e9gion Occitanie gr\u00e2ce au travail de l&rsquo;ERVPD et des ETVPD.<\/li>\n<li>Pr\u00e9vention de la d\u00e9pendance des personnes \u00e2g\u00e9es hospitalis\u00e9es<\/li>\n<li>Pr\u00e9vention de la iatrog\u00e9nie m\u00e9dicamenteuse<\/li>\n<li>Diagnostic pr\u00e9coce des troubles cognitifs et de leurs complications<\/li>\n<\/ul>\n<\/li>\n<li style=\"text-align: justify;\">L&rsquo;<strong>enseignement<\/strong> : plusieurs formations sont organis\u00e9es par l&rsquo;ERVPD \u00e0 destination des professionnels de sant\u00e9 et des s\u00e9niors dans le but de les sensibiliser \u00e0 la pr\u00e9vention de la d\u00e9pendance.<\/li>\n<li style=\"text-align: justify;\">Le <strong>d\u00e9veloppement de la recherche<\/strong> en facilitant l&rsquo;acc\u00e8s \u00e0 la recherche clinique dans les centres hospitaliers p\u00e9riph\u00e9riques de la r\u00e9gion Occitanie afin d&rsquo;augmenter leur attractivit\u00e9 pour les jeunes \u00e9tudiants.<\/li>\n<\/ul>\n<p style=\"text-align: justify;\">L&rsquo;ERVPD poursuit ses missions et ses actions, en \u00e9troite collaboration avec l&rsquo;ARS Occitanie, et en s&rsquo;appuyant sur les 4 800 adh\u00e9rents des 13 ETVPD r\u00e9partis sur l&rsquo;ensemble des territoires de la r\u00e9gion Occitanie.<\/p>\n","protected":false},"excerpt":{"rendered":"<p>Le programme ICOPE (Soins int\u00e9gr\u00e9s pour les personnes \u00e2g\u00e9es), publi\u00e9 par l\u2019Organisation Mondiale de la Sant\u00e9 (OMS) en 2019, repose sur l\u2019\u00e9valuation et le suivi de six fonctions essentielles de la personne (mobilit\u00e9, nutrition, vision, audition, cognition, psychologie) et la mise en place d\u2019un parcours de soin int\u00e9gr\u00e9 visant \u00e0 maintenir l\u2019autonomie pour vieillir en [&hellip;]<\/p>\n","protected":false},"author":6,"featured_media":0,"parent":0,"menu_order":0,"comment_status":"closed","ping_status":"closed","template":"","meta":{"footnotes":""},"class_list":["post-2983","page","type-page","status-publish","hentry"],"yoast_head":"<!-- This site is optimized with the Yoast SEO plugin v24.7 - https:\/\/yoast.com\/wordpress\/plugins\/seo\/ -->\n<title>Pilier 1 : D\u00e9ploiement du programme ICOPE en vie r\u00e9elle - Permettre un vieillissement en bonne sant\u00e9 pour continuer \u00e0 faire ce qui est important pour chacun de nous - IHU Healthage<\/title>\n<meta name=\"robots\" content=\"index, follow, max-snippet:-1, max-image-preview:large, max-video-preview:-1\" \/>\n<link rel=\"canonical\" href=\"https:\/\/ihuhealthage.fr\/fr\/pilier-1-icope-cohorte-care-permettre-une-longevite-en-sante-pour-continuer-a-faire-ce-qui-est-important-pour-chacun\/\" \/>\n<meta property=\"og:locale\" content=\"fr_FR\" \/>\n<meta property=\"og:type\" content=\"article\" \/>\n<meta property=\"og:title\" content=\"Pilier 1 : D\u00e9ploiement du programme ICOPE en vie r\u00e9elle - Permettre un vieillissement en bonne sant\u00e9 pour continuer \u00e0 faire ce qui est important pour chacun de nous - IHU Healthage\" \/>\n<meta property=\"og:description\" content=\"Le programme ICOPE (Soins int\u00e9gr\u00e9s pour les personnes \u00e2g\u00e9es), publi\u00e9 par l\u2019Organisation Mondiale de la Sant\u00e9 (OMS) en 2019, repose sur l\u2019\u00e9valuation et le suivi de six fonctions essentielles de la personne (mobilit\u00e9, nutrition, vision, audition, cognition, psychologie) et la mise en place d\u2019un parcours de soin int\u00e9gr\u00e9 visant \u00e0 maintenir l\u2019autonomie pour vieillir en [&hellip;]\" \/>\n<meta property=\"og:url\" content=\"https:\/\/ihuhealthage.fr\/fr\/pilier-1-icope-cohorte-care-permettre-une-longevite-en-sante-pour-continuer-a-faire-ce-qui-est-important-pour-chacun\/\" \/>\n<meta property=\"og:site_name\" content=\"INSPIRE\" \/>\n<meta property=\"article:modified_time\" content=\"2026-03-27T09:45:29+00:00\" \/>\n<meta name=\"twitter:card\" content=\"summary_large_image\" \/>\n<meta name=\"twitter:label1\" content=\"Dur\u00e9e de lecture estim\u00e9e\" \/>\n\t<meta name=\"twitter:data1\" content=\"5 minutes\" \/>\n<script type=\"application\/ld+json\" class=\"yoast-schema-graph\">{\"@context\":\"https:\/\/schema.org\",\"@graph\":[{\"@type\":\"WebPage\",\"@id\":\"https:\/\/ihuhealthage.fr\/fr\/pilier-1-icope-cohorte-care-permettre-une-longevite-en-sante-pour-continuer-a-faire-ce-qui-est-important-pour-chacun\/\",\"url\":\"https:\/\/ihuhealthage.fr\/fr\/pilier-1-icope-cohorte-care-permettre-une-longevite-en-sante-pour-continuer-a-faire-ce-qui-est-important-pour-chacun\/\",\"name\":\"Pilier 1 : D\u00e9ploiement du programme ICOPE en vie r\u00e9elle - Permettre un vieillissement en bonne sant\u00e9 pour continuer \u00e0 faire ce qui est important pour chacun de nous - IHU Healthage\",\"isPartOf\":{\"@id\":\"https:\/\/ihuhealthage.fr\/fr\/#website\"},\"datePublished\":\"2024-10-23T13:08:11+00:00\",\"dateModified\":\"2026-03-27T09:45:29+00:00\",\"breadcrumb\":{\"@id\":\"https:\/\/ihuhealthage.fr\/fr\/pilier-1-icope-cohorte-care-permettre-une-longevite-en-sante-pour-continuer-a-faire-ce-qui-est-important-pour-chacun\/#breadcrumb\"},\"inLanguage\":\"fr-FR\",\"potentialAction\":[{\"@type\":\"ReadAction\",\"target\":[\"https:\/\/ihuhealthage.fr\/fr\/pilier-1-icope-cohorte-care-permettre-une-longevite-en-sante-pour-continuer-a-faire-ce-qui-est-important-pour-chacun\/\"]}]},{\"@type\":\"BreadcrumbList\",\"@id\":\"https:\/\/ihuhealthage.fr\/fr\/pilier-1-icope-cohorte-care-permettre-une-longevite-en-sante-pour-continuer-a-faire-ce-qui-est-important-pour-chacun\/#breadcrumb\",\"itemListElement\":[{\"@type\":\"ListItem\",\"position\":1,\"name\":\"Accueil\",\"item\":\"https:\/\/ihuhealthage.fr\/fr\/\"},{\"@type\":\"ListItem\",\"position\":2,\"name\":\"Pilier 1 : D\u00e9ploiement du programme ICOPE en vie r\u00e9elle &#8211; Permettre un vieillissement en bonne sant\u00e9 pour continuer \u00e0 faire ce qui est important pour chacun de nous\"}]},{\"@type\":\"WebSite\",\"@id\":\"https:\/\/ihuhealthage.fr\/fr\/#website\",\"url\":\"https:\/\/ihuhealthage.fr\/fr\/\",\"name\":\"IHU Healthage\",\"description\":\"\",\"potentialAction\":[{\"@type\":\"SearchAction\",\"target\":{\"@type\":\"EntryPoint\",\"urlTemplate\":\"https:\/\/ihuhealthage.fr\/fr\/?s={search_term_string}\"},\"query-input\":{\"@type\":\"PropertyValueSpecification\",\"valueRequired\":true,\"valueName\":\"search_term_string\"}}],\"inLanguage\":\"fr-FR\"}]}<\/script>\n<!-- \/ Yoast SEO plugin. -->","yoast_head_json":{"title":"Pilier 1 : D\u00e9ploiement du programme ICOPE en vie r\u00e9elle - Permettre un vieillissement en bonne sant\u00e9 pour continuer \u00e0 faire ce qui est important pour chacun de nous - IHU Healthage","robots":{"index":"index","follow":"follow","max-snippet":"max-snippet:-1","max-image-preview":"max-image-preview:large","max-video-preview":"max-video-preview:-1"},"canonical":"https:\/\/ihuhealthage.fr\/fr\/pilier-1-icope-cohorte-care-permettre-une-longevite-en-sante-pour-continuer-a-faire-ce-qui-est-important-pour-chacun\/","og_locale":"fr_FR","og_type":"article","og_title":"Pilier 1 : D\u00e9ploiement du programme ICOPE en vie r\u00e9elle - Permettre un vieillissement en bonne sant\u00e9 pour continuer \u00e0 faire ce qui est important pour chacun de nous - IHU Healthage","og_description":"Le programme ICOPE (Soins int\u00e9gr\u00e9s pour les personnes \u00e2g\u00e9es), publi\u00e9 par l\u2019Organisation Mondiale de la Sant\u00e9 (OMS) en 2019, repose sur l\u2019\u00e9valuation et le suivi de six fonctions essentielles de la personne (mobilit\u00e9, nutrition, vision, audition, cognition, psychologie) et la mise en place d\u2019un parcours de soin int\u00e9gr\u00e9 visant \u00e0 maintenir l\u2019autonomie pour vieillir en [&hellip;]","og_url":"https:\/\/ihuhealthage.fr\/fr\/pilier-1-icope-cohorte-care-permettre-une-longevite-en-sante-pour-continuer-a-faire-ce-qui-est-important-pour-chacun\/","og_site_name":"INSPIRE","article_modified_time":"2026-03-27T09:45:29+00:00","twitter_card":"summary_large_image","twitter_misc":{"Dur\u00e9e de lecture estim\u00e9e":"5 minutes"},"schema":{"@context":"https:\/\/schema.org","@graph":[{"@type":"WebPage","@id":"https:\/\/ihuhealthage.fr\/fr\/pilier-1-icope-cohorte-care-permettre-une-longevite-en-sante-pour-continuer-a-faire-ce-qui-est-important-pour-chacun\/","url":"https:\/\/ihuhealthage.fr\/fr\/pilier-1-icope-cohorte-care-permettre-une-longevite-en-sante-pour-continuer-a-faire-ce-qui-est-important-pour-chacun\/","name":"Pilier 1 : D\u00e9ploiement du programme ICOPE en vie r\u00e9elle - Permettre un vieillissement en bonne sant\u00e9 pour continuer \u00e0 faire ce qui est important pour chacun de nous - IHU Healthage","isPartOf":{"@id":"https:\/\/ihuhealthage.fr\/fr\/#website"},"datePublished":"2024-10-23T13:08:11+00:00","dateModified":"2026-03-27T09:45:29+00:00","breadcrumb":{"@id":"https:\/\/ihuhealthage.fr\/fr\/pilier-1-icope-cohorte-care-permettre-une-longevite-en-sante-pour-continuer-a-faire-ce-qui-est-important-pour-chacun\/#breadcrumb"},"inLanguage":"fr-FR","potentialAction":[{"@type":"ReadAction","target":["https:\/\/ihuhealthage.fr\/fr\/pilier-1-icope-cohorte-care-permettre-une-longevite-en-sante-pour-continuer-a-faire-ce-qui-est-important-pour-chacun\/"]}]},{"@type":"BreadcrumbList","@id":"https:\/\/ihuhealthage.fr\/fr\/pilier-1-icope-cohorte-care-permettre-une-longevite-en-sante-pour-continuer-a-faire-ce-qui-est-important-pour-chacun\/#breadcrumb","itemListElement":[{"@type":"ListItem","position":1,"name":"Accueil","item":"https:\/\/ihuhealthage.fr\/fr\/"},{"@type":"ListItem","position":2,"name":"Pilier 1 : D\u00e9ploiement du programme ICOPE en vie r\u00e9elle &#8211; Permettre un vieillissement en bonne sant\u00e9 pour continuer \u00e0 faire ce qui est important pour chacun de nous"}]},{"@type":"WebSite","@id":"https:\/\/ihuhealthage.fr\/fr\/#website","url":"https:\/\/ihuhealthage.fr\/fr\/","name":"IHU Healthage","description":"","potentialAction":[{"@type":"SearchAction","target":{"@type":"EntryPoint","urlTemplate":"https:\/\/ihuhealthage.fr\/fr\/?s={search_term_string}"},"query-input":{"@type":"PropertyValueSpecification","valueRequired":true,"valueName":"search_term_string"}}],"inLanguage":"fr-FR"}]}},"_links":{"self":[{"href":"https:\/\/ihuhealthage.fr\/fr\/wp-json\/wp\/v2\/pages\/2983","targetHints":{"allow":["GET"]}}],"collection":[{"href":"https:\/\/ihuhealthage.fr\/fr\/wp-json\/wp\/v2\/pages"}],"about":[{"href":"https:\/\/ihuhealthage.fr\/fr\/wp-json\/wp\/v2\/types\/page"}],"author":[{"embeddable":true,"href":"https:\/\/ihuhealthage.fr\/fr\/wp-json\/wp\/v2\/users\/6"}],"replies":[{"embeddable":true,"href":"https:\/\/ihuhealthage.fr\/fr\/wp-json\/wp\/v2\/comments?post=2983"}],"version-history":[{"count":14,"href":"https:\/\/ihuhealthage.fr\/fr\/wp-json\/wp\/v2\/pages\/2983\/revisions"}],"predecessor-version":[{"id":4592,"href":"https:\/\/ihuhealthage.fr\/fr\/wp-json\/wp\/v2\/pages\/2983\/revisions\/4592"}],"wp:attachment":[{"href":"https:\/\/ihuhealthage.fr\/fr\/wp-json\/wp\/v2\/media?parent=2983"}],"curies":[{"name":"wp","href":"https:\/\/api.w.org\/{rel}","templated":true}]}}