{"id":2977,"date":"2024-10-23T14:26:04","date_gmt":"2024-10-23T12:26:04","guid":{"rendered":"https:\/\/ihuhealthage.fr\/fr\/?page_id=2977"},"modified":"2025-01-16T10:00:49","modified_gmt":"2025-01-16T09:00:49","slug":"les-piliers","status":"publish","type":"page","link":"https:\/\/ihuhealthage.fr\/fr\/les-piliers\/","title":{"rendered":"Les piliers de l&rsquo;IHU HealthAge"},"content":{"rendered":"<p style=\"text-align: justify;\">Avec l\u2019ambition de devenir l\u2019un des plus grands centres de recherche translationnelle sur la pr\u00e9vention, la long\u00e9vit\u00e9, le vieillissement en sant\u00e9 et la G\u00e9roscience, en Europe et dans le monde, HealthAge articule ses travaux autour de piliers tous centr\u00e9s sur le <strong>bien vieillir<\/strong> et le <strong>maintien des 6 fonctions essentielles<\/strong> (ou capacit\u00e9s intrins\u00e8ques).<\/p>\n<p>&nbsp;<\/p>\n<p><img loading=\"lazy\" decoding=\"async\" class=\"alignnone size-large wp-image-3897\" src=\"https:\/\/inspire.chu-toulouse.fr\/wp-content\/uploads\/2025\/01\/Piliers-1110x770.png\" alt=\"\" width=\"1110\" height=\"770\" srcset=\"https:\/\/inspire.chu-toulouse.fr\/wp-content\/uploads\/2025\/01\/Piliers-1110x770.png 1110w, https:\/\/inspire.chu-toulouse.fr\/wp-content\/uploads\/2025\/01\/Piliers-433x300.png 433w, https:\/\/inspire.chu-toulouse.fr\/wp-content\/uploads\/2025\/01\/Piliers-768x532.png 768w, https:\/\/inspire.chu-toulouse.fr\/wp-content\/uploads\/2025\/01\/Piliers.png 1141w\" sizes=\"auto, (max-width: 1110px) 100vw, 1110px\" \/><\/p>\n<p>&nbsp;<\/p>\n","protected":false},"excerpt":{"rendered":"<p>Avec l\u2019ambition de devenir l\u2019un des plus grands centres de recherche translationnelle sur la pr\u00e9vention, la long\u00e9vit\u00e9, le vieillissement en sant\u00e9 et la G\u00e9roscience, en Europe et dans le monde, HealthAge articule ses travaux autour de piliers tous centr\u00e9s sur le bien vieillir et le maintien des 6 fonctions essentielles (ou capacit\u00e9s intrins\u00e8ques). &nbsp; &nbsp;<\/p>\n","protected":false},"author":6,"featured_media":0,"parent":0,"menu_order":0,"comment_status":"closed","ping_status":"closed","template":"","meta":{"footnotes":""},"class_list":["post-2977","page","type-page","status-publish","hentry"],"yoast_head":"<!-- This site is optimized with the Yoast SEO plugin v24.7 - https:\/\/yoast.com\/wordpress\/plugins\/seo\/ -->\n<title>Les piliers de l&#039;IHU HealthAge - IHU Healthage<\/title>\n<meta name=\"robots\" content=\"index, follow, max-snippet:-1, max-image-preview:large, max-video-preview:-1\" \/>\n<link rel=\"canonical\" href=\"https:\/\/ihuhealthage.fr\/fr\/les-piliers\/\" \/>\n<meta property=\"og:locale\" content=\"fr_FR\" \/>\n<meta property=\"og:type\" content=\"article\" \/>\n<meta property=\"og:title\" content=\"Les piliers de l&#039;IHU HealthAge - IHU Healthage\" \/>\n<meta property=\"og:description\" content=\"Avec l\u2019ambition de devenir l\u2019un des plus grands centres de recherche translationnelle sur la pr\u00e9vention, la long\u00e9vit\u00e9, le vieillissement en sant\u00e9 et la G\u00e9roscience, en Europe et dans le monde, HealthAge articule ses travaux autour de piliers tous centr\u00e9s sur le bien vieillir et le maintien des 6 fonctions essentielles (ou capacit\u00e9s intrins\u00e8ques). &nbsp; &nbsp;\" \/>\n<meta property=\"og:url\" content=\"https:\/\/ihuhealthage.fr\/fr\/les-piliers\/\" \/>\n<meta property=\"og:site_name\" content=\"INSPIRE\" \/>\n<meta property=\"article:modified_time\" content=\"2025-01-16T09:00:49+00:00\" \/>\n<meta property=\"og:image\" content=\"https:\/\/inspire.chu-toulouse.fr\/wp-content\/uploads\/2025\/01\/Piliers-1110x770.png\" \/>\n<meta name=\"twitter:card\" content=\"summary_large_image\" \/>\n<meta name=\"twitter:label1\" content=\"Dur\u00e9e de lecture estim\u00e9e\" \/>\n\t<meta name=\"twitter:data1\" content=\"1 minute\" \/>\n<script type=\"application\/ld+json\" class=\"yoast-schema-graph\">{\"@context\":\"https:\/\/schema.org\",\"@graph\":[{\"@type\":\"WebPage\",\"@id\":\"https:\/\/ihuhealthage.fr\/fr\/les-piliers\/\",\"url\":\"https:\/\/ihuhealthage.fr\/fr\/les-piliers\/\",\"name\":\"Les piliers de l'IHU HealthAge - IHU Healthage\",\"isPartOf\":{\"@id\":\"https:\/\/ihuhealthage.fr\/fr\/#website\"},\"primaryImageOfPage\":{\"@id\":\"https:\/\/ihuhealthage.fr\/fr\/les-piliers\/#primaryimage\"},\"image\":{\"@id\":\"https:\/\/ihuhealthage.fr\/fr\/les-piliers\/#primaryimage\"},\"thumbnailUrl\":\"https:\/\/inspire.chu-toulouse.fr\/wp-content\/uploads\/2025\/01\/Piliers-1110x770.png\",\"datePublished\":\"2024-10-23T12:26:04+00:00\",\"dateModified\":\"2025-01-16T09:00:49+00:00\",\"breadcrumb\":{\"@id\":\"https:\/\/ihuhealthage.fr\/fr\/les-piliers\/#breadcrumb\"},\"inLanguage\":\"fr-FR\",\"potentialAction\":[{\"@type\":\"ReadAction\",\"target\":[\"https:\/\/ihuhealthage.fr\/fr\/les-piliers\/\"]}]},{\"@type\":\"ImageObject\",\"inLanguage\":\"fr-FR\",\"@id\":\"https:\/\/ihuhealthage.fr\/fr\/les-piliers\/#primaryimage\",\"url\":\"https:\/\/inspire.chu-toulouse.fr\/wp-content\/uploads\/2025\/01\/Piliers-1110x770.png\",\"contentUrl\":\"https:\/\/inspire.chu-toulouse.fr\/wp-content\/uploads\/2025\/01\/Piliers-1110x770.png\"},{\"@type\":\"BreadcrumbList\",\"@id\":\"https:\/\/ihuhealthage.fr\/fr\/les-piliers\/#breadcrumb\",\"itemListElement\":[{\"@type\":\"ListItem\",\"position\":1,\"name\":\"Accueil\",\"item\":\"https:\/\/ihuhealthage.fr\/fr\/\"},{\"@type\":\"ListItem\",\"position\":2,\"name\":\"Les piliers de l&rsquo;IHU HealthAge\"}]},{\"@type\":\"WebSite\",\"@id\":\"https:\/\/ihuhealthage.fr\/fr\/#website\",\"url\":\"https:\/\/ihuhealthage.fr\/fr\/\",\"name\":\"IHU Healthage\",\"description\":\"\",\"potentialAction\":[{\"@type\":\"SearchAction\",\"target\":{\"@type\":\"EntryPoint\",\"urlTemplate\":\"https:\/\/ihuhealthage.fr\/fr\/?s={search_term_string}\"},\"query-input\":{\"@type\":\"PropertyValueSpecification\",\"valueRequired\":true,\"valueName\":\"search_term_string\"}}],\"inLanguage\":\"fr-FR\"}]}<\/script>\n<!-- \/ Yoast SEO plugin. -->","yoast_head_json":{"title":"Les piliers de l'IHU HealthAge - IHU Healthage","robots":{"index":"index","follow":"follow","max-snippet":"max-snippet:-1","max-image-preview":"max-image-preview:large","max-video-preview":"max-video-preview:-1"},"canonical":"https:\/\/ihuhealthage.fr\/fr\/les-piliers\/","og_locale":"fr_FR","og_type":"article","og_title":"Les piliers de l'IHU HealthAge - IHU Healthage","og_description":"Avec l\u2019ambition de devenir l\u2019un des plus grands centres de recherche translationnelle sur la pr\u00e9vention, la long\u00e9vit\u00e9, le vieillissement en sant\u00e9 et la G\u00e9roscience, en Europe et dans le monde, HealthAge articule ses travaux autour de piliers tous centr\u00e9s sur le bien vieillir et le maintien des 6 fonctions essentielles (ou capacit\u00e9s intrins\u00e8ques). &nbsp; &nbsp;","og_url":"https:\/\/ihuhealthage.fr\/fr\/les-piliers\/","og_site_name":"INSPIRE","article_modified_time":"2025-01-16T09:00:49+00:00","og_image":[{"url":"https:\/\/inspire.chu-toulouse.fr\/wp-content\/uploads\/2025\/01\/Piliers-1110x770.png","type":"","width":"","height":""}],"twitter_card":"summary_large_image","twitter_misc":{"Dur\u00e9e de lecture estim\u00e9e":"1 minute"},"schema":{"@context":"https:\/\/schema.org","@graph":[{"@type":"WebPage","@id":"https:\/\/ihuhealthage.fr\/fr\/les-piliers\/","url":"https:\/\/ihuhealthage.fr\/fr\/les-piliers\/","name":"Les piliers de l'IHU HealthAge - IHU Healthage","isPartOf":{"@id":"https:\/\/ihuhealthage.fr\/fr\/#website"},"primaryImageOfPage":{"@id":"https:\/\/ihuhealthage.fr\/fr\/les-piliers\/#primaryimage"},"image":{"@id":"https:\/\/ihuhealthage.fr\/fr\/les-piliers\/#primaryimage"},"thumbnailUrl":"https:\/\/inspire.chu-toulouse.fr\/wp-content\/uploads\/2025\/01\/Piliers-1110x770.png","datePublished":"2024-10-23T12:26:04+00:00","dateModified":"2025-01-16T09:00:49+00:00","breadcrumb":{"@id":"https:\/\/ihuhealthage.fr\/fr\/les-piliers\/#breadcrumb"},"inLanguage":"fr-FR","potentialAction":[{"@type":"ReadAction","target":["https:\/\/ihuhealthage.fr\/fr\/les-piliers\/"]}]},{"@type":"ImageObject","inLanguage":"fr-FR","@id":"https:\/\/ihuhealthage.fr\/fr\/les-piliers\/#primaryimage","url":"https:\/\/inspire.chu-toulouse.fr\/wp-content\/uploads\/2025\/01\/Piliers-1110x770.png","contentUrl":"https:\/\/inspire.chu-toulouse.fr\/wp-content\/uploads\/2025\/01\/Piliers-1110x770.png"},{"@type":"BreadcrumbList","@id":"https:\/\/ihuhealthage.fr\/fr\/les-piliers\/#breadcrumb","itemListElement":[{"@type":"ListItem","position":1,"name":"Accueil","item":"https:\/\/ihuhealthage.fr\/fr\/"},{"@type":"ListItem","position":2,"name":"Les piliers de l&rsquo;IHU HealthAge"}]},{"@type":"WebSite","@id":"https:\/\/ihuhealthage.fr\/fr\/#website","url":"https:\/\/ihuhealthage.fr\/fr\/","name":"IHU Healthage","description":"","potentialAction":[{"@type":"SearchAction","target":{"@type":"EntryPoint","urlTemplate":"https:\/\/ihuhealthage.fr\/fr\/?s={search_term_string}"},"query-input":{"@type":"PropertyValueSpecification","valueRequired":true,"valueName":"search_term_string"}}],"inLanguage":"fr-FR"}]}},"_links":{"self":[{"href":"https:\/\/ihuhealthage.fr\/fr\/wp-json\/wp\/v2\/pages\/2977","targetHints":{"allow":["GET"]}}],"collection":[{"href":"https:\/\/ihuhealthage.fr\/fr\/wp-json\/wp\/v2\/pages"}],"about":[{"href":"https:\/\/ihuhealthage.fr\/fr\/wp-json\/wp\/v2\/types\/page"}],"author":[{"embeddable":true,"href":"https:\/\/ihuhealthage.fr\/fr\/wp-json\/wp\/v2\/users\/6"}],"replies":[{"embeddable":true,"href":"https:\/\/ihuhealthage.fr\/fr\/wp-json\/wp\/v2\/comments?post=2977"}],"version-history":[{"count":7,"href":"https:\/\/ihuhealthage.fr\/fr\/wp-json\/wp\/v2\/pages\/2977\/revisions"}],"predecessor-version":[{"id":3901,"href":"https:\/\/ihuhealthage.fr\/fr\/wp-json\/wp\/v2\/pages\/2977\/revisions\/3901"}],"wp:attachment":[{"href":"https:\/\/ihuhealthage.fr\/fr\/wp-json\/wp\/v2\/media?parent=2977"}],"curies":[{"name":"wp","href":"https:\/\/api.w.org\/{rel}","templated":true}]}}