{"id":2950,"date":"2024-10-22T16:27:55","date_gmt":"2024-10-22T14:27:55","guid":{"rendered":"https:\/\/ihuhealthage.fr\/fr\/?page_id=2950"},"modified":"2024-12-11T14:34:47","modified_gmt":"2024-12-11T13:34:47","slug":"emplois-2","status":"publish","type":"page","link":"https:\/\/ihuhealthage.fr\/fr\/emplois-2\/","title":{"rendered":"Emploi"},"content":{"rendered":"<p style=\"text-align: justify;\">L\u2019IHU HealthAge c\u2019est avant tout des femmes et des hommes qui travaillent pour <strong>acc\u00e9l\u00e9rer la recherche sur le vieillissement<\/strong> au b\u00e9n\u00e9fice de la population. Equipes de recherche, de soins, cliniciens, ing\u00e9nieurs et techniciens, \u00e9tudiants, personnels administratifs et support\u2026 chacun joue un r\u00f4le pour faire avancer les projets de l\u2019IHU HealthAge.<\/p>\n<p>&nbsp;<\/p>\n<p style=\"text-align: center;\"><strong>\u00c0 ce jour il n\u2019y a pas d\u2019offre d\u2019emploi<\/strong><\/p>\n","protected":false},"excerpt":{"rendered":"<p>L\u2019IHU HealthAge c\u2019est avant tout des femmes et des hommes qui travaillent pour acc\u00e9l\u00e9rer la recherche sur le vieillissement au b\u00e9n\u00e9fice de la population. Equipes de recherche, de soins, cliniciens, ing\u00e9nieurs et techniciens, \u00e9tudiants, personnels administratifs et support\u2026 chacun joue un r\u00f4le pour faire avancer les projets de l\u2019IHU HealthAge. &nbsp; \u00c0 ce jour il [&hellip;]<\/p>\n","protected":false},"author":6,"featured_media":0,"parent":0,"menu_order":0,"comment_status":"closed","ping_status":"closed","template":"","meta":{"footnotes":""},"class_list":["post-2950","page","type-page","status-publish","hentry"],"yoast_head":"<!-- This site is optimized with the Yoast SEO plugin v24.7 - https:\/\/yoast.com\/wordpress\/plugins\/seo\/ -->\n<title>Emploi - IHU Healthage<\/title>\n<meta name=\"robots\" content=\"index, follow, max-snippet:-1, max-image-preview:large, max-video-preview:-1\" \/>\n<link rel=\"canonical\" href=\"https:\/\/ihuhealthage.fr\/fr\/emplois-2\/\" \/>\n<meta property=\"og:locale\" content=\"fr_FR\" \/>\n<meta property=\"og:type\" content=\"article\" \/>\n<meta property=\"og:title\" content=\"Emploi - IHU Healthage\" \/>\n<meta property=\"og:description\" content=\"L\u2019IHU HealthAge c\u2019est avant tout des femmes et des hommes qui travaillent pour acc\u00e9l\u00e9rer la recherche sur le vieillissement au b\u00e9n\u00e9fice de la population. Equipes de recherche, de soins, cliniciens, ing\u00e9nieurs et techniciens, \u00e9tudiants, personnels administratifs et support\u2026 chacun joue un r\u00f4le pour faire avancer les projets de l\u2019IHU HealthAge. &nbsp; \u00c0 ce jour il [&hellip;]\" \/>\n<meta property=\"og:url\" content=\"https:\/\/ihuhealthage.fr\/fr\/emplois-2\/\" \/>\n<meta property=\"og:site_name\" content=\"INSPIRE\" \/>\n<meta property=\"article:modified_time\" content=\"2024-12-11T13:34:47+00:00\" \/>\n<meta name=\"twitter:card\" content=\"summary_large_image\" \/>\n<meta name=\"twitter:label1\" content=\"Dur\u00e9e de lecture estim\u00e9e\" \/>\n\t<meta name=\"twitter:data1\" content=\"1 minute\" \/>\n<script type=\"application\/ld+json\" class=\"yoast-schema-graph\">{\"@context\":\"https:\/\/schema.org\",\"@graph\":[{\"@type\":\"WebPage\",\"@id\":\"https:\/\/ihuhealthage.fr\/fr\/emplois-2\/\",\"url\":\"https:\/\/ihuhealthage.fr\/fr\/emplois-2\/\",\"name\":\"Emploi - IHU Healthage\",\"isPartOf\":{\"@id\":\"https:\/\/ihuhealthage.fr\/fr\/#website\"},\"datePublished\":\"2024-10-22T14:27:55+00:00\",\"dateModified\":\"2024-12-11T13:34:47+00:00\",\"breadcrumb\":{\"@id\":\"https:\/\/ihuhealthage.fr\/fr\/emplois-2\/#breadcrumb\"},\"inLanguage\":\"fr-FR\",\"potentialAction\":[{\"@type\":\"ReadAction\",\"target\":[\"https:\/\/ihuhealthage.fr\/fr\/emplois-2\/\"]}]},{\"@type\":\"BreadcrumbList\",\"@id\":\"https:\/\/ihuhealthage.fr\/fr\/emplois-2\/#breadcrumb\",\"itemListElement\":[{\"@type\":\"ListItem\",\"position\":1,\"name\":\"Accueil\",\"item\":\"https:\/\/ihuhealthage.fr\/fr\/\"},{\"@type\":\"ListItem\",\"position\":2,\"name\":\"Emploi\"}]},{\"@type\":\"WebSite\",\"@id\":\"https:\/\/ihuhealthage.fr\/fr\/#website\",\"url\":\"https:\/\/ihuhealthage.fr\/fr\/\",\"name\":\"IHU Healthage\",\"description\":\"\",\"potentialAction\":[{\"@type\":\"SearchAction\",\"target\":{\"@type\":\"EntryPoint\",\"urlTemplate\":\"https:\/\/ihuhealthage.fr\/fr\/?s={search_term_string}\"},\"query-input\":{\"@type\":\"PropertyValueSpecification\",\"valueRequired\":true,\"valueName\":\"search_term_string\"}}],\"inLanguage\":\"fr-FR\"}]}<\/script>\n<!-- \/ Yoast SEO plugin. -->","yoast_head_json":{"title":"Emploi - IHU Healthage","robots":{"index":"index","follow":"follow","max-snippet":"max-snippet:-1","max-image-preview":"max-image-preview:large","max-video-preview":"max-video-preview:-1"},"canonical":"https:\/\/ihuhealthage.fr\/fr\/emplois-2\/","og_locale":"fr_FR","og_type":"article","og_title":"Emploi - IHU Healthage","og_description":"L\u2019IHU HealthAge c\u2019est avant tout des femmes et des hommes qui travaillent pour acc\u00e9l\u00e9rer la recherche sur le vieillissement au b\u00e9n\u00e9fice de la population. Equipes de recherche, de soins, cliniciens, ing\u00e9nieurs et techniciens, \u00e9tudiants, personnels administratifs et support\u2026 chacun joue un r\u00f4le pour faire avancer les projets de l\u2019IHU HealthAge. &nbsp; \u00c0 ce jour il [&hellip;]","og_url":"https:\/\/ihuhealthage.fr\/fr\/emplois-2\/","og_site_name":"INSPIRE","article_modified_time":"2024-12-11T13:34:47+00:00","twitter_card":"summary_large_image","twitter_misc":{"Dur\u00e9e de lecture estim\u00e9e":"1 minute"},"schema":{"@context":"https:\/\/schema.org","@graph":[{"@type":"WebPage","@id":"https:\/\/ihuhealthage.fr\/fr\/emplois-2\/","url":"https:\/\/ihuhealthage.fr\/fr\/emplois-2\/","name":"Emploi - IHU Healthage","isPartOf":{"@id":"https:\/\/ihuhealthage.fr\/fr\/#website"},"datePublished":"2024-10-22T14:27:55+00:00","dateModified":"2024-12-11T13:34:47+00:00","breadcrumb":{"@id":"https:\/\/ihuhealthage.fr\/fr\/emplois-2\/#breadcrumb"},"inLanguage":"fr-FR","potentialAction":[{"@type":"ReadAction","target":["https:\/\/ihuhealthage.fr\/fr\/emplois-2\/"]}]},{"@type":"BreadcrumbList","@id":"https:\/\/ihuhealthage.fr\/fr\/emplois-2\/#breadcrumb","itemListElement":[{"@type":"ListItem","position":1,"name":"Accueil","item":"https:\/\/ihuhealthage.fr\/fr\/"},{"@type":"ListItem","position":2,"name":"Emploi"}]},{"@type":"WebSite","@id":"https:\/\/ihuhealthage.fr\/fr\/#website","url":"https:\/\/ihuhealthage.fr\/fr\/","name":"IHU Healthage","description":"","potentialAction":[{"@type":"SearchAction","target":{"@type":"EntryPoint","urlTemplate":"https:\/\/ihuhealthage.fr\/fr\/?s={search_term_string}"},"query-input":{"@type":"PropertyValueSpecification","valueRequired":true,"valueName":"search_term_string"}}],"inLanguage":"fr-FR"}]}},"_links":{"self":[{"href":"https:\/\/ihuhealthage.fr\/fr\/wp-json\/wp\/v2\/pages\/2950","targetHints":{"allow":["GET"]}}],"collection":[{"href":"https:\/\/ihuhealthage.fr\/fr\/wp-json\/wp\/v2\/pages"}],"about":[{"href":"https:\/\/ihuhealthage.fr\/fr\/wp-json\/wp\/v2\/types\/page"}],"author":[{"embeddable":true,"href":"https:\/\/ihuhealthage.fr\/fr\/wp-json\/wp\/v2\/users\/6"}],"replies":[{"embeddable":true,"href":"https:\/\/ihuhealthage.fr\/fr\/wp-json\/wp\/v2\/comments?post=2950"}],"version-history":[{"count":6,"href":"https:\/\/ihuhealthage.fr\/fr\/wp-json\/wp\/v2\/pages\/2950\/revisions"}],"predecessor-version":[{"id":3604,"href":"https:\/\/ihuhealthage.fr\/fr\/wp-json\/wp\/v2\/pages\/2950\/revisions\/3604"}],"wp:attachment":[{"href":"https:\/\/ihuhealthage.fr\/fr\/wp-json\/wp\/v2\/media?parent=2950"}],"curies":[{"name":"wp","href":"https:\/\/api.w.org\/{rel}","templated":true}]}}