{"id":2930,"date":"2024-10-22T14:50:42","date_gmt":"2024-10-22T12:50:42","guid":{"rendered":"https:\/\/ihuhealthage.fr\/fr\/?page_id=2930"},"modified":"2025-02-11T10:24:47","modified_gmt":"2025-02-11T09:24:47","slug":"nos-atouts","status":"publish","type":"page","link":"https:\/\/ihuhealthage.fr\/fr\/nos-atouts\/","title":{"rendered":"Nos atouts"},"content":{"rendered":"<p style=\"text-align: justify;\">Les atouts cl\u00e9s de HealthAge sont\u00a0:<\/p>\n<ul>\n<li style=\"text-align: justify;\">Les excellents <strong>scientifiques<\/strong> ayant des formations diverses sur le vieillissement, la sant\u00e9 publique, l&rsquo;\u00e9pid\u00e9miologie, la recherche clinique, les sciences fondamentales, l&rsquo;\u00e9conomie de la sant\u00e9 et l&rsquo;intelligence artificielle, qui sont engag\u00e9s dans un objectif collaboratif pour prolonger la long\u00e9vit\u00e9 en bonne sant\u00e9 de la population<\/li>\n<li style=\"text-align: justify;\">Les <strong>cohortes<\/strong> (humaine, souris, poisson), d\u00e9j\u00e0 \u00e9tablies \u00e0 Toulouse, r\u00e9unies et \u00e9tendues dans l&rsquo;IHU HealthAge<\/li>\n<li style=\"text-align: justify;\">La <strong>cohorte de soins ICOPE<\/strong> avec plus de 50 000 personnes \u00e2g\u00e9es de 60 ans et plus inscrites, les outils num\u00e9riques ICOPE d\u00e9velopp\u00e9s dans le centre collaborateur de l&rsquo;OMS \u00e0 Toulouse, et les plus de 5 000 m\u00e9decins et infirmi\u00e8res form\u00e9s pour mettre en \u0153uvre ICOPE dans la r\u00e9gion Occitanie en France.<\/li>\n<\/ul>\n<p>&nbsp;<\/p>\n<div id=\"attachment_2525\" style=\"width: 94px\" class=\"wp-caption alignleft\"><img loading=\"lazy\" decoding=\"async\" aria-describedby=\"caption-attachment-2525\" class=\"wp-image-2525\" src=\"https:\/\/inspire.chu-toulouse.fr\/wp-content\/uploads\/2024\/03\/icon-microscope.png\" alt=\"249717 Echantillons biologiques\u00a0 \u00a0\" width=\"84\" height=\"113\" \/><p id=\"caption-attachment-2525\" class=\"wp-caption-text\"><strong>\u00a0 \u00a0 \u00a0<\/strong><\/p><\/div>\n<blockquote><p><strong>&gt;250 000 <\/strong>Echantillons biologiques humains \u00a0 \u00a0<img loading=\"lazy\" decoding=\"async\" class=\"alignnone wp-image-2527 size-full\" style=\"color: #212529; font-family: -apple-system, BlinkMacSystemFont, 'Segoe UI', Roboto, 'Helvetica Neue', Arial, 'Noto Sans', sans-serif, 'Apple Color Emoji', 'Segoe UI Emoji', 'Segoe UI Symbol', 'Noto Color Emoji'; font-size: 1rem;\" src=\"https:\/\/inspire.chu-toulouse.fr\/wp-content\/uploads\/2024\/03\/icon-stethoscope.png\" alt=\"\" width=\"100\" height=\"105\" \/>\u00a0 \u00a0<strong>+ de 200<\/strong> Chercheurs<\/p><\/blockquote>\n<p><strong>&gt;100 000 <\/strong>Echantillons biologiques murins<\/p>\n<p><img loading=\"lazy\" decoding=\"async\" class=\"wp-image-2523 size-full alignleft\" src=\"https:\/\/inspire.chu-toulouse.fr\/wp-content\/uploads\/2024\/03\/icon-globe.png\" alt=\"\" width=\"86\" height=\"105\" \/><\/p>\n<p><span class=\"count\" data-count=\"25\"><strong>25<\/strong> N<\/span>ationalit\u00e9s de chercheurs\u00a0 \u00a0 \u00a0 \u00a0 \u00a0 \u00a0 \u00a0 \u00a0 \u00a0 \u00a0 \u00a0<img loading=\"lazy\" decoding=\"async\" class=\"alignnone wp-image-3064\" style=\"color: #212529; font-family: -apple-system, BlinkMacSystemFont, 'Segoe UI', Roboto, 'Helvetica Neue', Arial, 'Noto Sans', sans-serif, 'Apple Color Emoji', 'Segoe UI Emoji', 'Segoe UI Symbol', 'Noto Color Emoji'; font-size: 1rem;\" src=\"https:\/\/inspire.chu-toulouse.fr\/wp-content\/uploads\/2024\/10\/Equipe_de_recherche-removebg-preview.png\" alt=\"\" width=\"113\" height=\"113\" \/> <strong>12<\/strong>\u00a0Equipes de recherche<\/p>\n<p>&nbsp;<\/p>\n<p><img loading=\"lazy\" decoding=\"async\" class=\"wp-image-2529 size-full alignleft\" style=\"color: #212529; font-family: -apple-system, BlinkMacSystemFont, 'Segoe UI', Roboto, 'Helvetica Neue', Arial, 'Noto Sans', sans-serif, 'Apple Color Emoji', 'Segoe UI Emoji', 'Segoe UI Symbol', 'Noto Color Emoji'; font-size: 1rem;\" src=\"https:\/\/inspire.chu-toulouse.fr\/wp-content\/uploads\/2024\/03\/icon-volontaires.png\" alt=\"\" width=\"94\" height=\"108\" \/><\/p>\n<p><strong>&gt;1200<\/strong> Volontaires\u00a0 \u00a0 <img loading=\"lazy\" decoding=\"async\" class=\"alignnone wp-image-3058\" style=\"color: #212529; font-family: -apple-system, BlinkMacSystemFont, 'Segoe UI', Roboto, 'Helvetica Neue', Arial, 'Noto Sans', sans-serif, 'Apple Color Emoji', 'Segoe UI Emoji', 'Segoe UI Symbol', 'Noto Color Emoji'; font-size: 1rem;\" src=\"https:\/\/inspire.chu-toulouse.fr\/wp-content\/uploads\/2024\/10\/Souris-removebg-preview.png\" alt=\"\" width=\"123\" height=\"73\" \/><strong>&gt;1500<\/strong>\u00a0souris\u00a0 \u00a0 <img loading=\"lazy\" decoding=\"async\" class=\"alignnone wp-image-3056\" src=\"https:\/\/inspire.chu-toulouse.fr\/wp-content\/uploads\/2024\/10\/Poisson-removebg-preview.png\" alt=\"\" width=\"117\" height=\"49\" \/>\u00a0 <strong>&gt;300<\/strong>\u00a0poissons<\/p>\n<p>&nbsp;<\/p>\n<p>&nbsp;<\/p>\n<p><img loading=\"lazy\" decoding=\"async\" class=\"alignleft wp-image-3062\" src=\"https:\/\/inspire.chu-toulouse.fr\/wp-content\/uploads\/2024\/10\/Essais-removebg-preview.png\" alt=\"\" width=\"102\" height=\"117\" \/><\/p>\n<p><strong>16<\/strong> Essais\u00a0 \u00a0 \u00a0 \u00a0 \u00a0 \u00a0 \u00a0 \u00a0 \u00a0 \u00a0 \u00a0 \u00a0 \u00a0 \u00a0 \u00a0 \u00a0 \u00a0 \u00a0 \u00a0 \u00a0 \u00a0 \u00a0<img loading=\"lazy\" decoding=\"async\" class=\"alignnone wp-image-3060\" src=\"https:\/\/inspire.chu-toulouse.fr\/wp-content\/uploads\/2024\/10\/Publication-removebg-preview.png\" alt=\"\" width=\"97\" height=\"111\" \/>\u00a0 <strong>56<\/strong> Publications<\/p>\n","protected":false},"excerpt":{"rendered":"<p>Les atouts cl\u00e9s de HealthAge sont\u00a0: Les excellents scientifiques ayant des formations diverses sur le vieillissement, la sant\u00e9 publique, l&rsquo;\u00e9pid\u00e9miologie, la recherche clinique, les sciences fondamentales, l&rsquo;\u00e9conomie de la sant\u00e9 et l&rsquo;intelligence artificielle, qui sont engag\u00e9s dans un objectif collaboratif pour prolonger la long\u00e9vit\u00e9 en bonne sant\u00e9 de la population Les cohortes (humaine, souris, poisson), [&hellip;]<\/p>\n","protected":false},"author":6,"featured_media":0,"parent":0,"menu_order":0,"comment_status":"closed","ping_status":"closed","template":"","meta":{"footnotes":""},"class_list":["post-2930","page","type-page","status-publish","hentry"],"yoast_head":"<!-- This site is optimized with the Yoast SEO plugin v24.7 - https:\/\/yoast.com\/wordpress\/plugins\/seo\/ -->\n<title>Nos atouts - IHU Healthage<\/title>\n<meta name=\"robots\" content=\"index, follow, max-snippet:-1, max-image-preview:large, max-video-preview:-1\" \/>\n<link rel=\"canonical\" href=\"https:\/\/ihuhealthage.fr\/fr\/nos-atouts\/\" \/>\n<meta property=\"og:locale\" content=\"fr_FR\" \/>\n<meta property=\"og:type\" content=\"article\" \/>\n<meta property=\"og:title\" content=\"Nos atouts - IHU Healthage\" \/>\n<meta property=\"og:description\" content=\"Les atouts cl\u00e9s de HealthAge sont\u00a0: Les excellents scientifiques ayant des formations diverses sur le vieillissement, la sant\u00e9 publique, l&rsquo;\u00e9pid\u00e9miologie, la recherche clinique, les sciences fondamentales, l&rsquo;\u00e9conomie de la sant\u00e9 et l&rsquo;intelligence artificielle, qui sont engag\u00e9s dans un objectif collaboratif pour prolonger la long\u00e9vit\u00e9 en bonne sant\u00e9 de la population Les cohortes (humaine, souris, poisson), [&hellip;]\" \/>\n<meta property=\"og:url\" content=\"https:\/\/ihuhealthage.fr\/fr\/nos-atouts\/\" \/>\n<meta property=\"og:site_name\" content=\"INSPIRE\" \/>\n<meta property=\"article:modified_time\" content=\"2025-02-11T09:24:47+00:00\" \/>\n<meta property=\"og:image\" content=\"https:\/\/inspire.chu-toulouse.fr\/wp-content\/uploads\/2024\/03\/icon-microscope.png\" \/>\n<meta name=\"twitter:card\" content=\"summary_large_image\" \/>\n<meta name=\"twitter:label1\" content=\"Dur\u00e9e de lecture estim\u00e9e\" \/>\n\t<meta name=\"twitter:data1\" content=\"3 minutes\" \/>\n<script type=\"application\/ld+json\" class=\"yoast-schema-graph\">{\"@context\":\"https:\/\/schema.org\",\"@graph\":[{\"@type\":\"WebPage\",\"@id\":\"https:\/\/ihuhealthage.fr\/fr\/nos-atouts\/\",\"url\":\"https:\/\/ihuhealthage.fr\/fr\/nos-atouts\/\",\"name\":\"Nos atouts - IHU Healthage\",\"isPartOf\":{\"@id\":\"https:\/\/ihuhealthage.fr\/fr\/#website\"},\"primaryImageOfPage\":{\"@id\":\"https:\/\/ihuhealthage.fr\/fr\/nos-atouts\/#primaryimage\"},\"image\":{\"@id\":\"https:\/\/ihuhealthage.fr\/fr\/nos-atouts\/#primaryimage\"},\"thumbnailUrl\":\"https:\/\/inspire.chu-toulouse.fr\/wp-content\/uploads\/2024\/03\/icon-microscope.png\",\"datePublished\":\"2024-10-22T12:50:42+00:00\",\"dateModified\":\"2025-02-11T09:24:47+00:00\",\"breadcrumb\":{\"@id\":\"https:\/\/ihuhealthage.fr\/fr\/nos-atouts\/#breadcrumb\"},\"inLanguage\":\"fr-FR\",\"potentialAction\":[{\"@type\":\"ReadAction\",\"target\":[\"https:\/\/ihuhealthage.fr\/fr\/nos-atouts\/\"]}]},{\"@type\":\"ImageObject\",\"inLanguage\":\"fr-FR\",\"@id\":\"https:\/\/ihuhealthage.fr\/fr\/nos-atouts\/#primaryimage\",\"url\":\"https:\/\/inspire.chu-toulouse.fr\/wp-content\/uploads\/2024\/03\/icon-microscope.png\",\"contentUrl\":\"https:\/\/inspire.chu-toulouse.fr\/wp-content\/uploads\/2024\/03\/icon-microscope.png\"},{\"@type\":\"BreadcrumbList\",\"@id\":\"https:\/\/ihuhealthage.fr\/fr\/nos-atouts\/#breadcrumb\",\"itemListElement\":[{\"@type\":\"ListItem\",\"position\":1,\"name\":\"Accueil\",\"item\":\"https:\/\/ihuhealthage.fr\/fr\/\"},{\"@type\":\"ListItem\",\"position\":2,\"name\":\"Nos atouts\"}]},{\"@type\":\"WebSite\",\"@id\":\"https:\/\/ihuhealthage.fr\/fr\/#website\",\"url\":\"https:\/\/ihuhealthage.fr\/fr\/\",\"name\":\"IHU Healthage\",\"description\":\"\",\"potentialAction\":[{\"@type\":\"SearchAction\",\"target\":{\"@type\":\"EntryPoint\",\"urlTemplate\":\"https:\/\/ihuhealthage.fr\/fr\/?s={search_term_string}\"},\"query-input\":{\"@type\":\"PropertyValueSpecification\",\"valueRequired\":true,\"valueName\":\"search_term_string\"}}],\"inLanguage\":\"fr-FR\"}]}<\/script>\n<!-- \/ Yoast SEO plugin. -->","yoast_head_json":{"title":"Nos atouts - IHU Healthage","robots":{"index":"index","follow":"follow","max-snippet":"max-snippet:-1","max-image-preview":"max-image-preview:large","max-video-preview":"max-video-preview:-1"},"canonical":"https:\/\/ihuhealthage.fr\/fr\/nos-atouts\/","og_locale":"fr_FR","og_type":"article","og_title":"Nos atouts - IHU Healthage","og_description":"Les atouts cl\u00e9s de HealthAge sont\u00a0: Les excellents scientifiques ayant des formations diverses sur le vieillissement, la sant\u00e9 publique, l&rsquo;\u00e9pid\u00e9miologie, la recherche clinique, les sciences fondamentales, l&rsquo;\u00e9conomie de la sant\u00e9 et l&rsquo;intelligence artificielle, qui sont engag\u00e9s dans un objectif collaboratif pour prolonger la long\u00e9vit\u00e9 en bonne sant\u00e9 de la population Les cohortes (humaine, souris, poisson), [&hellip;]","og_url":"https:\/\/ihuhealthage.fr\/fr\/nos-atouts\/","og_site_name":"INSPIRE","article_modified_time":"2025-02-11T09:24:47+00:00","og_image":[{"url":"https:\/\/inspire.chu-toulouse.fr\/wp-content\/uploads\/2024\/03\/icon-microscope.png","type":"","width":"","height":""}],"twitter_card":"summary_large_image","twitter_misc":{"Dur\u00e9e de lecture estim\u00e9e":"3 minutes"},"schema":{"@context":"https:\/\/schema.org","@graph":[{"@type":"WebPage","@id":"https:\/\/ihuhealthage.fr\/fr\/nos-atouts\/","url":"https:\/\/ihuhealthage.fr\/fr\/nos-atouts\/","name":"Nos atouts - IHU Healthage","isPartOf":{"@id":"https:\/\/ihuhealthage.fr\/fr\/#website"},"primaryImageOfPage":{"@id":"https:\/\/ihuhealthage.fr\/fr\/nos-atouts\/#primaryimage"},"image":{"@id":"https:\/\/ihuhealthage.fr\/fr\/nos-atouts\/#primaryimage"},"thumbnailUrl":"https:\/\/inspire.chu-toulouse.fr\/wp-content\/uploads\/2024\/03\/icon-microscope.png","datePublished":"2024-10-22T12:50:42+00:00","dateModified":"2025-02-11T09:24:47+00:00","breadcrumb":{"@id":"https:\/\/ihuhealthage.fr\/fr\/nos-atouts\/#breadcrumb"},"inLanguage":"fr-FR","potentialAction":[{"@type":"ReadAction","target":["https:\/\/ihuhealthage.fr\/fr\/nos-atouts\/"]}]},{"@type":"ImageObject","inLanguage":"fr-FR","@id":"https:\/\/ihuhealthage.fr\/fr\/nos-atouts\/#primaryimage","url":"https:\/\/inspire.chu-toulouse.fr\/wp-content\/uploads\/2024\/03\/icon-microscope.png","contentUrl":"https:\/\/inspire.chu-toulouse.fr\/wp-content\/uploads\/2024\/03\/icon-microscope.png"},{"@type":"BreadcrumbList","@id":"https:\/\/ihuhealthage.fr\/fr\/nos-atouts\/#breadcrumb","itemListElement":[{"@type":"ListItem","position":1,"name":"Accueil","item":"https:\/\/ihuhealthage.fr\/fr\/"},{"@type":"ListItem","position":2,"name":"Nos atouts"}]},{"@type":"WebSite","@id":"https:\/\/ihuhealthage.fr\/fr\/#website","url":"https:\/\/ihuhealthage.fr\/fr\/","name":"IHU Healthage","description":"","potentialAction":[{"@type":"SearchAction","target":{"@type":"EntryPoint","urlTemplate":"https:\/\/ihuhealthage.fr\/fr\/?s={search_term_string}"},"query-input":{"@type":"PropertyValueSpecification","valueRequired":true,"valueName":"search_term_string"}}],"inLanguage":"fr-FR"}]}},"_links":{"self":[{"href":"https:\/\/ihuhealthage.fr\/fr\/wp-json\/wp\/v2\/pages\/2930","targetHints":{"allow":["GET"]}}],"collection":[{"href":"https:\/\/ihuhealthage.fr\/fr\/wp-json\/wp\/v2\/pages"}],"about":[{"href":"https:\/\/ihuhealthage.fr\/fr\/wp-json\/wp\/v2\/types\/page"}],"author":[{"embeddable":true,"href":"https:\/\/ihuhealthage.fr\/fr\/wp-json\/wp\/v2\/users\/6"}],"replies":[{"embeddable":true,"href":"https:\/\/ihuhealthage.fr\/fr\/wp-json\/wp\/v2\/comments?post=2930"}],"version-history":[{"count":14,"href":"https:\/\/ihuhealthage.fr\/fr\/wp-json\/wp\/v2\/pages\/2930\/revisions"}],"predecessor-version":[{"id":4254,"href":"https:\/\/ihuhealthage.fr\/fr\/wp-json\/wp\/v2\/pages\/2930\/revisions\/4254"}],"wp:attachment":[{"href":"https:\/\/ihuhealthage.fr\/fr\/wp-json\/wp\/v2\/media?parent=2930"}],"curies":[{"name":"wp","href":"https:\/\/api.w.org\/{rel}","templated":true}]}}