{"id":2926,"date":"2024-10-22T14:21:58","date_gmt":"2024-10-22T12:21:58","guid":{"rendered":"https:\/\/ihuhealthage.fr\/fr\/?page_id=2926"},"modified":"2024-11-26T10:35:58","modified_gmt":"2024-11-26T09:35:58","slug":"nos-missions","status":"publish","type":"page","link":"https:\/\/ihuhealthage.fr\/fr\/nos-missions\/","title":{"rendered":"Nos missions"},"content":{"rendered":"<p>Les missions de l\u2019IHU sont de\u00a0:<\/p>\n<ul>\n<li style=\"text-align: justify;\">D\u00e9velopper le <strong>programme ICOPE de l\u2019OMS<\/strong> afin de maintenir les 6 fonctions essentielles (vision, audition, m\u00e9moire, bien-\u00eatre psychique, mobilit\u00e9 et nutrition) et de bien vieillir<\/li>\n<li style=\"text-align: justify;\">Mieux comprendre quels sont les <strong>m\u00e9canismes biologiques associ\u00e9s \u00e0 la baisse des fonctions<\/strong> gr\u00e2ce aux cohortes humaines et animales en miroir<\/li>\n<li>Concevoir et mettre en \u0153uvre des essais de m\u00e9dicaments g\u00e9roscientifiques pour une long\u00e9vit\u00e9 en bonne sant\u00e9<\/li>\n<li>D\u00e9velopper des cliniques de long\u00e9vit\u00e9 valid\u00e9es dans les h\u00f4pitaux universitaires<\/li>\n<\/ul>\n","protected":false},"excerpt":{"rendered":"<p>Les missions de l\u2019IHU sont de\u00a0: D\u00e9velopper le programme ICOPE de l\u2019OMS afin de maintenir les 6 fonctions essentielles (vision, audition, m\u00e9moire, bien-\u00eatre psychique, mobilit\u00e9 et nutrition) et de bien vieillir Mieux comprendre quels sont les m\u00e9canismes biologiques associ\u00e9s \u00e0 la baisse des fonctions gr\u00e2ce aux cohortes humaines et animales en miroir Concevoir et mettre [&hellip;]<\/p>\n","protected":false},"author":6,"featured_media":0,"parent":0,"menu_order":0,"comment_status":"closed","ping_status":"closed","template":"","meta":{"footnotes":""},"class_list":["post-2926","page","type-page","status-publish","hentry"],"yoast_head":"<!-- This site is optimized with the Yoast SEO plugin v24.7 - https:\/\/yoast.com\/wordpress\/plugins\/seo\/ -->\n<title>Nos missions - IHU Healthage<\/title>\n<meta name=\"robots\" content=\"index, follow, max-snippet:-1, max-image-preview:large, max-video-preview:-1\" \/>\n<link rel=\"canonical\" href=\"https:\/\/ihuhealthage.fr\/fr\/nos-missions\/\" \/>\n<meta property=\"og:locale\" content=\"fr_FR\" \/>\n<meta property=\"og:type\" content=\"article\" \/>\n<meta property=\"og:title\" content=\"Nos missions - IHU Healthage\" \/>\n<meta property=\"og:description\" content=\"Les missions de l\u2019IHU sont de\u00a0: D\u00e9velopper le programme ICOPE de l\u2019OMS afin de maintenir les 6 fonctions essentielles (vision, audition, m\u00e9moire, bien-\u00eatre psychique, mobilit\u00e9 et nutrition) et de bien vieillir Mieux comprendre quels sont les m\u00e9canismes biologiques associ\u00e9s \u00e0 la baisse des fonctions gr\u00e2ce aux cohortes humaines et animales en miroir Concevoir et mettre [&hellip;]\" \/>\n<meta property=\"og:url\" content=\"https:\/\/ihuhealthage.fr\/fr\/nos-missions\/\" \/>\n<meta property=\"og:site_name\" content=\"INSPIRE\" \/>\n<meta property=\"article:modified_time\" content=\"2024-11-26T09:35:58+00:00\" \/>\n<meta name=\"twitter:card\" content=\"summary_large_image\" \/>\n<meta name=\"twitter:label1\" content=\"Dur\u00e9e de lecture estim\u00e9e\" \/>\n\t<meta name=\"twitter:data1\" content=\"1 minute\" \/>\n<script type=\"application\/ld+json\" class=\"yoast-schema-graph\">{\"@context\":\"https:\/\/schema.org\",\"@graph\":[{\"@type\":\"WebPage\",\"@id\":\"https:\/\/ihuhealthage.fr\/fr\/nos-missions\/\",\"url\":\"https:\/\/ihuhealthage.fr\/fr\/nos-missions\/\",\"name\":\"Nos missions - IHU Healthage\",\"isPartOf\":{\"@id\":\"https:\/\/ihuhealthage.fr\/fr\/#website\"},\"datePublished\":\"2024-10-22T12:21:58+00:00\",\"dateModified\":\"2024-11-26T09:35:58+00:00\",\"breadcrumb\":{\"@id\":\"https:\/\/ihuhealthage.fr\/fr\/nos-missions\/#breadcrumb\"},\"inLanguage\":\"fr-FR\",\"potentialAction\":[{\"@type\":\"ReadAction\",\"target\":[\"https:\/\/ihuhealthage.fr\/fr\/nos-missions\/\"]}]},{\"@type\":\"BreadcrumbList\",\"@id\":\"https:\/\/ihuhealthage.fr\/fr\/nos-missions\/#breadcrumb\",\"itemListElement\":[{\"@type\":\"ListItem\",\"position\":1,\"name\":\"Accueil\",\"item\":\"https:\/\/ihuhealthage.fr\/fr\/\"},{\"@type\":\"ListItem\",\"position\":2,\"name\":\"Nos missions\"}]},{\"@type\":\"WebSite\",\"@id\":\"https:\/\/ihuhealthage.fr\/fr\/#website\",\"url\":\"https:\/\/ihuhealthage.fr\/fr\/\",\"name\":\"IHU Healthage\",\"description\":\"\",\"potentialAction\":[{\"@type\":\"SearchAction\",\"target\":{\"@type\":\"EntryPoint\",\"urlTemplate\":\"https:\/\/ihuhealthage.fr\/fr\/?s={search_term_string}\"},\"query-input\":{\"@type\":\"PropertyValueSpecification\",\"valueRequired\":true,\"valueName\":\"search_term_string\"}}],\"inLanguage\":\"fr-FR\"}]}<\/script>\n<!-- \/ Yoast SEO plugin. -->","yoast_head_json":{"title":"Nos missions - IHU Healthage","robots":{"index":"index","follow":"follow","max-snippet":"max-snippet:-1","max-image-preview":"max-image-preview:large","max-video-preview":"max-video-preview:-1"},"canonical":"https:\/\/ihuhealthage.fr\/fr\/nos-missions\/","og_locale":"fr_FR","og_type":"article","og_title":"Nos missions - IHU Healthage","og_description":"Les missions de l\u2019IHU sont de\u00a0: D\u00e9velopper le programme ICOPE de l\u2019OMS afin de maintenir les 6 fonctions essentielles (vision, audition, m\u00e9moire, bien-\u00eatre psychique, mobilit\u00e9 et nutrition) et de bien vieillir Mieux comprendre quels sont les m\u00e9canismes biologiques associ\u00e9s \u00e0 la baisse des fonctions gr\u00e2ce aux cohortes humaines et animales en miroir Concevoir et mettre [&hellip;]","og_url":"https:\/\/ihuhealthage.fr\/fr\/nos-missions\/","og_site_name":"INSPIRE","article_modified_time":"2024-11-26T09:35:58+00:00","twitter_card":"summary_large_image","twitter_misc":{"Dur\u00e9e de lecture estim\u00e9e":"1 minute"},"schema":{"@context":"https:\/\/schema.org","@graph":[{"@type":"WebPage","@id":"https:\/\/ihuhealthage.fr\/fr\/nos-missions\/","url":"https:\/\/ihuhealthage.fr\/fr\/nos-missions\/","name":"Nos missions - IHU Healthage","isPartOf":{"@id":"https:\/\/ihuhealthage.fr\/fr\/#website"},"datePublished":"2024-10-22T12:21:58+00:00","dateModified":"2024-11-26T09:35:58+00:00","breadcrumb":{"@id":"https:\/\/ihuhealthage.fr\/fr\/nos-missions\/#breadcrumb"},"inLanguage":"fr-FR","potentialAction":[{"@type":"ReadAction","target":["https:\/\/ihuhealthage.fr\/fr\/nos-missions\/"]}]},{"@type":"BreadcrumbList","@id":"https:\/\/ihuhealthage.fr\/fr\/nos-missions\/#breadcrumb","itemListElement":[{"@type":"ListItem","position":1,"name":"Accueil","item":"https:\/\/ihuhealthage.fr\/fr\/"},{"@type":"ListItem","position":2,"name":"Nos missions"}]},{"@type":"WebSite","@id":"https:\/\/ihuhealthage.fr\/fr\/#website","url":"https:\/\/ihuhealthage.fr\/fr\/","name":"IHU Healthage","description":"","potentialAction":[{"@type":"SearchAction","target":{"@type":"EntryPoint","urlTemplate":"https:\/\/ihuhealthage.fr\/fr\/?s={search_term_string}"},"query-input":{"@type":"PropertyValueSpecification","valueRequired":true,"valueName":"search_term_string"}}],"inLanguage":"fr-FR"}]}},"_links":{"self":[{"href":"https:\/\/ihuhealthage.fr\/fr\/wp-json\/wp\/v2\/pages\/2926","targetHints":{"allow":["GET"]}}],"collection":[{"href":"https:\/\/ihuhealthage.fr\/fr\/wp-json\/wp\/v2\/pages"}],"about":[{"href":"https:\/\/ihuhealthage.fr\/fr\/wp-json\/wp\/v2\/types\/page"}],"author":[{"embeddable":true,"href":"https:\/\/ihuhealthage.fr\/fr\/wp-json\/wp\/v2\/users\/6"}],"replies":[{"embeddable":true,"href":"https:\/\/ihuhealthage.fr\/fr\/wp-json\/wp\/v2\/comments?post=2926"}],"version-history":[{"count":3,"href":"https:\/\/ihuhealthage.fr\/fr\/wp-json\/wp\/v2\/pages\/2926\/revisions"}],"predecessor-version":[{"id":3497,"href":"https:\/\/ihuhealthage.fr\/fr\/wp-json\/wp\/v2\/pages\/2926\/revisions\/3497"}],"wp:attachment":[{"href":"https:\/\/ihuhealthage.fr\/fr\/wp-json\/wp\/v2\/media?parent=2926"}],"curies":[{"name":"wp","href":"https:\/\/api.w.org\/{rel}","templated":true}]}}