{"id":2920,"date":"2024-10-22T14:17:58","date_gmt":"2024-10-22T12:17:58","guid":{"rendered":"https:\/\/ihuhealthage.fr\/fr\/?page_id=2920"},"modified":"2025-01-24T10:58:08","modified_gmt":"2025-01-24T09:58:08","slug":"notre-vision","status":"publish","type":"page","link":"https:\/\/ihuhealthage.fr\/fr\/notre-vision\/","title":{"rendered":"Notre vision"},"content":{"rendered":"<p style=\"text-align: justify;\">HealthAge est le premier institut translationnel europ\u00e9en de recherche sur la <strong>pr\u00e9vention, la long\u00e9vit\u00e9, le vieillissement en sant\u00e9 et la G\u00e9roscience<\/strong>. HealthAge nous positionne \u00e0 la pointe de l\u2019innovation en mati\u00e8re de sant\u00e9 de demain, qui permettra de renforcer les 6 fonctions essentielles des individus (vision, audition, bien-\u00eatre psychique, m\u00e9moire, mobilit\u00e9 et nutrition) et prolongera l\u2019esp\u00e9rance de vie en bonne sant\u00e9, correspondant au nombre d\u2019ann\u00e9es de vie en bonne sant\u00e9. Cela passe par :<\/p>\n<ul>\n<li>un <strong>suivi r\u00e9gulier des 6 fonctions essentielles<\/strong><\/li>\n<li>une meilleure <strong>prise en charge des maladies li\u00e9es \u00e0 l\u2019\u00e2ge<\/strong><\/li>\n<li>le d\u00e9veloppement de <strong>nouveaux m\u00e9dicaments<\/strong><\/li>\n<li>l\u2019<strong>accompagnement des personnes \u00e2g\u00e9es<\/strong><\/li>\n<li>le <strong>d\u00e9ploiement d\u2019infrastructures adapt\u00e9es<\/strong><\/li>\n<\/ul>\n<p>&nbsp;<\/p>\n<p><img loading=\"lazy\" decoding=\"async\" class=\"size-large wp-image-2979 aligncenter\" src=\"https:\/\/inspire.chu-toulouse.fr\/wp-content\/uploads\/2024\/10\/Piliers-IHU-e1729686326515-1110x654.png\" alt=\"\" width=\"1110\" height=\"654\" srcset=\"https:\/\/inspire.chu-toulouse.fr\/wp-content\/uploads\/2024\/10\/Piliers-IHU-e1729686326515-1110x654.png 1110w, https:\/\/inspire.chu-toulouse.fr\/wp-content\/uploads\/2024\/10\/Piliers-IHU-e1729686326515-509x300.png 509w, https:\/\/inspire.chu-toulouse.fr\/wp-content\/uploads\/2024\/10\/Piliers-IHU-e1729686326515-768x453.png 768w, https:\/\/inspire.chu-toulouse.fr\/wp-content\/uploads\/2024\/10\/Piliers-IHU-e1729686326515.png 1222w\" sizes=\"auto, (max-width: 1110px) 100vw, 1110px\" \/><\/p>\n","protected":false},"excerpt":{"rendered":"<p>HealthAge est le premier institut translationnel europ\u00e9en de recherche sur la pr\u00e9vention, la long\u00e9vit\u00e9, le vieillissement en sant\u00e9 et la G\u00e9roscience. HealthAge nous positionne \u00e0 la pointe de l\u2019innovation en mati\u00e8re de sant\u00e9 de demain, qui permettra de renforcer les 6 fonctions essentielles des individus (vision, audition, bien-\u00eatre psychique, m\u00e9moire, mobilit\u00e9 et nutrition) et prolongera [&hellip;]<\/p>\n","protected":false},"author":6,"featured_media":0,"parent":0,"menu_order":0,"comment_status":"closed","ping_status":"closed","template":"","meta":{"footnotes":""},"class_list":["post-2920","page","type-page","status-publish","hentry"],"yoast_head":"<!-- This site is optimized with the Yoast SEO plugin v24.7 - https:\/\/yoast.com\/wordpress\/plugins\/seo\/ -->\n<title>Notre vision - IHU Healthage<\/title>\n<meta name=\"robots\" content=\"index, follow, max-snippet:-1, max-image-preview:large, max-video-preview:-1\" \/>\n<link rel=\"canonical\" href=\"https:\/\/ihuhealthage.fr\/fr\/notre-vision\/\" \/>\n<meta property=\"og:locale\" content=\"fr_FR\" \/>\n<meta property=\"og:type\" content=\"article\" \/>\n<meta property=\"og:title\" content=\"Notre vision - IHU Healthage\" \/>\n<meta property=\"og:description\" content=\"HealthAge est le premier institut translationnel europ\u00e9en de recherche sur la pr\u00e9vention, la long\u00e9vit\u00e9, le vieillissement en sant\u00e9 et la G\u00e9roscience. HealthAge nous positionne \u00e0 la pointe de l\u2019innovation en mati\u00e8re de sant\u00e9 de demain, qui permettra de renforcer les 6 fonctions essentielles des individus (vision, audition, bien-\u00eatre psychique, m\u00e9moire, mobilit\u00e9 et nutrition) et prolongera [&hellip;]\" \/>\n<meta property=\"og:url\" content=\"https:\/\/ihuhealthage.fr\/fr\/notre-vision\/\" \/>\n<meta property=\"og:site_name\" content=\"INSPIRE\" \/>\n<meta property=\"article:modified_time\" content=\"2025-01-24T09:58:08+00:00\" \/>\n<meta property=\"og:image\" content=\"https:\/\/inspire.chu-toulouse.fr\/wp-content\/uploads\/2024\/10\/Piliers-IHU-e1729686326515-1110x654.png\" \/>\n<meta name=\"twitter:card\" content=\"summary_large_image\" \/>\n<meta name=\"twitter:label1\" content=\"Dur\u00e9e de lecture estim\u00e9e\" \/>\n\t<meta name=\"twitter:data1\" content=\"1 minute\" \/>\n<script type=\"application\/ld+json\" class=\"yoast-schema-graph\">{\"@context\":\"https:\/\/schema.org\",\"@graph\":[{\"@type\":\"WebPage\",\"@id\":\"https:\/\/ihuhealthage.fr\/fr\/notre-vision\/\",\"url\":\"https:\/\/ihuhealthage.fr\/fr\/notre-vision\/\",\"name\":\"Notre vision - IHU Healthage\",\"isPartOf\":{\"@id\":\"https:\/\/ihuhealthage.fr\/fr\/#website\"},\"primaryImageOfPage\":{\"@id\":\"https:\/\/ihuhealthage.fr\/fr\/notre-vision\/#primaryimage\"},\"image\":{\"@id\":\"https:\/\/ihuhealthage.fr\/fr\/notre-vision\/#primaryimage\"},\"thumbnailUrl\":\"https:\/\/inspire.chu-toulouse.fr\/wp-content\/uploads\/2024\/10\/Piliers-IHU-e1729686326515-1110x654.png\",\"datePublished\":\"2024-10-22T12:17:58+00:00\",\"dateModified\":\"2025-01-24T09:58:08+00:00\",\"breadcrumb\":{\"@id\":\"https:\/\/ihuhealthage.fr\/fr\/notre-vision\/#breadcrumb\"},\"inLanguage\":\"fr-FR\",\"potentialAction\":[{\"@type\":\"ReadAction\",\"target\":[\"https:\/\/ihuhealthage.fr\/fr\/notre-vision\/\"]}]},{\"@type\":\"ImageObject\",\"inLanguage\":\"fr-FR\",\"@id\":\"https:\/\/ihuhealthage.fr\/fr\/notre-vision\/#primaryimage\",\"url\":\"https:\/\/inspire.chu-toulouse.fr\/wp-content\/uploads\/2024\/10\/Piliers-IHU-e1729686326515-1110x654.png\",\"contentUrl\":\"https:\/\/inspire.chu-toulouse.fr\/wp-content\/uploads\/2024\/10\/Piliers-IHU-e1729686326515-1110x654.png\"},{\"@type\":\"BreadcrumbList\",\"@id\":\"https:\/\/ihuhealthage.fr\/fr\/notre-vision\/#breadcrumb\",\"itemListElement\":[{\"@type\":\"ListItem\",\"position\":1,\"name\":\"Accueil\",\"item\":\"https:\/\/ihuhealthage.fr\/fr\/\"},{\"@type\":\"ListItem\",\"position\":2,\"name\":\"Notre vision\"}]},{\"@type\":\"WebSite\",\"@id\":\"https:\/\/ihuhealthage.fr\/fr\/#website\",\"url\":\"https:\/\/ihuhealthage.fr\/fr\/\",\"name\":\"IHU Healthage\",\"description\":\"\",\"potentialAction\":[{\"@type\":\"SearchAction\",\"target\":{\"@type\":\"EntryPoint\",\"urlTemplate\":\"https:\/\/ihuhealthage.fr\/fr\/?s={search_term_string}\"},\"query-input\":{\"@type\":\"PropertyValueSpecification\",\"valueRequired\":true,\"valueName\":\"search_term_string\"}}],\"inLanguage\":\"fr-FR\"}]}<\/script>\n<!-- \/ Yoast SEO plugin. -->","yoast_head_json":{"title":"Notre vision - IHU Healthage","robots":{"index":"index","follow":"follow","max-snippet":"max-snippet:-1","max-image-preview":"max-image-preview:large","max-video-preview":"max-video-preview:-1"},"canonical":"https:\/\/ihuhealthage.fr\/fr\/notre-vision\/","og_locale":"fr_FR","og_type":"article","og_title":"Notre vision - IHU Healthage","og_description":"HealthAge est le premier institut translationnel europ\u00e9en de recherche sur la pr\u00e9vention, la long\u00e9vit\u00e9, le vieillissement en sant\u00e9 et la G\u00e9roscience. HealthAge nous positionne \u00e0 la pointe de l\u2019innovation en mati\u00e8re de sant\u00e9 de demain, qui permettra de renforcer les 6 fonctions essentielles des individus (vision, audition, bien-\u00eatre psychique, m\u00e9moire, mobilit\u00e9 et nutrition) et prolongera [&hellip;]","og_url":"https:\/\/ihuhealthage.fr\/fr\/notre-vision\/","og_site_name":"INSPIRE","article_modified_time":"2025-01-24T09:58:08+00:00","og_image":[{"url":"https:\/\/inspire.chu-toulouse.fr\/wp-content\/uploads\/2024\/10\/Piliers-IHU-e1729686326515-1110x654.png","type":"","width":"","height":""}],"twitter_card":"summary_large_image","twitter_misc":{"Dur\u00e9e de lecture estim\u00e9e":"1 minute"},"schema":{"@context":"https:\/\/schema.org","@graph":[{"@type":"WebPage","@id":"https:\/\/ihuhealthage.fr\/fr\/notre-vision\/","url":"https:\/\/ihuhealthage.fr\/fr\/notre-vision\/","name":"Notre vision - IHU Healthage","isPartOf":{"@id":"https:\/\/ihuhealthage.fr\/fr\/#website"},"primaryImageOfPage":{"@id":"https:\/\/ihuhealthage.fr\/fr\/notre-vision\/#primaryimage"},"image":{"@id":"https:\/\/ihuhealthage.fr\/fr\/notre-vision\/#primaryimage"},"thumbnailUrl":"https:\/\/inspire.chu-toulouse.fr\/wp-content\/uploads\/2024\/10\/Piliers-IHU-e1729686326515-1110x654.png","datePublished":"2024-10-22T12:17:58+00:00","dateModified":"2025-01-24T09:58:08+00:00","breadcrumb":{"@id":"https:\/\/ihuhealthage.fr\/fr\/notre-vision\/#breadcrumb"},"inLanguage":"fr-FR","potentialAction":[{"@type":"ReadAction","target":["https:\/\/ihuhealthage.fr\/fr\/notre-vision\/"]}]},{"@type":"ImageObject","inLanguage":"fr-FR","@id":"https:\/\/ihuhealthage.fr\/fr\/notre-vision\/#primaryimage","url":"https:\/\/inspire.chu-toulouse.fr\/wp-content\/uploads\/2024\/10\/Piliers-IHU-e1729686326515-1110x654.png","contentUrl":"https:\/\/inspire.chu-toulouse.fr\/wp-content\/uploads\/2024\/10\/Piliers-IHU-e1729686326515-1110x654.png"},{"@type":"BreadcrumbList","@id":"https:\/\/ihuhealthage.fr\/fr\/notre-vision\/#breadcrumb","itemListElement":[{"@type":"ListItem","position":1,"name":"Accueil","item":"https:\/\/ihuhealthage.fr\/fr\/"},{"@type":"ListItem","position":2,"name":"Notre vision"}]},{"@type":"WebSite","@id":"https:\/\/ihuhealthage.fr\/fr\/#website","url":"https:\/\/ihuhealthage.fr\/fr\/","name":"IHU Healthage","description":"","potentialAction":[{"@type":"SearchAction","target":{"@type":"EntryPoint","urlTemplate":"https:\/\/ihuhealthage.fr\/fr\/?s={search_term_string}"},"query-input":{"@type":"PropertyValueSpecification","valueRequired":true,"valueName":"search_term_string"}}],"inLanguage":"fr-FR"}]}},"_links":{"self":[{"href":"https:\/\/ihuhealthage.fr\/fr\/wp-json\/wp\/v2\/pages\/2920","targetHints":{"allow":["GET"]}}],"collection":[{"href":"https:\/\/ihuhealthage.fr\/fr\/wp-json\/wp\/v2\/pages"}],"about":[{"href":"https:\/\/ihuhealthage.fr\/fr\/wp-json\/wp\/v2\/types\/page"}],"author":[{"embeddable":true,"href":"https:\/\/ihuhealthage.fr\/fr\/wp-json\/wp\/v2\/users\/6"}],"replies":[{"embeddable":true,"href":"https:\/\/ihuhealthage.fr\/fr\/wp-json\/wp\/v2\/comments?post=2920"}],"version-history":[{"count":9,"href":"https:\/\/ihuhealthage.fr\/fr\/wp-json\/wp\/v2\/pages\/2920\/revisions"}],"predecessor-version":[{"id":4052,"href":"https:\/\/ihuhealthage.fr\/fr\/wp-json\/wp\/v2\/pages\/2920\/revisions\/4052"}],"wp:attachment":[{"href":"https:\/\/ihuhealthage.fr\/fr\/wp-json\/wp\/v2\/media?parent=2920"}],"curies":[{"name":"wp","href":"https:\/\/api.w.org\/{rel}","templated":true}]}}