{"id":2905,"date":"2024-10-22T13:22:38","date_gmt":"2024-10-22T11:22:38","guid":{"rendered":"https:\/\/ihuhealthage.fr\/fr\/?page_id=2905"},"modified":"2024-10-24T09:21:12","modified_gmt":"2024-10-24T07:21:12","slug":"les-enjeux","status":"publish","type":"page","link":"https:\/\/ihuhealthage.fr\/fr\/les-enjeux\/","title":{"rendered":"Les enjeux"},"content":{"rendered":"<p style=\"text-align: justify;\"><strong>L\u2019augmentation rapide de la proportion de seniors et l\u2019inversion de la pyramide des \u00e2ges<\/strong> posent de nombreux d\u00e9fis, m\u00e9dicaux, humains, \u00e9conomiques, soci\u00e9taux, \u00e0 l\u2019\u00e9chelle plan\u00e9taire. Malgr\u00e9 les progr\u00e8s m\u00e9dicaux des derni\u00e8res d\u00e9cennies, cette inversion in\u00e9dite de la pyramide des \u00e2ges et l\u2019augmentation du poids des pathologies li\u00e9es \u00e0 l\u2019\u00e2ge et \u00e0 la d\u00e9pendance font \u00e9voluer la notion d\u2019esp\u00e9rance de vie vers celle d\u2019une <strong>long\u00e9vit\u00e9 en bonne sant\u00e9<\/strong>. En effet, la m\u00e9decine d&rsquo;aujourd&rsquo;hui se concentre sur les maladies aigu\u00ebs. Cette approche a permis de prolonger la long\u00e9vit\u00e9 totale. Cependant, un changement radical de paradigme en m\u00e9decine est n\u00e9cessaire pour s&rsquo;orienter vers la pr\u00e9vention afin de prolonger \u00e9galement la long\u00e9vit\u00e9 en bonne sant\u00e9.<\/p>\n<p style=\"text-align: justify;\">La <strong>m\u00e9decine g\u00e9roscientifique<\/strong> doit donc cibler la <strong>biologie du vieillissement<\/strong> et proposer une prise en charge, id\u00e9alement pr\u00e9ventive et dans tous les cas globale, <strong>centr\u00e9e sur la personne et le d\u00e9clin fonctionnel<\/strong> plut\u00f4t que sur une maladie.<\/p>\n<p>&nbsp;<\/p>\n<p><img loading=\"lazy\" decoding=\"async\" class=\"aligncenter size-full wp-image-2914\" src=\"https:\/\/inspire.chu-toulouse.fr\/wp-content\/uploads\/2024\/10\/Chiffres_cles.png\" alt=\"\" width=\"903\" height=\"506\" srcset=\"https:\/\/inspire.chu-toulouse.fr\/wp-content\/uploads\/2024\/10\/Chiffres_cles.png 903w, https:\/\/inspire.chu-toulouse.fr\/wp-content\/uploads\/2024\/10\/Chiffres_cles-535x300.png 535w, https:\/\/inspire.chu-toulouse.fr\/wp-content\/uploads\/2024\/10\/Chiffres_cles-768x430.png 768w\" sizes=\"auto, (max-width: 903px) 100vw, 903px\" \/><\/p>\n","protected":false},"excerpt":{"rendered":"<p>L\u2019augmentation rapide de la proportion de seniors et l\u2019inversion de la pyramide des \u00e2ges posent de nombreux d\u00e9fis, m\u00e9dicaux, humains, \u00e9conomiques, soci\u00e9taux, \u00e0 l\u2019\u00e9chelle plan\u00e9taire. Malgr\u00e9 les progr\u00e8s m\u00e9dicaux des derni\u00e8res d\u00e9cennies, cette inversion in\u00e9dite de la pyramide des \u00e2ges et l\u2019augmentation du poids des pathologies li\u00e9es \u00e0 l\u2019\u00e2ge et \u00e0 la d\u00e9pendance font \u00e9voluer [&hellip;]<\/p>\n","protected":false},"author":6,"featured_media":0,"parent":0,"menu_order":0,"comment_status":"closed","ping_status":"closed","template":"","meta":{"footnotes":""},"class_list":["post-2905","page","type-page","status-publish","hentry"],"yoast_head":"<!-- This site is optimized with the Yoast SEO plugin v24.7 - https:\/\/yoast.com\/wordpress\/plugins\/seo\/ -->\n<title>Les enjeux - IHU Healthage<\/title>\n<meta name=\"robots\" content=\"index, follow, max-snippet:-1, max-image-preview:large, max-video-preview:-1\" \/>\n<link rel=\"canonical\" href=\"https:\/\/ihuhealthage.fr\/fr\/les-enjeux\/\" \/>\n<meta property=\"og:locale\" content=\"fr_FR\" \/>\n<meta property=\"og:type\" content=\"article\" \/>\n<meta property=\"og:title\" content=\"Les enjeux - IHU Healthage\" \/>\n<meta property=\"og:description\" content=\"L\u2019augmentation rapide de la proportion de seniors et l\u2019inversion de la pyramide des \u00e2ges posent de nombreux d\u00e9fis, m\u00e9dicaux, humains, \u00e9conomiques, soci\u00e9taux, \u00e0 l\u2019\u00e9chelle plan\u00e9taire. Malgr\u00e9 les progr\u00e8s m\u00e9dicaux des derni\u00e8res d\u00e9cennies, cette inversion in\u00e9dite de la pyramide des \u00e2ges et l\u2019augmentation du poids des pathologies li\u00e9es \u00e0 l\u2019\u00e2ge et \u00e0 la d\u00e9pendance font \u00e9voluer [&hellip;]\" \/>\n<meta property=\"og:url\" content=\"https:\/\/ihuhealthage.fr\/fr\/les-enjeux\/\" \/>\n<meta property=\"og:site_name\" content=\"INSPIRE\" \/>\n<meta property=\"article:modified_time\" content=\"2024-10-24T07:21:12+00:00\" \/>\n<meta property=\"og:image\" content=\"https:\/\/inspire.chu-toulouse.fr\/wp-content\/uploads\/2024\/10\/Chiffres_cles.png\" \/>\n<meta name=\"twitter:card\" content=\"summary_large_image\" \/>\n<meta name=\"twitter:label1\" content=\"Dur\u00e9e de lecture estim\u00e9e\" \/>\n\t<meta name=\"twitter:data1\" content=\"1 minute\" \/>\n<script type=\"application\/ld+json\" class=\"yoast-schema-graph\">{\"@context\":\"https:\/\/schema.org\",\"@graph\":[{\"@type\":\"WebPage\",\"@id\":\"https:\/\/ihuhealthage.fr\/fr\/les-enjeux\/\",\"url\":\"https:\/\/ihuhealthage.fr\/fr\/les-enjeux\/\",\"name\":\"Les enjeux - IHU Healthage\",\"isPartOf\":{\"@id\":\"https:\/\/ihuhealthage.fr\/fr\/#website\"},\"primaryImageOfPage\":{\"@id\":\"https:\/\/ihuhealthage.fr\/fr\/les-enjeux\/#primaryimage\"},\"image\":{\"@id\":\"https:\/\/ihuhealthage.fr\/fr\/les-enjeux\/#primaryimage\"},\"thumbnailUrl\":\"https:\/\/inspire.chu-toulouse.fr\/wp-content\/uploads\/2024\/10\/Chiffres_cles.png\",\"datePublished\":\"2024-10-22T11:22:38+00:00\",\"dateModified\":\"2024-10-24T07:21:12+00:00\",\"breadcrumb\":{\"@id\":\"https:\/\/ihuhealthage.fr\/fr\/les-enjeux\/#breadcrumb\"},\"inLanguage\":\"fr-FR\",\"potentialAction\":[{\"@type\":\"ReadAction\",\"target\":[\"https:\/\/ihuhealthage.fr\/fr\/les-enjeux\/\"]}]},{\"@type\":\"ImageObject\",\"inLanguage\":\"fr-FR\",\"@id\":\"https:\/\/ihuhealthage.fr\/fr\/les-enjeux\/#primaryimage\",\"url\":\"https:\/\/inspire.chu-toulouse.fr\/wp-content\/uploads\/2024\/10\/Chiffres_cles.png\",\"contentUrl\":\"https:\/\/inspire.chu-toulouse.fr\/wp-content\/uploads\/2024\/10\/Chiffres_cles.png\"},{\"@type\":\"BreadcrumbList\",\"@id\":\"https:\/\/ihuhealthage.fr\/fr\/les-enjeux\/#breadcrumb\",\"itemListElement\":[{\"@type\":\"ListItem\",\"position\":1,\"name\":\"Accueil\",\"item\":\"https:\/\/ihuhealthage.fr\/fr\/\"},{\"@type\":\"ListItem\",\"position\":2,\"name\":\"Les enjeux\"}]},{\"@type\":\"WebSite\",\"@id\":\"https:\/\/ihuhealthage.fr\/fr\/#website\",\"url\":\"https:\/\/ihuhealthage.fr\/fr\/\",\"name\":\"IHU Healthage\",\"description\":\"\",\"potentialAction\":[{\"@type\":\"SearchAction\",\"target\":{\"@type\":\"EntryPoint\",\"urlTemplate\":\"https:\/\/ihuhealthage.fr\/fr\/?s={search_term_string}\"},\"query-input\":{\"@type\":\"PropertyValueSpecification\",\"valueRequired\":true,\"valueName\":\"search_term_string\"}}],\"inLanguage\":\"fr-FR\"}]}<\/script>\n<!-- \/ Yoast SEO plugin. -->","yoast_head_json":{"title":"Les enjeux - IHU Healthage","robots":{"index":"index","follow":"follow","max-snippet":"max-snippet:-1","max-image-preview":"max-image-preview:large","max-video-preview":"max-video-preview:-1"},"canonical":"https:\/\/ihuhealthage.fr\/fr\/les-enjeux\/","og_locale":"fr_FR","og_type":"article","og_title":"Les enjeux - IHU Healthage","og_description":"L\u2019augmentation rapide de la proportion de seniors et l\u2019inversion de la pyramide des \u00e2ges posent de nombreux d\u00e9fis, m\u00e9dicaux, humains, \u00e9conomiques, soci\u00e9taux, \u00e0 l\u2019\u00e9chelle plan\u00e9taire. Malgr\u00e9 les progr\u00e8s m\u00e9dicaux des derni\u00e8res d\u00e9cennies, cette inversion in\u00e9dite de la pyramide des \u00e2ges et l\u2019augmentation du poids des pathologies li\u00e9es \u00e0 l\u2019\u00e2ge et \u00e0 la d\u00e9pendance font \u00e9voluer [&hellip;]","og_url":"https:\/\/ihuhealthage.fr\/fr\/les-enjeux\/","og_site_name":"INSPIRE","article_modified_time":"2024-10-24T07:21:12+00:00","og_image":[{"url":"https:\/\/inspire.chu-toulouse.fr\/wp-content\/uploads\/2024\/10\/Chiffres_cles.png","type":"","width":"","height":""}],"twitter_card":"summary_large_image","twitter_misc":{"Dur\u00e9e de lecture estim\u00e9e":"1 minute"},"schema":{"@context":"https:\/\/schema.org","@graph":[{"@type":"WebPage","@id":"https:\/\/ihuhealthage.fr\/fr\/les-enjeux\/","url":"https:\/\/ihuhealthage.fr\/fr\/les-enjeux\/","name":"Les enjeux - IHU Healthage","isPartOf":{"@id":"https:\/\/ihuhealthage.fr\/fr\/#website"},"primaryImageOfPage":{"@id":"https:\/\/ihuhealthage.fr\/fr\/les-enjeux\/#primaryimage"},"image":{"@id":"https:\/\/ihuhealthage.fr\/fr\/les-enjeux\/#primaryimage"},"thumbnailUrl":"https:\/\/inspire.chu-toulouse.fr\/wp-content\/uploads\/2024\/10\/Chiffres_cles.png","datePublished":"2024-10-22T11:22:38+00:00","dateModified":"2024-10-24T07:21:12+00:00","breadcrumb":{"@id":"https:\/\/ihuhealthage.fr\/fr\/les-enjeux\/#breadcrumb"},"inLanguage":"fr-FR","potentialAction":[{"@type":"ReadAction","target":["https:\/\/ihuhealthage.fr\/fr\/les-enjeux\/"]}]},{"@type":"ImageObject","inLanguage":"fr-FR","@id":"https:\/\/ihuhealthage.fr\/fr\/les-enjeux\/#primaryimage","url":"https:\/\/inspire.chu-toulouse.fr\/wp-content\/uploads\/2024\/10\/Chiffres_cles.png","contentUrl":"https:\/\/inspire.chu-toulouse.fr\/wp-content\/uploads\/2024\/10\/Chiffres_cles.png"},{"@type":"BreadcrumbList","@id":"https:\/\/ihuhealthage.fr\/fr\/les-enjeux\/#breadcrumb","itemListElement":[{"@type":"ListItem","position":1,"name":"Accueil","item":"https:\/\/ihuhealthage.fr\/fr\/"},{"@type":"ListItem","position":2,"name":"Les enjeux"}]},{"@type":"WebSite","@id":"https:\/\/ihuhealthage.fr\/fr\/#website","url":"https:\/\/ihuhealthage.fr\/fr\/","name":"IHU Healthage","description":"","potentialAction":[{"@type":"SearchAction","target":{"@type":"EntryPoint","urlTemplate":"https:\/\/ihuhealthage.fr\/fr\/?s={search_term_string}"},"query-input":{"@type":"PropertyValueSpecification","valueRequired":true,"valueName":"search_term_string"}}],"inLanguage":"fr-FR"}]}},"_links":{"self":[{"href":"https:\/\/ihuhealthage.fr\/fr\/wp-json\/wp\/v2\/pages\/2905","targetHints":{"allow":["GET"]}}],"collection":[{"href":"https:\/\/ihuhealthage.fr\/fr\/wp-json\/wp\/v2\/pages"}],"about":[{"href":"https:\/\/ihuhealthage.fr\/fr\/wp-json\/wp\/v2\/types\/page"}],"author":[{"embeddable":true,"href":"https:\/\/ihuhealthage.fr\/fr\/wp-json\/wp\/v2\/users\/6"}],"replies":[{"embeddable":true,"href":"https:\/\/ihuhealthage.fr\/fr\/wp-json\/wp\/v2\/comments?post=2905"}],"version-history":[{"count":10,"href":"https:\/\/ihuhealthage.fr\/fr\/wp-json\/wp\/v2\/pages\/2905\/revisions"}],"predecessor-version":[{"id":3069,"href":"https:\/\/ihuhealthage.fr\/fr\/wp-json\/wp\/v2\/pages\/2905\/revisions\/3069"}],"wp:attachment":[{"href":"https:\/\/ihuhealthage.fr\/fr\/wp-json\/wp\/v2\/media?parent=2905"}],"curies":[{"name":"wp","href":"https:\/\/api.w.org\/{rel}","templated":true}]}}