{"id":2886,"date":"2024-10-22T11:47:03","date_gmt":"2024-10-22T09:47:03","guid":{"rendered":"https:\/\/ihuhealthage.fr\/fr\/?page_id=2886"},"modified":"2025-01-24T10:58:49","modified_gmt":"2025-01-24T09:58:49","slug":"lihu-healthage","status":"publish","type":"page","link":"https:\/\/ihuhealthage.fr\/fr\/lihu-healthage\/","title":{"rendered":"L\u2019IHU HealthAge"},"content":{"rendered":"<p style=\"text-align: justify;\">Le consortium toulousain HealthAge, labellis\u00e9 IHU en 2023 est le seul IHU en France exclusivement d\u00e9di\u00e9 au vieillissement. Face aux enjeux majeurs que repr\u00e9sente le vieillissement de la population, HealthAge d\u00e9ploie un continuum de recherche translationnelle afin d\u2019<strong>am\u00e9liorer la compr\u00e9hension des ph\u00e9nom\u00e8nes du vieillissement et des pathologies associ\u00e9es, d\u2019imaginer des solutions pour une meilleure prise en charge \u00e0 grande \u00e9chelle et un accompagnement vers le vieillissement en sant\u00e9<\/strong>. Selon l\u2019OMS, le vieillissement en sant\u00e9 correspond au processus de d\u00e9veloppement et de maintien des aptitudes fonctionnelles qui favorise le bien-\u00eatre pendant la vieillesse. L\u2019IHU HealthAge vise \u00e0 renforcer le capital sant\u00e9 et \u00e0 r\u00e9pondre aux besoins en mati\u00e8re de diagnostic pr\u00e9coce, d&rsquo;innovation et de traitement dans le cadre du vieillissement.<\/p>\n<p style=\"text-align: justify;\">L\u2019IHU HealthAge a pour objectif de devenir un institut de recherche translationnelle de premier plan en Europe d\u00e9di\u00e9 \u00e0 la <strong>pr\u00e9vention du vieillissement, \u00e0 la long\u00e9vit\u00e9 en bonne sant\u00e9 et \u00e0 la G\u00e9roscience<\/strong>. La G\u00e9roscience propose d\u2019agir sur le vieillissement biologique, principal facteur de risque des maladies chroniques li\u00e9es \u00e0 l\u2019\u00e2ge (d\u00e9mence, diab\u00e8te, cancer, maladies cardiaques, \u2026) et du d\u00e9clin fonctionnel. Elle adopte une vision syst\u00e9mique et pr\u00e9ventive du vieillissement centr\u00e9e sur le maintien des capacit\u00e9s. L\u2019IHU HealthAge nous positionne \u00e0 la pointe de l\u2019innovation et de la prise en charge du vieillissement en renfor\u00e7ant les <strong>6 fonctions essentielles<\/strong> (vision, audition, m\u00e9moire, bien-\u00eatre psychique, mobilit\u00e9 et vitalit\u00e9), aussi appel\u00e9es <strong>capacit\u00e9s intrins\u00e8ques<\/strong>, et en prolongeant ainsi l\u2019esp\u00e9rance de vie en bonne sant\u00e9.<\/p>\n<p style=\"text-align: justify;\">Port\u00e9 par le CHU de Toulouse, l\u2019Inserm et l\u2019Universit\u00e9 de Toulouse, HealthAge capitalise sur plus de 20 ans d\u2019exp\u00e9rience et d\u2019excellence au sein du G\u00e9rontop\u00f4le de Toulouse et s\u2019appuie sur un r\u00e9seau de partenaires et de comp\u00e9tences locales et internationales.<\/p>\n<p><img loading=\"lazy\" decoding=\"async\" class=\"aligncenter wp-image-2888 size-large\" src=\"https:\/\/inspire.chu-toulouse.fr\/wp-content\/uploads\/2024\/10\/Frise_siteIHU-e1736245245222-1110x141.png\" alt=\"\" width=\"1110\" height=\"141\" srcset=\"https:\/\/inspire.chu-toulouse.fr\/wp-content\/uploads\/2024\/10\/Frise_siteIHU-e1736245245222-1110x141.png 1110w, https:\/\/inspire.chu-toulouse.fr\/wp-content\/uploads\/2024\/10\/Frise_siteIHU-e1736245245222-730x93.png 730w, https:\/\/inspire.chu-toulouse.fr\/wp-content\/uploads\/2024\/10\/Frise_siteIHU-e1736245245222-768x98.png 768w, https:\/\/inspire.chu-toulouse.fr\/wp-content\/uploads\/2024\/10\/Frise_siteIHU-e1736245245222.png 1526w\" sizes=\"auto, (max-width: 1110px) 100vw, 1110px\" \/><\/p>\n","protected":false},"excerpt":{"rendered":"<p>Le consortium toulousain HealthAge, labellis\u00e9 IHU en 2023 est le seul IHU en France exclusivement d\u00e9di\u00e9 au vieillissement. Face aux enjeux majeurs que repr\u00e9sente le vieillissement de la population, HealthAge d\u00e9ploie un continuum de recherche translationnelle afin d\u2019am\u00e9liorer la compr\u00e9hension des ph\u00e9nom\u00e8nes du vieillissement et des pathologies associ\u00e9es, d\u2019imaginer des solutions pour une meilleure prise [&hellip;]<\/p>\n","protected":false},"author":6,"featured_media":0,"parent":0,"menu_order":0,"comment_status":"closed","ping_status":"closed","template":"","meta":{"footnotes":""},"class_list":["post-2886","page","type-page","status-publish","hentry"],"yoast_head":"<!-- This site is optimized with the Yoast SEO plugin v24.7 - https:\/\/yoast.com\/wordpress\/plugins\/seo\/ -->\n<title>L\u2019IHU HealthAge - IHU Healthage<\/title>\n<meta name=\"robots\" content=\"index, follow, max-snippet:-1, max-image-preview:large, max-video-preview:-1\" \/>\n<link rel=\"canonical\" href=\"https:\/\/ihuhealthage.fr\/fr\/lihu-healthage\/\" \/>\n<meta property=\"og:locale\" content=\"fr_FR\" \/>\n<meta property=\"og:type\" content=\"article\" \/>\n<meta property=\"og:title\" content=\"L\u2019IHU HealthAge - IHU Healthage\" \/>\n<meta property=\"og:description\" content=\"Le consortium toulousain HealthAge, labellis\u00e9 IHU en 2023 est le seul IHU en France exclusivement d\u00e9di\u00e9 au vieillissement. Face aux enjeux majeurs que repr\u00e9sente le vieillissement de la population, HealthAge d\u00e9ploie un continuum de recherche translationnelle afin d\u2019am\u00e9liorer la compr\u00e9hension des ph\u00e9nom\u00e8nes du vieillissement et des pathologies associ\u00e9es, d\u2019imaginer des solutions pour une meilleure prise [&hellip;]\" \/>\n<meta property=\"og:url\" content=\"https:\/\/ihuhealthage.fr\/fr\/lihu-healthage\/\" \/>\n<meta property=\"og:site_name\" content=\"INSPIRE\" \/>\n<meta property=\"article:modified_time\" content=\"2025-01-24T09:58:49+00:00\" \/>\n<meta property=\"og:image\" content=\"https:\/\/inspire.chu-toulouse.fr\/wp-content\/uploads\/2024\/10\/Frise_siteIHU-e1736245245222-1110x141.png\" \/>\n<meta name=\"twitter:card\" content=\"summary_large_image\" \/>\n<meta name=\"twitter:label1\" content=\"Dur\u00e9e de lecture estim\u00e9e\" \/>\n\t<meta name=\"twitter:data1\" content=\"2 minutes\" \/>\n<script type=\"application\/ld+json\" class=\"yoast-schema-graph\">{\"@context\":\"https:\/\/schema.org\",\"@graph\":[{\"@type\":\"WebPage\",\"@id\":\"https:\/\/ihuhealthage.fr\/fr\/lihu-healthage\/\",\"url\":\"https:\/\/ihuhealthage.fr\/fr\/lihu-healthage\/\",\"name\":\"L\u2019IHU HealthAge - IHU Healthage\",\"isPartOf\":{\"@id\":\"https:\/\/ihuhealthage.fr\/fr\/#website\"},\"primaryImageOfPage\":{\"@id\":\"https:\/\/ihuhealthage.fr\/fr\/lihu-healthage\/#primaryimage\"},\"image\":{\"@id\":\"https:\/\/ihuhealthage.fr\/fr\/lihu-healthage\/#primaryimage\"},\"thumbnailUrl\":\"https:\/\/inspire.chu-toulouse.fr\/wp-content\/uploads\/2024\/10\/Frise_siteIHU-e1736245245222-1110x141.png\",\"datePublished\":\"2024-10-22T09:47:03+00:00\",\"dateModified\":\"2025-01-24T09:58:49+00:00\",\"breadcrumb\":{\"@id\":\"https:\/\/ihuhealthage.fr\/fr\/lihu-healthage\/#breadcrumb\"},\"inLanguage\":\"fr-FR\",\"potentialAction\":[{\"@type\":\"ReadAction\",\"target\":[\"https:\/\/ihuhealthage.fr\/fr\/lihu-healthage\/\"]}]},{\"@type\":\"ImageObject\",\"inLanguage\":\"fr-FR\",\"@id\":\"https:\/\/ihuhealthage.fr\/fr\/lihu-healthage\/#primaryimage\",\"url\":\"https:\/\/inspire.chu-toulouse.fr\/wp-content\/uploads\/2024\/10\/Frise_siteIHU-e1736245245222-1110x141.png\",\"contentUrl\":\"https:\/\/inspire.chu-toulouse.fr\/wp-content\/uploads\/2024\/10\/Frise_siteIHU-e1736245245222-1110x141.png\"},{\"@type\":\"BreadcrumbList\",\"@id\":\"https:\/\/ihuhealthage.fr\/fr\/lihu-healthage\/#breadcrumb\",\"itemListElement\":[{\"@type\":\"ListItem\",\"position\":1,\"name\":\"Accueil\",\"item\":\"https:\/\/ihuhealthage.fr\/fr\/\"},{\"@type\":\"ListItem\",\"position\":2,\"name\":\"L\u2019IHU HealthAge\"}]},{\"@type\":\"WebSite\",\"@id\":\"https:\/\/ihuhealthage.fr\/fr\/#website\",\"url\":\"https:\/\/ihuhealthage.fr\/fr\/\",\"name\":\"IHU Healthage\",\"description\":\"\",\"potentialAction\":[{\"@type\":\"SearchAction\",\"target\":{\"@type\":\"EntryPoint\",\"urlTemplate\":\"https:\/\/ihuhealthage.fr\/fr\/?s={search_term_string}\"},\"query-input\":{\"@type\":\"PropertyValueSpecification\",\"valueRequired\":true,\"valueName\":\"search_term_string\"}}],\"inLanguage\":\"fr-FR\"}]}<\/script>\n<!-- \/ Yoast SEO plugin. -->","yoast_head_json":{"title":"L\u2019IHU HealthAge - IHU Healthage","robots":{"index":"index","follow":"follow","max-snippet":"max-snippet:-1","max-image-preview":"max-image-preview:large","max-video-preview":"max-video-preview:-1"},"canonical":"https:\/\/ihuhealthage.fr\/fr\/lihu-healthage\/","og_locale":"fr_FR","og_type":"article","og_title":"L\u2019IHU HealthAge - IHU Healthage","og_description":"Le consortium toulousain HealthAge, labellis\u00e9 IHU en 2023 est le seul IHU en France exclusivement d\u00e9di\u00e9 au vieillissement. Face aux enjeux majeurs que repr\u00e9sente le vieillissement de la population, HealthAge d\u00e9ploie un continuum de recherche translationnelle afin d\u2019am\u00e9liorer la compr\u00e9hension des ph\u00e9nom\u00e8nes du vieillissement et des pathologies associ\u00e9es, d\u2019imaginer des solutions pour une meilleure prise [&hellip;]","og_url":"https:\/\/ihuhealthage.fr\/fr\/lihu-healthage\/","og_site_name":"INSPIRE","article_modified_time":"2025-01-24T09:58:49+00:00","og_image":[{"url":"https:\/\/inspire.chu-toulouse.fr\/wp-content\/uploads\/2024\/10\/Frise_siteIHU-e1736245245222-1110x141.png","type":"","width":"","height":""}],"twitter_card":"summary_large_image","twitter_misc":{"Dur\u00e9e de lecture estim\u00e9e":"2 minutes"},"schema":{"@context":"https:\/\/schema.org","@graph":[{"@type":"WebPage","@id":"https:\/\/ihuhealthage.fr\/fr\/lihu-healthage\/","url":"https:\/\/ihuhealthage.fr\/fr\/lihu-healthage\/","name":"L\u2019IHU HealthAge - IHU Healthage","isPartOf":{"@id":"https:\/\/ihuhealthage.fr\/fr\/#website"},"primaryImageOfPage":{"@id":"https:\/\/ihuhealthage.fr\/fr\/lihu-healthage\/#primaryimage"},"image":{"@id":"https:\/\/ihuhealthage.fr\/fr\/lihu-healthage\/#primaryimage"},"thumbnailUrl":"https:\/\/inspire.chu-toulouse.fr\/wp-content\/uploads\/2024\/10\/Frise_siteIHU-e1736245245222-1110x141.png","datePublished":"2024-10-22T09:47:03+00:00","dateModified":"2025-01-24T09:58:49+00:00","breadcrumb":{"@id":"https:\/\/ihuhealthage.fr\/fr\/lihu-healthage\/#breadcrumb"},"inLanguage":"fr-FR","potentialAction":[{"@type":"ReadAction","target":["https:\/\/ihuhealthage.fr\/fr\/lihu-healthage\/"]}]},{"@type":"ImageObject","inLanguage":"fr-FR","@id":"https:\/\/ihuhealthage.fr\/fr\/lihu-healthage\/#primaryimage","url":"https:\/\/inspire.chu-toulouse.fr\/wp-content\/uploads\/2024\/10\/Frise_siteIHU-e1736245245222-1110x141.png","contentUrl":"https:\/\/inspire.chu-toulouse.fr\/wp-content\/uploads\/2024\/10\/Frise_siteIHU-e1736245245222-1110x141.png"},{"@type":"BreadcrumbList","@id":"https:\/\/ihuhealthage.fr\/fr\/lihu-healthage\/#breadcrumb","itemListElement":[{"@type":"ListItem","position":1,"name":"Accueil","item":"https:\/\/ihuhealthage.fr\/fr\/"},{"@type":"ListItem","position":2,"name":"L\u2019IHU HealthAge"}]},{"@type":"WebSite","@id":"https:\/\/ihuhealthage.fr\/fr\/#website","url":"https:\/\/ihuhealthage.fr\/fr\/","name":"IHU Healthage","description":"","potentialAction":[{"@type":"SearchAction","target":{"@type":"EntryPoint","urlTemplate":"https:\/\/ihuhealthage.fr\/fr\/?s={search_term_string}"},"query-input":{"@type":"PropertyValueSpecification","valueRequired":true,"valueName":"search_term_string"}}],"inLanguage":"fr-FR"}]}},"_links":{"self":[{"href":"https:\/\/ihuhealthage.fr\/fr\/wp-json\/wp\/v2\/pages\/2886","targetHints":{"allow":["GET"]}}],"collection":[{"href":"https:\/\/ihuhealthage.fr\/fr\/wp-json\/wp\/v2\/pages"}],"about":[{"href":"https:\/\/ihuhealthage.fr\/fr\/wp-json\/wp\/v2\/types\/page"}],"author":[{"embeddable":true,"href":"https:\/\/ihuhealthage.fr\/fr\/wp-json\/wp\/v2\/users\/6"}],"replies":[{"embeddable":true,"href":"https:\/\/ihuhealthage.fr\/fr\/wp-json\/wp\/v2\/comments?post=2886"}],"version-history":[{"count":20,"href":"https:\/\/ihuhealthage.fr\/fr\/wp-json\/wp\/v2\/pages\/2886\/revisions"}],"predecessor-version":[{"id":4053,"href":"https:\/\/ihuhealthage.fr\/fr\/wp-json\/wp\/v2\/pages\/2886\/revisions\/4053"}],"wp:attachment":[{"href":"https:\/\/ihuhealthage.fr\/fr\/wp-json\/wp\/v2\/media?parent=2886"}],"curies":[{"name":"wp","href":"https:\/\/api.w.org\/{rel}","templated":true}]}}