{"id":2882,"date":"2024-10-22T11:10:47","date_gmt":"2024-10-22T09:10:47","guid":{"rendered":"https:\/\/ihuhealthage.fr\/fr\/?page_id=2882"},"modified":"2024-11-26T09:39:07","modified_gmt":"2024-11-26T08:39:07","slug":"quest-ce-quun-ihu","status":"publish","type":"page","link":"https:\/\/ihuhealthage.fr\/fr\/quest-ce-quun-ihu\/","title":{"rendered":"Qu\u2019est-ce qu\u2019un IHU ?"},"content":{"rendered":"<p style=\"text-align: justify;\">Un Institut Hospitalo-Universitaire (IHU) est un \u00e9tablissement d\u2019excellence scientifique et m\u00e9dicale qui a pour objectif d\u2019acc\u00e9l\u00e9rer l\u2019invention de la m\u00e9decine de demain et d\u2019am\u00e9liorer le parcours de soin. Les 4 grandes missions d\u2019un IHU sont\u00a0:<\/p>\n<ul style=\"text-align: justify;\">\n<li>La <strong>recherche<\/strong> : en rapprochant la recherche fondamentale des pr\u00e9occupations cliniques<\/li>\n<li>Le <strong>soin<\/strong>\u00a0: en acc\u00e9l\u00e9rant le passage entre la recherche et les applications th\u00e9rapeutiques<\/li>\n<li>La <strong>formation<\/strong>\u00a0: pour renforcer le transfert des connaissances<\/li>\n<li>La <strong>valorisation<\/strong>\u00a0: \u00e9conomique et l\u2019innovation<\/li>\n<\/ul>\n<p style=\"text-align: justify;\">Un IHU regroupe, autour d\u2019une th\u00e9matique clinique unique, des \u00e9quipes de recherche, des soignants, des universitaires et des entreprises du secteur. 19 IHU au total ont \u00e9t\u00e9 mis en place au niveau national avec l\u2019objectif de doter la France de plusieurs p\u00f4les d\u2019excellence en travaillant pour r\u00e9pondre aux besoins des patients et favoriser les d\u00e9veloppements dans le domaine de la recherche m\u00e9dicale.<\/p>\n<p style=\"text-align: center;\"><a href=\"https:\/\/www.ihu-france.org\/fr\/\">https:\/\/www.ihu-france.org\/fr\/<\/a><\/p>\n","protected":false},"excerpt":{"rendered":"<p>Un Institut Hospitalo-Universitaire (IHU) est un \u00e9tablissement d\u2019excellence scientifique et m\u00e9dicale qui a pour objectif d\u2019acc\u00e9l\u00e9rer l\u2019invention de la m\u00e9decine de demain et d\u2019am\u00e9liorer le parcours de soin. Les 4 grandes missions d\u2019un IHU sont\u00a0: La recherche : en rapprochant la recherche fondamentale des pr\u00e9occupations cliniques Le soin\u00a0: en acc\u00e9l\u00e9rant le passage entre la recherche [&hellip;]<\/p>\n","protected":false},"author":6,"featured_media":0,"parent":0,"menu_order":0,"comment_status":"closed","ping_status":"closed","template":"","meta":{"footnotes":""},"class_list":["post-2882","page","type-page","status-publish","hentry"],"yoast_head":"<!-- This site is optimized with the Yoast SEO plugin v24.7 - https:\/\/yoast.com\/wordpress\/plugins\/seo\/ -->\n<title>Qu\u2019est-ce qu\u2019un IHU ? - IHU Healthage<\/title>\n<meta name=\"robots\" content=\"index, follow, max-snippet:-1, max-image-preview:large, max-video-preview:-1\" \/>\n<link rel=\"canonical\" href=\"https:\/\/ihuhealthage.fr\/fr\/quest-ce-quun-ihu\/\" \/>\n<meta property=\"og:locale\" content=\"fr_FR\" \/>\n<meta property=\"og:type\" content=\"article\" \/>\n<meta property=\"og:title\" content=\"Qu\u2019est-ce qu\u2019un IHU ? - IHU Healthage\" \/>\n<meta property=\"og:description\" content=\"Un Institut Hospitalo-Universitaire (IHU) est un \u00e9tablissement d\u2019excellence scientifique et m\u00e9dicale qui a pour objectif d\u2019acc\u00e9l\u00e9rer l\u2019invention de la m\u00e9decine de demain et d\u2019am\u00e9liorer le parcours de soin. Les 4 grandes missions d\u2019un IHU sont\u00a0: La recherche : en rapprochant la recherche fondamentale des pr\u00e9occupations cliniques Le soin\u00a0: en acc\u00e9l\u00e9rant le passage entre la recherche [&hellip;]\" \/>\n<meta property=\"og:url\" content=\"https:\/\/ihuhealthage.fr\/fr\/quest-ce-quun-ihu\/\" \/>\n<meta property=\"og:site_name\" content=\"INSPIRE\" \/>\n<meta property=\"article:modified_time\" content=\"2024-11-26T08:39:07+00:00\" \/>\n<meta name=\"twitter:card\" content=\"summary_large_image\" \/>\n<meta name=\"twitter:label1\" content=\"Dur\u00e9e de lecture estim\u00e9e\" \/>\n\t<meta name=\"twitter:data1\" content=\"1 minute\" \/>\n<script type=\"application\/ld+json\" class=\"yoast-schema-graph\">{\"@context\":\"https:\/\/schema.org\",\"@graph\":[{\"@type\":\"WebPage\",\"@id\":\"https:\/\/ihuhealthage.fr\/fr\/quest-ce-quun-ihu\/\",\"url\":\"https:\/\/ihuhealthage.fr\/fr\/quest-ce-quun-ihu\/\",\"name\":\"Qu\u2019est-ce qu\u2019un IHU ? - IHU Healthage\",\"isPartOf\":{\"@id\":\"https:\/\/ihuhealthage.fr\/fr\/#website\"},\"datePublished\":\"2024-10-22T09:10:47+00:00\",\"dateModified\":\"2024-11-26T08:39:07+00:00\",\"breadcrumb\":{\"@id\":\"https:\/\/ihuhealthage.fr\/fr\/quest-ce-quun-ihu\/#breadcrumb\"},\"inLanguage\":\"fr-FR\",\"potentialAction\":[{\"@type\":\"ReadAction\",\"target\":[\"https:\/\/ihuhealthage.fr\/fr\/quest-ce-quun-ihu\/\"]}]},{\"@type\":\"BreadcrumbList\",\"@id\":\"https:\/\/ihuhealthage.fr\/fr\/quest-ce-quun-ihu\/#breadcrumb\",\"itemListElement\":[{\"@type\":\"ListItem\",\"position\":1,\"name\":\"Accueil\",\"item\":\"https:\/\/ihuhealthage.fr\/fr\/\"},{\"@type\":\"ListItem\",\"position\":2,\"name\":\"Qu\u2019est-ce qu\u2019un IHU ?\"}]},{\"@type\":\"WebSite\",\"@id\":\"https:\/\/ihuhealthage.fr\/fr\/#website\",\"url\":\"https:\/\/ihuhealthage.fr\/fr\/\",\"name\":\"IHU Healthage\",\"description\":\"\",\"potentialAction\":[{\"@type\":\"SearchAction\",\"target\":{\"@type\":\"EntryPoint\",\"urlTemplate\":\"https:\/\/ihuhealthage.fr\/fr\/?s={search_term_string}\"},\"query-input\":{\"@type\":\"PropertyValueSpecification\",\"valueRequired\":true,\"valueName\":\"search_term_string\"}}],\"inLanguage\":\"fr-FR\"}]}<\/script>\n<!-- \/ Yoast SEO plugin. -->","yoast_head_json":{"title":"Qu\u2019est-ce qu\u2019un IHU ? - IHU Healthage","robots":{"index":"index","follow":"follow","max-snippet":"max-snippet:-1","max-image-preview":"max-image-preview:large","max-video-preview":"max-video-preview:-1"},"canonical":"https:\/\/ihuhealthage.fr\/fr\/quest-ce-quun-ihu\/","og_locale":"fr_FR","og_type":"article","og_title":"Qu\u2019est-ce qu\u2019un IHU ? - IHU Healthage","og_description":"Un Institut Hospitalo-Universitaire (IHU) est un \u00e9tablissement d\u2019excellence scientifique et m\u00e9dicale qui a pour objectif d\u2019acc\u00e9l\u00e9rer l\u2019invention de la m\u00e9decine de demain et d\u2019am\u00e9liorer le parcours de soin. Les 4 grandes missions d\u2019un IHU sont\u00a0: La recherche : en rapprochant la recherche fondamentale des pr\u00e9occupations cliniques Le soin\u00a0: en acc\u00e9l\u00e9rant le passage entre la recherche [&hellip;]","og_url":"https:\/\/ihuhealthage.fr\/fr\/quest-ce-quun-ihu\/","og_site_name":"INSPIRE","article_modified_time":"2024-11-26T08:39:07+00:00","twitter_card":"summary_large_image","twitter_misc":{"Dur\u00e9e de lecture estim\u00e9e":"1 minute"},"schema":{"@context":"https:\/\/schema.org","@graph":[{"@type":"WebPage","@id":"https:\/\/ihuhealthage.fr\/fr\/quest-ce-quun-ihu\/","url":"https:\/\/ihuhealthage.fr\/fr\/quest-ce-quun-ihu\/","name":"Qu\u2019est-ce qu\u2019un IHU ? - IHU Healthage","isPartOf":{"@id":"https:\/\/ihuhealthage.fr\/fr\/#website"},"datePublished":"2024-10-22T09:10:47+00:00","dateModified":"2024-11-26T08:39:07+00:00","breadcrumb":{"@id":"https:\/\/ihuhealthage.fr\/fr\/quest-ce-quun-ihu\/#breadcrumb"},"inLanguage":"fr-FR","potentialAction":[{"@type":"ReadAction","target":["https:\/\/ihuhealthage.fr\/fr\/quest-ce-quun-ihu\/"]}]},{"@type":"BreadcrumbList","@id":"https:\/\/ihuhealthage.fr\/fr\/quest-ce-quun-ihu\/#breadcrumb","itemListElement":[{"@type":"ListItem","position":1,"name":"Accueil","item":"https:\/\/ihuhealthage.fr\/fr\/"},{"@type":"ListItem","position":2,"name":"Qu\u2019est-ce qu\u2019un IHU ?"}]},{"@type":"WebSite","@id":"https:\/\/ihuhealthage.fr\/fr\/#website","url":"https:\/\/ihuhealthage.fr\/fr\/","name":"IHU Healthage","description":"","potentialAction":[{"@type":"SearchAction","target":{"@type":"EntryPoint","urlTemplate":"https:\/\/ihuhealthage.fr\/fr\/?s={search_term_string}"},"query-input":{"@type":"PropertyValueSpecification","valueRequired":true,"valueName":"search_term_string"}}],"inLanguage":"fr-FR"}]}},"_links":{"self":[{"href":"https:\/\/ihuhealthage.fr\/fr\/wp-json\/wp\/v2\/pages\/2882","targetHints":{"allow":["GET"]}}],"collection":[{"href":"https:\/\/ihuhealthage.fr\/fr\/wp-json\/wp\/v2\/pages"}],"about":[{"href":"https:\/\/ihuhealthage.fr\/fr\/wp-json\/wp\/v2\/types\/page"}],"author":[{"embeddable":true,"href":"https:\/\/ihuhealthage.fr\/fr\/wp-json\/wp\/v2\/users\/6"}],"replies":[{"embeddable":true,"href":"https:\/\/ihuhealthage.fr\/fr\/wp-json\/wp\/v2\/comments?post=2882"}],"version-history":[{"count":5,"href":"https:\/\/ihuhealthage.fr\/fr\/wp-json\/wp\/v2\/pages\/2882\/revisions"}],"predecessor-version":[{"id":3764,"href":"https:\/\/ihuhealthage.fr\/fr\/wp-json\/wp\/v2\/pages\/2882\/revisions\/3764"}],"wp:attachment":[{"href":"https:\/\/ihuhealthage.fr\/fr\/wp-json\/wp\/v2\/media?parent=2882"}],"curies":[{"name":"wp","href":"https:\/\/api.w.org\/{rel}","templated":true}]}}