{"id":2855,"date":"2024-04-23T09:16:07","date_gmt":"2024-04-23T07:16:07","guid":{"rendered":"https:\/\/ihuhealthage.fr\/fr\/?page_id=2855"},"modified":"2024-04-23T09:16:07","modified_gmt":"2024-04-23T07:16:07","slug":"gestion-des-cookies","status":"publish","type":"page","link":"https:\/\/ihuhealthage.fr\/fr\/gestion-des-cookies\/","title":{"rendered":"Gestion des cookies"},"content":{"rendered":"<h2 class=\"op-chapeau chapeau\">Ce site internet utilise des cookies et autres traceurs \u00e9lectroniques. Ceux-ci sont install\u00e9s sur votre appareil lorsque vous visitez ce site et permettent de m\u00e9moriser des informations utilis\u00e9es durant votre visite de ce site.<\/h2>\n<p>Les cookies et traceurs positionn\u00e9s sur votre appareil servent d\u2019une fa\u00e7on g\u00e9n\u00e9rale \u00e0 diff\u00e9rents usages tels que le bon fonctionnement de ce site internet, la m\u00e9morisation de vos param\u00e8tres de navigation,\u00a0 l\u2019analyse statistique des visites. La mise en place de la plupart des cookies entra\u00eenera la collecte et le stockage de donn\u00e9es personnelles (au sens des Recommandations de la Commission Nationale Informatique et Libert\u00e9s) vous concernant, telle que des informations concernant votre appareil \u00e9lectronique, votre comportement sur le site (date, heure et dur\u00e9e de connexion, pages visit\u00e9es).<\/p>\n<hr \/>\n<h3>Pourquoi le site IHUHealthage utilise des cookies ?<\/h3>\n<ul>\n<li>Effectuer des mesures et des analyses d\u2019audience et de fr\u00e9quence de notre site afin d\u2019am\u00e9liorer nos services<\/li>\n<li>Sauvegarder vos choix en mati\u00e8re de cookies.<\/li>\n<\/ul>\n<p>L&rsquo;IHU Healthage ne suit pas le parcours des utilisateurs \u00e0 l&rsquo;ext\u00e9rieur du site.<\/p>\n<p>Les outils utilis\u00e9s pour la mesure d&rsquo;audience sont ceux de MATOMO.<\/p>\n<p>Lors de votre premi\u00e8re visite sur le site, vous \u00eates inform\u00e9 par un bandeau que si vous poursuivez la navigation, vous acceptez l\u2019installation de ces cookies sur votre \u00e9quipement.<\/p>\n<h2>Cookies n\u00e9cessaires<\/h2>\n<p>Ce site utilise des cookies qui permettent d\u2019assurer son bon fonctionnement et pour cette raison ces cookies ne sont pas soumis au consentement des utilisateurs. Dans l\u2019hypoth\u00e8se o\u00f9 vous feriez le choix de d\u00e9sactiver ces cookies via les r\u00e9glages de votre navigateur, vous devez savoir que certaines fonctionnalit\u00e9s du site pourront alors devenir inop\u00e9rantes.<\/p>\n<table class=\"cookies_op\" width=\"704\">\n<tbody>\n<tr>\n<td><strong>Cat\u00e9gorie<\/strong><\/td>\n<td><strong>Finalit\u00e9<\/strong><\/td>\n<td><strong>Dur\u00e9e de validit\u00e9<\/strong><\/td>\n<\/tr>\n<tr>\n<td>WordPress<\/td>\n<td>Cookies utilis\u00e9s par le syst\u00e8me \u00e9ditorial de base du site. Ne collecte aucune donn\u00e9e.<\/td>\n<td>Session<\/td>\n<\/tr>\n<tr>\n<td>Axeptio<\/td>\n<td>Cookies utilis\u00e9s par notre outil de consentement Axeptio pour enregistrer vos choix.<\/td>\n<td>1 an<\/td>\n<\/tr>\n<tr>\n<td>Matomo<\/td>\n<td>Mesure notre audience sur notre site sans collecte de donn\u00e9es personnelles.<\/td>\n<td>1 an<\/td>\n<\/tr>\n<\/tbody>\n<\/table>\n<h2>Retrait et gestion de votre consentement<\/h2>\n<p>Vous pouvez quand vous le souhaitez modifier et retirer votre consentement \u00e0 l\u2019utilisation de cookies \u00e0 tout moment par le biais de notre Outil de gestion des pr\u00e9f\u00e9rences des cookies.<\/p>\n<h2>Donn\u00e9es personnelles<\/h2>\n<p>Vous trouverez sur la page <a title=\"Politique de confidentialit\u00e9\" href=\"https:\/\/ihuhealthage.fr\/fr\/politique-de-donnees-personnelles\/\" data-entity-type=\"node\" data-entity-uuid=\"ca5b1a09-3c15-4439-89cb-30fba682e153\" data-entity-substitution=\"canonical\">Donn\u00e9es Personnelles<\/a> plus d\u2019informations sur notre politique de gestion des donn\u00e9es personnelles.<\/p>\n","protected":false},"excerpt":{"rendered":"<p>Ce site internet utilise des cookies et autres traceurs \u00e9lectroniques. Ceux-ci sont install\u00e9s sur votre appareil lorsque vous visitez ce site et permettent de m\u00e9moriser des informations utilis\u00e9es durant votre visite de ce site. Les cookies et traceurs positionn\u00e9s sur votre appareil servent d\u2019une fa\u00e7on g\u00e9n\u00e9rale \u00e0 diff\u00e9rents usages tels que le bon fonctionnement de [&hellip;]<\/p>\n","protected":false},"author":1,"featured_media":0,"parent":0,"menu_order":0,"comment_status":"closed","ping_status":"closed","template":"","meta":{"footnotes":""},"class_list":["post-2855","page","type-page","status-publish","hentry"],"yoast_head":"<!-- This site is optimized with the Yoast SEO plugin v24.7 - https:\/\/yoast.com\/wordpress\/plugins\/seo\/ -->\n<title>Gestion des cookies - IHU Healthage<\/title>\n<meta name=\"robots\" content=\"index, follow, max-snippet:-1, max-image-preview:large, max-video-preview:-1\" \/>\n<link rel=\"canonical\" href=\"https:\/\/ihuhealthage.fr\/fr\/gestion-des-cookies\/\" \/>\n<meta property=\"og:locale\" content=\"fr_FR\" \/>\n<meta property=\"og:type\" content=\"article\" \/>\n<meta property=\"og:title\" content=\"Gestion des cookies - IHU Healthage\" \/>\n<meta property=\"og:description\" content=\"Ce site internet utilise des cookies et autres traceurs \u00e9lectroniques. Ceux-ci sont install\u00e9s sur votre appareil lorsque vous visitez ce site et permettent de m\u00e9moriser des informations utilis\u00e9es durant votre visite de ce site. Les cookies et traceurs positionn\u00e9s sur votre appareil servent d\u2019une fa\u00e7on g\u00e9n\u00e9rale \u00e0 diff\u00e9rents usages tels que le bon fonctionnement de [&hellip;]\" \/>\n<meta property=\"og:url\" content=\"https:\/\/ihuhealthage.fr\/fr\/gestion-des-cookies\/\" \/>\n<meta property=\"og:site_name\" content=\"INSPIRE\" \/>\n<meta name=\"twitter:card\" content=\"summary_large_image\" \/>\n<meta name=\"twitter:label1\" content=\"Dur\u00e9e de lecture estim\u00e9e\" \/>\n\t<meta name=\"twitter:data1\" content=\"2 minutes\" \/>\n<script type=\"application\/ld+json\" class=\"yoast-schema-graph\">{\"@context\":\"https:\/\/schema.org\",\"@graph\":[{\"@type\":\"WebPage\",\"@id\":\"https:\/\/ihuhealthage.fr\/fr\/gestion-des-cookies\/\",\"url\":\"https:\/\/ihuhealthage.fr\/fr\/gestion-des-cookies\/\",\"name\":\"Gestion des cookies - IHU Healthage\",\"isPartOf\":{\"@id\":\"https:\/\/ihuhealthage.fr\/fr\/#website\"},\"datePublished\":\"2024-04-23T07:16:07+00:00\",\"breadcrumb\":{\"@id\":\"https:\/\/ihuhealthage.fr\/fr\/gestion-des-cookies\/#breadcrumb\"},\"inLanguage\":\"fr-FR\",\"potentialAction\":[{\"@type\":\"ReadAction\",\"target\":[\"https:\/\/ihuhealthage.fr\/fr\/gestion-des-cookies\/\"]}]},{\"@type\":\"BreadcrumbList\",\"@id\":\"https:\/\/ihuhealthage.fr\/fr\/gestion-des-cookies\/#breadcrumb\",\"itemListElement\":[{\"@type\":\"ListItem\",\"position\":1,\"name\":\"Accueil\",\"item\":\"https:\/\/ihuhealthage.fr\/fr\/\"},{\"@type\":\"ListItem\",\"position\":2,\"name\":\"Gestion des cookies\"}]},{\"@type\":\"WebSite\",\"@id\":\"https:\/\/ihuhealthage.fr\/fr\/#website\",\"url\":\"https:\/\/ihuhealthage.fr\/fr\/\",\"name\":\"IHU Healthage\",\"description\":\"\",\"potentialAction\":[{\"@type\":\"SearchAction\",\"target\":{\"@type\":\"EntryPoint\",\"urlTemplate\":\"https:\/\/ihuhealthage.fr\/fr\/?s={search_term_string}\"},\"query-input\":{\"@type\":\"PropertyValueSpecification\",\"valueRequired\":true,\"valueName\":\"search_term_string\"}}],\"inLanguage\":\"fr-FR\"}]}<\/script>\n<!-- \/ Yoast SEO plugin. -->","yoast_head_json":{"title":"Gestion des cookies - IHU Healthage","robots":{"index":"index","follow":"follow","max-snippet":"max-snippet:-1","max-image-preview":"max-image-preview:large","max-video-preview":"max-video-preview:-1"},"canonical":"https:\/\/ihuhealthage.fr\/fr\/gestion-des-cookies\/","og_locale":"fr_FR","og_type":"article","og_title":"Gestion des cookies - IHU Healthage","og_description":"Ce site internet utilise des cookies et autres traceurs \u00e9lectroniques. Ceux-ci sont install\u00e9s sur votre appareil lorsque vous visitez ce site et permettent de m\u00e9moriser des informations utilis\u00e9es durant votre visite de ce site. Les cookies et traceurs positionn\u00e9s sur votre appareil servent d\u2019une fa\u00e7on g\u00e9n\u00e9rale \u00e0 diff\u00e9rents usages tels que le bon fonctionnement de [&hellip;]","og_url":"https:\/\/ihuhealthage.fr\/fr\/gestion-des-cookies\/","og_site_name":"INSPIRE","twitter_card":"summary_large_image","twitter_misc":{"Dur\u00e9e de lecture estim\u00e9e":"2 minutes"},"schema":{"@context":"https:\/\/schema.org","@graph":[{"@type":"WebPage","@id":"https:\/\/ihuhealthage.fr\/fr\/gestion-des-cookies\/","url":"https:\/\/ihuhealthage.fr\/fr\/gestion-des-cookies\/","name":"Gestion des cookies - IHU Healthage","isPartOf":{"@id":"https:\/\/ihuhealthage.fr\/fr\/#website"},"datePublished":"2024-04-23T07:16:07+00:00","breadcrumb":{"@id":"https:\/\/ihuhealthage.fr\/fr\/gestion-des-cookies\/#breadcrumb"},"inLanguage":"fr-FR","potentialAction":[{"@type":"ReadAction","target":["https:\/\/ihuhealthage.fr\/fr\/gestion-des-cookies\/"]}]},{"@type":"BreadcrumbList","@id":"https:\/\/ihuhealthage.fr\/fr\/gestion-des-cookies\/#breadcrumb","itemListElement":[{"@type":"ListItem","position":1,"name":"Accueil","item":"https:\/\/ihuhealthage.fr\/fr\/"},{"@type":"ListItem","position":2,"name":"Gestion des cookies"}]},{"@type":"WebSite","@id":"https:\/\/ihuhealthage.fr\/fr\/#website","url":"https:\/\/ihuhealthage.fr\/fr\/","name":"IHU Healthage","description":"","potentialAction":[{"@type":"SearchAction","target":{"@type":"EntryPoint","urlTemplate":"https:\/\/ihuhealthage.fr\/fr\/?s={search_term_string}"},"query-input":{"@type":"PropertyValueSpecification","valueRequired":true,"valueName":"search_term_string"}}],"inLanguage":"fr-FR"}]}},"_links":{"self":[{"href":"https:\/\/ihuhealthage.fr\/fr\/wp-json\/wp\/v2\/pages\/2855","targetHints":{"allow":["GET"]}}],"collection":[{"href":"https:\/\/ihuhealthage.fr\/fr\/wp-json\/wp\/v2\/pages"}],"about":[{"href":"https:\/\/ihuhealthage.fr\/fr\/wp-json\/wp\/v2\/types\/page"}],"author":[{"embeddable":true,"href":"https:\/\/ihuhealthage.fr\/fr\/wp-json\/wp\/v2\/users\/1"}],"replies":[{"embeddable":true,"href":"https:\/\/ihuhealthage.fr\/fr\/wp-json\/wp\/v2\/comments?post=2855"}],"version-history":[{"count":1,"href":"https:\/\/ihuhealthage.fr\/fr\/wp-json\/wp\/v2\/pages\/2855\/revisions"}],"predecessor-version":[{"id":2859,"href":"https:\/\/ihuhealthage.fr\/fr\/wp-json\/wp\/v2\/pages\/2855\/revisions\/2859"}],"wp:attachment":[{"href":"https:\/\/ihuhealthage.fr\/fr\/wp-json\/wp\/v2\/media?parent=2855"}],"curies":[{"name":"wp","href":"https:\/\/api.w.org\/{rel}","templated":true}]}}