{"id":160,"date":"2020-03-04T02:26:52","date_gmt":"2020-03-04T01:26:52","guid":{"rendered":"https:\/\/inspire.chu-toulouse.fr\/?page_id=160"},"modified":"2020-11-13T09:52:18","modified_gmt":"2020-11-13T08:52:18","slug":"academiques","status":"publish","type":"page","link":"https:\/\/ihuhealthage.fr\/fr\/academiques\/","title":{"rendered":"Partenaires acad\u00e9miques"},"content":{"rendered":"<h2 class=\"chapeau\">De nombreux autres partenaires acad\u00e9miques de recherche du bassin toulousain sont largement impliqu\u00e9s aux c\u00f4t\u00e9s des membres fondateurs de la plateforme Inspire, et permettent, gr\u00e2ce \u00e0 leurs expertises et mat\u00e9riels de pointe, une large recherche sur les m\u00e9canismes du vieillissement et des g\u00e9rosciences:<\/h2>\n<p>&nbsp;<\/p>\n<p><b>\u00a0<\/b><\/p>\n<p style=\"text-align: center;\"><b>Institut de Recherche en Sant\u00e9 Digestive (IRSD \u2013 Inserm \/ INRA \/ ENVT \/ UT3) <\/b>: Biomarqueurs du vieillissement et de la fragilit\u00e9 dans le syst\u00e8me digestif<\/p>\n<p style=\"text-align: center;\"><b><img loading=\"lazy\" decoding=\"async\" class=\"alignnone wp-image-815\" src=\"https:\/\/ihuhealthage.fr\/wp-content\/uploads\/2020\/04\/unnamed.png\" alt=\"\" width=\"213\" height=\"101\" \/><\/b><\/p>\n<p>L\u2019IRSD, dirig\u00e9 par Nathalie Vergnolle, rassemble et structure des forces de recherche (5 \u00e9quipes et 2 plateformes) autour d\u2019un but commun : am\u00e9liorer la compr\u00e9hension de la physiologie de l&rsquo;appareil digestif (intestin et foie) et des maladies associ\u00e9es. Sa mission est de mener des recherches m\u00e9dicales, de soutenir la formation par la recherche et de diffuser les derni\u00e8res avanc\u00e9es et pratiques en mati\u00e8re de sant\u00e9 digestive. Les membres de l\u2019IRSD disposent d\u2019une expertise consid\u00e9rable dans les domaines de l\u2019absorption des nutriments (glucose, lipides, fer), du m\u00e9tabolisme du foie, de la physiopathologie intestinale, de la r\u00e9gulation de l\u2019hom\u00e9ostasie glucidique, de la physiologie du microbiote (composition, pathog\u00e9nie, commensalisme, dysbiose), des interactions h\u00f4tes-microbes, et dans les fonctions nutritives, immunologiques et nociceptives de l\u2019intestin. L\u2019\u00e9quipe de Nathalie Vergnolle, est particuli\u00e8rement reconnue pour ses \u00e9tudes sur les m\u00e9canismes des pathologies associ\u00e9es \u00e0 un dysfonctionnement de l\u2019\u00e9pith\u00e9lium intestinal : les maladies inflammatoires chroniques de l\u2019intestin (MICI), le syndrome de l\u2019intestin irritable, la maladie c\u00e9liaque, les infections bact\u00e9riennes ou parasitaires, le cancer colorectal et les polyposes ad\u00e9nomateuses.<\/p>\n<p>&nbsp;<\/p>\n<p><b>\u00a0<\/b><\/p>\n<p><b>D\u00e9partement Universitaire de M\u00e9decine G\u00e9n\u00e9rale de Toulouse (DUMG \u2013 UT3) <\/b><\/p>\n<p><b><img loading=\"lazy\" decoding=\"async\" class=\"wp-image-813 aligncenter\" src=\"https:\/\/ihuhealthage.fr\/wp-content\/uploads\/2020\/04\/logo-2.png\" alt=\"\" width=\"300\" height=\"93\" \/><\/b><\/p>\n<p>Dirig\u00e9 par le Dr St\u00e9phane Oustric, le D\u00e9partement universitaire de M\u00e9decine G\u00e9n\u00e9rale des facult\u00e9s de m\u00e9decine de Toulouse a la responsabilit\u00e9 de la formation professionnalisante des m\u00e9decins g\u00e9n\u00e9ralistes de demain.<span class=\"Apple-converted-space\">\u00a0<\/span><\/p>\n<p>Il compte 13 Equivalents Temps Plein d\u2019enseignants, 120 enseignants vacataires, 648 ma\u00eetres de stage ambulatoire, 120 services hospitaliers au sein du CHU et des CH. Il comprend 450 internes en formation et 60 th\u00e9sards.<span class=\"Apple-converted-space\">\u00a0<\/span><\/p>\n<p>Il s\u2019articule \u00e9galement en ambulatoire autour de la Maison de Sant\u00e9 Pluri-Professionnelle Universitaire \u00ab La Providence \u00bb sous la responsabilit\u00e9 du Pr St\u00e9phane Oustric. Cette derni\u00e8re a vocation \u00e0 d\u00e9velopper la recherche action notamment autour de la probl\u00e9matique du vieillissement r\u00e9ussi \u00e0 domicile et dans les territoires. Il est membre du G\u00e9rontop\u00f4le et de l\u2019unit\u00e9 de recherche LEASP.<\/p>\n<p>&nbsp;<\/p>\n<p><b>\u00a0<\/b><\/p>\n<p><b>La Clinique Universitaire du Sport du CHU de Toulouse<\/b><\/p>\n<p style=\"text-align: center;\"><b> <\/b><b><img loading=\"lazy\" decoding=\"async\" class=\"alignnone wp-image-811\" src=\"https:\/\/ihuhealthage.fr\/wp-content\/uploads\/2020\/04\/RTEmagicC_logoCUS.JPG.jpg\" alt=\"\" width=\"237\" height=\"120\" \/><\/b><\/p>\n<p>La Clinique Universitaire du Sport (CUS) a \u00e9t\u00e9 ouverte le 22 d\u00e9cembre 2018. Le Dr Fabien Pillard et son \u00e9quipe offrent un regroupement spatial de comp\u00e9tences sur un m\u00eame site, l\u2019h\u00f4pital Pierre Paul RIQUET. L\u2019Unit\u00e9 de M\u00e9decine du Sport (UMS) est l\u2019une des unit\u00e9s de la CUS. C\u2019est au sein de cette unit\u00e9 que les patients inclus dans la cohorte INSPIRE seront pris en charge.<span class=\"Apple-converted-space\">\u00a0<\/span><\/p>\n<p>L\u2019UMS a pour objectifs de r\u00e9pondre aux besoins en mati\u00e8re d\u2019accompagnement des sportifs dans leur projet de performance et de proposer des ressources humaines et techniques susceptibles de soutenir la mise en place d\u2019un programme d\u2019activit\u00e9 physique chez des patients.<\/p>\n<p>L\u2019activit\u00e9 de l\u2019UMS s\u2019organise en une activit\u00e9 clinique, une activit\u00e9 d\u2019enseignement et une activit\u00e9 de recherche. L\u2019expertise de l\u2019UMS se d\u00e9cline dans les champs de l\u2019exploration des adaptations physiologiques \u00e0 l\u2019exercice musculaire et de la prise en charge des pathologies de l\u2019appareil locomoteur. L\u2019activit\u00e9 d\u2019exploration fonctionnelle physiologique \u00e0 l\u2019exercice musculaire utilise les m\u00e9thodes de calorim\u00e9trie indirecte et d\u2019iso cin\u00e9tisme.<span class=\"Apple-converted-space\">\u00a0<\/span><\/p>\n<p>Une exploration int\u00e9gr\u00e9e des adaptations cardio-respiratoires et musculaires \u00e0 l\u2019exercice peut \u00eatre organis\u00e9e au sein de l\u2019UMS. L\u2019activit\u00e9 de l\u2019UMS s\u2019inscrit dans une logique diagnostique (via l\u2019examen clinique et l\u2019activit\u00e9 d\u2019exploration fonctionnelle) et th\u00e9rapeutique (via le support \u00e0 la mise en place d\u2019un programme personnalis\u00e9 d\u2019activit\u00e9 physique). L\u2019UMS a \u00e9galement pour objectif de continuer \u00e0 d\u00e9velopper sa participation \u00e0 des projets de recherche soit en tant que promoteur, soit en tant qu\u2019investigateur.<\/p>\n<p><b>L\u2019Institut F\u00e9d\u00e9ratif de Biologie (IFB) du CHU de Toulouse<span class=\"Apple-converted-space\">\u00a0<\/span><\/b><\/p>\n<p>L\u2019Institut F\u00e9d\u00e9ratif de Biologie (IFB) regroupe les dix laboratoires de biologie du CHU de Toulouse, dont le laboratoire de Biologie M\u00e9dicale (LBM) et des services transverses incluant le Centre de Ressources Biologiques multith\u00e9matiques Toulouse Bio Ressources (CRB TBR).<\/p>\n<p><b>Le laboratoire de biologie m\u00e9dicale (LBM)<span class=\"Apple-converted-space\">\u00a0<\/span><\/b><\/p>\n<p>Dirig\u00e9 par Jacques Izopet, ce laboratoire du CHU offre sur quatre sites hospitaliers (Purpan, Rangueil, IUCT &#8211; Oncopole et Lavaur) une large gamme d\u2019examens de biologie m\u00e9dicale en d\u00e9veloppant des techniques de pointe dans chacune des disciplines biologiques. Le LBM est titulaire d\u2019une accr\u00e9ditation COFRAC selon la norme NF EN ISO 15189 (n\u00b08-1769). Il est \u00e9galement l\u2019auteur d\u2019un manuel qualit\u00e9 r\u00e9dig\u00e9 d\u2019apr\u00e8s ce r\u00e9f\u00e9rentiel NF EN ISO 15189 et le document du COFRAC SH-REF-02. Le LBM du CHU de Toulouse est \u00e9galement centre national de r\u00e9f\u00e9rence des virus des h\u00e9patites A et E (VHA et VHE), centre de r\u00e9f\u00e9rence des affections rares en g\u00e9n\u00e9tique ophtalmologique, et centre de r\u00e9f\u00e9rence pour les pathologies plaquettaires constitutionnelles.<\/p>\n<p><b>Centre de Ressources Biologiques multith\u00e9matiques Toulouse Bio Ressources (CRB TBR)<span class=\"Apple-converted-space\">\u00a0<\/span><\/b><\/p>\n<p>Le CRB multith\u00e9matique Toulouse Bio Ressources certifi\u00e9 depuis novembre 2015, a \u00e9t\u00e9 cr\u00e9\u00e9 en 2013 pour assurer la gestion des collections de ressources biologiques humaines n\u00e9cessaires au d\u00e9veloppement de la recherche fondamentale et appliqu\u00e9e au sein du CHU de Toulouse. Il est dirig\u00e9 par le Pr Bertrand Perret.<\/p>\n<p>Le CRB TBR se d\u00e9cline en 3 axes :<span class=\"Apple-converted-space\">\u00a0<\/span><\/p>\n<p>-Axe 1 : Vieillissement (cognitif, cardiovasculaire, m\u00e9tabolique).<span class=\"Apple-converted-space\">\u00a0<\/span><\/p>\n<p>-Axe 2 : Pathologies infectieuses (virales, bact\u00e9riennes, parasitaires).<span class=\"Apple-converted-space\">\u00a0<\/span><\/p>\n<p>-Axe 3 : Pathologies du d\u00e9veloppement (pathologies h\u00e9r\u00e9ditaires de l\u2019enfant, trouble de la croissance, recherche clinique).<span class=\"Apple-converted-space\">\u00a0<\/span><\/p>\n<p>Il vient compl\u00e9ter la plateforme de ressources biologiques et constitue un des membres du CRBioMIP.<span class=\"Apple-converted-space\">\u00a0<\/span><\/p>\n<p><b>Le P\u00f4le Pharmacie du CHU de Toulouse<span class=\"Apple-converted-space\">\u00a0<\/span><\/b><\/p>\n<p>Le Dr Philippe Cestac et son \u00e9quipe sont fortement impliqu\u00e9s dans l\u2019optimisation de la prise en charge th\u00e9rapeutique des patients \u00e2g\u00e9s, en lien \u00e9troit avec les m\u00e9decins g\u00e9riatres. Il r\u00e9alise notamment des activit\u00e9s de pharmacie clinique (conciliation m\u00e9dicamenteuse, analyse pharmaceutique, entretiens pharmaceutiques, \u00e9ducation th\u00e9rapeutique). Il travaille \u00e9galement en relation avec les pharmaciens d\u2019officine de la r\u00e9gion afin de renforcer les interventions r\u00e9alis\u00e9es lors de l\u2019hospitalisation et d\u2019aider au d\u00e9ploiement de nouvelles missions en soins premiers (telles que le Bilan Partag\u00e9 de M\u00e9dication ou le d\u00e9ploiement de nouveaux outils de d\u00e9pistage comme ICOPE). Enfin, gr\u00e2ce \u00e0 ses interactions avec le REIPO (R\u00e9seau d\u2019Enseignement et d\u2019Innovation en Pharmacie d\u2019Officine) et la F\u00e9d\u00e9ration Pharmaceutique Hospitalo-Universitaire Occitanie il participe \u00e0 la mise en place d\u2019actions de formation et d\u2019\u00e9valuation des pratiques innovantes dans le domaine de la pharmacie clinique sp\u00e9cialis\u00e9e en g\u00e9riatrie.<\/p>\n<p><b>Unit\u00e9 Diff\u00e9renciation Epith\u00e9liale et Auto-immunit\u00e9 Rhumato\u00efde (UDEAR \u2013 Inserm \/ UT3)<\/b>: Physiopathologie mol\u00e9culaire et cellulaire des \u00e9pith\u00e9liums, auto-immunit\u00e9 et interactions neuroimmunes.<\/p>\n<p><b><img loading=\"lazy\" decoding=\"async\" class=\"wp-image-809 aligncenter\" src=\"https:\/\/ihuhealthage.fr\/wp-content\/uploads\/2020\/04\/unnamed.gif\" alt=\"\" width=\"157\" height=\"115\" \/><\/b><\/p>\n<p>Les travaux de l\u2019UDEAR dirig\u00e9 par Guy Serre et de tous ses membres (45 personnes) allient recherche fondamentale et recherche clinique gr\u00e2ce au rapprochement avec les services de Dermatologie, de Rhumatologie, d\u2019Ophtalmologie et de G\u00e9n\u00e9tique du CHU de Toulouse. Ils s\u2019articulent autour des axes suivants : diagnostic, physiopathologie et th\u00e9rapie de la polyarthrite rhumato\u00efde, physiopathologie des ichtyoses et des maladies inflammatoires de la peau, diff\u00e9renciation terminale des \u00e9pith\u00e9liums et physiopathologie des maladies oculaires.<span class=\"Apple-converted-space\">\u00a0<\/span><\/p>\n<p>Au sein du programme INSPIRE, l&rsquo;UDEAR, dans le cadre d\u2019une collaboration avec Pierre Fabre Dermo-Cosm\u00e9tique, met en place une analyse multimodale int\u00e9gr\u00e9e en combinant des donn\u00e9es cliniques, biologiques, bio-m\u00e9trologiques et du mode de vie pour d\u00e9terminer l\u2019\u00e2ge biologique de la peau et identifier des marqueurs pr\u00e9dictifs de la bascule vers la fragilit\u00e9 et la d\u00e9pendance. En effet, la peau est l&rsquo;organe o\u00f9 les premiers signes de vieillissement sont visibles et un indicateur de la sant\u00e9 de l&rsquo;individu.<\/p>\n<p><b>L\u2019Ecole Nationale V\u00e9t\u00e9rinaire de Toulouse<\/b><\/p>\n<p><b> <\/b><b><img loading=\"lazy\" decoding=\"async\" class=\"wp-image-817 aligncenter\" src=\"https:\/\/ihuhealthage.fr\/wp-content\/uploads\/2020\/04\/Logo_de_lEcole_nationale_v\u00e9t\u00e9rinaire_de_Toulouse-441x300.gif\" alt=\"\" width=\"157\" height=\"107\" srcset=\"https:\/\/inspire.chu-toulouse.fr\/wp-content\/uploads\/2020\/04\/Logo_de_lEcole_nationale_v\u00e9t\u00e9rinaire_de_Toulouse-441x300.gif 441w, https:\/\/inspire.chu-toulouse.fr\/wp-content\/uploads\/2020\/04\/Logo_de_lEcole_nationale_v\u00e9t\u00e9rinaire_de_Toulouse-768x522.gif 768w\" sizes=\"auto, (max-width: 157px) 100vw, 157px\" \/><\/b><\/p>\n<p>L\u2019ENV de Toulouse est un \u00e9tablissement d\u2019enseignement et de recherche qui comprend un important Centre Hospitalier Universitaire V\u00e9t\u00e9rinaire d\u00e9di\u00e9 aux Animaux de Compagnie (CHUVAC) qui fonctionne gr\u00e2ce \u00e0 une \u00e9quipe de 65 personnes (environ 20 000 consultations annuelles chiens et chats r\u00e9alis\u00e9es au sein de 15 services sp\u00e9cialis\u00e9s). L&rsquo;ENVT poss\u00e8de \u00e9galement une expertise scientifique reconnue autour de l\u2019animal et de la sant\u00e9 publique (One Health, One Medicine) gr\u00e2ce \u00e0 ces 86 Enseignants-Chercheurs et Chercheurs et ses 83 Ing\u00e9nieurs et techniciens de recherche, dont certains appartiennent aux membres fondateurs ou aux partenaires acad\u00e9miques de la plateforme Inspire (STROMALab, ToNIC, IRSD). Elle est dirig\u00e9e par Isabelle Raymond Letron.<\/p>\n<p>L\u2019ENVT h\u00e9berge \u00e9galement le LabHPEC, premier et seul laboratoire acad\u00e9mique d\u2019anatomie pathologique fran\u00e7ais conforme aux Bonnes Pratiques de Laboratoire du r\u00e9seau d\u2019inspection de l\u2019ANSM (Agence Nationale de la Sant\u00e9 et du M\u00e9dicament), qui permet la r\u00e9alisation d\u2019\u00e9tudes non cliniques r\u00e8glementaires indispensable au d\u00e9veloppement des m\u00e9dicaments, notamment les MTI (M\u00e9dicaments de Th\u00e9rapie Innovante) d\u00e9di\u00e9s au vieillissement et \u00e0 la r\u00e9g\u00e9n\u00e9ration.<\/p>\n<p>Les chiens partagent avec leurs ma\u00eetres outre leur environnement et leur mode de vie, une \u00e9volution vers un vieillissement biologique avec diminution des capacit\u00e9s intrins\u00e8ques, h\u00e9t\u00e9rog\u00e8ne selon les races et les individus. La pr\u00e9sence d\u2019une des 4 \u00e9coles nationales v\u00e9t\u00e9rinaires (ENV) fran\u00e7aise sur la r\u00e9gion Occitanie et sa proximit\u00e9 avec la communaut\u00e9 scientifique m\u00e9dicale toulousaine repr\u00e9sente une opportunit\u00e9 unique pour d\u00e9velopper le suivi d\u2019une cohorte de chiens en miroir des cohortes Inspire humaines et murines afin de rechercher et d\u2019identifier des biomarqueurs pr\u00e9coces de vieillissement communs \u00e0 l\u2019homme et l\u2019animal. L\u2019exploitation des donn\u00e9es cliniques et des pr\u00e9l\u00e8vements issus des patients v\u00e9t\u00e9rinaires suivis par une \u00e9quipe multidisciplinaire de sp\u00e9cialistes v\u00e9t\u00e9rinaires permettra de mieux comprendre les m\u00e9canismes et facteurs de risque du vieillissement et de d\u00e9velopper des strat\u00e9gies pr\u00e9ventives et curatives translationnelles, \u00e0 double b\u00e9n\u00e9fice humain et v\u00e9t\u00e9rinaire.<\/p>\n","protected":false},"excerpt":{"rendered":"<p>De nombreux autres partenaires acad\u00e9miques de recherche du bassin toulousain sont largement impliqu\u00e9s aux c\u00f4t\u00e9s des membres fondateurs de la plateforme Inspire, et permettent, gr\u00e2ce \u00e0 leurs expertises et mat\u00e9riels de pointe, une large recherche sur les m\u00e9canismes du vieillissement et des g\u00e9rosciences: &nbsp; \u00a0 Institut de Recherche en Sant\u00e9 Digestive (IRSD \u2013 Inserm \/ [&hellip;]<\/p>\n","protected":false},"author":1,"featured_media":0,"parent":0,"menu_order":0,"comment_status":"closed","ping_status":"closed","template":"","meta":{"footnotes":""},"class_list":["post-160","page","type-page","status-publish","hentry"],"yoast_head":"<!-- This site is optimized with the Yoast SEO plugin v24.7 - https:\/\/yoast.com\/wordpress\/plugins\/seo\/ -->\n<title>Partenaires acad\u00e9miques - IHU Healthage<\/title>\n<meta name=\"robots\" content=\"index, follow, max-snippet:-1, max-image-preview:large, max-video-preview:-1\" \/>\n<link rel=\"canonical\" href=\"https:\/\/ihuhealthage.fr\/fr\/academiques\/\" \/>\n<meta property=\"og:locale\" content=\"fr_FR\" \/>\n<meta property=\"og:type\" content=\"article\" \/>\n<meta property=\"og:title\" content=\"Partenaires acad\u00e9miques - IHU Healthage\" \/>\n<meta property=\"og:description\" content=\"De nombreux autres partenaires acad\u00e9miques de recherche du bassin toulousain sont largement impliqu\u00e9s aux c\u00f4t\u00e9s des membres fondateurs de la plateforme Inspire, et permettent, gr\u00e2ce \u00e0 leurs expertises et mat\u00e9riels de pointe, une large recherche sur les m\u00e9canismes du vieillissement et des g\u00e9rosciences: &nbsp; \u00a0 Institut de Recherche en Sant\u00e9 Digestive (IRSD \u2013 Inserm \/ [&hellip;]\" \/>\n<meta property=\"og:url\" content=\"https:\/\/ihuhealthage.fr\/fr\/academiques\/\" \/>\n<meta property=\"og:site_name\" content=\"INSPIRE\" \/>\n<meta property=\"article:modified_time\" content=\"2020-11-13T08:52:18+00:00\" \/>\n<meta property=\"og:image\" content=\"https:\/\/ihuhealthage.fr\/wp-content\/uploads\/2020\/04\/unnamed.png\" \/>\n<meta name=\"twitter:card\" content=\"summary_large_image\" \/>\n<meta name=\"twitter:label1\" content=\"Dur\u00e9e de lecture estim\u00e9e\" \/>\n\t<meta name=\"twitter:data1\" content=\"9 minutes\" \/>\n<script type=\"application\/ld+json\" class=\"yoast-schema-graph\">{\"@context\":\"https:\/\/schema.org\",\"@graph\":[{\"@type\":\"WebPage\",\"@id\":\"https:\/\/ihuhealthage.fr\/fr\/academiques\/\",\"url\":\"https:\/\/ihuhealthage.fr\/fr\/academiques\/\",\"name\":\"Partenaires acad\u00e9miques - IHU Healthage\",\"isPartOf\":{\"@id\":\"https:\/\/ihuhealthage.fr\/fr\/#website\"},\"primaryImageOfPage\":{\"@id\":\"https:\/\/ihuhealthage.fr\/fr\/academiques\/#primaryimage\"},\"image\":{\"@id\":\"https:\/\/ihuhealthage.fr\/fr\/academiques\/#primaryimage\"},\"thumbnailUrl\":\"https:\/\/ihuhealthage.fr\/wp-content\/uploads\/2020\/04\/unnamed.png\",\"datePublished\":\"2020-03-04T01:26:52+00:00\",\"dateModified\":\"2020-11-13T08:52:18+00:00\",\"breadcrumb\":{\"@id\":\"https:\/\/ihuhealthage.fr\/fr\/academiques\/#breadcrumb\"},\"inLanguage\":\"fr-FR\",\"potentialAction\":[{\"@type\":\"ReadAction\",\"target\":[\"https:\/\/ihuhealthage.fr\/fr\/academiques\/\"]}]},{\"@type\":\"ImageObject\",\"inLanguage\":\"fr-FR\",\"@id\":\"https:\/\/ihuhealthage.fr\/fr\/academiques\/#primaryimage\",\"url\":\"https:\/\/ihuhealthage.fr\/wp-content\/uploads\/2020\/04\/unnamed.png\",\"contentUrl\":\"https:\/\/ihuhealthage.fr\/wp-content\/uploads\/2020\/04\/unnamed.png\"},{\"@type\":\"BreadcrumbList\",\"@id\":\"https:\/\/ihuhealthage.fr\/fr\/academiques\/#breadcrumb\",\"itemListElement\":[{\"@type\":\"ListItem\",\"position\":1,\"name\":\"Accueil\",\"item\":\"https:\/\/ihuhealthage.fr\/fr\/\"},{\"@type\":\"ListItem\",\"position\":2,\"name\":\"Partenaires acad\u00e9miques\"}]},{\"@type\":\"WebSite\",\"@id\":\"https:\/\/ihuhealthage.fr\/fr\/#website\",\"url\":\"https:\/\/ihuhealthage.fr\/fr\/\",\"name\":\"IHU Healthage\",\"description\":\"\",\"potentialAction\":[{\"@type\":\"SearchAction\",\"target\":{\"@type\":\"EntryPoint\",\"urlTemplate\":\"https:\/\/ihuhealthage.fr\/fr\/?s={search_term_string}\"},\"query-input\":{\"@type\":\"PropertyValueSpecification\",\"valueRequired\":true,\"valueName\":\"search_term_string\"}}],\"inLanguage\":\"fr-FR\"}]}<\/script>\n<!-- \/ Yoast SEO plugin. -->","yoast_head_json":{"title":"Partenaires acad\u00e9miques - IHU Healthage","robots":{"index":"index","follow":"follow","max-snippet":"max-snippet:-1","max-image-preview":"max-image-preview:large","max-video-preview":"max-video-preview:-1"},"canonical":"https:\/\/ihuhealthage.fr\/fr\/academiques\/","og_locale":"fr_FR","og_type":"article","og_title":"Partenaires acad\u00e9miques - IHU Healthage","og_description":"De nombreux autres partenaires acad\u00e9miques de recherche du bassin toulousain sont largement impliqu\u00e9s aux c\u00f4t\u00e9s des membres fondateurs de la plateforme Inspire, et permettent, gr\u00e2ce \u00e0 leurs expertises et mat\u00e9riels de pointe, une large recherche sur les m\u00e9canismes du vieillissement et des g\u00e9rosciences: &nbsp; \u00a0 Institut de Recherche en Sant\u00e9 Digestive (IRSD \u2013 Inserm \/ [&hellip;]","og_url":"https:\/\/ihuhealthage.fr\/fr\/academiques\/","og_site_name":"INSPIRE","article_modified_time":"2020-11-13T08:52:18+00:00","og_image":[{"url":"https:\/\/ihuhealthage.fr\/wp-content\/uploads\/2020\/04\/unnamed.png","type":"","width":"","height":""}],"twitter_card":"summary_large_image","twitter_misc":{"Dur\u00e9e de lecture estim\u00e9e":"9 minutes"},"schema":{"@context":"https:\/\/schema.org","@graph":[{"@type":"WebPage","@id":"https:\/\/ihuhealthage.fr\/fr\/academiques\/","url":"https:\/\/ihuhealthage.fr\/fr\/academiques\/","name":"Partenaires acad\u00e9miques - IHU Healthage","isPartOf":{"@id":"https:\/\/ihuhealthage.fr\/fr\/#website"},"primaryImageOfPage":{"@id":"https:\/\/ihuhealthage.fr\/fr\/academiques\/#primaryimage"},"image":{"@id":"https:\/\/ihuhealthage.fr\/fr\/academiques\/#primaryimage"},"thumbnailUrl":"https:\/\/ihuhealthage.fr\/wp-content\/uploads\/2020\/04\/unnamed.png","datePublished":"2020-03-04T01:26:52+00:00","dateModified":"2020-11-13T08:52:18+00:00","breadcrumb":{"@id":"https:\/\/ihuhealthage.fr\/fr\/academiques\/#breadcrumb"},"inLanguage":"fr-FR","potentialAction":[{"@type":"ReadAction","target":["https:\/\/ihuhealthage.fr\/fr\/academiques\/"]}]},{"@type":"ImageObject","inLanguage":"fr-FR","@id":"https:\/\/ihuhealthage.fr\/fr\/academiques\/#primaryimage","url":"https:\/\/ihuhealthage.fr\/wp-content\/uploads\/2020\/04\/unnamed.png","contentUrl":"https:\/\/ihuhealthage.fr\/wp-content\/uploads\/2020\/04\/unnamed.png"},{"@type":"BreadcrumbList","@id":"https:\/\/ihuhealthage.fr\/fr\/academiques\/#breadcrumb","itemListElement":[{"@type":"ListItem","position":1,"name":"Accueil","item":"https:\/\/ihuhealthage.fr\/fr\/"},{"@type":"ListItem","position":2,"name":"Partenaires acad\u00e9miques"}]},{"@type":"WebSite","@id":"https:\/\/ihuhealthage.fr\/fr\/#website","url":"https:\/\/ihuhealthage.fr\/fr\/","name":"IHU Healthage","description":"","potentialAction":[{"@type":"SearchAction","target":{"@type":"EntryPoint","urlTemplate":"https:\/\/ihuhealthage.fr\/fr\/?s={search_term_string}"},"query-input":{"@type":"PropertyValueSpecification","valueRequired":true,"valueName":"search_term_string"}}],"inLanguage":"fr-FR"}]}},"_links":{"self":[{"href":"https:\/\/ihuhealthage.fr\/fr\/wp-json\/wp\/v2\/pages\/160","targetHints":{"allow":["GET"]}}],"collection":[{"href":"https:\/\/ihuhealthage.fr\/fr\/wp-json\/wp\/v2\/pages"}],"about":[{"href":"https:\/\/ihuhealthage.fr\/fr\/wp-json\/wp\/v2\/types\/page"}],"author":[{"embeddable":true,"href":"https:\/\/ihuhealthage.fr\/fr\/wp-json\/wp\/v2\/users\/1"}],"replies":[{"embeddable":true,"href":"https:\/\/ihuhealthage.fr\/fr\/wp-json\/wp\/v2\/comments?post=160"}],"version-history":[{"count":8,"href":"https:\/\/ihuhealthage.fr\/fr\/wp-json\/wp\/v2\/pages\/160\/revisions"}],"predecessor-version":[{"id":2105,"href":"https:\/\/ihuhealthage.fr\/fr\/wp-json\/wp\/v2\/pages\/160\/revisions\/2105"}],"wp:attachment":[{"href":"https:\/\/ihuhealthage.fr\/fr\/wp-json\/wp\/v2\/media?parent=160"}],"curies":[{"name":"wp","href":"https:\/\/api.w.org\/{rel}","templated":true}]}}