{"id":154,"date":"2020-03-04T02:26:03","date_gmt":"2020-03-04T01:26:03","guid":{"rendered":"https:\/\/inspire.chu-toulouse.fr\/?page_id=154"},"modified":"2025-05-15T09:18:22","modified_gmt":"2025-05-15T07:18:22","slug":"membres-fondateurs","status":"publish","type":"page","link":"https:\/\/ihuhealthage.fr\/fr\/membres-fondateurs\/","title":{"rendered":"Membres Fondateurs"},"content":{"rendered":"<p style=\"text-align: justify;\">Port\u00e9 par trois fondateurs, le CHU de Toulouse, l\u2019Inserm et l\u2019Universit\u00e9 de Toulouse, l\u2019IHU HealthAge a \u00e9t\u00e9 labellis\u00e9 IHU en mai 2023.<\/p>\n<h2><\/h2>\n<h2>Le Centre Hospitalier Universitaire (CHU) de Toulouse<\/h2>\n<h2><img loading=\"lazy\" decoding=\"async\" class=\"alignnone wp-image-3220\" src=\"https:\/\/inspire.chu-toulouse.fr\/wp-content\/uploads\/2024\/11\/image-removebg-preview.png\" alt=\"\" width=\"116\" height=\"43\" srcset=\"https:\/\/inspire.chu-toulouse.fr\/wp-content\/uploads\/2024\/11\/image-removebg-preview.png 820w, https:\/\/inspire.chu-toulouse.fr\/wp-content\/uploads\/2024\/11\/image-removebg-preview-730x271.png 730w, https:\/\/inspire.chu-toulouse.fr\/wp-content\/uploads\/2024\/11\/image-removebg-preview-768x285.png 768w\" sizes=\"auto, (max-width: 116px) 100vw, 116px\" \/><\/h2>\n<p style=\"text-align: justify;\">Le Centre hospitalier universitaire (CHU) de Toulouse, 4<sup>\u00e8me<\/sup> h\u00f4pital fran\u00e7ais, \u00a0est une institution sanitaire et universitaire ancr\u00e9e dans la ville de Toulouse et dans le territoire r\u00e9gional d\u2019Occitanie. \u00c0 ce titre, il remplit des missions de service public de soins et de pr\u00e9vention en prenant en charge tous les patients sans discrimination, en formant les professionnels de demain, et en contribuant \u00e0 l\u2019innovation et \u00e0 la recherche en sant\u00e9.<\/p>\n<p><strong>Quelques chiffres\u00a0:<\/strong><\/p>\n<ul>\n<li>Un des plus gros employeurs de la r\u00e9gion avec 16\u00a0000 professionnels<\/li>\n<li>300 000 malades hospitalis\u00e9s et 1 million de consultations par an<\/li>\n<li>Plus de 1600 publications scientifiques par an<\/li>\n<li>2530 projets de recherche en cours<\/li>\n<\/ul>\n<p>Pour en savoir plus\u00a0: <a href=\"http:\/\/www.chu-toulouse.fr\">www.chu-toulouse.fr<\/a><\/p>\n<h2><strong><br \/>\nL\u2019INSERM (L\u2019Institut National de la Sant\u00e9 Et de la Recherche M\u00e9dicale)<\/strong><\/h2>\n<p><img loading=\"lazy\" decoding=\"async\" class=\"alignnone wp-image-4270\" src=\"https:\/\/inspire.chu-toulouse.fr\/wp-content\/uploads\/2025\/02\/Inserm.svg_-1110x450.png\" alt=\"\" width=\"153\" height=\"62\" \/><\/p>\n<p style=\"text-align: justify;\">Cr\u00e9\u00e9 en 1964, l\u2019Inserm est un \u00e9tablissement public national \u00e0 caract\u00e8re scientifique et technologique, d\u00e9di\u00e9 \u00e0 la recherche biologique, m\u00e9dicale et \u00e0 la sant\u00e9 humaine.<\/p>\n<p><strong>Quelques chiffres\u00a0:<\/strong><\/p>\n<ul>\n<li>12\u00a0000 publications scientifiques en 2022<\/li>\n<li>269 unit\u00e9s de recherche<\/li>\n<li>Un effectif de 14\u00a0180 personnes<\/li>\n<\/ul>\n<p style=\"text-align: justify;\">En Occitanie Pyr\u00e9n\u00e9es, l\u2019Inserm administre 7 unit\u00e9s mixtes de recherche, 1 \u00e9quipe de recherche labellis\u00e9e, 1 centre d\u2019investigation clinique et 2 unit\u00e9s mixtes de service, tous situ\u00e9s \u00e0 Toulouse. Pr\u00e8s de 1 200 personnes (hors doctorants et post-doctorants), dont 560 agents Inserm titulaires et contractuels, travaillent dans ces structures.<\/p>\n<p>Pour en savoir plus\u00a0: <a href=\"http:\/\/www.inserm.fr\">www.inserm.fr<\/a><\/p>\n<p>&nbsp;<\/p>\n<h2><strong>L\u2019Universit\u00e9 de Toulouse<\/strong><\/h2>\n<p><img loading=\"lazy\" decoding=\"async\" class=\"alignnone  wp-image-4302\" src=\"https:\/\/inspire.chu-toulouse.fr\/wp-content\/uploads\/2025\/05\/UT-removebg-preview.png\" alt=\"\" width=\"143\" height=\"46\" srcset=\"https:\/\/inspire.chu-toulouse.fr\/wp-content\/uploads\/2025\/05\/UT-removebg-preview.png 882w, https:\/\/inspire.chu-toulouse.fr\/wp-content\/uploads\/2025\/05\/UT-removebg-preview-730x234.png 730w, https:\/\/inspire.chu-toulouse.fr\/wp-content\/uploads\/2025\/05\/UT-removebg-preview-768x246.png 768w\" sizes=\"auto, (max-width: 143px) 100vw, 143px\" \/><\/p>\n<p style=\"text-align: justify;\">L\u2019universit\u00e9 de Toulouse trouve ses origines au 13e si\u00e8cle et nait officiellement en 1969 de la fusion des facult\u00e9s de m\u00e9decine, de pharmacie et des sciences. La diversit\u00e9 de ses laboratoires et la qualit\u00e9 de ses formations en sciences, sant\u00e9, sport, technologie et ing\u00e9nierie assurent depuis plus de 50 ans son rayonnement scientifique et la placent parmi les premi\u00e8res universit\u00e9s mondiales. Elle est reconnue parmi les 300 meilleurs \u00e9tablissements pour ses performances scientifiques par le classement international de l\u2019Universit\u00e9 Nationale de Ta\u00efwan (NTU ranking).<\/p>\n<p><strong>Quelques chiffres\u00a0:<\/strong><\/p>\n<ul>\n<li>37\u00a0000 \u00e9tudiants<\/li>\n<li>68 structures de recherche<\/li>\n<\/ul>\n<p>Pour en savoir plus\u00a0: <a href=\"http:\/\/www.univ-tlse3.fr\">www.univ-tlse3.fr<\/a><\/p>\n<p>&nbsp;<\/p>\n","protected":false},"excerpt":{"rendered":"<p>Port\u00e9 par trois fondateurs, le CHU de Toulouse, l\u2019Inserm et l\u2019Universit\u00e9 de Toulouse, l\u2019IHU HealthAge a \u00e9t\u00e9 labellis\u00e9 IHU en mai 2023. Le Centre Hospitalier Universitaire (CHU) de Toulouse Le Centre hospitalier universitaire (CHU) de Toulouse, 4\u00e8me h\u00f4pital fran\u00e7ais, \u00a0est une institution sanitaire et universitaire ancr\u00e9e dans la ville de Toulouse et dans le territoire [&hellip;]<\/p>\n","protected":false},"author":1,"featured_media":0,"parent":0,"menu_order":0,"comment_status":"closed","ping_status":"closed","template":"","meta":{"footnotes":""},"class_list":["post-154","page","type-page","status-publish","hentry"],"yoast_head":"<!-- This site is optimized with the Yoast SEO plugin v24.7 - https:\/\/yoast.com\/wordpress\/plugins\/seo\/ -->\n<title>Membres Fondateurs - IHU Healthage<\/title>\n<meta name=\"robots\" content=\"index, follow, max-snippet:-1, max-image-preview:large, max-video-preview:-1\" \/>\n<link rel=\"canonical\" href=\"https:\/\/ihuhealthage.fr\/fr\/membres-fondateurs\/\" \/>\n<meta property=\"og:locale\" content=\"fr_FR\" \/>\n<meta property=\"og:type\" content=\"article\" \/>\n<meta property=\"og:title\" content=\"Membres Fondateurs - IHU Healthage\" \/>\n<meta property=\"og:description\" content=\"Port\u00e9 par trois fondateurs, le CHU de Toulouse, l\u2019Inserm et l\u2019Universit\u00e9 de Toulouse, l\u2019IHU HealthAge a \u00e9t\u00e9 labellis\u00e9 IHU en mai 2023. Le Centre Hospitalier Universitaire (CHU) de Toulouse Le Centre hospitalier universitaire (CHU) de Toulouse, 4\u00e8me h\u00f4pital fran\u00e7ais, \u00a0est une institution sanitaire et universitaire ancr\u00e9e dans la ville de Toulouse et dans le territoire [&hellip;]\" \/>\n<meta property=\"og:url\" content=\"https:\/\/ihuhealthage.fr\/fr\/membres-fondateurs\/\" \/>\n<meta property=\"og:site_name\" content=\"INSPIRE\" \/>\n<meta property=\"article:modified_time\" content=\"2025-05-15T07:18:22+00:00\" \/>\n<meta property=\"og:image\" content=\"https:\/\/inspire.chu-toulouse.fr\/wp-content\/uploads\/2024\/11\/image-removebg-preview.png\" \/>\n\t<meta property=\"og:image:width\" content=\"820\" \/>\n\t<meta property=\"og:image:height\" content=\"304\" \/>\n\t<meta property=\"og:image:type\" content=\"image\/png\" \/>\n<meta name=\"twitter:card\" content=\"summary_large_image\" \/>\n<meta name=\"twitter:label1\" content=\"Dur\u00e9e de lecture estim\u00e9e\" \/>\n\t<meta name=\"twitter:data1\" content=\"3 minutes\" \/>\n<script type=\"application\/ld+json\" class=\"yoast-schema-graph\">{\"@context\":\"https:\/\/schema.org\",\"@graph\":[{\"@type\":\"WebPage\",\"@id\":\"https:\/\/ihuhealthage.fr\/fr\/membres-fondateurs\/\",\"url\":\"https:\/\/ihuhealthage.fr\/fr\/membres-fondateurs\/\",\"name\":\"Membres Fondateurs - IHU Healthage\",\"isPartOf\":{\"@id\":\"https:\/\/ihuhealthage.fr\/fr\/#website\"},\"primaryImageOfPage\":{\"@id\":\"https:\/\/ihuhealthage.fr\/fr\/membres-fondateurs\/#primaryimage\"},\"image\":{\"@id\":\"https:\/\/ihuhealthage.fr\/fr\/membres-fondateurs\/#primaryimage\"},\"thumbnailUrl\":\"https:\/\/inspire.chu-toulouse.fr\/wp-content\/uploads\/2024\/11\/image-removebg-preview.png\",\"datePublished\":\"2020-03-04T01:26:03+00:00\",\"dateModified\":\"2025-05-15T07:18:22+00:00\",\"breadcrumb\":{\"@id\":\"https:\/\/ihuhealthage.fr\/fr\/membres-fondateurs\/#breadcrumb\"},\"inLanguage\":\"fr-FR\",\"potentialAction\":[{\"@type\":\"ReadAction\",\"target\":[\"https:\/\/ihuhealthage.fr\/fr\/membres-fondateurs\/\"]}]},{\"@type\":\"ImageObject\",\"inLanguage\":\"fr-FR\",\"@id\":\"https:\/\/ihuhealthage.fr\/fr\/membres-fondateurs\/#primaryimage\",\"url\":\"https:\/\/inspire.chu-toulouse.fr\/wp-content\/uploads\/2024\/11\/image-removebg-preview.png\",\"contentUrl\":\"https:\/\/inspire.chu-toulouse.fr\/wp-content\/uploads\/2024\/11\/image-removebg-preview.png\"},{\"@type\":\"BreadcrumbList\",\"@id\":\"https:\/\/ihuhealthage.fr\/fr\/membres-fondateurs\/#breadcrumb\",\"itemListElement\":[{\"@type\":\"ListItem\",\"position\":1,\"name\":\"Accueil\",\"item\":\"https:\/\/ihuhealthage.fr\/fr\/\"},{\"@type\":\"ListItem\",\"position\":2,\"name\":\"Membres Fondateurs\"}]},{\"@type\":\"WebSite\",\"@id\":\"https:\/\/ihuhealthage.fr\/fr\/#website\",\"url\":\"https:\/\/ihuhealthage.fr\/fr\/\",\"name\":\"IHU Healthage\",\"description\":\"\",\"potentialAction\":[{\"@type\":\"SearchAction\",\"target\":{\"@type\":\"EntryPoint\",\"urlTemplate\":\"https:\/\/ihuhealthage.fr\/fr\/?s={search_term_string}\"},\"query-input\":{\"@type\":\"PropertyValueSpecification\",\"valueRequired\":true,\"valueName\":\"search_term_string\"}}],\"inLanguage\":\"fr-FR\"}]}<\/script>\n<!-- \/ Yoast SEO plugin. -->","yoast_head_json":{"title":"Membres Fondateurs - IHU Healthage","robots":{"index":"index","follow":"follow","max-snippet":"max-snippet:-1","max-image-preview":"max-image-preview:large","max-video-preview":"max-video-preview:-1"},"canonical":"https:\/\/ihuhealthage.fr\/fr\/membres-fondateurs\/","og_locale":"fr_FR","og_type":"article","og_title":"Membres Fondateurs - IHU Healthage","og_description":"Port\u00e9 par trois fondateurs, le CHU de Toulouse, l\u2019Inserm et l\u2019Universit\u00e9 de Toulouse, l\u2019IHU HealthAge a \u00e9t\u00e9 labellis\u00e9 IHU en mai 2023. Le Centre Hospitalier Universitaire (CHU) de Toulouse Le Centre hospitalier universitaire (CHU) de Toulouse, 4\u00e8me h\u00f4pital fran\u00e7ais, \u00a0est une institution sanitaire et universitaire ancr\u00e9e dans la ville de Toulouse et dans le territoire [&hellip;]","og_url":"https:\/\/ihuhealthage.fr\/fr\/membres-fondateurs\/","og_site_name":"INSPIRE","article_modified_time":"2025-05-15T07:18:22+00:00","og_image":[{"width":820,"height":304,"url":"https:\/\/inspire.chu-toulouse.fr\/wp-content\/uploads\/2024\/11\/image-removebg-preview.png","type":"image\/png"}],"twitter_card":"summary_large_image","twitter_misc":{"Dur\u00e9e de lecture estim\u00e9e":"3 minutes"},"schema":{"@context":"https:\/\/schema.org","@graph":[{"@type":"WebPage","@id":"https:\/\/ihuhealthage.fr\/fr\/membres-fondateurs\/","url":"https:\/\/ihuhealthage.fr\/fr\/membres-fondateurs\/","name":"Membres Fondateurs - IHU Healthage","isPartOf":{"@id":"https:\/\/ihuhealthage.fr\/fr\/#website"},"primaryImageOfPage":{"@id":"https:\/\/ihuhealthage.fr\/fr\/membres-fondateurs\/#primaryimage"},"image":{"@id":"https:\/\/ihuhealthage.fr\/fr\/membres-fondateurs\/#primaryimage"},"thumbnailUrl":"https:\/\/inspire.chu-toulouse.fr\/wp-content\/uploads\/2024\/11\/image-removebg-preview.png","datePublished":"2020-03-04T01:26:03+00:00","dateModified":"2025-05-15T07:18:22+00:00","breadcrumb":{"@id":"https:\/\/ihuhealthage.fr\/fr\/membres-fondateurs\/#breadcrumb"},"inLanguage":"fr-FR","potentialAction":[{"@type":"ReadAction","target":["https:\/\/ihuhealthage.fr\/fr\/membres-fondateurs\/"]}]},{"@type":"ImageObject","inLanguage":"fr-FR","@id":"https:\/\/ihuhealthage.fr\/fr\/membres-fondateurs\/#primaryimage","url":"https:\/\/inspire.chu-toulouse.fr\/wp-content\/uploads\/2024\/11\/image-removebg-preview.png","contentUrl":"https:\/\/inspire.chu-toulouse.fr\/wp-content\/uploads\/2024\/11\/image-removebg-preview.png"},{"@type":"BreadcrumbList","@id":"https:\/\/ihuhealthage.fr\/fr\/membres-fondateurs\/#breadcrumb","itemListElement":[{"@type":"ListItem","position":1,"name":"Accueil","item":"https:\/\/ihuhealthage.fr\/fr\/"},{"@type":"ListItem","position":2,"name":"Membres Fondateurs"}]},{"@type":"WebSite","@id":"https:\/\/ihuhealthage.fr\/fr\/#website","url":"https:\/\/ihuhealthage.fr\/fr\/","name":"IHU Healthage","description":"","potentialAction":[{"@type":"SearchAction","target":{"@type":"EntryPoint","urlTemplate":"https:\/\/ihuhealthage.fr\/fr\/?s={search_term_string}"},"query-input":{"@type":"PropertyValueSpecification","valueRequired":true,"valueName":"search_term_string"}}],"inLanguage":"fr-FR"}]}},"_links":{"self":[{"href":"https:\/\/ihuhealthage.fr\/fr\/wp-json\/wp\/v2\/pages\/154","targetHints":{"allow":["GET"]}}],"collection":[{"href":"https:\/\/ihuhealthage.fr\/fr\/wp-json\/wp\/v2\/pages"}],"about":[{"href":"https:\/\/ihuhealthage.fr\/fr\/wp-json\/wp\/v2\/types\/page"}],"author":[{"embeddable":true,"href":"https:\/\/ihuhealthage.fr\/fr\/wp-json\/wp\/v2\/users\/1"}],"replies":[{"embeddable":true,"href":"https:\/\/ihuhealthage.fr\/fr\/wp-json\/wp\/v2\/comments?post=154"}],"version-history":[{"count":48,"href":"https:\/\/ihuhealthage.fr\/fr\/wp-json\/wp\/v2\/pages\/154\/revisions"}],"predecessor-version":[{"id":4305,"href":"https:\/\/ihuhealthage.fr\/fr\/wp-json\/wp\/v2\/pages\/154\/revisions\/4305"}],"wp:attachment":[{"href":"https:\/\/ihuhealthage.fr\/fr\/wp-json\/wp\/v2\/media?parent=154"}],"curies":[{"name":"wp","href":"https:\/\/api.w.org\/{rel}","templated":true}]}}