{"id":146,"date":"2020-03-04T02:25:22","date_gmt":"2020-03-04T01:25:22","guid":{"rendered":"https:\/\/inspire.chu-toulouse.fr\/?page_id=146"},"modified":"2025-01-27T10:08:27","modified_gmt":"2025-01-27T09:08:27","slug":"cohorte-poissons","status":"publish","type":"page","link":"https:\/\/ihuhealthage.fr\/fr\/cohorte-poissons\/","title":{"rendered":"La cohorte de poissons"},"content":{"rendered":"<h2 class=\"chapeau\" style=\"text-align: justify;\">La cohorte Killifish africain (<em>Nothobranchuis furzeri<\/em>) est une cohorte permanente et ouverte qui comprend les donn\u00e9es d&rsquo;environ 250-300 m\u00e2les et femelles, suivis pendant 1, 2, 3, 4, 5 et 6 mois. Des donn\u00e9es fonctionnelles sur la locomotion spontan\u00e9e et la cognition (environ 100 000 points de donn\u00e9es par poisson) sont recueillies ainsi que de nombreux \u00e9chantillons biologiques (sang, cerveau, c\u0153ur, foie, tube digestif, rate, muscles squelettiques, gonades).<\/h2>\n<p>&nbsp;<\/p>\n","protected":false},"excerpt":{"rendered":"<p>La cohorte Killifish africain (Nothobranchuis furzeri) est une cohorte permanente et ouverte qui comprend les donn\u00e9es d&rsquo;environ 250-300 m\u00e2les et femelles, suivis pendant 1, 2, 3, 4, 5 et 6 mois. Des donn\u00e9es fonctionnelles sur la locomotion spontan\u00e9e et la cognition (environ 100 000 points de donn\u00e9es par poisson) sont recueillies ainsi que de nombreux [&hellip;]<\/p>\n","protected":false},"author":1,"featured_media":0,"parent":0,"menu_order":0,"comment_status":"closed","ping_status":"closed","template":"","meta":{"footnotes":""},"class_list":["post-146","page","type-page","status-publish","hentry"],"yoast_head":"<!-- This site is optimized with the Yoast SEO plugin v24.7 - https:\/\/yoast.com\/wordpress\/plugins\/seo\/ -->\n<title>La cohorte de poissons - IHU Healthage<\/title>\n<meta name=\"robots\" content=\"index, follow, max-snippet:-1, max-image-preview:large, max-video-preview:-1\" \/>\n<link rel=\"canonical\" href=\"https:\/\/ihuhealthage.fr\/fr\/cohorte-poissons\/\" \/>\n<meta property=\"og:locale\" content=\"fr_FR\" \/>\n<meta property=\"og:type\" content=\"article\" \/>\n<meta property=\"og:title\" content=\"La cohorte de poissons - IHU Healthage\" \/>\n<meta property=\"og:description\" content=\"La cohorte Killifish africain (Nothobranchuis furzeri) est une cohorte permanente et ouverte qui comprend les donn\u00e9es d&rsquo;environ 250-300 m\u00e2les et femelles, suivis pendant 1, 2, 3, 4, 5 et 6 mois. Des donn\u00e9es fonctionnelles sur la locomotion spontan\u00e9e et la cognition (environ 100 000 points de donn\u00e9es par poisson) sont recueillies ainsi que de nombreux [&hellip;]\" \/>\n<meta property=\"og:url\" content=\"https:\/\/ihuhealthage.fr\/fr\/cohorte-poissons\/\" \/>\n<meta property=\"og:site_name\" content=\"INSPIRE\" \/>\n<meta property=\"article:modified_time\" content=\"2025-01-27T09:08:27+00:00\" \/>\n<meta name=\"twitter:card\" content=\"summary_large_image\" \/>\n<meta name=\"twitter:label1\" content=\"Dur\u00e9e de lecture estim\u00e9e\" \/>\n\t<meta name=\"twitter:data1\" content=\"1 minute\" \/>\n<script type=\"application\/ld+json\" class=\"yoast-schema-graph\">{\"@context\":\"https:\/\/schema.org\",\"@graph\":[{\"@type\":\"WebPage\",\"@id\":\"https:\/\/ihuhealthage.fr\/fr\/cohorte-poissons\/\",\"url\":\"https:\/\/ihuhealthage.fr\/fr\/cohorte-poissons\/\",\"name\":\"La cohorte de poissons - IHU Healthage\",\"isPartOf\":{\"@id\":\"https:\/\/ihuhealthage.fr\/fr\/#website\"},\"datePublished\":\"2020-03-04T01:25:22+00:00\",\"dateModified\":\"2025-01-27T09:08:27+00:00\",\"breadcrumb\":{\"@id\":\"https:\/\/ihuhealthage.fr\/fr\/cohorte-poissons\/#breadcrumb\"},\"inLanguage\":\"fr-FR\",\"potentialAction\":[{\"@type\":\"ReadAction\",\"target\":[\"https:\/\/ihuhealthage.fr\/fr\/cohorte-poissons\/\"]}]},{\"@type\":\"BreadcrumbList\",\"@id\":\"https:\/\/ihuhealthage.fr\/fr\/cohorte-poissons\/#breadcrumb\",\"itemListElement\":[{\"@type\":\"ListItem\",\"position\":1,\"name\":\"Accueil\",\"item\":\"https:\/\/ihuhealthage.fr\/fr\/\"},{\"@type\":\"ListItem\",\"position\":2,\"name\":\"La cohorte de poissons\"}]},{\"@type\":\"WebSite\",\"@id\":\"https:\/\/ihuhealthage.fr\/fr\/#website\",\"url\":\"https:\/\/ihuhealthage.fr\/fr\/\",\"name\":\"IHU Healthage\",\"description\":\"\",\"potentialAction\":[{\"@type\":\"SearchAction\",\"target\":{\"@type\":\"EntryPoint\",\"urlTemplate\":\"https:\/\/ihuhealthage.fr\/fr\/?s={search_term_string}\"},\"query-input\":{\"@type\":\"PropertyValueSpecification\",\"valueRequired\":true,\"valueName\":\"search_term_string\"}}],\"inLanguage\":\"fr-FR\"}]}<\/script>\n<!-- \/ Yoast SEO plugin. -->","yoast_head_json":{"title":"La cohorte de poissons - IHU Healthage","robots":{"index":"index","follow":"follow","max-snippet":"max-snippet:-1","max-image-preview":"max-image-preview:large","max-video-preview":"max-video-preview:-1"},"canonical":"https:\/\/ihuhealthage.fr\/fr\/cohorte-poissons\/","og_locale":"fr_FR","og_type":"article","og_title":"La cohorte de poissons - IHU Healthage","og_description":"La cohorte Killifish africain (Nothobranchuis furzeri) est une cohorte permanente et ouverte qui comprend les donn\u00e9es d&rsquo;environ 250-300 m\u00e2les et femelles, suivis pendant 1, 2, 3, 4, 5 et 6 mois. Des donn\u00e9es fonctionnelles sur la locomotion spontan\u00e9e et la cognition (environ 100 000 points de donn\u00e9es par poisson) sont recueillies ainsi que de nombreux [&hellip;]","og_url":"https:\/\/ihuhealthage.fr\/fr\/cohorte-poissons\/","og_site_name":"INSPIRE","article_modified_time":"2025-01-27T09:08:27+00:00","twitter_card":"summary_large_image","twitter_misc":{"Dur\u00e9e de lecture estim\u00e9e":"1 minute"},"schema":{"@context":"https:\/\/schema.org","@graph":[{"@type":"WebPage","@id":"https:\/\/ihuhealthage.fr\/fr\/cohorte-poissons\/","url":"https:\/\/ihuhealthage.fr\/fr\/cohorte-poissons\/","name":"La cohorte de poissons - IHU Healthage","isPartOf":{"@id":"https:\/\/ihuhealthage.fr\/fr\/#website"},"datePublished":"2020-03-04T01:25:22+00:00","dateModified":"2025-01-27T09:08:27+00:00","breadcrumb":{"@id":"https:\/\/ihuhealthage.fr\/fr\/cohorte-poissons\/#breadcrumb"},"inLanguage":"fr-FR","potentialAction":[{"@type":"ReadAction","target":["https:\/\/ihuhealthage.fr\/fr\/cohorte-poissons\/"]}]},{"@type":"BreadcrumbList","@id":"https:\/\/ihuhealthage.fr\/fr\/cohorte-poissons\/#breadcrumb","itemListElement":[{"@type":"ListItem","position":1,"name":"Accueil","item":"https:\/\/ihuhealthage.fr\/fr\/"},{"@type":"ListItem","position":2,"name":"La cohorte de poissons"}]},{"@type":"WebSite","@id":"https:\/\/ihuhealthage.fr\/fr\/#website","url":"https:\/\/ihuhealthage.fr\/fr\/","name":"IHU Healthage","description":"","potentialAction":[{"@type":"SearchAction","target":{"@type":"EntryPoint","urlTemplate":"https:\/\/ihuhealthage.fr\/fr\/?s={search_term_string}"},"query-input":{"@type":"PropertyValueSpecification","valueRequired":true,"valueName":"search_term_string"}}],"inLanguage":"fr-FR"}]}},"_links":{"self":[{"href":"https:\/\/ihuhealthage.fr\/fr\/wp-json\/wp\/v2\/pages\/146","targetHints":{"allow":["GET"]}}],"collection":[{"href":"https:\/\/ihuhealthage.fr\/fr\/wp-json\/wp\/v2\/pages"}],"about":[{"href":"https:\/\/ihuhealthage.fr\/fr\/wp-json\/wp\/v2\/types\/page"}],"author":[{"embeddable":true,"href":"https:\/\/ihuhealthage.fr\/fr\/wp-json\/wp\/v2\/users\/1"}],"replies":[{"embeddable":true,"href":"https:\/\/ihuhealthage.fr\/fr\/wp-json\/wp\/v2\/comments?post=146"}],"version-history":[{"count":20,"href":"https:\/\/ihuhealthage.fr\/fr\/wp-json\/wp\/v2\/pages\/146\/revisions"}],"predecessor-version":[{"id":4110,"href":"https:\/\/ihuhealthage.fr\/fr\/wp-json\/wp\/v2\/pages\/146\/revisions\/4110"}],"wp:attachment":[{"href":"https:\/\/ihuhealthage.fr\/fr\/wp-json\/wp\/v2\/media?parent=146"}],"curies":[{"name":"wp","href":"https:\/\/api.w.org\/{rel}","templated":true}]}}