{"id":133,"date":"2020-03-04T02:22:20","date_gmt":"2020-03-04T01:22:20","guid":{"rendered":"https:\/\/inspire.chu-toulouse.fr\/?page_id=133"},"modified":"2026-03-05T12:17:41","modified_gmt":"2026-03-05T11:17:41","slug":"cohorte-humaine","status":"publish","type":"page","link":"https:\/\/ihuhealthage.fr\/fr\/cohorte-humaine\/","title":{"rendered":"Cohorte humaine Inspire-T"},"content":{"rendered":"<h2 class=\"chapeau\" style=\"text-align: justify;\">La cohorte humaine Inspire-T en cours est con\u00e7ue pour \u00e9tudier sp\u00e9cifiquement ce nouveau concept de trajectoires de vieillissement en bonne sant\u00e9 ax\u00e9es sur des marqueurs cliniques et biologiques int\u00e9gr\u00e9s, pour comprendre les m\u00e9canismes biologiques sous-jacents du maintien des fonctions essentielles et pour contribuer \u00e0 la validation des mesures de l&rsquo;\u00e2ge biologique.<\/h2>\n<p style=\"text-align: justify;\">La cohorte Inspire-T est compos\u00e9e de 1 159 femmes et hommes \u00e2g\u00e9s de 20 \u00e0 plus de 100 ans au moment du recrutement. Les participants sont recrut\u00e9s dans la r\u00e9gion de Toulouse, en France, et pr\u00e9sentent des niveaux variables de niveau fonctionnel au moment de leur inclusion. Nous avons choisi de ne pas utiliser de crit\u00e8res d&rsquo;\u00e9ligibilit\u00e9 trop stricts; seules les personnes atteintes de maladies graves compromettant l&rsquo;esp\u00e9rance de vie \u00e0 5 ans (ou \u00e0 2 ans pour les sujets \u00e2g\u00e9s fragiles et ceux \u00e2g\u00e9s de 80 ans ou plus) et les personnes l\u00e9galement incapables sont exclues. Les participants sont stratifi\u00e9s en groupes d&rsquo;\u00e2ge de dix ans, avec un sur\u00e9chantillonnage des personnes \u00e2g\u00e9es de plus de 70 ans.<\/p>\n<p style=\"text-align: justify;\">Les donn\u00e9es cliniques et les \u00e9chantillons biologiques sont recueillis au d\u00e9but de l\u2019\u00e9tude, puis chaque ann\u00e9e au Centre de Recherche Clinique du G\u00e9rontop\u00f4le ou au domicile des participants gr\u00e2ce \u00e0 l\u2019intervention d\u2019une \u00e9quipe mobile de recherche clinique. Un ensemble de questionnaires permet d\u2019explorer de nombreux domaines comme notamment, le contexte socio-d\u00e9mographique, l\u2019\u00e9tat de sant\u00e9 (traitements, comorbidit\u00e9s, vaccinations), l\u2019autonomie, la fragilit\u00e9 (crit\u00e8res de Fried), l\u2019\u00e9tat nutritionnel, le statut bucco-dentaire, l\u2019humeur, le comportement, les performances physiques et cognitives, ainsi que les facteurs li\u00e9s au mode de vie (tabagisme, consommation d\u2019alcool, pratique d\u2019activit\u00e9 physique, s\u00e9dentarit\u00e9, sommeil, apport alimentaire, exposition au soleil). La capacit\u00e9 intrins\u00e8que, et ses 6 domaines, est \u00e9valu\u00e9e selon les recommandations du programme ICOPE de l\u2019OMS. Tous les quatre mois pendant la premi\u00e8re ann\u00e9e, puis tous les six mois \u00e0 partir de la deuxi\u00e8me ann\u00e9e de suivi, les participants ont \u00e9t\u00e9 invit\u00e9s \u00e0 \u00e9valuer leurs fonctions \u00e0 domicile \u00e0 l\u2019aide de l\u2019application ICOPE MONITOR. En fonction des r\u00e9sultats observ\u00e9s, une \u00e9valuation plus approfondie pourrait \u00eatre propos\u00e9e afin de rechercher les causes potentielles du d\u00e9clin (y compris les causes biologiques, sociales, environnementales, les maladies intercurrentes) et de proposer des strat\u00e9gies pr\u00e9ventives cibl\u00e9es et des interventions personnalis\u00e9es. Une exploration de la composition corporelle par DEXA est propos\u00e9e \u00e0 tous les sujets tous les 5 ans. D\u2019autres investigations physiologiques (test de consommation d\u2019oxyg\u00e8ne (VO2 max) et test de force musculaire (Cybex)) ont \u00e9t\u00e9 propos\u00e9s \u00e0 un sous-\u00e9chantillon de 340 sujets \u00e0 leur inclusion dans l\u2019\u00e9tude. Une IRM cerveau\/corps entier a \u00e9galement \u00e9t\u00e9 r\u00e9alis\u00e9e chez un sous-\u00e9chantillon de 120 sujets \u00e0 l\u2019inclusion.<\/p>\n<p style=\"text-align: justify;\">Des \u00e9chantillons biologiques de sang (PBMC, s\u00e9rum, plasma h\u00e9parin\u00e9, plasma EDTA, sang total, RBC), d\u2019urine, de salive, de plaque dentaire (biofilm), sont pr\u00e9lev\u00e9s chez tous les sujets \u00e0 jeun au d\u00e9but de l\u2019\u00e9tude puis annuellement. Des \u00e9chantillons cutan\u00e9s superficiels, des selles, des follicules pileux et des biopsies cutan\u00e9es ont \u00e9t\u00e9 collect\u00e9es optionnellement \u00e0 l\u2019inclusion. Les aliquots de mat\u00e9riel biologique sont conserv\u00e9es \u00e0 -80\u00b0C (sang total, s\u00e9rum, plasma, urine, biofilm dentaire, salive, biopsie cutan\u00e9e, fibroblastes, selles et follicules pileux) ou \u00e0 -196\u00b0 C dans l\u2019azote liquide (PBMC) au laboratoire central (CRB TBR, CHU Toulouse\/ IFB PURPAN, Toulouse, France).<\/p>\n<p>&nbsp;<\/p>\n<h2>1- Notre population<\/h2>\n<p>&nbsp;<\/p>\n<p><img loading=\"lazy\" decoding=\"async\" class=\"alignnone size-full wp-image-2529\" src=\"https:\/\/inspire.chu-toulouse.fr\/wp-content\/uploads\/2024\/03\/icon-volontaires.png\" alt=\"\" width=\"94\" height=\"108\" \/>\u00a0 \u00a0 \u00a0 &gt; 1 000 participants,\u00a0 \u00e2g\u00e9s de 20 \u00e0 plus de 100 ans<\/p>\n<p>&nbsp;<\/p>\n<h2>2- Types de donn\u00e9es<\/h2>\n<p><img loading=\"lazy\" decoding=\"async\" class=\"alignnone size-large wp-image-4561\" src=\"https:\/\/inspire.chu-toulouse.fr\/wp-content\/uploads\/2026\/03\/Tableau-1-1110x500.png\" alt=\"\" width=\"1110\" height=\"500\" srcset=\"https:\/\/inspire.chu-toulouse.fr\/wp-content\/uploads\/2026\/03\/Tableau-1-1110x500.png 1110w, https:\/\/inspire.chu-toulouse.fr\/wp-content\/uploads\/2026\/03\/Tableau-1-665x300.png 665w, https:\/\/inspire.chu-toulouse.fr\/wp-content\/uploads\/2026\/03\/Tableau-1-768x346.png 768w, https:\/\/inspire.chu-toulouse.fr\/wp-content\/uploads\/2026\/03\/Tableau-1.png 1344w\" sizes=\"auto, (max-width: 1110px) 100vw, 1110px\" \/><\/p>\n<p><img loading=\"lazy\" decoding=\"async\" class=\"alignnone size-large wp-image-4563\" src=\"https:\/\/inspire.chu-toulouse.fr\/wp-content\/uploads\/2026\/03\/Tableau-2-1110x590.png\" alt=\"\" width=\"1110\" height=\"590\" srcset=\"https:\/\/inspire.chu-toulouse.fr\/wp-content\/uploads\/2026\/03\/Tableau-2-1110x590.png 1110w, https:\/\/inspire.chu-toulouse.fr\/wp-content\/uploads\/2026\/03\/Tableau-2-564x300.png 564w, https:\/\/inspire.chu-toulouse.fr\/wp-content\/uploads\/2026\/03\/Tableau-2-285x150.png 285w, https:\/\/inspire.chu-toulouse.fr\/wp-content\/uploads\/2026\/03\/Tableau-2-768x408.png 768w, https:\/\/inspire.chu-toulouse.fr\/wp-content\/uploads\/2026\/03\/Tableau-2.png 1349w\" sizes=\"auto, (max-width: 1110px) 100vw, 1110px\" \/><\/p>\n<h2>3- Echantillons biologiques &#8211; Bio banque\u00a0(mise \u00e0 jour janvier 2025)<\/h2>\n<p><img loading=\"lazy\" decoding=\"async\" class=\"alignnone size-large wp-image-4565\" src=\"https:\/\/inspire.chu-toulouse.fr\/wp-content\/uploads\/2026\/03\/Tableau-3-1110x478.png\" alt=\"\" width=\"1110\" height=\"478\" srcset=\"https:\/\/inspire.chu-toulouse.fr\/wp-content\/uploads\/2026\/03\/Tableau-3-1110x478.png 1110w, https:\/\/inspire.chu-toulouse.fr\/wp-content\/uploads\/2026\/03\/Tableau-3-696x300.png 696w, https:\/\/inspire.chu-toulouse.fr\/wp-content\/uploads\/2026\/03\/Tableau-3-768x331.png 768w, https:\/\/inspire.chu-toulouse.fr\/wp-content\/uploads\/2026\/03\/Tableau-3.png 1376w\" sizes=\"auto, (max-width: 1110px) 100vw, 1110px\" \/><\/p>\n<div class=\"mis-en-avant\"><a href=\"https:\/\/pubmed.ncbi.nlm.nih.gov\/33575699\/\">The INSPIRE Bio-Resource Research Platform for Healthy Aging and Geroscience: Focus on the Human Translational Research Cohort (The INSPIRE-T Cohort). Guyonnet S et al., J Frailty Aging. 2021<\/a><\/div>\n<h2>4- Acc\u00e8s aux data<\/h2>\n<p>Cohorte INSPIRE-T : <a href=\"https:\/\/inspire.chu-toulouse.fr\/wp-content\/uploads\/2026\/02\/INSPIRE-T-Data-Access-Request-Form_V3.3_clean.docx\">Formulaire de demande d\u2019acc\u00e8s aux donn\u00e9es d\u2019INSPIRE-T (ICI)<\/a><\/p>\n<p>Pour d\u2019autres \u00e9tudes, contacter Nicola Coley (<a href=\"mailto:nicola.coley@inserm.fr\">nicola.coley@inserm.fr<\/a>)<\/p>\n<p>&nbsp;<\/p>\n<h2>5- Accomplissements majeurs<\/h2>\n<ol>\n<li style=\"text-align: justify;\">Partenariat international avec le Buck Institute (CA, USA), un institut de recherche ind\u00e9pendant d\u00e9di\u00e9 \u00e0 l&rsquo;extension de la dur\u00e9e de vie humaine en bonne sant\u00e9, pour d\u00e9velopper la premi\u00e8re horloge \u00e9pig\u00e9n\u00e9tique ax\u00e9e sur la Capacit\u00e9 Intrins\u00e8que (IC) (<span style=\"color: #000000;\"><a style=\"color: #000000;\" href=\"https:\/\/pubmed.ncbi.nlm.nih.gov\/40467932\/\">Nat Aging. 2025. A blood-based epigenetic clock for intrinsic capacity predicts mortality and is associated with clinical, immunological and lifestyle factors. DOI: 10.1038\/s43587-025-00883-5<\/a><\/span>)<\/li>\n<li style=\"text-align: justify;\">Avanc\u00e9es biologiques et cliniques pour d\u00e9finir de nouvelles signatures mol\u00e9culaires du vieillissement (<span style=\"color: #000000;\"><a style=\"color: #000000;\" href=\"https:\/\/pubmed.ncbi.nlm.nih.gov\/40591484\/\">Aging Cell. 2025. Identification of Functional Cellular Markers Related to Human Health, Frailty and Chronological Age. DOI: 10.1111\/acel.70153<\/a><\/span>) et \u00e9tablir les premi\u00e8res courbes de r\u00e9f\u00e9rence de la Capacit\u00e9 Intrins\u00e8que (<span style=\"color: #000000;\"><a style=\"color: #000000;\" href=\"https:\/\/pubmed.ncbi.nlm.nih.gov\/37946044\/\">Nat Aging. 2023. Reference centiles for intrinsic capacity throughout adulthood and their association with clinical outcomes: a cross-sectional analysis from the INSPIRE-T cohort. DOI: 10.1038\/s43587-023-00522-x<\/a><\/span>)<\/li>\n<li style=\"text-align: justify;\">Accord de collaboration avec l&rsquo;Alzheimer\u2019s Disease Data Initiative (2025), permettant le partage mondial des donn\u00e9es INSPIRE-T via l&rsquo;AD Workbench en conformit\u00e9 avec le RGPD, ainsi que la mise en commun avec des cohortes internationales (ex: NIA-BLSA)<\/li>\n<li style=\"text-align: justify;\">Initiatives de recherche strat\u00e9giques avec Calico Life Sciences, une soci\u00e9t\u00e9 de biotechnologie de Google ax\u00e9e sur la compr\u00e9hension de la biologie du vieillissement, afin de valider des biomarqueurs de risque li\u00e9s au vieillissement.<\/li>\n<\/ol>\n<p>&nbsp;<\/p>\n","protected":false},"excerpt":{"rendered":"<p>La cohorte humaine Inspire-T en cours est con\u00e7ue pour \u00e9tudier sp\u00e9cifiquement ce nouveau concept de trajectoires de vieillissement en bonne sant\u00e9 ax\u00e9es sur des marqueurs cliniques et biologiques int\u00e9gr\u00e9s, pour comprendre les m\u00e9canismes biologiques sous-jacents du maintien des fonctions essentielles et pour contribuer \u00e0 la validation des mesures de l&rsquo;\u00e2ge biologique. La cohorte Inspire-T est [&hellip;]<\/p>\n","protected":false},"author":1,"featured_media":0,"parent":0,"menu_order":0,"comment_status":"closed","ping_status":"closed","template":"","meta":{"footnotes":""},"class_list":["post-133","page","type-page","status-publish","hentry"],"yoast_head":"<!-- This site is optimized with the Yoast SEO plugin v24.7 - https:\/\/yoast.com\/wordpress\/plugins\/seo\/ -->\n<title>Cohorte humaine Inspire-T - IHU Healthage<\/title>\n<meta name=\"robots\" content=\"index, follow, max-snippet:-1, max-image-preview:large, max-video-preview:-1\" \/>\n<link rel=\"canonical\" href=\"https:\/\/ihuhealthage.fr\/fr\/cohorte-humaine\/\" \/>\n<meta property=\"og:locale\" content=\"fr_FR\" \/>\n<meta property=\"og:type\" content=\"article\" \/>\n<meta property=\"og:title\" content=\"Cohorte humaine Inspire-T - IHU Healthage\" \/>\n<meta property=\"og:description\" content=\"La cohorte humaine Inspire-T en cours est con\u00e7ue pour \u00e9tudier sp\u00e9cifiquement ce nouveau concept de trajectoires de vieillissement en bonne sant\u00e9 ax\u00e9es sur des marqueurs cliniques et biologiques int\u00e9gr\u00e9s, pour comprendre les m\u00e9canismes biologiques sous-jacents du maintien des fonctions essentielles et pour contribuer \u00e0 la validation des mesures de l&rsquo;\u00e2ge biologique. La cohorte Inspire-T est [&hellip;]\" \/>\n<meta property=\"og:url\" content=\"https:\/\/ihuhealthage.fr\/fr\/cohorte-humaine\/\" \/>\n<meta property=\"og:site_name\" content=\"INSPIRE\" \/>\n<meta property=\"article:modified_time\" content=\"2026-03-05T11:17:41+00:00\" \/>\n<meta property=\"og:image\" content=\"https:\/\/inspire.chu-toulouse.fr\/wp-content\/uploads\/2024\/03\/icon-volontaires.png\" \/>\n\t<meta property=\"og:image:width\" content=\"94\" \/>\n\t<meta property=\"og:image:height\" content=\"108\" \/>\n\t<meta property=\"og:image:type\" content=\"image\/png\" \/>\n<meta name=\"twitter:card\" content=\"summary_large_image\" \/>\n<meta name=\"twitter:label1\" content=\"Dur\u00e9e de lecture estim\u00e9e\" \/>\n\t<meta name=\"twitter:data1\" content=\"5 minutes\" \/>\n<script type=\"application\/ld+json\" class=\"yoast-schema-graph\">{\"@context\":\"https:\/\/schema.org\",\"@graph\":[{\"@type\":\"WebPage\",\"@id\":\"https:\/\/ihuhealthage.fr\/fr\/cohorte-humaine\/\",\"url\":\"https:\/\/ihuhealthage.fr\/fr\/cohorte-humaine\/\",\"name\":\"Cohorte humaine Inspire-T - IHU Healthage\",\"isPartOf\":{\"@id\":\"https:\/\/ihuhealthage.fr\/fr\/#website\"},\"primaryImageOfPage\":{\"@id\":\"https:\/\/ihuhealthage.fr\/fr\/cohorte-humaine\/#primaryimage\"},\"image\":{\"@id\":\"https:\/\/ihuhealthage.fr\/fr\/cohorte-humaine\/#primaryimage\"},\"thumbnailUrl\":\"https:\/\/inspire.chu-toulouse.fr\/wp-content\/uploads\/2024\/03\/icon-volontaires.png\",\"datePublished\":\"2020-03-04T01:22:20+00:00\",\"dateModified\":\"2026-03-05T11:17:41+00:00\",\"breadcrumb\":{\"@id\":\"https:\/\/ihuhealthage.fr\/fr\/cohorte-humaine\/#breadcrumb\"},\"inLanguage\":\"fr-FR\",\"potentialAction\":[{\"@type\":\"ReadAction\",\"target\":[\"https:\/\/ihuhealthage.fr\/fr\/cohorte-humaine\/\"]}]},{\"@type\":\"ImageObject\",\"inLanguage\":\"fr-FR\",\"@id\":\"https:\/\/ihuhealthage.fr\/fr\/cohorte-humaine\/#primaryimage\",\"url\":\"https:\/\/inspire.chu-toulouse.fr\/wp-content\/uploads\/2024\/03\/icon-volontaires.png\",\"contentUrl\":\"https:\/\/inspire.chu-toulouse.fr\/wp-content\/uploads\/2024\/03\/icon-volontaires.png\"},{\"@type\":\"BreadcrumbList\",\"@id\":\"https:\/\/ihuhealthage.fr\/fr\/cohorte-humaine\/#breadcrumb\",\"itemListElement\":[{\"@type\":\"ListItem\",\"position\":1,\"name\":\"Accueil\",\"item\":\"https:\/\/ihuhealthage.fr\/fr\/\"},{\"@type\":\"ListItem\",\"position\":2,\"name\":\"Cohorte humaine Inspire-T\"}]},{\"@type\":\"WebSite\",\"@id\":\"https:\/\/ihuhealthage.fr\/fr\/#website\",\"url\":\"https:\/\/ihuhealthage.fr\/fr\/\",\"name\":\"IHU Healthage\",\"description\":\"\",\"potentialAction\":[{\"@type\":\"SearchAction\",\"target\":{\"@type\":\"EntryPoint\",\"urlTemplate\":\"https:\/\/ihuhealthage.fr\/fr\/?s={search_term_string}\"},\"query-input\":{\"@type\":\"PropertyValueSpecification\",\"valueRequired\":true,\"valueName\":\"search_term_string\"}}],\"inLanguage\":\"fr-FR\"}]}<\/script>\n<!-- \/ Yoast SEO plugin. -->","yoast_head_json":{"title":"Cohorte humaine Inspire-T - IHU Healthage","robots":{"index":"index","follow":"follow","max-snippet":"max-snippet:-1","max-image-preview":"max-image-preview:large","max-video-preview":"max-video-preview:-1"},"canonical":"https:\/\/ihuhealthage.fr\/fr\/cohorte-humaine\/","og_locale":"fr_FR","og_type":"article","og_title":"Cohorte humaine Inspire-T - IHU Healthage","og_description":"La cohorte humaine Inspire-T en cours est con\u00e7ue pour \u00e9tudier sp\u00e9cifiquement ce nouveau concept de trajectoires de vieillissement en bonne sant\u00e9 ax\u00e9es sur des marqueurs cliniques et biologiques int\u00e9gr\u00e9s, pour comprendre les m\u00e9canismes biologiques sous-jacents du maintien des fonctions essentielles et pour contribuer \u00e0 la validation des mesures de l&rsquo;\u00e2ge biologique. La cohorte Inspire-T est [&hellip;]","og_url":"https:\/\/ihuhealthage.fr\/fr\/cohorte-humaine\/","og_site_name":"INSPIRE","article_modified_time":"2026-03-05T11:17:41+00:00","og_image":[{"width":94,"height":108,"url":"https:\/\/inspire.chu-toulouse.fr\/wp-content\/uploads\/2024\/03\/icon-volontaires.png","type":"image\/png"}],"twitter_card":"summary_large_image","twitter_misc":{"Dur\u00e9e de lecture estim\u00e9e":"5 minutes"},"schema":{"@context":"https:\/\/schema.org","@graph":[{"@type":"WebPage","@id":"https:\/\/ihuhealthage.fr\/fr\/cohorte-humaine\/","url":"https:\/\/ihuhealthage.fr\/fr\/cohorte-humaine\/","name":"Cohorte humaine Inspire-T - IHU Healthage","isPartOf":{"@id":"https:\/\/ihuhealthage.fr\/fr\/#website"},"primaryImageOfPage":{"@id":"https:\/\/ihuhealthage.fr\/fr\/cohorte-humaine\/#primaryimage"},"image":{"@id":"https:\/\/ihuhealthage.fr\/fr\/cohorte-humaine\/#primaryimage"},"thumbnailUrl":"https:\/\/inspire.chu-toulouse.fr\/wp-content\/uploads\/2024\/03\/icon-volontaires.png","datePublished":"2020-03-04T01:22:20+00:00","dateModified":"2026-03-05T11:17:41+00:00","breadcrumb":{"@id":"https:\/\/ihuhealthage.fr\/fr\/cohorte-humaine\/#breadcrumb"},"inLanguage":"fr-FR","potentialAction":[{"@type":"ReadAction","target":["https:\/\/ihuhealthage.fr\/fr\/cohorte-humaine\/"]}]},{"@type":"ImageObject","inLanguage":"fr-FR","@id":"https:\/\/ihuhealthage.fr\/fr\/cohorte-humaine\/#primaryimage","url":"https:\/\/inspire.chu-toulouse.fr\/wp-content\/uploads\/2024\/03\/icon-volontaires.png","contentUrl":"https:\/\/inspire.chu-toulouse.fr\/wp-content\/uploads\/2024\/03\/icon-volontaires.png"},{"@type":"BreadcrumbList","@id":"https:\/\/ihuhealthage.fr\/fr\/cohorte-humaine\/#breadcrumb","itemListElement":[{"@type":"ListItem","position":1,"name":"Accueil","item":"https:\/\/ihuhealthage.fr\/fr\/"},{"@type":"ListItem","position":2,"name":"Cohorte humaine Inspire-T"}]},{"@type":"WebSite","@id":"https:\/\/ihuhealthage.fr\/fr\/#website","url":"https:\/\/ihuhealthage.fr\/fr\/","name":"IHU Healthage","description":"","potentialAction":[{"@type":"SearchAction","target":{"@type":"EntryPoint","urlTemplate":"https:\/\/ihuhealthage.fr\/fr\/?s={search_term_string}"},"query-input":{"@type":"PropertyValueSpecification","valueRequired":true,"valueName":"search_term_string"}}],"inLanguage":"fr-FR"}]}},"_links":{"self":[{"href":"https:\/\/ihuhealthage.fr\/fr\/wp-json\/wp\/v2\/pages\/133","targetHints":{"allow":["GET"]}}],"collection":[{"href":"https:\/\/ihuhealthage.fr\/fr\/wp-json\/wp\/v2\/pages"}],"about":[{"href":"https:\/\/ihuhealthage.fr\/fr\/wp-json\/wp\/v2\/types\/page"}],"author":[{"embeddable":true,"href":"https:\/\/ihuhealthage.fr\/fr\/wp-json\/wp\/v2\/users\/1"}],"replies":[{"embeddable":true,"href":"https:\/\/ihuhealthage.fr\/fr\/wp-json\/wp\/v2\/comments?post=133"}],"version-history":[{"count":53,"href":"https:\/\/ihuhealthage.fr\/fr\/wp-json\/wp\/v2\/pages\/133\/revisions"}],"predecessor-version":[{"id":4567,"href":"https:\/\/ihuhealthage.fr\/fr\/wp-json\/wp\/v2\/pages\/133\/revisions\/4567"}],"wp:attachment":[{"href":"https:\/\/ihuhealthage.fr\/fr\/wp-json\/wp\/v2\/media?parent=133"}],"curies":[{"name":"wp","href":"https:\/\/api.w.org\/{rel}","templated":true}]}}