{"id":110,"date":"2020-03-03T14:24:28","date_gmt":"2020-03-03T13:24:28","guid":{"rendered":"https:\/\/inspire.chu-toulouse.fr\/?page_id=110"},"modified":"2025-01-27T07:40:28","modified_gmt":"2025-01-27T06:40:28","slug":"nous-soutenir-contact","status":"publish","type":"page","link":"https:\/\/ihuhealthage.fr\/fr\/nous-soutenir-contact\/","title":{"rendered":"Contact"},"content":{"rendered":"<h2 class=\"chapeau\" style=\"text-align: center;\">Vous souhaitez nous soutenir en devenant m\u00e9c\u00e8ne de l\u2019IHU ou participer \u00e0 une \u00e9tude ?<\/h2>\n<h2 class=\"chapeau\" style=\"text-align: center;\">Vous souhaitez en savoir plus sur nos recherches et projets, \u00a0vous \u00eates journaliste ou un industriel avec un projet de partenariat, vous souhaitez b\u00e9n\u00e9ficier de la plateforme en G\u00e9roscience ?<\/h2>\n<p>&nbsp;<\/p>\n<p style=\"text-align: center;\">Vous pouvez utiliser le formulaire de contact ci-dessous.<\/p>\n<p>&nbsp;<\/p>\n\n<div class=\"wpcf7 no-js\" id=\"wpcf7-f425-o1\" lang=\"fr-FR\" dir=\"ltr\" data-wpcf7-id=\"425\">\n<div class=\"screen-reader-response\"><p role=\"status\" aria-live=\"polite\" aria-atomic=\"true\"><\/p> <ul><\/ul><\/div>\n<form action=\"\/fr\/wp-json\/wp\/v2\/pages\/110#wpcf7-f425-o1\" method=\"post\" class=\"wpcf7-form init\" aria-label=\"Formulaire de contact\" novalidate=\"novalidate\" data-status=\"init\">\n<div style=\"display: none;\">\n<input type=\"hidden\" name=\"_wpcf7\" value=\"425\" \/>\n<input type=\"hidden\" name=\"_wpcf7_version\" value=\"6.0.5\" \/>\n<input type=\"hidden\" name=\"_wpcf7_locale\" value=\"fr_FR\" \/>\n<input type=\"hidden\" name=\"_wpcf7_unit_tag\" value=\"wpcf7-f425-o1\" \/>\n<input type=\"hidden\" name=\"_wpcf7_container_post\" value=\"0\" \/>\n<input type=\"hidden\" name=\"_wpcf7_posted_data_hash\" value=\"\" \/>\n<\/div>\n<div class=\"row\">\n\t<div class=\"col-md-6\">\n\t\t<p><span class=\"wpcf7-form-control-wrap\" data-name=\"nom\"><input size=\"40\" maxlength=\"400\" class=\"wpcf7-form-control wpcf7-text wpcf7-validates-as-required\" aria-required=\"true\" aria-invalid=\"false\" placeholder=\"Nom*\" value=\"\" type=\"text\" name=\"nom\" \/><\/span>\n\t\t<\/p>\n\t<\/div>\n\t<div class=\"col-md-6\">\n\t\t<p><span class=\"wpcf7-form-control-wrap\" data-name=\"prenom\"><input size=\"40\" maxlength=\"400\" class=\"wpcf7-form-control wpcf7-text wpcf7-validates-as-required\" aria-required=\"true\" aria-invalid=\"false\" placeholder=\"Pr\u00e9nom*\" value=\"\" type=\"text\" name=\"prenom\" \/><\/span>\n\t\t<\/p>\n\t<\/div>\n\t<div class=\"col-md-6\">\n\t\t<p><span class=\"wpcf7-form-control-wrap\" data-name=\"email\"><input size=\"40\" maxlength=\"400\" class=\"wpcf7-form-control wpcf7-email wpcf7-validates-as-required wpcf7-text wpcf7-validates-as-email\" aria-required=\"true\" aria-invalid=\"false\" placeholder=\"Email*\" value=\"\" type=\"email\" name=\"email\" \/><\/span>\n\t\t<\/p>\n\t<\/div>\n\t<div class=\"col-md-6\">\n\t\t<p><span class=\"wpcf7-form-control-wrap\" data-name=\"telephone\"><input size=\"40\" maxlength=\"400\" class=\"wpcf7-form-control wpcf7-text\" aria-invalid=\"false\" placeholder=\"T\u00e9l\u00e9phone\" value=\"\" type=\"text\" name=\"telephone\" \/><\/span>\n\t\t<\/p>\n\t<\/div>\n\t<div class=\"col-md-12\">\n\t\t<p><span class=\"wpcf7-form-control-wrap\" data-name=\"Date\"><input size=\"40\" maxlength=\"400\" class=\"wpcf7-form-control wpcf7-text\" aria-invalid=\"false\" placeholder=\"Date de naissance\" value=\"\" type=\"text\" name=\"Date\" \/><\/span>\n\t\t<\/p>\n\t<\/div>\n\t<div class=\"col-md-12\">\n\t\t<p><span class=\"wpcf7-form-control-wrap\" data-name=\"message\"><textarea cols=\"40\" rows=\"10\" maxlength=\"2000\" class=\"wpcf7-form-control wpcf7-textarea wpcf7-validates-as-required\" aria-required=\"true\" aria-invalid=\"false\" placeholder=\"Votre message*\" name=\"message\"><\/textarea><\/span>\n\t\t<\/p>\n\t<\/div>\n\t<div class=\"col-md-12\">\n\t\t<p><span class=\"wpcf7-form-control-wrap\" data-name=\"rgpd\"><span class=\"wpcf7-form-control wpcf7-radio\"><span class=\"wpcf7-list-item first\"><input type=\"radio\" name=\"rgpd\" value=\"Oui, j&#039;accepte que mes donn\u00e9es soient conserv\u00e9es pour r\u00e9pondre \u00e0 ma demande et pour recevoir les informations et actualit\u00e9s de l&#039;IHU Healthage.\" \/><span class=\"wpcf7-list-item-label\">Oui, j&#039;accepte que mes donn\u00e9es soient conserv\u00e9es pour r\u00e9pondre \u00e0 ma demande et pour recevoir les informations et actualit\u00e9s de l&#039;IHU Healthage.<\/span><\/span><span class=\"wpcf7-list-item last\"><input type=\"radio\" name=\"rgpd\" value=\"Non, je n&#039;accepte pas.\" \/><span class=\"wpcf7-list-item-label\">Non, je n&#039;accepte pas.<\/span><\/span><\/span><\/span>\n\t\t<\/p>\n\t<\/div>\n\t<div class=\"col-md-12\">\n\t\t<p><input class=\"wpcf7-form-control wpcf7-submit has-spinner\" type=\"submit\" value=\"Envoyer\" \/>\n\t\t<\/p>\n\t<\/div>\n<\/div>\n<p>Les donn\u00e9es saisies dans ce formulaire sont conserv\u00e9es par nos soins afin de pouvoir r\u00e9pondre au mieux \u00e0 votre demande. Nous accordons de l\u2019importance \u00e0 la gestion de vos donn\u00e9es, <a href=\"\/fr\/politique-de-donnees-personnelles\/\">en savoir plus sur notre d\u00e9marche de protection des donn\u00e9es personnelles<\/a>.\n<\/p><div class=\"wpcf7-response-output\" aria-hidden=\"true\"><\/div>\n<\/form>\n<\/div>\n\n","protected":false},"excerpt":{"rendered":"<p>Vous souhaitez nous soutenir en devenant m\u00e9c\u00e8ne de l\u2019IHU ou participer \u00e0 une \u00e9tude ? Vous souhaitez en savoir plus sur nos recherches et projets, \u00a0vous \u00eates journaliste ou un industriel avec un projet de partenariat, vous souhaitez b\u00e9n\u00e9ficier de la plateforme en G\u00e9roscience ? &nbsp; Vous pouvez utiliser le formulaire de contact ci-dessous. &nbsp;<\/p>\n","protected":false},"author":1,"featured_media":0,"parent":0,"menu_order":0,"comment_status":"closed","ping_status":"closed","template":"","meta":{"footnotes":""},"class_list":["post-110","page","type-page","status-publish","hentry"],"yoast_head":"<!-- This site is optimized with the Yoast SEO plugin v24.7 - https:\/\/yoast.com\/wordpress\/plugins\/seo\/ -->\n<title>Contact - IHU Healthage<\/title>\n<meta name=\"robots\" content=\"index, follow, max-snippet:-1, max-image-preview:large, max-video-preview:-1\" \/>\n<link rel=\"canonical\" href=\"https:\/\/ihuhealthage.fr\/fr\/nous-soutenir-contact\/\" \/>\n<meta property=\"og:locale\" content=\"fr_FR\" \/>\n<meta property=\"og:type\" content=\"article\" \/>\n<meta property=\"og:title\" content=\"Contact - IHU Healthage\" \/>\n<meta property=\"og:description\" content=\"Vous souhaitez nous soutenir en devenant m\u00e9c\u00e8ne de l\u2019IHU ou participer \u00e0 une \u00e9tude ? Vous souhaitez en savoir plus sur nos recherches et projets, \u00a0vous \u00eates journaliste ou un industriel avec un projet de partenariat, vous souhaitez b\u00e9n\u00e9ficier de la plateforme en G\u00e9roscience ? &nbsp; Vous pouvez utiliser le formulaire de contact ci-dessous. &nbsp;\" \/>\n<meta property=\"og:url\" content=\"https:\/\/ihuhealthage.fr\/fr\/nous-soutenir-contact\/\" \/>\n<meta property=\"og:site_name\" content=\"INSPIRE\" \/>\n<meta property=\"article:modified_time\" content=\"2025-01-27T06:40:28+00:00\" \/>\n<meta name=\"twitter:card\" content=\"summary_large_image\" \/>\n<meta name=\"twitter:label1\" content=\"Dur\u00e9e de lecture estim\u00e9e\" \/>\n\t<meta name=\"twitter:data1\" content=\"1 minute\" \/>\n<script type=\"application\/ld+json\" class=\"yoast-schema-graph\">{\"@context\":\"https:\/\/schema.org\",\"@graph\":[{\"@type\":\"WebPage\",\"@id\":\"https:\/\/ihuhealthage.fr\/fr\/nous-soutenir-contact\/\",\"url\":\"https:\/\/ihuhealthage.fr\/fr\/nous-soutenir-contact\/\",\"name\":\"Contact - IHU Healthage\",\"isPartOf\":{\"@id\":\"https:\/\/ihuhealthage.fr\/fr\/#website\"},\"datePublished\":\"2020-03-03T13:24:28+00:00\",\"dateModified\":\"2025-01-27T06:40:28+00:00\",\"breadcrumb\":{\"@id\":\"https:\/\/ihuhealthage.fr\/fr\/nous-soutenir-contact\/#breadcrumb\"},\"inLanguage\":\"fr-FR\",\"potentialAction\":[{\"@type\":\"ReadAction\",\"target\":[\"https:\/\/ihuhealthage.fr\/fr\/nous-soutenir-contact\/\"]}]},{\"@type\":\"BreadcrumbList\",\"@id\":\"https:\/\/ihuhealthage.fr\/fr\/nous-soutenir-contact\/#breadcrumb\",\"itemListElement\":[{\"@type\":\"ListItem\",\"position\":1,\"name\":\"Accueil\",\"item\":\"https:\/\/ihuhealthage.fr\/fr\/\"},{\"@type\":\"ListItem\",\"position\":2,\"name\":\"Contact\"}]},{\"@type\":\"WebSite\",\"@id\":\"https:\/\/ihuhealthage.fr\/fr\/#website\",\"url\":\"https:\/\/ihuhealthage.fr\/fr\/\",\"name\":\"IHU Healthage\",\"description\":\"\",\"potentialAction\":[{\"@type\":\"SearchAction\",\"target\":{\"@type\":\"EntryPoint\",\"urlTemplate\":\"https:\/\/ihuhealthage.fr\/fr\/?s={search_term_string}\"},\"query-input\":{\"@type\":\"PropertyValueSpecification\",\"valueRequired\":true,\"valueName\":\"search_term_string\"}}],\"inLanguage\":\"fr-FR\"}]}<\/script>\n<!-- \/ Yoast SEO plugin. -->","yoast_head_json":{"title":"Contact - IHU Healthage","robots":{"index":"index","follow":"follow","max-snippet":"max-snippet:-1","max-image-preview":"max-image-preview:large","max-video-preview":"max-video-preview:-1"},"canonical":"https:\/\/ihuhealthage.fr\/fr\/nous-soutenir-contact\/","og_locale":"fr_FR","og_type":"article","og_title":"Contact - IHU Healthage","og_description":"Vous souhaitez nous soutenir en devenant m\u00e9c\u00e8ne de l\u2019IHU ou participer \u00e0 une \u00e9tude ? Vous souhaitez en savoir plus sur nos recherches et projets, \u00a0vous \u00eates journaliste ou un industriel avec un projet de partenariat, vous souhaitez b\u00e9n\u00e9ficier de la plateforme en G\u00e9roscience ? &nbsp; Vous pouvez utiliser le formulaire de contact ci-dessous. &nbsp;","og_url":"https:\/\/ihuhealthage.fr\/fr\/nous-soutenir-contact\/","og_site_name":"INSPIRE","article_modified_time":"2025-01-27T06:40:28+00:00","twitter_card":"summary_large_image","twitter_misc":{"Dur\u00e9e de lecture estim\u00e9e":"1 minute"},"schema":{"@context":"https:\/\/schema.org","@graph":[{"@type":"WebPage","@id":"https:\/\/ihuhealthage.fr\/fr\/nous-soutenir-contact\/","url":"https:\/\/ihuhealthage.fr\/fr\/nous-soutenir-contact\/","name":"Contact - IHU Healthage","isPartOf":{"@id":"https:\/\/ihuhealthage.fr\/fr\/#website"},"datePublished":"2020-03-03T13:24:28+00:00","dateModified":"2025-01-27T06:40:28+00:00","breadcrumb":{"@id":"https:\/\/ihuhealthage.fr\/fr\/nous-soutenir-contact\/#breadcrumb"},"inLanguage":"fr-FR","potentialAction":[{"@type":"ReadAction","target":["https:\/\/ihuhealthage.fr\/fr\/nous-soutenir-contact\/"]}]},{"@type":"BreadcrumbList","@id":"https:\/\/ihuhealthage.fr\/fr\/nous-soutenir-contact\/#breadcrumb","itemListElement":[{"@type":"ListItem","position":1,"name":"Accueil","item":"https:\/\/ihuhealthage.fr\/fr\/"},{"@type":"ListItem","position":2,"name":"Contact"}]},{"@type":"WebSite","@id":"https:\/\/ihuhealthage.fr\/fr\/#website","url":"https:\/\/ihuhealthage.fr\/fr\/","name":"IHU Healthage","description":"","potentialAction":[{"@type":"SearchAction","target":{"@type":"EntryPoint","urlTemplate":"https:\/\/ihuhealthage.fr\/fr\/?s={search_term_string}"},"query-input":{"@type":"PropertyValueSpecification","valueRequired":true,"valueName":"search_term_string"}}],"inLanguage":"fr-FR"}]}},"_links":{"self":[{"href":"https:\/\/ihuhealthage.fr\/fr\/wp-json\/wp\/v2\/pages\/110","targetHints":{"allow":["GET"]}}],"collection":[{"href":"https:\/\/ihuhealthage.fr\/fr\/wp-json\/wp\/v2\/pages"}],"about":[{"href":"https:\/\/ihuhealthage.fr\/fr\/wp-json\/wp\/v2\/types\/page"}],"author":[{"embeddable":true,"href":"https:\/\/ihuhealthage.fr\/fr\/wp-json\/wp\/v2\/users\/1"}],"replies":[{"embeddable":true,"href":"https:\/\/ihuhealthage.fr\/fr\/wp-json\/wp\/v2\/comments?post=110"}],"version-history":[{"count":13,"href":"https:\/\/ihuhealthage.fr\/fr\/wp-json\/wp\/v2\/pages\/110\/revisions"}],"predecessor-version":[{"id":4062,"href":"https:\/\/ihuhealthage.fr\/fr\/wp-json\/wp\/v2\/pages\/110\/revisions\/4062"}],"wp:attachment":[{"href":"https:\/\/ihuhealthage.fr\/fr\/wp-json\/wp\/v2\/media?parent=110"}],"curies":[{"name":"wp","href":"https:\/\/api.w.org\/{rel}","templated":true}]}}