{"id":108,"date":"2020-03-03T14:24:09","date_gmt":"2020-03-03T13:24:09","guid":{"rendered":"https:\/\/inspire.chu-toulouse.fr\/?page_id=108"},"modified":"2024-04-23T09:17:08","modified_gmt":"2024-04-23T07:17:08","slug":"politique-de-donnees-personnelles","status":"publish","type":"page","link":"https:\/\/ihuhealthage.fr\/fr\/politique-de-donnees-personnelles\/","title":{"rendered":"Donn\u00e9es personnelles"},"content":{"rendered":"<h2 class=\"chapeau\">L&rsquo;IHU Healthage accorde une grande importance \u00e0 la protection des donn\u00e9es personnelles et s&rsquo;engage \u00e0 ce que la collecte et le traitement de vos donn\u00e9es, effectu\u00e9s \u00e0 partir du site <a href=\"https:\/\/ihuhealthage.fr\">https:\/\/ihuhealthage.fr<\/a>, soient conformes au r\u00e8glement g\u00e9n\u00e9ral sur la protection des donn\u00e9es (RGPD) et \u00e0 la loi Informatique et Libert\u00e9s.<\/h2>\n<h2>Vos donn\u00e9es personnelles<\/h2>\n<p>Les donn\u00e9es personnelles sont collect\u00e9es par l\u2019\u00e9diteur du site : IHU Healthage<\/p>\n<p>L&rsquo;IHU Healthage limite la collecte des donn\u00e9es personnelles au strict n\u00e9cessaire (minimisation des donn\u00e9es) et ne stocke que les donn\u00e9es nous permettant de vous renseigner et vous informer conform\u00e9ment \u00e0 vos demandes. Aucune information personnelle n\u2019est collect\u00e9e \u00e0 l\u2019insu de l\u2019utilisateur. Les informations et donn\u00e9es stock\u00e9es par IHU Healthage le sont pour son propre usage. Elles ne seront en aucun cas transmises, et a fortiori c\u00e9d\u00e9es, \u00e0 des tiers. Conform\u00e9ment \u00e0 la l\u00e9gislation RGPD, vous disposez d\u2019un droit d\u2019acc\u00e8s, de modification et de suppression de vos donn\u00e9es personnelles. Pour le faire valoir, prenez contact \u00e0 l\u2019adresse postale de l\u2019\u00e9diteur ci-dessus, ou par mail :\u00a0<a href=\"mailto:contact-ihuhealthage@chu-toulouse.fr\">contact-ihuhealthage@chu-toulouse.fr<\/a><\/p>\n<h2>Notre communication par email<\/h2>\n<p>Afin de vous tenir inform\u00e9s de notre actualit\u00e9 vous pouvez recevoir des emails de notre part, d\u00e8s lors que vous l\u2019avez accept\u00e9 en nous contactant. Si vous ne souhaitez pas recevoir ces emails il vous suffira de vous d\u00e9sabonner directement \u00e0 partir de l\u2019email re\u00e7u, ou en nous contactant aux coordonn\u00e9es ci-dessus.<\/p>\n<h2>Gestion des cookies<\/h2>\n<p>Toutes les informations sur la gestion des cookies sur <a title=\"Gestion des cookies\" href=\"\/gestion-des-cookies\" data-entity-type=\"node\" data-entity-uuid=\"cc55daeb-b0ee-41ec-9149-af65b89138e7\" data-entity-substitution=\"canonical\">cette page<\/a>.<\/p>\n","protected":false},"excerpt":{"rendered":"<p>L&rsquo;IHU Healthage accorde une grande importance \u00e0 la protection des donn\u00e9es personnelles et s&rsquo;engage \u00e0 ce que la collecte et le traitement de vos donn\u00e9es, effectu\u00e9s \u00e0 partir du site https:\/\/ihuhealthage.fr, soient conformes au r\u00e8glement g\u00e9n\u00e9ral sur la protection des donn\u00e9es (RGPD) et \u00e0 la loi Informatique et Libert\u00e9s. Vos donn\u00e9es personnelles Les donn\u00e9es personnelles [&hellip;]<\/p>\n","protected":false},"author":1,"featured_media":0,"parent":0,"menu_order":0,"comment_status":"closed","ping_status":"closed","template":"","meta":{"footnotes":""},"class_list":["post-108","page","type-page","status-publish","hentry"],"yoast_head":"<!-- This site is optimized with the Yoast SEO plugin v24.7 - https:\/\/yoast.com\/wordpress\/plugins\/seo\/ -->\n<title>Donn\u00e9es personnelles - IHU Healthage<\/title>\n<meta name=\"robots\" content=\"index, follow, max-snippet:-1, max-image-preview:large, max-video-preview:-1\" \/>\n<link rel=\"canonical\" href=\"https:\/\/ihuhealthage.fr\/fr\/politique-de-donnees-personnelles\/\" \/>\n<meta property=\"og:locale\" content=\"fr_FR\" \/>\n<meta property=\"og:type\" content=\"article\" \/>\n<meta property=\"og:title\" content=\"Donn\u00e9es personnelles - IHU Healthage\" \/>\n<meta property=\"og:description\" content=\"L&rsquo;IHU Healthage accorde une grande importance \u00e0 la protection des donn\u00e9es personnelles et s&rsquo;engage \u00e0 ce que la collecte et le traitement de vos donn\u00e9es, effectu\u00e9s \u00e0 partir du site https:\/\/ihuhealthage.fr, soient conformes au r\u00e8glement g\u00e9n\u00e9ral sur la protection des donn\u00e9es (RGPD) et \u00e0 la loi Informatique et Libert\u00e9s. Vos donn\u00e9es personnelles Les donn\u00e9es personnelles [&hellip;]\" \/>\n<meta property=\"og:url\" content=\"https:\/\/ihuhealthage.fr\/fr\/politique-de-donnees-personnelles\/\" \/>\n<meta property=\"og:site_name\" content=\"INSPIRE\" \/>\n<meta property=\"article:modified_time\" content=\"2024-04-23T07:17:08+00:00\" \/>\n<meta name=\"twitter:card\" content=\"summary_large_image\" \/>\n<meta name=\"twitter:label1\" content=\"Dur\u00e9e de lecture estim\u00e9e\" \/>\n\t<meta name=\"twitter:data1\" content=\"2 minutes\" \/>\n<script type=\"application\/ld+json\" class=\"yoast-schema-graph\">{\"@context\":\"https:\/\/schema.org\",\"@graph\":[{\"@type\":\"WebPage\",\"@id\":\"https:\/\/ihuhealthage.fr\/fr\/politique-de-donnees-personnelles\/\",\"url\":\"https:\/\/ihuhealthage.fr\/fr\/politique-de-donnees-personnelles\/\",\"name\":\"Donn\u00e9es personnelles - IHU Healthage\",\"isPartOf\":{\"@id\":\"https:\/\/ihuhealthage.fr\/fr\/#website\"},\"datePublished\":\"2020-03-03T13:24:09+00:00\",\"dateModified\":\"2024-04-23T07:17:08+00:00\",\"breadcrumb\":{\"@id\":\"https:\/\/ihuhealthage.fr\/fr\/politique-de-donnees-personnelles\/#breadcrumb\"},\"inLanguage\":\"fr-FR\",\"potentialAction\":[{\"@type\":\"ReadAction\",\"target\":[\"https:\/\/ihuhealthage.fr\/fr\/politique-de-donnees-personnelles\/\"]}]},{\"@type\":\"BreadcrumbList\",\"@id\":\"https:\/\/ihuhealthage.fr\/fr\/politique-de-donnees-personnelles\/#breadcrumb\",\"itemListElement\":[{\"@type\":\"ListItem\",\"position\":1,\"name\":\"Accueil\",\"item\":\"https:\/\/ihuhealthage.fr\/fr\/\"},{\"@type\":\"ListItem\",\"position\":2,\"name\":\"Donn\u00e9es personnelles\"}]},{\"@type\":\"WebSite\",\"@id\":\"https:\/\/ihuhealthage.fr\/fr\/#website\",\"url\":\"https:\/\/ihuhealthage.fr\/fr\/\",\"name\":\"IHU Healthage\",\"description\":\"\",\"potentialAction\":[{\"@type\":\"SearchAction\",\"target\":{\"@type\":\"EntryPoint\",\"urlTemplate\":\"https:\/\/ihuhealthage.fr\/fr\/?s={search_term_string}\"},\"query-input\":{\"@type\":\"PropertyValueSpecification\",\"valueRequired\":true,\"valueName\":\"search_term_string\"}}],\"inLanguage\":\"fr-FR\"}]}<\/script>\n<!-- \/ Yoast SEO plugin. -->","yoast_head_json":{"title":"Donn\u00e9es personnelles - IHU Healthage","robots":{"index":"index","follow":"follow","max-snippet":"max-snippet:-1","max-image-preview":"max-image-preview:large","max-video-preview":"max-video-preview:-1"},"canonical":"https:\/\/ihuhealthage.fr\/fr\/politique-de-donnees-personnelles\/","og_locale":"fr_FR","og_type":"article","og_title":"Donn\u00e9es personnelles - IHU Healthage","og_description":"L&rsquo;IHU Healthage accorde une grande importance \u00e0 la protection des donn\u00e9es personnelles et s&rsquo;engage \u00e0 ce que la collecte et le traitement de vos donn\u00e9es, effectu\u00e9s \u00e0 partir du site https:\/\/ihuhealthage.fr, soient conformes au r\u00e8glement g\u00e9n\u00e9ral sur la protection des donn\u00e9es (RGPD) et \u00e0 la loi Informatique et Libert\u00e9s. Vos donn\u00e9es personnelles Les donn\u00e9es personnelles [&hellip;]","og_url":"https:\/\/ihuhealthage.fr\/fr\/politique-de-donnees-personnelles\/","og_site_name":"INSPIRE","article_modified_time":"2024-04-23T07:17:08+00:00","twitter_card":"summary_large_image","twitter_misc":{"Dur\u00e9e de lecture estim\u00e9e":"2 minutes"},"schema":{"@context":"https:\/\/schema.org","@graph":[{"@type":"WebPage","@id":"https:\/\/ihuhealthage.fr\/fr\/politique-de-donnees-personnelles\/","url":"https:\/\/ihuhealthage.fr\/fr\/politique-de-donnees-personnelles\/","name":"Donn\u00e9es personnelles - IHU Healthage","isPartOf":{"@id":"https:\/\/ihuhealthage.fr\/fr\/#website"},"datePublished":"2020-03-03T13:24:09+00:00","dateModified":"2024-04-23T07:17:08+00:00","breadcrumb":{"@id":"https:\/\/ihuhealthage.fr\/fr\/politique-de-donnees-personnelles\/#breadcrumb"},"inLanguage":"fr-FR","potentialAction":[{"@type":"ReadAction","target":["https:\/\/ihuhealthage.fr\/fr\/politique-de-donnees-personnelles\/"]}]},{"@type":"BreadcrumbList","@id":"https:\/\/ihuhealthage.fr\/fr\/politique-de-donnees-personnelles\/#breadcrumb","itemListElement":[{"@type":"ListItem","position":1,"name":"Accueil","item":"https:\/\/ihuhealthage.fr\/fr\/"},{"@type":"ListItem","position":2,"name":"Donn\u00e9es personnelles"}]},{"@type":"WebSite","@id":"https:\/\/ihuhealthage.fr\/fr\/#website","url":"https:\/\/ihuhealthage.fr\/fr\/","name":"IHU Healthage","description":"","potentialAction":[{"@type":"SearchAction","target":{"@type":"EntryPoint","urlTemplate":"https:\/\/ihuhealthage.fr\/fr\/?s={search_term_string}"},"query-input":{"@type":"PropertyValueSpecification","valueRequired":true,"valueName":"search_term_string"}}],"inLanguage":"fr-FR"}]}},"_links":{"self":[{"href":"https:\/\/ihuhealthage.fr\/fr\/wp-json\/wp\/v2\/pages\/108","targetHints":{"allow":["GET"]}}],"collection":[{"href":"https:\/\/ihuhealthage.fr\/fr\/wp-json\/wp\/v2\/pages"}],"about":[{"href":"https:\/\/ihuhealthage.fr\/fr\/wp-json\/wp\/v2\/types\/page"}],"author":[{"embeddable":true,"href":"https:\/\/ihuhealthage.fr\/fr\/wp-json\/wp\/v2\/users\/1"}],"replies":[{"embeddable":true,"href":"https:\/\/ihuhealthage.fr\/fr\/wp-json\/wp\/v2\/comments?post=108"}],"version-history":[{"count":12,"href":"https:\/\/ihuhealthage.fr\/fr\/wp-json\/wp\/v2\/pages\/108\/revisions"}],"predecessor-version":[{"id":2861,"href":"https:\/\/ihuhealthage.fr\/fr\/wp-json\/wp\/v2\/pages\/108\/revisions\/2861"}],"wp:attachment":[{"href":"https:\/\/ihuhealthage.fr\/fr\/wp-json\/wp\/v2\/media?parent=108"}],"curies":[{"name":"wp","href":"https:\/\/api.w.org\/{rel}","templated":true}]}}