{"id":1061,"date":"2024-12-11T10:00:46","date_gmt":"2024-12-11T09:00:46","guid":{"rendered":"https:\/\/inspire.chu-toulouse.fr\/?page_id=1061"},"modified":"2025-01-30T08:56:11","modified_gmt":"2025-01-30T07:56:11","slug":"telechargez-lapplication-icope-monitor","status":"publish","type":"page","link":"https:\/\/ihuhealthage.fr\/fr\/telechargez-lapplication-icope-monitor\/","title":{"rendered":"Comment utiliser les outils num\u00e9riques ICOPE Monitor"},"content":{"rendered":"<p style=\"text-align: justify;\">Pour d\u00e9ployer le programme ICOPE en France, le G\u00e9rontop\u00f4le du CHU de Toulouse-IHU HealthAge a cr\u00e9\u00e9 les outils num\u00e9riques ICOPE Monitor. Il s\u2019agit de 2 outils pour le rep\u00e9rage (\u00e9tape 1 d\u2019ICOPE) : l\u2019application mobile et la page web. Tous deux sont connect\u00e9s \u00e0 une base de donn\u00e9es s\u00e9curis\u00e9e accessible aux professionnels de sant\u00e9 leur permettant d\u2019enregistrer les \u00e9tapes 1, 2 et 3 d\u2019ICOPE.<\/p>\n<p><img loading=\"lazy\" decoding=\"async\" class=\"wp-image-3714 aligncenter\" src=\"https:\/\/inspire.chu-toulouse.fr\/wp-content\/uploads\/2024\/12\/logo-ICOPE-Monitor-1110x547.jpg\" alt=\"\" width=\"394\" height=\"194\" srcset=\"https:\/\/inspire.chu-toulouse.fr\/wp-content\/uploads\/2024\/12\/logo-ICOPE-Monitor-1110x547.jpg 1110w, https:\/\/inspire.chu-toulouse.fr\/wp-content\/uploads\/2024\/12\/logo-ICOPE-Monitor-609x300.jpg 609w, https:\/\/inspire.chu-toulouse.fr\/wp-content\/uploads\/2024\/12\/logo-ICOPE-Monitor-768x378.jpg 768w, https:\/\/inspire.chu-toulouse.fr\/wp-content\/uploads\/2024\/12\/logo-ICOPE-Monitor-1536x757.jpg 1536w, https:\/\/inspire.chu-toulouse.fr\/wp-content\/uploads\/2024\/12\/logo-ICOPE-Monitor.jpg 1950w\" sizes=\"auto, (max-width: 394px) 100vw, 394px\" \/><\/p>\n<h1><\/h1>\n<p>&nbsp;<\/p>\n<h1 class=\"sh-page__title ng-binding\" style=\"text-align: center;\"><strong>Outil de suivi et monitoring<\/strong><\/h1>\n<div><\/div>\n<div>\n<p style=\"text-align: center;\">Deux outils gratuits permettent, tous les 6 mois, l\u2019\u00e9valuation de 6 fonctions essentielles au bien vieillir : la cognition, la nutrition\/vitalit\u00e9, la vision, l\u2019audition, la mobilit\u00e9 et la psychologie.<\/p>\n<p>&nbsp;<\/p>\n<p style=\"text-align: center;\">T\u00e9l\u00e9charger l\u2019<strong>application mobile<\/strong> ICOPE Monitor sur votre smartphone ou tablette<\/p>\n<div><a href=\"https:\/\/apps.apple.com\/fr\/app\/icope-monitor\/id1495153948\" target=\"_blank\" rel=\"noopener noreferrer\"><img loading=\"lazy\" decoding=\"async\" class=\"sh-store-link__image aligncenter\" src=\"https:\/\/qrco.de\/img\/generator\/app\/apple-fr.png\" alt=\"\" width=\"200\" height=\"60\" \/><\/a><a href=\"https:\/\/play.google.com\/store\/apps\/details?id=com.universaltools.icopemonitor&amp;hl=fr\" target=\"_blank\" rel=\"noopener noreferrer\"><img loading=\"lazy\" decoding=\"async\" class=\"sh-store-link__image aligncenter\" src=\"https:\/\/qrco.de\/img\/generator\/app\/google-fr.png\" alt=\"\" width=\"200\" height=\"60\" \/><\/a><\/div>\n<p>&nbsp;<\/p>\n<p style=\"text-align: center;\">Ou sur votre ordinateur\u00a0l\u2019<strong>application web<\/strong> ICOPE Monitor en cliquant sur le lien :<\/p>\n<p style=\"text-align: center;\">\u00a0<strong><u><a href=\"https:\/\/www.icopemonitor.fr\/\">https:\/\/www.icopemonitor.fr\/<\/a><\/u><\/strong><\/p>\n<\/div>\n<div><\/div>\n","protected":false},"excerpt":{"rendered":"<p>Pour d\u00e9ployer le programme ICOPE en France, le G\u00e9rontop\u00f4le du CHU de Toulouse-IHU HealthAge a cr\u00e9\u00e9 les outils num\u00e9riques ICOPE Monitor. Il s\u2019agit de 2 outils pour le rep\u00e9rage (\u00e9tape 1 d\u2019ICOPE) : l\u2019application mobile et la page web. Tous deux sont connect\u00e9s \u00e0 une base de donn\u00e9es s\u00e9curis\u00e9e accessible aux professionnels de sant\u00e9 leur [&hellip;]<\/p>\n","protected":false},"author":4,"featured_media":0,"parent":0,"menu_order":0,"comment_status":"closed","ping_status":"closed","template":"","meta":{"footnotes":""},"class_list":["post-1061","page","type-page","status-publish","hentry"],"yoast_head":"<!-- This site is optimized with the Yoast SEO plugin v24.7 - https:\/\/yoast.com\/wordpress\/plugins\/seo\/ -->\n<title>Comment utiliser les outils num\u00e9riques ICOPE Monitor - IHU Healthage<\/title>\n<meta name=\"robots\" content=\"index, follow, max-snippet:-1, max-image-preview:large, max-video-preview:-1\" \/>\n<link rel=\"canonical\" href=\"https:\/\/ihuhealthage.fr\/fr\/telechargez-lapplication-icope-monitor\/\" \/>\n<meta property=\"og:locale\" content=\"fr_FR\" \/>\n<meta property=\"og:type\" content=\"article\" \/>\n<meta property=\"og:title\" content=\"Comment utiliser les outils num\u00e9riques ICOPE Monitor - IHU Healthage\" \/>\n<meta property=\"og:description\" content=\"Pour d\u00e9ployer le programme ICOPE en France, le G\u00e9rontop\u00f4le du CHU de Toulouse-IHU HealthAge a cr\u00e9\u00e9 les outils num\u00e9riques ICOPE Monitor. Il s\u2019agit de 2 outils pour le rep\u00e9rage (\u00e9tape 1 d\u2019ICOPE) : l\u2019application mobile et la page web. Tous deux sont connect\u00e9s \u00e0 une base de donn\u00e9es s\u00e9curis\u00e9e accessible aux professionnels de sant\u00e9 leur [&hellip;]\" \/>\n<meta property=\"og:url\" content=\"https:\/\/ihuhealthage.fr\/fr\/telechargez-lapplication-icope-monitor\/\" \/>\n<meta property=\"og:site_name\" content=\"INSPIRE\" \/>\n<meta property=\"article:modified_time\" content=\"2025-01-30T07:56:11+00:00\" \/>\n<meta property=\"og:image\" content=\"https:\/\/inspire.chu-toulouse.fr\/wp-content\/uploads\/2024\/12\/logo-ICOPE-Monitor-1110x547.jpg\" \/>\n<meta name=\"twitter:card\" content=\"summary_large_image\" \/>\n<meta name=\"twitter:label1\" content=\"Dur\u00e9e de lecture estim\u00e9e\" \/>\n\t<meta name=\"twitter:data1\" content=\"2 minutes\" \/>\n<script type=\"application\/ld+json\" class=\"yoast-schema-graph\">{\"@context\":\"https:\/\/schema.org\",\"@graph\":[{\"@type\":\"WebPage\",\"@id\":\"https:\/\/ihuhealthage.fr\/fr\/telechargez-lapplication-icope-monitor\/\",\"url\":\"https:\/\/ihuhealthage.fr\/fr\/telechargez-lapplication-icope-monitor\/\",\"name\":\"Comment utiliser les outils num\u00e9riques ICOPE Monitor - IHU Healthage\",\"isPartOf\":{\"@id\":\"https:\/\/ihuhealthage.fr\/fr\/#website\"},\"primaryImageOfPage\":{\"@id\":\"https:\/\/ihuhealthage.fr\/fr\/telechargez-lapplication-icope-monitor\/#primaryimage\"},\"image\":{\"@id\":\"https:\/\/ihuhealthage.fr\/fr\/telechargez-lapplication-icope-monitor\/#primaryimage\"},\"thumbnailUrl\":\"https:\/\/inspire.chu-toulouse.fr\/wp-content\/uploads\/2024\/12\/logo-ICOPE-Monitor-1110x547.jpg\",\"datePublished\":\"2024-12-11T09:00:46+00:00\",\"dateModified\":\"2025-01-30T07:56:11+00:00\",\"breadcrumb\":{\"@id\":\"https:\/\/ihuhealthage.fr\/fr\/telechargez-lapplication-icope-monitor\/#breadcrumb\"},\"inLanguage\":\"fr-FR\",\"potentialAction\":[{\"@type\":\"ReadAction\",\"target\":[\"https:\/\/ihuhealthage.fr\/fr\/telechargez-lapplication-icope-monitor\/\"]}]},{\"@type\":\"ImageObject\",\"inLanguage\":\"fr-FR\",\"@id\":\"https:\/\/ihuhealthage.fr\/fr\/telechargez-lapplication-icope-monitor\/#primaryimage\",\"url\":\"https:\/\/inspire.chu-toulouse.fr\/wp-content\/uploads\/2024\/12\/logo-ICOPE-Monitor-1110x547.jpg\",\"contentUrl\":\"https:\/\/inspire.chu-toulouse.fr\/wp-content\/uploads\/2024\/12\/logo-ICOPE-Monitor-1110x547.jpg\"},{\"@type\":\"BreadcrumbList\",\"@id\":\"https:\/\/ihuhealthage.fr\/fr\/telechargez-lapplication-icope-monitor\/#breadcrumb\",\"itemListElement\":[{\"@type\":\"ListItem\",\"position\":1,\"name\":\"Accueil\",\"item\":\"https:\/\/ihuhealthage.fr\/fr\/\"},{\"@type\":\"ListItem\",\"position\":2,\"name\":\"Comment utiliser les outils num\u00e9riques ICOPE Monitor\"}]},{\"@type\":\"WebSite\",\"@id\":\"https:\/\/ihuhealthage.fr\/fr\/#website\",\"url\":\"https:\/\/ihuhealthage.fr\/fr\/\",\"name\":\"IHU Healthage\",\"description\":\"\",\"potentialAction\":[{\"@type\":\"SearchAction\",\"target\":{\"@type\":\"EntryPoint\",\"urlTemplate\":\"https:\/\/ihuhealthage.fr\/fr\/?s={search_term_string}\"},\"query-input\":{\"@type\":\"PropertyValueSpecification\",\"valueRequired\":true,\"valueName\":\"search_term_string\"}}],\"inLanguage\":\"fr-FR\"}]}<\/script>\n<!-- \/ Yoast SEO plugin. -->","yoast_head_json":{"title":"Comment utiliser les outils num\u00e9riques ICOPE Monitor - IHU Healthage","robots":{"index":"index","follow":"follow","max-snippet":"max-snippet:-1","max-image-preview":"max-image-preview:large","max-video-preview":"max-video-preview:-1"},"canonical":"https:\/\/ihuhealthage.fr\/fr\/telechargez-lapplication-icope-monitor\/","og_locale":"fr_FR","og_type":"article","og_title":"Comment utiliser les outils num\u00e9riques ICOPE Monitor - IHU Healthage","og_description":"Pour d\u00e9ployer le programme ICOPE en France, le G\u00e9rontop\u00f4le du CHU de Toulouse-IHU HealthAge a cr\u00e9\u00e9 les outils num\u00e9riques ICOPE Monitor. Il s\u2019agit de 2 outils pour le rep\u00e9rage (\u00e9tape 1 d\u2019ICOPE) : l\u2019application mobile et la page web. Tous deux sont connect\u00e9s \u00e0 une base de donn\u00e9es s\u00e9curis\u00e9e accessible aux professionnels de sant\u00e9 leur [&hellip;]","og_url":"https:\/\/ihuhealthage.fr\/fr\/telechargez-lapplication-icope-monitor\/","og_site_name":"INSPIRE","article_modified_time":"2025-01-30T07:56:11+00:00","og_image":[{"url":"https:\/\/inspire.chu-toulouse.fr\/wp-content\/uploads\/2024\/12\/logo-ICOPE-Monitor-1110x547.jpg","type":"","width":"","height":""}],"twitter_card":"summary_large_image","twitter_misc":{"Dur\u00e9e de lecture estim\u00e9e":"2 minutes"},"schema":{"@context":"https:\/\/schema.org","@graph":[{"@type":"WebPage","@id":"https:\/\/ihuhealthage.fr\/fr\/telechargez-lapplication-icope-monitor\/","url":"https:\/\/ihuhealthage.fr\/fr\/telechargez-lapplication-icope-monitor\/","name":"Comment utiliser les outils num\u00e9riques ICOPE Monitor - IHU Healthage","isPartOf":{"@id":"https:\/\/ihuhealthage.fr\/fr\/#website"},"primaryImageOfPage":{"@id":"https:\/\/ihuhealthage.fr\/fr\/telechargez-lapplication-icope-monitor\/#primaryimage"},"image":{"@id":"https:\/\/ihuhealthage.fr\/fr\/telechargez-lapplication-icope-monitor\/#primaryimage"},"thumbnailUrl":"https:\/\/inspire.chu-toulouse.fr\/wp-content\/uploads\/2024\/12\/logo-ICOPE-Monitor-1110x547.jpg","datePublished":"2024-12-11T09:00:46+00:00","dateModified":"2025-01-30T07:56:11+00:00","breadcrumb":{"@id":"https:\/\/ihuhealthage.fr\/fr\/telechargez-lapplication-icope-monitor\/#breadcrumb"},"inLanguage":"fr-FR","potentialAction":[{"@type":"ReadAction","target":["https:\/\/ihuhealthage.fr\/fr\/telechargez-lapplication-icope-monitor\/"]}]},{"@type":"ImageObject","inLanguage":"fr-FR","@id":"https:\/\/ihuhealthage.fr\/fr\/telechargez-lapplication-icope-monitor\/#primaryimage","url":"https:\/\/inspire.chu-toulouse.fr\/wp-content\/uploads\/2024\/12\/logo-ICOPE-Monitor-1110x547.jpg","contentUrl":"https:\/\/inspire.chu-toulouse.fr\/wp-content\/uploads\/2024\/12\/logo-ICOPE-Monitor-1110x547.jpg"},{"@type":"BreadcrumbList","@id":"https:\/\/ihuhealthage.fr\/fr\/telechargez-lapplication-icope-monitor\/#breadcrumb","itemListElement":[{"@type":"ListItem","position":1,"name":"Accueil","item":"https:\/\/ihuhealthage.fr\/fr\/"},{"@type":"ListItem","position":2,"name":"Comment utiliser les outils num\u00e9riques ICOPE Monitor"}]},{"@type":"WebSite","@id":"https:\/\/ihuhealthage.fr\/fr\/#website","url":"https:\/\/ihuhealthage.fr\/fr\/","name":"IHU Healthage","description":"","potentialAction":[{"@type":"SearchAction","target":{"@type":"EntryPoint","urlTemplate":"https:\/\/ihuhealthage.fr\/fr\/?s={search_term_string}"},"query-input":{"@type":"PropertyValueSpecification","valueRequired":true,"valueName":"search_term_string"}}],"inLanguage":"fr-FR"}]}},"_links":{"self":[{"href":"https:\/\/ihuhealthage.fr\/fr\/wp-json\/wp\/v2\/pages\/1061","targetHints":{"allow":["GET"]}}],"collection":[{"href":"https:\/\/ihuhealthage.fr\/fr\/wp-json\/wp\/v2\/pages"}],"about":[{"href":"https:\/\/ihuhealthage.fr\/fr\/wp-json\/wp\/v2\/types\/page"}],"author":[{"embeddable":true,"href":"https:\/\/ihuhealthage.fr\/fr\/wp-json\/wp\/v2\/users\/4"}],"replies":[{"embeddable":true,"href":"https:\/\/ihuhealthage.fr\/fr\/wp-json\/wp\/v2\/comments?post=1061"}],"version-history":[{"count":11,"href":"https:\/\/ihuhealthage.fr\/fr\/wp-json\/wp\/v2\/pages\/1061\/revisions"}],"predecessor-version":[{"id":4239,"href":"https:\/\/ihuhealthage.fr\/fr\/wp-json\/wp\/v2\/pages\/1061\/revisions\/4239"}],"wp:attachment":[{"href":"https:\/\/ihuhealthage.fr\/fr\/wp-json\/wp\/v2\/media?parent=1061"}],"curies":[{"name":"wp","href":"https:\/\/api.w.org\/{rel}","templated":true}]}}