{"id":106,"date":"2020-03-03T14:23:46","date_gmt":"2020-03-03T13:23:46","guid":{"rendered":"https:\/\/inspire.chu-toulouse.fr\/?page_id=106"},"modified":"2024-04-02T08:47:02","modified_gmt":"2024-04-02T06:47:02","slug":"mentions-legales","status":"publish","type":"page","link":"https:\/\/ihuhealthage.fr\/fr\/mentions-legales\/","title":{"rendered":"Mentions l\u00e9gales"},"content":{"rendered":"<p class=\"chapeau\">L\u2019\u00e9diteur du site est le CHU de Toulouse par l&rsquo;interm\u00e9diaire du G\u00e9rontopole, ci apr\u00e8s d\u00e9nomm\u00e9 \u00ab l\u2019\u00c9diteur du site \u00bb.<\/p>\n<h2>Propri\u00e9taire<\/h2>\n<p>Le site IHU Healthage est mis en \u0153uvre par le CHU Toulouse, G\u00e9rontop\u00f4le &#8211; Centre Collaborateur OMS pour la Fragilit\u00e9, la Recherche Clinique et la formation en G\u00e9riatrie, demeurant \u00e0 H\u00f4tel-Dieu Saint-Jacques, 2 rue Viguerie &#8211; 31059 Toulouse cedex 9<\/p>\n<p>Ce site a fait l\u2019objet d\u2019une homologation RGS (R\u00e9f\u00e9rentiel G\u00e9n\u00e9ral de S\u00e9curit\u00e9).<\/p>\n<h2>R\u00e9alisation et h\u00e9bergement<\/h2>\n<p>Conception, r\u00e9alisation et design du site par Objectif Papillon, Agence tr\u00e8s digitale \u00e0 Toulouse<\/p>\n<p>B\u00e2timent III Bis &#8211; 1, rond-point de Flotis &#8211; 31240 Saint-Jean<\/p>\n<p>Le site IHU Healthage est h\u00e9berg\u00e9 chez OVH \u2013 Si\u00e8ge Social 2 rue Kellermann &#8211; 59100 ROUBAIX &#8211; T\u00e9l : 08 203 203 63 \/ n\u00b0 indigo (0,118 \u20ac\/min)<\/p>\n<h2>Informatique et libert\u00e9s<\/h2>\n<p>Le traitement de donn\u00e9es r\u00e9alis\u00e9 permet de communiquer avec les volontaires au programme IHU Healthage .<\/p>\n<p>Le responsable du traitement est le\u00a0:<\/p>\n<p>CHU TOULOUSE par l\u2019interm\u00e9diaire du G\u00e9rontop\u00f4le<\/p>\n<p>2 rue Viguerie<\/p>\n<p>TSA 80035<\/p>\n<p>31059 TOULOUSE CEDEX 9.<\/p>\n<p>Les donn\u00e9es collect\u00e9es concernent l\u2019identit\u00e9, les coordonn\u00e9es (nom, pr\u00e9nom, adresse \u00e9lectronique, num\u00e9ro de t\u00e9l\u00e9phone) et les donn\u00e9es de connexion de la personne. Elles sont \u00e0 destination des professionnels administratifs du g\u00e9rontop\u00f4le.<\/p>\n<p>Les donn\u00e9es collect\u00e9es sont conserv\u00e9es jusqu\u2019\u00e0 la fin de votre relation avec le g\u00e9rontop\u00f4le.<\/p>\n<p>Conform\u00e9ment aux dispositions de la loi 78-17 du 6 janvier 1978 relative \u00e0 l\u2019informatique, aux fichiers et aux libert\u00e9s (modifi\u00e9e par la loi 2018-493 du 20 juin 2018 relative \u00e0 la protection des donn\u00e9es personnelles) et au r\u00e8glement g\u00e9n\u00e9ral sur la protection des donn\u00e9es (r\u00e8glement UE 2016\/679) et sous r\u00e9serve que la r\u00e9glementation l\u2019autorise, vous disposez d\u2019un droit d\u2019acc\u00e8s, de rectification, d\u2019opposition, d\u2019effacement et de limitation de l\u2019utilisation de vos donn\u00e9es personnelles, que vous pouvez exercer aupr\u00e8s du G\u00e9rontop\u00f4le, H\u00f4tel-Dieu Saint-Jacques, 2 rue Viguerie &#8211; 31059 Toulouse cedex 9 et\/ou du d\u00e9l\u00e9gu\u00e9 \u00e0 la protection des donn\u00e9es du\u00a0 CHU (<a href=\"mailto:dpo@chu-toulouse.fr\">dpo@chu-toulouse.fr<\/a>). Si malgr\u00e9 les mesures mises en place par le responsable de traitement, vous estimez que vos droits ne sont pas respect\u00e9s, vous pouvez d\u00e9poser une r\u00e9clamation aupr\u00e8s de l\u2019autorit\u00e9\u00a0de contr\u00f4le de la protection\u00a0des donn\u00e9es, la CNIL: <a href=\"http:\/\/www.cnil.fr\/\">www.cnil.fr<\/a><\/p>\n<h2>A quelles fins collectons-nous vos donn\u00e9es\u00a0?<\/h2>\n<p>Nous collectons vos donn\u00e9es\u00a0:<\/p>\n<ul>\n<li>afin de r\u00e9pondre \u00e0 vos demandes,<\/li>\n<li>dans le cadre de l&rsquo;administration de ce site Web<\/li>\n<li>afin de vous adresser par e-mail ou par SMS des informations sur notre institution.<\/li>\n<\/ul>\n<p>IHU Healthage ne vend, ne loue, ni ne c\u00e8de sa liste d\u2019utilisateurs et leurs donn\u00e9es \u00e0 une tierce partie.<\/p>\n<p>IHU Healthage garde une trace des pages que vous avez consult\u00e9es dans le site afin de d\u00e9terminer les fonctionnalit\u00e9s les plus populaires. Ces donn\u00e9es sont utilis\u00e9es uniquement dans un but d\u2019am\u00e9lioration du site.<\/p>\n<h2>Engagements des usagers<\/h2>\n<p>Les usagers du site IHU Healthage s\u2019engagent \u00e0 utiliser les fonctions du site IHU Healthage conform\u00e9ment \u00e0 l\u2019usage pr\u00e9vu pour ces fonctions et aux recommandations inscrites dans les \u00e9crans du site IHU Healthage . Toute utilisation illicite de ce service ou pouvant nuire au bon fonctionnement du site IHU Healthage ou \u00e0 ses utilisateurs sera sanctionn\u00e9.<\/p>\n<h2>Avis de changement des mentions l\u00e9gales<\/h2>\n<p>IHU Healthage peut, \u00e0 sa seule discr\u00e9tion, mettre \u00e0 jour ces mentions \u00e0 tout moment en les publiant sur ce site Web. Si nous effectuons des modifications concernant le traitement de vos informations, nous vous aviserons par courrier \u00e9lectronique ou postal ou via une information en page d\u2019accueil du site IHU Healthage et vous offrirons la possibilit\u00e9 de vous d\u00e9clarer li\u00e9 \u00e0 la clause modifi\u00e9e. Une fois que les modifications auront pris effet, toutes les donn\u00e9es nouvellement recueillies seront sujettes aux conditions de la clause modifi\u00e9e et les informations recueillies par le pass\u00e9 seront trait\u00e9es en cons\u00e9quence une fois que vous vous serez d\u00e9clar\u00e9 li\u00e9 \u00e0 cette clause (si tel n&rsquo;est pas le cas, vos donn\u00e9es seront trait\u00e9es selon l&rsquo;ancienne version).<\/p>\n<p>Si les modifications apport\u00e9es ne sont pas d&rsquo;ordre mat\u00e9riel et n&rsquo;affectent pas le traitement de vos donn\u00e9es, la clause entrera en vigueur d\u00e8s sa publication et votre acc\u00e8s ou l&rsquo;utilisation du site modifi\u00e9 signifiera un consentement tacite de votre part<\/p>\n<p>Nous vous recommandons donc de consulter r\u00e9guli\u00e8rement cette page.<\/p>\n<h2>Conditions d\u2019utilisation<\/h2>\n<p>Certaines pages du site peuvent contenir des documents PDF.<br \/>\nPour lire ces documents, vous avez besoin du logiciel Acrobat Reader.<br \/>\n<a href=\"https:\/\/get.adobe.com\/reader\/?loc=fr\" target=\"_blank\" rel=\"noopener noreferrer\">T\u00e9l\u00e9charger Acrobat Reader<\/a> (gratuit)<\/p>\n<h2>Responsabilit\u00e9<\/h2>\n<p>L\u2019\u00c9diteur du site met tout en \u0153uvre pour assurer l\u2019exactitude et la mise \u00e0 jour de l\u2019ensemble des informations fournies sur son site qui y est directement reli\u00e9 mais l\u2019\u00c9diteur ne peut garantir que les informations qu\u2019il contient sont compl\u00e8tes, pr\u00e9cises, exactes, exhaustives et d\u00e9pourvues de toute erreur.<\/p>\n<p>L\u2019\u00c9diteur du site se r\u00e9serve le droit de corriger ou de modifier, \u00e0 tout moment et sans pr\u00e9avis, le contenu de ce site.<\/p>\n<p>L\u2019\u00c9diteur du site d\u00e9cline toute responsabilit\u00e9 concernant les informations disponibles sur son site et l\u2019utilisation qui peut \u00eatre faite des informations contenues sur ce site ou obtenues en r\u00e9ponse \u00e0 une question pos\u00e9e par le biais de ce site. En aucun cas l\u2019\u00c9diteur ne pourra \u00eatre tenu pour responsable des dommages de toute nature, directs ou indirects, qui r\u00e9sulteraient de l\u2019utilisation de ce site ou en relation avec ce site. De mani\u00e8re g\u00e9n\u00e9rale, l\u2019\u00c9diteur du site d\u00e9cline toute responsabilit\u00e9 quant \u00e0 l\u2019utilisation qui pourrait \u00eatre faite de ce site.<\/p>\n<p>Toute tentative de transfert d\u2019information vers un site tiers ou de modification des informations contenues sur ce site est interdite et peut entra\u00eener des poursuites civiles ou p\u00e9nales de la part de l\u2019\u00c9diteur du site.<br \/>\nL\u2019\u00c9diteur du site ne pourra \u00eatre tenu responsable de l\u2019ensemble des liens hypertextes ou de tout autre \u00e9l\u00e9ment informatique utilis\u00e9, directement ou indirectement, \u00e0 partir du site, l\u2019existence d\u2019un lien n\u2019ayant pas pour effet de transf\u00e9rer la responsabilit\u00e9 \u00e0 l\u2019\u00c9diteur. L\u2019\u00c9diteur du site ne garantit pas et ne prend aucun engagement concernant des sites tiers et ne sera pas responsable de leur contenu. Il est strictement interdit de cr\u00e9er un lien hypertexte renvoyant sur le site sans l\u2019accord expresse de l\u2019\u00c9diteur du site.<\/p>\n<p>L\u2019\u00c9diteur du site ne peut pas garantir et ne garantit pas que le serveur accueillant le \u00ab site \u00bb est exempt de virus et que les fichiers accessibles par t\u00e9l\u00e9chargement sur ce site Web ou tout autre site tiers sont d\u00e9pourvus de virus ou d\u2019erreurs de fonctionnement. Dans la mesure o\u00f9 des virus peuvent \u00eatre transmis via Internet, nous recommandons aux utilisateurs de prendre les mesures n\u00e9cessaires afin de prot\u00e9ger leur ordinateur contre toute intrusion, contre tout probl\u00e8me technique qui pourrait endommager les composants de l\u2019ordinateur de l\u2019utilisateur ou des donn\u00e9es qui pourraient y \u00eatre stock\u00e9es. En tout \u00e9tat de cause l\u2019\u00c9diteur du site ou un de ses sous-traitants ne pourra \u00eatre responsable d\u2019un dommage quelconque pouvant se produire lors de la connexion et de la navigation sur le site.<\/p>\n<h2>Droits d&rsquo;auteur &#8211; Droits de reproduction<\/h2>\n<p>L&rsquo;ensemble de ce site rel\u00e8ve de la l\u00e9gislation fran\u00e7aise et internationale sur les droits d&rsquo;auteur et la propri\u00e9t\u00e9 intellectuelle. Tous les droits de reproduction sont r\u00e9serv\u00e9s, y compris les repr\u00e9sentations iconographiques et photographiques. La reproduction de tout ou partie de ce site sur un support quel qu&rsquo;il soit, est formellement interdite sauf autorisation expresse du CHU de Toulouse.<\/p>\n<p>La reproduction des textes sur un support papier est autoris\u00e9e, sous r\u00e9serve du respect des trois conditions suivantes :<br \/>\n(a) gratuit\u00e9 de la diffusion,<br \/>\n(b) respect de l&rsquo;int\u00e9grit\u00e9 des documents reproduits (pas de modification ni alt\u00e9ration),<br \/>\n(c) citation claire et lisible de la source sous la forme suivante:<\/p>\n<p>\u00ab\u00a0Document issu du site Internet <a href=\"https:\/\/ihuhealthage.fr\">https\/\/ihuhealthage.fr<\/a>. Les droits de reproduction sont r\u00e9serv\u00e9s et strictement limit\u00e9s\u00a0\u00bb.<\/p>\n<p>Pour toute autre utilisation, veuillez nous consulter.<\/p>\n<p>&nbsp;<\/p>\n<p>Pour nous contacter<\/p>\n<p>Vous pouvez contacter l\u2019\u00e9quipe IHU Healthage :<\/p>\n<p>Par courrier postal \u00e0 l\u2019adresse :<\/p>\n<p>Gerontop\u00f4le \u2013 CHU de Toulouse<\/p>\n<p>H\u00f4tel-Dieu Saint-Jacques<\/p>\n<p>2, rue Viguerie<\/p>\n<p>TSA 80035<\/p>\n<p>31059 Toulouse Cedex 9<\/p>\n","protected":false},"excerpt":{"rendered":"<p>L\u2019\u00e9diteur du site est le CHU de Toulouse par l&rsquo;interm\u00e9diaire du G\u00e9rontopole, ci apr\u00e8s d\u00e9nomm\u00e9 \u00ab l\u2019\u00c9diteur du site \u00bb. Propri\u00e9taire Le site IHU Healthage est mis en \u0153uvre par le CHU Toulouse, G\u00e9rontop\u00f4le &#8211; Centre Collaborateur OMS pour la Fragilit\u00e9, la Recherche Clinique et la formation en G\u00e9riatrie, demeurant \u00e0 H\u00f4tel-Dieu Saint-Jacques, 2 rue [&hellip;]<\/p>\n","protected":false},"author":1,"featured_media":0,"parent":0,"menu_order":0,"comment_status":"closed","ping_status":"closed","template":"","meta":{"footnotes":""},"class_list":["post-106","page","type-page","status-publish","hentry"],"yoast_head":"<!-- This site is optimized with the Yoast SEO plugin v24.7 - https:\/\/yoast.com\/wordpress\/plugins\/seo\/ -->\n<title>Mentions l\u00e9gales - IHU Healthage<\/title>\n<meta name=\"robots\" content=\"index, follow, max-snippet:-1, max-image-preview:large, max-video-preview:-1\" \/>\n<link rel=\"canonical\" href=\"https:\/\/ihuhealthage.fr\/fr\/mentions-legales\/\" \/>\n<meta property=\"og:locale\" content=\"fr_FR\" \/>\n<meta property=\"og:type\" content=\"article\" \/>\n<meta property=\"og:title\" content=\"Mentions l\u00e9gales - IHU Healthage\" \/>\n<meta property=\"og:description\" content=\"L\u2019\u00e9diteur du site est le CHU de Toulouse par l&rsquo;interm\u00e9diaire du G\u00e9rontopole, ci apr\u00e8s d\u00e9nomm\u00e9 \u00ab l\u2019\u00c9diteur du site \u00bb. Propri\u00e9taire Le site IHU Healthage est mis en \u0153uvre par le CHU Toulouse, G\u00e9rontop\u00f4le &#8211; Centre Collaborateur OMS pour la Fragilit\u00e9, la Recherche Clinique et la formation en G\u00e9riatrie, demeurant \u00e0 H\u00f4tel-Dieu Saint-Jacques, 2 rue [&hellip;]\" \/>\n<meta property=\"og:url\" content=\"https:\/\/ihuhealthage.fr\/fr\/mentions-legales\/\" \/>\n<meta property=\"og:site_name\" content=\"INSPIRE\" \/>\n<meta property=\"article:modified_time\" content=\"2024-04-02T06:47:02+00:00\" \/>\n<meta name=\"twitter:card\" content=\"summary_large_image\" \/>\n<meta name=\"twitter:label1\" content=\"Dur\u00e9e de lecture estim\u00e9e\" \/>\n\t<meta name=\"twitter:data1\" content=\"7 minutes\" \/>\n<script type=\"application\/ld+json\" class=\"yoast-schema-graph\">{\"@context\":\"https:\/\/schema.org\",\"@graph\":[{\"@type\":\"WebPage\",\"@id\":\"https:\/\/ihuhealthage.fr\/fr\/mentions-legales\/\",\"url\":\"https:\/\/ihuhealthage.fr\/fr\/mentions-legales\/\",\"name\":\"Mentions l\u00e9gales - IHU Healthage\",\"isPartOf\":{\"@id\":\"https:\/\/ihuhealthage.fr\/fr\/#website\"},\"datePublished\":\"2020-03-03T13:23:46+00:00\",\"dateModified\":\"2024-04-02T06:47:02+00:00\",\"breadcrumb\":{\"@id\":\"https:\/\/ihuhealthage.fr\/fr\/mentions-legales\/#breadcrumb\"},\"inLanguage\":\"fr-FR\",\"potentialAction\":[{\"@type\":\"ReadAction\",\"target\":[\"https:\/\/ihuhealthage.fr\/fr\/mentions-legales\/\"]}]},{\"@type\":\"BreadcrumbList\",\"@id\":\"https:\/\/ihuhealthage.fr\/fr\/mentions-legales\/#breadcrumb\",\"itemListElement\":[{\"@type\":\"ListItem\",\"position\":1,\"name\":\"Accueil\",\"item\":\"https:\/\/ihuhealthage.fr\/fr\/\"},{\"@type\":\"ListItem\",\"position\":2,\"name\":\"Mentions l\u00e9gales\"}]},{\"@type\":\"WebSite\",\"@id\":\"https:\/\/ihuhealthage.fr\/fr\/#website\",\"url\":\"https:\/\/ihuhealthage.fr\/fr\/\",\"name\":\"IHU Healthage\",\"description\":\"\",\"potentialAction\":[{\"@type\":\"SearchAction\",\"target\":{\"@type\":\"EntryPoint\",\"urlTemplate\":\"https:\/\/ihuhealthage.fr\/fr\/?s={search_term_string}\"},\"query-input\":{\"@type\":\"PropertyValueSpecification\",\"valueRequired\":true,\"valueName\":\"search_term_string\"}}],\"inLanguage\":\"fr-FR\"}]}<\/script>\n<!-- \/ Yoast SEO plugin. -->","yoast_head_json":{"title":"Mentions l\u00e9gales - IHU Healthage","robots":{"index":"index","follow":"follow","max-snippet":"max-snippet:-1","max-image-preview":"max-image-preview:large","max-video-preview":"max-video-preview:-1"},"canonical":"https:\/\/ihuhealthage.fr\/fr\/mentions-legales\/","og_locale":"fr_FR","og_type":"article","og_title":"Mentions l\u00e9gales - IHU Healthage","og_description":"L\u2019\u00e9diteur du site est le CHU de Toulouse par l&rsquo;interm\u00e9diaire du G\u00e9rontopole, ci apr\u00e8s d\u00e9nomm\u00e9 \u00ab l\u2019\u00c9diteur du site \u00bb. Propri\u00e9taire Le site IHU Healthage est mis en \u0153uvre par le CHU Toulouse, G\u00e9rontop\u00f4le &#8211; Centre Collaborateur OMS pour la Fragilit\u00e9, la Recherche Clinique et la formation en G\u00e9riatrie, demeurant \u00e0 H\u00f4tel-Dieu Saint-Jacques, 2 rue [&hellip;]","og_url":"https:\/\/ihuhealthage.fr\/fr\/mentions-legales\/","og_site_name":"INSPIRE","article_modified_time":"2024-04-02T06:47:02+00:00","twitter_card":"summary_large_image","twitter_misc":{"Dur\u00e9e de lecture estim\u00e9e":"7 minutes"},"schema":{"@context":"https:\/\/schema.org","@graph":[{"@type":"WebPage","@id":"https:\/\/ihuhealthage.fr\/fr\/mentions-legales\/","url":"https:\/\/ihuhealthage.fr\/fr\/mentions-legales\/","name":"Mentions l\u00e9gales - IHU Healthage","isPartOf":{"@id":"https:\/\/ihuhealthage.fr\/fr\/#website"},"datePublished":"2020-03-03T13:23:46+00:00","dateModified":"2024-04-02T06:47:02+00:00","breadcrumb":{"@id":"https:\/\/ihuhealthage.fr\/fr\/mentions-legales\/#breadcrumb"},"inLanguage":"fr-FR","potentialAction":[{"@type":"ReadAction","target":["https:\/\/ihuhealthage.fr\/fr\/mentions-legales\/"]}]},{"@type":"BreadcrumbList","@id":"https:\/\/ihuhealthage.fr\/fr\/mentions-legales\/#breadcrumb","itemListElement":[{"@type":"ListItem","position":1,"name":"Accueil","item":"https:\/\/ihuhealthage.fr\/fr\/"},{"@type":"ListItem","position":2,"name":"Mentions l\u00e9gales"}]},{"@type":"WebSite","@id":"https:\/\/ihuhealthage.fr\/fr\/#website","url":"https:\/\/ihuhealthage.fr\/fr\/","name":"IHU Healthage","description":"","potentialAction":[{"@type":"SearchAction","target":{"@type":"EntryPoint","urlTemplate":"https:\/\/ihuhealthage.fr\/fr\/?s={search_term_string}"},"query-input":{"@type":"PropertyValueSpecification","valueRequired":true,"valueName":"search_term_string"}}],"inLanguage":"fr-FR"}]}},"_links":{"self":[{"href":"https:\/\/ihuhealthage.fr\/fr\/wp-json\/wp\/v2\/pages\/106","targetHints":{"allow":["GET"]}}],"collection":[{"href":"https:\/\/ihuhealthage.fr\/fr\/wp-json\/wp\/v2\/pages"}],"about":[{"href":"https:\/\/ihuhealthage.fr\/fr\/wp-json\/wp\/v2\/types\/page"}],"author":[{"embeddable":true,"href":"https:\/\/ihuhealthage.fr\/fr\/wp-json\/wp\/v2\/users\/1"}],"replies":[{"embeddable":true,"href":"https:\/\/ihuhealthage.fr\/fr\/wp-json\/wp\/v2\/comments?post=106"}],"version-history":[{"count":7,"href":"https:\/\/ihuhealthage.fr\/fr\/wp-json\/wp\/v2\/pages\/106\/revisions"}],"predecessor-version":[{"id":2802,"href":"https:\/\/ihuhealthage.fr\/fr\/wp-json\/wp\/v2\/pages\/106\/revisions\/2802"}],"wp:attachment":[{"href":"https:\/\/ihuhealthage.fr\/fr\/wp-json\/wp\/v2\/media?parent=106"}],"curies":[{"name":"wp","href":"https:\/\/api.w.org\/{rel}","templated":true}]}}