{"id":590,"date":"2020-04-27T14:20:22","date_gmt":"2020-04-27T12:20:22","guid":{"rendered":"https:\/\/inspire.chu-toulouse.fr\/?page_id=590"},"modified":"2020-07-01T10:22:10","modified_gmt":"2020-07-01T08:22:10","slug":"metabolisme","status":"publish","type":"page","link":"https:\/\/ihuhealthage.fr\/en\/metabolisme\/","title":{"rendered":"M\u00e9tabolisme"},"content":{"rendered":"<p><b><i>\u00a0<\/i><\/b><\/p>\n<h2>Identifier des biomarqueurs m\u00e9taboliques sp\u00e9cifiques de la fragilit\u00e9<\/h2>\n<p><img loading=\"lazy\" decoding=\"async\" class=\" wp-image-1077 alignleft\" src=\"https:\/\/ihuhealthage.fr\/wp-content\/uploads\/2020\/05\/unnamed-2.png\" alt=\"\" width=\"146\" height=\"73\" \/>Une signature sp\u00e9cifique du m\u00e9tabolome pourrait repr\u00e9senter un puissant biomarqueur de fragilit\u00e9 et fournir des informations sur les m\u00e9canismes \u00e0 l\u2019origine de ce syndrome et ses cons\u00e9quences.\u00a0Avant et apr\u00e8s un challenge de l\u2019hom\u00e9ostasie m\u00e9tabolique par l\u2019exercice physique, les profils m\u00e9taboliques de volontaires fragiles, pr\u00e9-fragiles et robustes de la cohorte INSPIRE seront mesur\u00e9s \u00e0 partir du plasma par m\u00e9tabolomique non cibl\u00e9e, qui permet une analyse globale de la teneur en m\u00e9tabolites (empreintes m\u00e9taboliques, <a href=\"https:\/\/www6.toulouse.inrae.fr\/metatoul\">https:\/\/www6.toulouse.inrae.fr\/metatoul<\/a>).\u00a0Des analyses statistiques robustes seront utilis\u00e9es pour caract\u00e9riser l\u2019impact de la fragilit\u00e9 sur les profils m\u00e9taboliques et, plus largement, pour identifier les biomarqueurs m\u00e9taboliques de la fragilit\u00e9.\u00a0Ces r\u00e9sultats ouvriront la porte, au moyen de strat\u00e9gies multivari\u00e9es, \u00e0 un suivi possible de la progression du vieillissement au fil du temps \u00e0 partir d\u2019un stade tr\u00e8s pr\u00e9coce.<\/p>\n<p>Responsables de ce projet de recherche:<\/p>\n<p>Pr Louis Casteilla &#8211; louis.casteilla@inserm.fr et Dr Isabelle Ader &#8211; isabelle.ader-perarnau@inserm.fr<\/p>\n<h2>Signatures du peptidome urinaire comme moyen de d\u00e9tection non-invasive de la fragilit\u00e9<\/h2>\n<p><img loading=\"lazy\" decoding=\"async\" class=\" wp-image-1077 alignleft\" src=\"https:\/\/ihuhealthage.fr\/wp-content\/uploads\/2020\/05\/unnamed-2.png\" alt=\"\" width=\"146\" height=\"73\" \/>L\u2019\u00e9lectrophor\u00e8se capillaire coupl\u00e9e \u00e0 la spectrom\u00e9trie de masse (CE-MS) est couramment utilis\u00e9e pour analyser le prot\u00e9ome urinaire de faible poids mol\u00e9culaire ou \u00ab\u00a0peptidome\u00a0\u00bb (capacit\u00e9 d\u2019environ 1\u00a0000 \u00e9chantillons par ann\u00e9e). Cette technologie unique \u00e0 haut d\u00e9bit sera appliqu\u00e9e pour identifier les signatures non invasives de fragilit\u00e9 (\u00e0 la fois pr\u00e9coce et compl\u00e8te) dans l\u2019urine \u00e0 l\u2019aide de la cohorte INSPIRE. Cela permettra \u00e9ventuellement de proposer, sur la base d\u2019un simple \u00e9chantillon d\u2019urine, une identification facile des sujets fragiles.<\/p>\n<p>Responsable de ce projet de recherche: Joost-Peter Schanstra &#8211; joost-peter.schanstra@inserm.fr<\/p>\n<h2>Effets des dysfonctionnements m\u00e9taboliques et des maladies r\u00e9nales sur la morphologie des cellules endoth\u00e9liales art\u00e9rielles durant le vieillissement<\/h2>\n<p><img loading=\"lazy\" decoding=\"async\" class=\" wp-image-1077 alignleft\" src=\"https:\/\/ihuhealthage.fr\/wp-content\/uploads\/2020\/05\/unnamed-2.png\" alt=\"\" width=\"146\" height=\"73\" \/>Deux conditions de stress majeures (stress m\u00e9tabolique induit par la HFD et facteurs de circulation toxiques tels que les toxines ur\u00e9miques), ayant une pr\u00e9valence croissante dans la population, seront utilis\u00e9es comme mod\u00e8les de vieillissement acc\u00e9l\u00e9r\u00e9 pour induire des dysfonctionnements endoth\u00e9liaux et un ph\u00e9notype pro-thrombotique.\u00a0L\u2019impact sera \u00e9tudi\u00e9 sur l\u2019endoth\u00e9lium macrovasculaire en termes de morphologie et de fonction.<\/p>\n<p>Responsable de ce projet de recherche: Muriel Laffargue &#8211; muriel.laffargue@inserm.fr<\/p>\n<h2>Pr\u00e9vention du vieillissement pr\u00e9matur\u00e9 des organes par des strat\u00e9gies mitochondriales cibl\u00e9es<\/h2>\n<p><img loading=\"lazy\" decoding=\"async\" class=\" wp-image-1077 alignleft\" src=\"https:\/\/ihuhealthage.fr\/wp-content\/uploads\/2020\/05\/unnamed-2.png\" alt=\"\" width=\"146\" height=\"73\" \/>Dans ce projet, les avantages potentiels des strat\u00e9gies nutritionnelles cibl\u00e9es sur les mitochondries seront \u00e9valu\u00e9s afin de pr\u00e9venir le vieillissement pr\u00e9matur\u00e9 de plusieurs organes.\u00a0Le dysfonctionnement mitochondrial est un facteur cl\u00e9 de la s\u00e9nescence cellulaire et pr\u00e9cipite les maladies li\u00e9es \u00e0 l\u2019\u00e2ge.\u00a0Les th\u00e9rapies cibl\u00e9es sur les mitochondries pourraient donc retarder l\u2019apparition et r\u00e9duire la gravit\u00e9 des maladies chroniques li\u00e9es \u00e0 l\u2019\u00e2ge.<\/p>\n<p>Responsables de ce projet de recherche:<\/p>\n<p>Pr Angelo Parini &#8211; angelo.parini@inserm.fr et Jeanne Mialet-Perez &#8211; jeanne.perez@inserm.fr<b><i><br \/>\n<\/i><\/b><\/p>\n<h2>MOVE ON<\/h2>\n<p><img loading=\"lazy\" decoding=\"async\" class=\" wp-image-1077 alignleft\" src=\"https:\/\/ihuhealthage.fr\/wp-content\/uploads\/2020\/05\/unnamed-2.png\" alt=\"\" width=\"146\" height=\"73\" \/>Ce projet est centr\u00e9 sur les dysfonctionnements des mitochondries et plus pr\u00e9cis\u00e9ment sur ceux de la cha\u00eene respiratoire mitochondriale et en cons\u00e9quence sur la production anormale de ROS, largement impliqu\u00e9e dans les processus de vieillissement.\u00a0Le fonctionnement de la cha\u00eene respiratoire mitochondriale peut \u00eatre divis\u00e9 en deux mod\u00e8les, l\u2019un pour le complexe I et l\u2019autre pour le complexe III parce que ce sont les principaux sites de production des ROS. Avec ces mod\u00e8les, les voies m\u00e9taboliques nouvelles ou modifi\u00e9es des neurones en r\u00e9ponse au stress physique seront analys\u00e9es.<\/p>\n<p>Responsable de ce projet de recherche: No\u00e9lie Davezac &#8211; noelie.davezac@univ-tlse3.fr<b><i><br \/>\n<\/i><\/b><\/p>\n<h2>D\u00e9terminer les modifications de la signalisation c\u00e9r\u00e9brale de l\u2019insuline au cours du vieillissement<\/h2>\n<p><img loading=\"lazy\" decoding=\"async\" class=\" wp-image-1077 alignleft\" src=\"https:\/\/ihuhealthage.fr\/wp-content\/uploads\/2020\/05\/unnamed-2.png\" alt=\"\" width=\"146\" height=\"73\" \/>Le projet INS2BRAIN \u00e9tudie le r\u00f4le de la signalisation de l\u2019insuline c\u00e9r\u00e9brale dans la r\u00e9gulation de la m\u00e9moire et des processus \u00e9motionnels.\u00a0L\u2019hypoth\u00e8se principale est qu\u2019une alt\u00e9ration progressive de la signalisation de l\u2019insuline au niveau de l\u2019hippocampe tout au long de la vie sous-tend les d\u00e9ficits cognitifs et les troubles psychologiques induits par les cellules s\u00e9nescentes, deux marqueurs comportementaux de la fragilit\u00e9 cognitive et du vieillissement pr\u00e9coce.<b><i><span class=\"Apple-converted-space\">\u00a0\u00a0<\/span><\/i><\/b><\/p>\n<p>Responsable de ce projet de recherche: Bruno Guiard &#8211; bruno.giuard@univ-tlse3.fr<\/p>\n<h2>Inspire SPHERES : r\u00f4le des gouttelettes lipidiques de l&#8217;adipocyte dans les maladies cardio-m\u00e9taboliques li\u00e9es \u00e0 l\u2019\u00e2ge<\/h2>\n<p><img loading=\"lazy\" decoding=\"async\" class=\" wp-image-1089 alignleft\" src=\"https:\/\/ihuhealthage.fr\/wp-content\/uploads\/2020\/05\/Logo_ERC-323x300.png\" alt=\"\" width=\"111\" height=\"103\" srcset=\"https:\/\/inspire.chu-toulouse.fr\/wp-content\/uploads\/2020\/05\/Logo_ERC-323x300.png 323w, https:\/\/inspire.chu-toulouse.fr\/wp-content\/uploads\/2020\/05\/Logo_ERC-1104x1024.png 1104w, https:\/\/inspire.chu-toulouse.fr\/wp-content\/uploads\/2020\/05\/Logo_ERC-768x712.png 768w, https:\/\/inspire.chu-toulouse.fr\/wp-content\/uploads\/2020\/05\/Logo_ERC-1536x1425.png 1536w, https:\/\/inspire.chu-toulouse.fr\/wp-content\/uploads\/2020\/05\/Logo_ERC.png 2000w\" sizes=\"auto, (max-width: 111px) 100vw, 111px\" \/>Financ\u00e9 par une programme ERC Synergy.\u00a0La gouttelette lipidique (GL) des adipocytes est une organelle unique sp\u00e9cialis\u00e9e dans le stockage de l\u2019\u00e9nergie sous forme de triglyc\u00e9rides. L\u2019hypertrophie adipocytaire due \u00e0 une augmentation de la taille de la GL peut, ind\u00e9pendamment de la masse de graisse corporelle, provoquer un large \u00e9ventail de pathologies, notamment des maladies cardio-m\u00e9taboliques. La cohorte de souris du programme INSPIRE offre une occasion unique d\u2019\u00e9tudier l\u2019impact du vieillissement, du sexe, de l\u2019exercice physique et de l\u2019ob\u00e9sit\u00e9 induite par l\u2019alimentation sur la relation entre la taille des adipocytes et les param\u00e8tres cardio-m\u00e9taboliques. Avec le travail chez l\u2019homme, le programme conjoint INSPIRE SPHERES reliera les nouvelles connaissances sur la formation et le maintien des GLs des adipocytes hypertrophi\u00e9s \u00e0 l\u2019impact d\u00e9l\u00e9t\u00e8re de l\u2019hypertrophie adipocytaire dans le contexte du vieillissement.<\/p>\n<p>Responsable de ce projet de recherche: Dominique Langin &#8211; dominique.langin@inserm.fr<\/p>\n<h2>MONA : M\u00e9tabolisme, Ob\u00e9sit\u00e9, Nutrition et Age<\/h2>\n<p><img loading=\"lazy\" decoding=\"async\" class=\" wp-image-1077 alignleft\" src=\"https:\/\/ihuhealthage.fr\/wp-content\/uploads\/2020\/05\/unnamed-2.png\" alt=\"\" width=\"146\" height=\"73\" \/>Les cons\u00e9quences des interventions visant une perte de poids sur les adaptations m\u00e9taboliques chez les personnes ob\u00e8ses \u00e2g\u00e9es sont tr\u00e8s imparfaitement d\u00e9crites. Les informations sont rares sur la r\u00e9ponse diff\u00e9rentielle \u00e0 de telles interventions entre les adultes ob\u00e8ses jeunes et \u00e2g\u00e9s. Parmi les organes m\u00e9taboliques, le tissu adipeux et le muscle squelettique sont profond\u00e9ment affect\u00e9s par la restriction calorique et l&#8217;exercice physique. Dans le projet MONA, nous avons \u00e9tudi\u00e9 deux groupes d&#8217;hommes adultes ob\u00e8ses, un groupe d&#8217;adultes ob\u00e8ses jeunes (30 \u00e0 40 ans) et un groupe d&#8217;adultes ob\u00e8ses \u00e2g\u00e9s (60 \u00e0 70 ans). Les deux groupes ont particip\u00e9 \u00e0 une intervention di\u00e9t\u00e9tique de 8 semaines avec restriction calorique mod\u00e9r\u00e9e et un entra\u00eenement physique supervis\u00e9. Des sessions d&#8217;investigation effectu\u00e9es avant et \u00e0 la fin du programme comprenaient des mesures de la composition corporelle, de la d\u00e9pense \u00e9nerg\u00e9tique, de la sensibilit\u00e9 \u00e0 l&#8217;insuline et une caract\u00e9risation approfondie des param\u00e8tres cardiovasculaires et m\u00e9taboliques ainsi que des biopsies de tissu adipeux et de muscle squelettique pour \u00e9valuer les adaptations mol\u00e9culaires au niveau tissulaire.<\/p>\n<p>Responsable de ce projet de recherche: Dominique Langin &#8211; dominique.langin@inserm.fr<\/p>\n<h2>The Aging Metabolic Network project (AMN) : Impact du dialogue m\u00e9tabolique sur la perte de fonction li\u00e9e \u00e0 l\u2019\u00e2ge<\/h2>\n<p><img loading=\"lazy\" decoding=\"async\" class=\" wp-image-1077 alignleft\" src=\"https:\/\/ihuhealthage.fr\/wp-content\/uploads\/2020\/05\/unnamed-2.png\" alt=\"\" width=\"146\" height=\"73\" \/><img loading=\"lazy\" decoding=\"async\" class=\"alignnone wp-image-1083\" src=\"https:\/\/ihuhealthage.fr\/wp-content\/uploads\/2020\/05\/1544537282-406x300.png\" alt=\"\" width=\"91\" height=\"67\" srcset=\"https:\/\/inspire.chu-toulouse.fr\/wp-content\/uploads\/2020\/05\/1544537282-406x300.png 406w, https:\/\/inspire.chu-toulouse.fr\/wp-content\/uploads\/2020\/05\/1544537282-1110x821.png 1110w, https:\/\/inspire.chu-toulouse.fr\/wp-content\/uploads\/2020\/05\/1544537282-768x568.png 768w, https:\/\/inspire.chu-toulouse.fr\/wp-content\/uploads\/2020\/05\/1544537282.png 1461w\" sizes=\"auto, (max-width: 91px) 100vw, 91px\" \/>\u00a0 <img loading=\"lazy\" decoding=\"async\" class=\"alignnone size-full wp-image-1542\" src=\"https:\/\/ihuhealthage.fr\/wp-content\/uploads\/2020\/05\/ANR.png\" alt=\"\" width=\"151\" height=\"62\" \/><\/p>\n<p>&nbsp;<\/p>\n<p>Les alt\u00e9rations m\u00e9taboliques observ\u00e9es chez la personne \u00e2g\u00e9e participent \u00e0 la perte des capacit\u00e9s fonctionnelles. L\u2019objectif du projet AMN est d\u2019associer la perte des fonctions m\u00e9taboliques au niveau du foie, du muscle et du tissu adipeux avec une approche multiomique (prot\u00e9omique, transcriptomique et m\u00e9tabolomique) permettant ainsi de g\u00e9n\u00e9rer une signature interactive, it\u00e9rative et personnalis\u00e9e. Cette caract\u00e9risation permettra \u00e9galement de g\u00e9n\u00e9rer des cibles th\u00e9rapeutiques d\u2019int\u00e9r\u00eat au c\u0153ur de la communication intertissulaire et intercellulaire \u00e0 l\u2019origine de la g\u00e9n\u00e9ralisation de la perte des capacit\u00e9s fonctionnelles associ\u00e9e au vieillissement.<\/p>\n<p>Responsables de ce projet de recherche:<\/p>\n<p>Dr C\u00e9dric Dray &#8211; cedric.dray@inserm.fr et Pr Philippe VALET &#8211; philippe.valet@inserm.fr<\/p>\n<h2>L\u2019apeline : un peptide cl\u00e9 dans la recherche en g\u00e9rosciences ?<\/h2>\n<p><img loading=\"lazy\" decoding=\"async\" class=\" wp-image-1077 alignleft\" src=\"https:\/\/ihuhealthage.fr\/wp-content\/uploads\/2020\/05\/unnamed-2.png\" alt=\"\" width=\"146\" height=\"73\" \/><img loading=\"lazy\" decoding=\"async\" class=\"alignnone wp-image-1083\" src=\"https:\/\/ihuhealthage.fr\/wp-content\/uploads\/2020\/05\/1544537282-406x300.png\" alt=\"\" width=\"91\" height=\"67\" srcset=\"https:\/\/inspire.chu-toulouse.fr\/wp-content\/uploads\/2020\/05\/1544537282-406x300.png 406w, https:\/\/inspire.chu-toulouse.fr\/wp-content\/uploads\/2020\/05\/1544537282-1110x821.png 1110w, https:\/\/inspire.chu-toulouse.fr\/wp-content\/uploads\/2020\/05\/1544537282-768x568.png 768w, https:\/\/inspire.chu-toulouse.fr\/wp-content\/uploads\/2020\/05\/1544537282.png 1461w\" sizes=\"auto, (max-width: 91px) 100vw, 91px\" \/>\u00a0 <img loading=\"lazy\" decoding=\"async\" class=\"alignnone size-full wp-image-1542\" src=\"https:\/\/ihuhealthage.fr\/wp-content\/uploads\/2020\/05\/ANR.png\" alt=\"\" width=\"151\" height=\"62\" \/><\/p>\n<p>&nbsp;<\/p>\n<p>Une des \u00e9quipes de l\u2019I2MC travaille particuli\u00e8rement sur les s\u00e9cr\u00e9tions adipocytaires, les ob\u00e9sit\u00e9s et les pathologies associ\u00e9es. De r\u00e9cents travaux ont notamment permis d\u2019identifier le r\u00f4le crucial d\u2019un peptide, l\u2019apeline, sur l\u2019installation et le d\u00e9veloppement d\u2019alt\u00e9rations m\u00e9taboliques \u00e0 l\u2019origine de la fragilit\u00e9 musculaire li\u00e9e \u00e0 l\u2019\u00e2ge (sarcop\u00e9nie). D\u2019autres investigations sont en cours visant \u00e0 identifier de nouvelles mol\u00e9cules li\u00e9es au m\u00e9tabolisme pouvant \u00eatre utilis\u00e9es comme des biomarqueurs de la perte des capacit\u00e9s ou cibl\u00e9es afin d\u2019\u00e9tablir des strat\u00e9gies th\u00e9rapeutiques innovantes en g\u00e9rosciences.<\/p>\n<p>Responsable de ce projet de recherche: Dr C\u00e9dric Dray &#8211; cedric.dray@inserm.fr<\/p>\n","protected":false},"excerpt":{"rendered":"<p>\u00a0 Identifier des biomarqueurs m\u00e9taboliques sp\u00e9cifiques de la fragilit\u00e9 Une signature sp\u00e9cifique du m\u00e9tabolome pourrait repr\u00e9senter un puissant biomarqueur de fragilit\u00e9 et fournir des informations sur les m\u00e9canismes \u00e0 l\u2019origine de ce syndrome et ses cons\u00e9quences.\u00a0Avant et apr\u00e8s un challenge de l\u2019hom\u00e9ostasie m\u00e9tabolique par l\u2019exercice physique, les profils m\u00e9taboliques de volontaires fragiles, pr\u00e9-fragiles et robustes [&hellip;]<\/p>\n","protected":false},"author":1,"featured_media":0,"parent":0,"menu_order":0,"comment_status":"closed","ping_status":"closed","template":"","meta":{"footnotes":""},"class_list":["post-590","page","type-page","status-publish","hentry"],"yoast_head":"<!-- This site is optimized with the Yoast SEO plugin v24.7 - https:\/\/yoast.com\/wordpress\/plugins\/seo\/ -->\n<title>M\u00e9tabolisme - IHU Healthage<\/title>\n<meta name=\"robots\" content=\"index, follow, max-snippet:-1, max-image-preview:large, max-video-preview:-1\" \/>\n<link rel=\"canonical\" href=\"https:\/\/ihuhealthage.fr\/en\/metabolisme\/\" \/>\n<meta property=\"og:locale\" content=\"en_US\" \/>\n<meta property=\"og:type\" content=\"article\" \/>\n<meta property=\"og:title\" content=\"M\u00e9tabolisme - IHU Healthage\" \/>\n<meta property=\"og:description\" content=\"\u00a0 Identifier des biomarqueurs m\u00e9taboliques sp\u00e9cifiques de la fragilit\u00e9 Une signature sp\u00e9cifique du m\u00e9tabolome pourrait repr\u00e9senter un puissant biomarqueur de fragilit\u00e9 et fournir des informations sur les m\u00e9canismes \u00e0 l\u2019origine de ce syndrome et ses cons\u00e9quences.\u00a0Avant et apr\u00e8s un challenge de l\u2019hom\u00e9ostasie m\u00e9tabolique par l\u2019exercice physique, les profils m\u00e9taboliques de volontaires fragiles, pr\u00e9-fragiles et robustes [&hellip;]\" \/>\n<meta property=\"og:url\" content=\"https:\/\/ihuhealthage.fr\/en\/metabolisme\/\" \/>\n<meta property=\"og:site_name\" content=\"INSPIRE\" \/>\n<meta property=\"article:modified_time\" content=\"2020-07-01T08:22:10+00:00\" \/>\n<meta property=\"og:image\" content=\"https:\/\/ihuhealthage.fr\/wp-content\/uploads\/2020\/05\/unnamed-2.png\" \/>\n<meta name=\"twitter:card\" content=\"summary_large_image\" \/>\n<meta name=\"twitter:label1\" content=\"Est. reading time\" \/>\n\t<meta name=\"twitter:data1\" content=\"7 minutes\" \/>\n<script type=\"application\/ld+json\" class=\"yoast-schema-graph\">{\"@context\":\"https:\/\/schema.org\",\"@graph\":[{\"@type\":\"WebPage\",\"@id\":\"https:\/\/ihuhealthage.fr\/en\/metabolisme\/\",\"url\":\"https:\/\/ihuhealthage.fr\/en\/metabolisme\/\",\"name\":\"M\u00e9tabolisme - IHU Healthage\",\"isPartOf\":{\"@id\":\"https:\/\/ihuhealthage.fr\/fr\/#website\"},\"primaryImageOfPage\":{\"@id\":\"https:\/\/ihuhealthage.fr\/en\/metabolisme\/#primaryimage\"},\"image\":{\"@id\":\"https:\/\/ihuhealthage.fr\/en\/metabolisme\/#primaryimage\"},\"thumbnailUrl\":\"https:\/\/ihuhealthage.fr\/wp-content\/uploads\/2020\/05\/unnamed-2.png\",\"datePublished\":\"2020-04-27T12:20:22+00:00\",\"dateModified\":\"2020-07-01T08:22:10+00:00\",\"breadcrumb\":{\"@id\":\"https:\/\/ihuhealthage.fr\/en\/metabolisme\/#breadcrumb\"},\"inLanguage\":\"en-US\",\"potentialAction\":[{\"@type\":\"ReadAction\",\"target\":[\"https:\/\/ihuhealthage.fr\/en\/metabolisme\/\"]}]},{\"@type\":\"ImageObject\",\"inLanguage\":\"en-US\",\"@id\":\"https:\/\/ihuhealthage.fr\/en\/metabolisme\/#primaryimage\",\"url\":\"https:\/\/ihuhealthage.fr\/wp-content\/uploads\/2020\/05\/unnamed-2.png\",\"contentUrl\":\"https:\/\/ihuhealthage.fr\/wp-content\/uploads\/2020\/05\/unnamed-2.png\"},{\"@type\":\"BreadcrumbList\",\"@id\":\"https:\/\/ihuhealthage.fr\/en\/metabolisme\/#breadcrumb\",\"itemListElement\":[{\"@type\":\"ListItem\",\"position\":1,\"name\":\"Home\",\"item\":\"https:\/\/ihuhealthage.fr\/en\/\"},{\"@type\":\"ListItem\",\"position\":2,\"name\":\"M\u00e9tabolisme\"}]},{\"@type\":\"WebSite\",\"@id\":\"https:\/\/ihuhealthage.fr\/fr\/#website\",\"url\":\"https:\/\/ihuhealthage.fr\/fr\/\",\"name\":\"IHU Healthage\",\"description\":\"\",\"potentialAction\":[{\"@type\":\"SearchAction\",\"target\":{\"@type\":\"EntryPoint\",\"urlTemplate\":\"https:\/\/ihuhealthage.fr\/fr\/?s={search_term_string}\"},\"query-input\":{\"@type\":\"PropertyValueSpecification\",\"valueRequired\":true,\"valueName\":\"search_term_string\"}}],\"inLanguage\":\"en-US\"}]}<\/script>\n<!-- \/ Yoast SEO plugin. -->","yoast_head_json":{"title":"M\u00e9tabolisme - IHU Healthage","robots":{"index":"index","follow":"follow","max-snippet":"max-snippet:-1","max-image-preview":"max-image-preview:large","max-video-preview":"max-video-preview:-1"},"canonical":"https:\/\/ihuhealthage.fr\/en\/metabolisme\/","og_locale":"en_US","og_type":"article","og_title":"M\u00e9tabolisme - IHU Healthage","og_description":"\u00a0 Identifier des biomarqueurs m\u00e9taboliques sp\u00e9cifiques de la fragilit\u00e9 Une signature sp\u00e9cifique du m\u00e9tabolome pourrait repr\u00e9senter un puissant biomarqueur de fragilit\u00e9 et fournir des informations sur les m\u00e9canismes \u00e0 l\u2019origine de ce syndrome et ses cons\u00e9quences.\u00a0Avant et apr\u00e8s un challenge de l\u2019hom\u00e9ostasie m\u00e9tabolique par l\u2019exercice physique, les profils m\u00e9taboliques de volontaires fragiles, pr\u00e9-fragiles et robustes [&hellip;]","og_url":"https:\/\/ihuhealthage.fr\/en\/metabolisme\/","og_site_name":"INSPIRE","article_modified_time":"2020-07-01T08:22:10+00:00","og_image":[{"url":"https:\/\/ihuhealthage.fr\/wp-content\/uploads\/2020\/05\/unnamed-2.png","type":"","width":"","height":""}],"twitter_card":"summary_large_image","twitter_misc":{"Est. reading time":"7 minutes"},"schema":{"@context":"https:\/\/schema.org","@graph":[{"@type":"WebPage","@id":"https:\/\/ihuhealthage.fr\/en\/metabolisme\/","url":"https:\/\/ihuhealthage.fr\/en\/metabolisme\/","name":"M\u00e9tabolisme - IHU Healthage","isPartOf":{"@id":"https:\/\/ihuhealthage.fr\/fr\/#website"},"primaryImageOfPage":{"@id":"https:\/\/ihuhealthage.fr\/en\/metabolisme\/#primaryimage"},"image":{"@id":"https:\/\/ihuhealthage.fr\/en\/metabolisme\/#primaryimage"},"thumbnailUrl":"https:\/\/ihuhealthage.fr\/wp-content\/uploads\/2020\/05\/unnamed-2.png","datePublished":"2020-04-27T12:20:22+00:00","dateModified":"2020-07-01T08:22:10+00:00","breadcrumb":{"@id":"https:\/\/ihuhealthage.fr\/en\/metabolisme\/#breadcrumb"},"inLanguage":"en-US","potentialAction":[{"@type":"ReadAction","target":["https:\/\/ihuhealthage.fr\/en\/metabolisme\/"]}]},{"@type":"ImageObject","inLanguage":"en-US","@id":"https:\/\/ihuhealthage.fr\/en\/metabolisme\/#primaryimage","url":"https:\/\/ihuhealthage.fr\/wp-content\/uploads\/2020\/05\/unnamed-2.png","contentUrl":"https:\/\/ihuhealthage.fr\/wp-content\/uploads\/2020\/05\/unnamed-2.png"},{"@type":"BreadcrumbList","@id":"https:\/\/ihuhealthage.fr\/en\/metabolisme\/#breadcrumb","itemListElement":[{"@type":"ListItem","position":1,"name":"Home","item":"https:\/\/ihuhealthage.fr\/en\/"},{"@type":"ListItem","position":2,"name":"M\u00e9tabolisme"}]},{"@type":"WebSite","@id":"https:\/\/ihuhealthage.fr\/fr\/#website","url":"https:\/\/ihuhealthage.fr\/fr\/","name":"IHU Healthage","description":"","potentialAction":[{"@type":"SearchAction","target":{"@type":"EntryPoint","urlTemplate":"https:\/\/ihuhealthage.fr\/fr\/?s={search_term_string}"},"query-input":{"@type":"PropertyValueSpecification","valueRequired":true,"valueName":"search_term_string"}}],"inLanguage":"en-US"}]}},"_links":{"self":[{"href":"https:\/\/ihuhealthage.fr\/en\/wp-json\/wp\/v2\/pages\/590","targetHints":{"allow":["GET"]}}],"collection":[{"href":"https:\/\/ihuhealthage.fr\/en\/wp-json\/wp\/v2\/pages"}],"about":[{"href":"https:\/\/ihuhealthage.fr\/en\/wp-json\/wp\/v2\/types\/page"}],"author":[{"embeddable":true,"href":"https:\/\/ihuhealthage.fr\/en\/wp-json\/wp\/v2\/users\/1"}],"replies":[{"embeddable":true,"href":"https:\/\/ihuhealthage.fr\/en\/wp-json\/wp\/v2\/comments?post=590"}],"version-history":[{"count":19,"href":"https:\/\/ihuhealthage.fr\/en\/wp-json\/wp\/v2\/pages\/590\/revisions"}],"predecessor-version":[{"id":1864,"href":"https:\/\/ihuhealthage.fr\/en\/wp-json\/wp\/v2\/pages\/590\/revisions\/1864"}],"wp:attachment":[{"href":"https:\/\/ihuhealthage.fr\/en\/wp-json\/wp\/v2\/media?parent=590"}],"curies":[{"name":"wp","href":"https:\/\/api.w.org\/{rel}","templated":true}]}}