{"id":526,"date":"2020-04-23T14:38:23","date_gmt":"2020-04-23T12:38:23","guid":{"rendered":"https:\/\/inspire.chu-toulouse.fr\/?page_id=526"},"modified":"2024-04-19T15:37:05","modified_gmt":"2024-04-19T13:37:05","slug":"pilier4","status":"publish","type":"page","link":"https:\/\/ihuhealthage.fr\/en\/pilier4\/","title":{"rendered":"Pilier 4 : Une plateforme de recherche translationnelle et d\u2019essais clinique en geroscience"},"content":{"rendered":"<h2 class=\"chapeau\" style=\"text-align: justify;\">La m\u00e9decine g\u00e9roscientifique de demain cible directement la biologie du vieillissement.\u00a0 Le vieillissement est le principal facteur de risque du d\u00e9clin fonctionnel et des maladies chroniques li\u00e9es \u00e0 l&#8217;\u00e2ge.<\/h2>\n<p style=\"text-align: justify;\">Comme le sugg\u00e8re la th\u00e9orie de la g\u00e9roscience, en agissant sur le vieillissement biologique \u00e0 l&#8217;origine des maladies li\u00e9es \u00e0 l&#8217;\u00e2ge (d\u00e9mence, diab\u00e8te, cancer, maladies cardiaques) et du d\u00e9clin fonctionnel, nous pouvons rester plus longtemps en bonne sant\u00e9 et actifs sur le plan fonctionnel. En d&#8217;autres termes, les efforts de pr\u00e9vention qui s&#8217;attaquent au vieillissement biologique sont bas\u00e9s sur une perspective syst\u00e9mique plut\u00f4t que sur une maladie unique &#8211; o\u00f9 la biologie du vieillissement fait partie int\u00e9grante du d\u00e9clin fonctionnel et des maladies multiples, et o\u00f9 la pr\u00e9vention peut \u00eatre g\u00e9r\u00e9e avant le d\u00e9but des maladies chroniques et de l&#8217;invalidit\u00e9.<\/p>\n<p style=\"text-align: justify;\">L&#8217;IHU HealthAge mettra en place un cadre et une plateforme internationaux pour relier les essais cliniques qui testent les nouveaux m\u00e9dicaments de g\u00e9rontologie.\u00a0 Cette plateforme tire parti de l&#8217;expertise toulousaine en mati\u00e8re d&#8217;essais \u00e0 petite, moyenne et grande \u00e9chelle. En outre, la plateforme s&#8217;appuie sur le leadership de l&#8217;\u00e9quipe en mati\u00e8re de lignes directrices internationales pour d\u00e9finir un ensemble de variables de r\u00e9sultats (tests) afin de comparer l&#8217;efficacit\u00e9 des interventions sur la biologie du vieillissement entre les essais. En outre, la plateforme d&#8217;essai comprendra une biobanque d&#8217;essai pour valider les nouveaux biomarqueurs du vieillissement en r\u00e9ponse aux nouveaux traitements et, dans une plateforme pr\u00e9clinique, testera la causalit\u00e9 des nouvelles interventions dans les mod\u00e8les animaux INSPIRE de Toulouse.<\/p>\n","protected":false},"excerpt":{"rendered":"<p>La m\u00e9decine g\u00e9roscientifique de demain cible directement la biologie du vieillissement.\u00a0 Le vieillissement est le principal facteur de risque du d\u00e9clin fonctionnel et des maladies chroniques li\u00e9es \u00e0 l&#8217;\u00e2ge. Comme le sugg\u00e8re la th\u00e9orie de la g\u00e9roscience, en agissant sur le vieillissement biologique \u00e0 l&#8217;origine des maladies li\u00e9es \u00e0 l&#8217;\u00e2ge (d\u00e9mence, diab\u00e8te, cancer, maladies cardiaques) [&hellip;]<\/p>\n","protected":false},"author":1,"featured_media":0,"parent":0,"menu_order":0,"comment_status":"closed","ping_status":"closed","template":"","meta":{"footnotes":""},"class_list":["post-526","page","type-page","status-publish","hentry"],"yoast_head":"<!-- This site is optimized with the Yoast SEO plugin v24.7 - https:\/\/yoast.com\/wordpress\/plugins\/seo\/ -->\n<title>Pilier 4 : Une plateforme de recherche translationnelle et d\u2019essais clinique en geroscience - IHU Healthage<\/title>\n<meta name=\"robots\" content=\"index, follow, max-snippet:-1, max-image-preview:large, max-video-preview:-1\" \/>\n<link rel=\"canonical\" href=\"https:\/\/ihuhealthage.fr\/en\/pilier4\/\" \/>\n<meta property=\"og:locale\" content=\"en_US\" \/>\n<meta property=\"og:type\" content=\"article\" \/>\n<meta property=\"og:title\" content=\"Pilier 4 : Une plateforme de recherche translationnelle et d\u2019essais clinique en geroscience - IHU Healthage\" \/>\n<meta property=\"og:description\" content=\"La m\u00e9decine g\u00e9roscientifique de demain cible directement la biologie du vieillissement.\u00a0 Le vieillissement est le principal facteur de risque du d\u00e9clin fonctionnel et des maladies chroniques li\u00e9es \u00e0 l&#8217;\u00e2ge. Comme le sugg\u00e8re la th\u00e9orie de la g\u00e9roscience, en agissant sur le vieillissement biologique \u00e0 l&#8217;origine des maladies li\u00e9es \u00e0 l&#8217;\u00e2ge (d\u00e9mence, diab\u00e8te, cancer, maladies cardiaques) [&hellip;]\" \/>\n<meta property=\"og:url\" content=\"https:\/\/ihuhealthage.fr\/en\/pilier4\/\" \/>\n<meta property=\"og:site_name\" content=\"INSPIRE\" \/>\n<meta property=\"article:modified_time\" content=\"2024-04-19T13:37:05+00:00\" \/>\n<meta name=\"twitter:card\" content=\"summary_large_image\" \/>\n<meta name=\"twitter:label1\" content=\"Est. reading time\" \/>\n\t<meta name=\"twitter:data1\" content=\"2 minutes\" \/>\n<script type=\"application\/ld+json\" class=\"yoast-schema-graph\">{\"@context\":\"https:\/\/schema.org\",\"@graph\":[{\"@type\":\"WebPage\",\"@id\":\"https:\/\/ihuhealthage.fr\/en\/pilier4\/\",\"url\":\"https:\/\/ihuhealthage.fr\/en\/pilier4\/\",\"name\":\"Pilier 4 : Une plateforme de recherche translationnelle et d\u2019essais clinique en geroscience - IHU Healthage\",\"isPartOf\":{\"@id\":\"https:\/\/ihuhealthage.fr\/fr\/#website\"},\"datePublished\":\"2020-04-23T12:38:23+00:00\",\"dateModified\":\"2024-04-19T13:37:05+00:00\",\"breadcrumb\":{\"@id\":\"https:\/\/ihuhealthage.fr\/en\/pilier4\/#breadcrumb\"},\"inLanguage\":\"en-US\",\"potentialAction\":[{\"@type\":\"ReadAction\",\"target\":[\"https:\/\/ihuhealthage.fr\/en\/pilier4\/\"]}]},{\"@type\":\"BreadcrumbList\",\"@id\":\"https:\/\/ihuhealthage.fr\/en\/pilier4\/#breadcrumb\",\"itemListElement\":[{\"@type\":\"ListItem\",\"position\":1,\"name\":\"Home\",\"item\":\"https:\/\/ihuhealthage.fr\/en\/\"},{\"@type\":\"ListItem\",\"position\":2,\"name\":\"Pilier 4 : Une plateforme de recherche translationnelle et d\u2019essais clinique en geroscience\"}]},{\"@type\":\"WebSite\",\"@id\":\"https:\/\/ihuhealthage.fr\/fr\/#website\",\"url\":\"https:\/\/ihuhealthage.fr\/fr\/\",\"name\":\"IHU Healthage\",\"description\":\"\",\"potentialAction\":[{\"@type\":\"SearchAction\",\"target\":{\"@type\":\"EntryPoint\",\"urlTemplate\":\"https:\/\/ihuhealthage.fr\/fr\/?s={search_term_string}\"},\"query-input\":{\"@type\":\"PropertyValueSpecification\",\"valueRequired\":true,\"valueName\":\"search_term_string\"}}],\"inLanguage\":\"en-US\"}]}<\/script>\n<!-- \/ Yoast SEO plugin. -->","yoast_head_json":{"title":"Pilier 4 : Une plateforme de recherche translationnelle et d\u2019essais clinique en geroscience - IHU Healthage","robots":{"index":"index","follow":"follow","max-snippet":"max-snippet:-1","max-image-preview":"max-image-preview:large","max-video-preview":"max-video-preview:-1"},"canonical":"https:\/\/ihuhealthage.fr\/en\/pilier4\/","og_locale":"en_US","og_type":"article","og_title":"Pilier 4 : Une plateforme de recherche translationnelle et d\u2019essais clinique en geroscience - IHU Healthage","og_description":"La m\u00e9decine g\u00e9roscientifique de demain cible directement la biologie du vieillissement.\u00a0 Le vieillissement est le principal facteur de risque du d\u00e9clin fonctionnel et des maladies chroniques li\u00e9es \u00e0 l&#8217;\u00e2ge. Comme le sugg\u00e8re la th\u00e9orie de la g\u00e9roscience, en agissant sur le vieillissement biologique \u00e0 l&#8217;origine des maladies li\u00e9es \u00e0 l&#8217;\u00e2ge (d\u00e9mence, diab\u00e8te, cancer, maladies cardiaques) [&hellip;]","og_url":"https:\/\/ihuhealthage.fr\/en\/pilier4\/","og_site_name":"INSPIRE","article_modified_time":"2024-04-19T13:37:05+00:00","twitter_card":"summary_large_image","twitter_misc":{"Est. reading time":"2 minutes"},"schema":{"@context":"https:\/\/schema.org","@graph":[{"@type":"WebPage","@id":"https:\/\/ihuhealthage.fr\/en\/pilier4\/","url":"https:\/\/ihuhealthage.fr\/en\/pilier4\/","name":"Pilier 4 : Une plateforme de recherche translationnelle et d\u2019essais clinique en geroscience - IHU Healthage","isPartOf":{"@id":"https:\/\/ihuhealthage.fr\/fr\/#website"},"datePublished":"2020-04-23T12:38:23+00:00","dateModified":"2024-04-19T13:37:05+00:00","breadcrumb":{"@id":"https:\/\/ihuhealthage.fr\/en\/pilier4\/#breadcrumb"},"inLanguage":"en-US","potentialAction":[{"@type":"ReadAction","target":["https:\/\/ihuhealthage.fr\/en\/pilier4\/"]}]},{"@type":"BreadcrumbList","@id":"https:\/\/ihuhealthage.fr\/en\/pilier4\/#breadcrumb","itemListElement":[{"@type":"ListItem","position":1,"name":"Home","item":"https:\/\/ihuhealthage.fr\/en\/"},{"@type":"ListItem","position":2,"name":"Pilier 4 : Une plateforme de recherche translationnelle et d\u2019essais clinique en geroscience"}]},{"@type":"WebSite","@id":"https:\/\/ihuhealthage.fr\/fr\/#website","url":"https:\/\/ihuhealthage.fr\/fr\/","name":"IHU Healthage","description":"","potentialAction":[{"@type":"SearchAction","target":{"@type":"EntryPoint","urlTemplate":"https:\/\/ihuhealthage.fr\/fr\/?s={search_term_string}"},"query-input":{"@type":"PropertyValueSpecification","valueRequired":true,"valueName":"search_term_string"}}],"inLanguage":"en-US"}]}},"_links":{"self":[{"href":"https:\/\/ihuhealthage.fr\/en\/wp-json\/wp\/v2\/pages\/526","targetHints":{"allow":["GET"]}}],"collection":[{"href":"https:\/\/ihuhealthage.fr\/en\/wp-json\/wp\/v2\/pages"}],"about":[{"href":"https:\/\/ihuhealthage.fr\/en\/wp-json\/wp\/v2\/types\/page"}],"author":[{"embeddable":true,"href":"https:\/\/ihuhealthage.fr\/en\/wp-json\/wp\/v2\/users\/1"}],"replies":[{"embeddable":true,"href":"https:\/\/ihuhealthage.fr\/en\/wp-json\/wp\/v2\/comments?post=526"}],"version-history":[{"count":22,"href":"https:\/\/ihuhealthage.fr\/en\/wp-json\/wp\/v2\/pages\/526\/revisions"}],"predecessor-version":[{"id":2842,"href":"https:\/\/ihuhealthage.fr\/en\/wp-json\/wp\/v2\/pages\/526\/revisions\/2842"}],"wp:attachment":[{"href":"https:\/\/ihuhealthage.fr\/en\/wp-json\/wp\/v2\/media?parent=526"}],"curies":[{"name":"wp","href":"https:\/\/api.w.org\/{rel}","templated":true}]}}