{"id":225,"date":"2020-03-04T03:10:47","date_gmt":"2020-03-04T02:10:47","guid":{"rendered":"https:\/\/inspire.chu-toulouse.fr\/?page_id=225"},"modified":"2026-03-02T10:00:14","modified_gmt":"2026-03-02T09:00:14","slug":"formation","status":"publish","type":"page","link":"https:\/\/ihuhealthage.fr\/en\/formation\/","title":{"rendered":"Formation"},"content":{"rendered":"<h2 class=\"chapeau\" style=\"text-align: justify;\">En ce qui concerne le transfert de connaissances et la formation, l&#8217;IHU HealthAge deviendra un centre d&#8217;enseignement et de r\u00e9f\u00e9rence pour la long\u00e9vit\u00e9 en bonne sant\u00e9 \u00e0 plusieurs \u00e9gards.<\/h2>\n<p>&nbsp;<\/p>\n<p><span style=\"text-decoration: underline;\"><strong>ICOPE <\/strong><\/span><\/p>\n<p style=\"text-align: justify;\">Il a d\u00e9j\u00e0 mis en place un centre d&#8217;enseignement national et international pour l&#8217;ICOPE, comprenant des professionnels de la sant\u00e9, mais aussi l&#8217;habilitation de l&#8217;individu \u00e0 contr\u00f4ler lui-m\u00eame les six fonctions de l&#8217;ICOPE. En tant que centre collaborateur de l&#8217;OMS pour la fragilit\u00e9, la recherche clinique, la G\u00e9roscience et la formation g\u00e9riatrique, nous d\u00e9veloppons un vaste programme d&#8217;enseignement, y compris dans les pays \u00e9mergents o\u00f9 le vieillissement augmentera encore plus rapidement.<\/p>\n<p>&nbsp;<\/p>\n<p><span style=\"text-decoration: underline;\"><strong>Programme CARe &#8220;Cancer, Vieillissement et Rajeunisselent&#8221; (Master-PhD)<\/strong><\/span><\/p>\n<p style=\"text-align: justify;\">CARe est un centre international d&#8217;enseignement et de recherche \u00e0 Toulouse dans les domaines du cancer et du vieillissement (Responsable: Philippe Valet)- <a href=\"https:\/\/care-graduateschool.fr\/\" target=\"_blank\" rel=\"noopener\"><u>https:\/\/care-graduateschool.fr\/<\/u><\/a><\/p>\n<p style=\"text-align: justify;\">CARE s&#8217;appuie sur l&#8217;excellence du LabEx TOUCAN, du G\u00e9rontopole (centre g\u00e9riatrique de r\u00e9f\u00e9rence de l&#8217;OMS) et de l&#8217;IUCT (Institut Universitaire du Cancer), ainsi que sur un r\u00e9seau de partenariats acad\u00e9miques et industriels internationaux. L&#8217;objectif est de proposer un enseignement innovant dans les domaines du cancer, du vieillissement et de la bio-ing\u00e9nierie \u00e0 Toulouse. Ce programme original, en \u00e9troite collaboration avec les centres de recherche toulousains, vise \u00e0 stimuler l&#8217;innovation scientifique, depuis les concepts fondamentaux jusqu&#8217;aux applications industrielles et m\u00e9dicales. Gr\u00e2ce \u00e0 des partenariats public-priv\u00e9, CARE offre une gamme unique de programmes \u00e9ducatifs, du master au doctorat, impliquant l&#8217;ensemble des acteurs acad\u00e9miques, industriels et socio-\u00e9conomiques. Une forte interaction avec les universit\u00e9s \u00e9trang\u00e8res impliqu\u00e9es dans CARE favorise le flux d&#8217;\u00e9tudiants entrants et sortants en finan\u00e7ant leur mobilit\u00e9 et en \u00e9tablissant de futurs r\u00e9seaux comp\u00e9titifs.<\/p>\n<p>&nbsp;<\/p>\n<p><span style=\"text-decoration: underline;\"><strong>Master Vieillissement en sant\u00e9 en G\u00e9roscience (VESG)<\/strong><\/span><\/p>\n<p style=\"text-align: justify;\">Depuis janvier 2024, un programme de Master en G\u00e9roscience a \u00e9t\u00e9 initi\u00e9 pour l&#8217;IHU HealthAge entre la science fondamentale et la direction de la science clinique, et a inscrit les premiers doctorants (Responsables: Sophie Guyonnet, C\u00e9dric Dray). <a href=\"https:\/\/www.univ-tlse3.fr\/decouvrir-nos-diplomes\/master-parcours-vieillissement-en-sante-geroscience-de-la-recherche-amont-aux-strategies-preventives-vesg\">https:\/\/www.univ-tlse3.fr\/master-parcours-vieillissement-en-sante-geroscience<\/a><\/p>\n<p>Ce parcours a pour objectif de fournir des connaissances approfondies sur<\/p>\n<ul>\n<li>les diff\u00e9rentes trajectoires du vieillissement (d\u00e9finition d\u2019un \u00e2ge biologique vs. \u00e2ge chronologique)<\/li>\n<li>les facteurs associ\u00e9s (marqueurs biologiques et cliniques pr\u00e9coces, comportements individuels, d\u00e9terminants environnementaux)<\/li>\n<li>les strat\u00e9gies pr\u00e9ventives m\u00e9dicamenteuses ou non permettant le bien vieillir.<\/li>\n<\/ul>\n<p>Cette formation aborde les mod\u00e8les innovants d\u2019organisation du syst\u00e8me de sant\u00e9 et\/ou de prise en charge sp\u00e9cifiques de la personne \u00e2g\u00e9e (nouvelles technologies, outils connect\u00e9s, auto\u00e9valuation, d\u00e9finition d\u2019objectifs personnalis\u00e9s, liens avec la silver economy) ainsi que les aspects innovants et sp\u00e9cifiques de la recherche clinique dans le domaine du vieillissement (recherche translationnelle, cr\u00e9ation et gestion de cohortes, cohortes digitales\u2026). L\u2019originalit\u00e9 de cette formation est de proposer une vision allant de la compr\u00e9hension des m\u00e9canismes fondamentaux du vieillissement jusqu\u2019\u00e0 l\u2019application en pratique clinique.<\/p>\n<p>Ce parcours Master 1 &#8211; Master 2 b\u00e9n\u00e9ficie de la mention Biologie Sant\u00e9 de l&#8217;Universit\u00e9 Toulouse 3 \u2013 Paul Sabatier.<\/p>\n","protected":false},"excerpt":{"rendered":"<p>En ce qui concerne le transfert de connaissances et la formation, l&#8217;IHU HealthAge deviendra un centre d&#8217;enseignement et de r\u00e9f\u00e9rence pour la long\u00e9vit\u00e9 en bonne sant\u00e9 \u00e0 plusieurs \u00e9gards. &nbsp; ICOPE Il a d\u00e9j\u00e0 mis en place un centre d&#8217;enseignement national et international pour l&#8217;ICOPE, comprenant des professionnels de la sant\u00e9, mais aussi l&#8217;habilitation de [&hellip;]<\/p>\n","protected":false},"author":1,"featured_media":0,"parent":0,"menu_order":0,"comment_status":"closed","ping_status":"closed","template":"","meta":{"footnotes":""},"class_list":["post-225","page","type-page","status-publish","hentry"],"yoast_head":"<!-- This site is optimized with the Yoast SEO plugin v24.7 - https:\/\/yoast.com\/wordpress\/plugins\/seo\/ -->\n<title>Formation - IHU Healthage<\/title>\n<meta name=\"robots\" content=\"index, follow, max-snippet:-1, max-image-preview:large, max-video-preview:-1\" \/>\n<link rel=\"canonical\" href=\"https:\/\/ihuhealthage.fr\/en\/formation\/\" \/>\n<meta property=\"og:locale\" content=\"en_US\" \/>\n<meta property=\"og:type\" content=\"article\" \/>\n<meta property=\"og:title\" content=\"Formation - IHU Healthage\" \/>\n<meta property=\"og:description\" content=\"En ce qui concerne le transfert de connaissances et la formation, l&#8217;IHU HealthAge deviendra un centre d&#8217;enseignement et de r\u00e9f\u00e9rence pour la long\u00e9vit\u00e9 en bonne sant\u00e9 \u00e0 plusieurs \u00e9gards. &nbsp; ICOPE Il a d\u00e9j\u00e0 mis en place un centre d&#8217;enseignement national et international pour l&#8217;ICOPE, comprenant des professionnels de la sant\u00e9, mais aussi l&#8217;habilitation de [&hellip;]\" \/>\n<meta property=\"og:url\" content=\"https:\/\/ihuhealthage.fr\/en\/formation\/\" \/>\n<meta property=\"og:site_name\" content=\"INSPIRE\" \/>\n<meta property=\"article:modified_time\" content=\"2026-03-02T09:00:14+00:00\" \/>\n<meta name=\"twitter:card\" content=\"summary_large_image\" \/>\n<meta name=\"twitter:label1\" content=\"Est. reading time\" \/>\n\t<meta name=\"twitter:data1\" content=\"3 minutes\" \/>\n<script type=\"application\/ld+json\" class=\"yoast-schema-graph\">{\"@context\":\"https:\/\/schema.org\",\"@graph\":[{\"@type\":\"WebPage\",\"@id\":\"https:\/\/ihuhealthage.fr\/en\/formation\/\",\"url\":\"https:\/\/ihuhealthage.fr\/en\/formation\/\",\"name\":\"Formation - IHU Healthage\",\"isPartOf\":{\"@id\":\"https:\/\/ihuhealthage.fr\/fr\/#website\"},\"datePublished\":\"2020-03-04T02:10:47+00:00\",\"dateModified\":\"2026-03-02T09:00:14+00:00\",\"breadcrumb\":{\"@id\":\"https:\/\/ihuhealthage.fr\/en\/formation\/#breadcrumb\"},\"inLanguage\":\"en-US\",\"potentialAction\":[{\"@type\":\"ReadAction\",\"target\":[\"https:\/\/ihuhealthage.fr\/en\/formation\/\"]}]},{\"@type\":\"BreadcrumbList\",\"@id\":\"https:\/\/ihuhealthage.fr\/en\/formation\/#breadcrumb\",\"itemListElement\":[{\"@type\":\"ListItem\",\"position\":1,\"name\":\"Home\",\"item\":\"https:\/\/ihuhealthage.fr\/en\/\"},{\"@type\":\"ListItem\",\"position\":2,\"name\":\"Formation\"}]},{\"@type\":\"WebSite\",\"@id\":\"https:\/\/ihuhealthage.fr\/fr\/#website\",\"url\":\"https:\/\/ihuhealthage.fr\/fr\/\",\"name\":\"IHU Healthage\",\"description\":\"\",\"potentialAction\":[{\"@type\":\"SearchAction\",\"target\":{\"@type\":\"EntryPoint\",\"urlTemplate\":\"https:\/\/ihuhealthage.fr\/fr\/?s={search_term_string}\"},\"query-input\":{\"@type\":\"PropertyValueSpecification\",\"valueRequired\":true,\"valueName\":\"search_term_string\"}}],\"inLanguage\":\"en-US\"}]}<\/script>\n<!-- \/ Yoast SEO plugin. -->","yoast_head_json":{"title":"Formation - IHU Healthage","robots":{"index":"index","follow":"follow","max-snippet":"max-snippet:-1","max-image-preview":"max-image-preview:large","max-video-preview":"max-video-preview:-1"},"canonical":"https:\/\/ihuhealthage.fr\/en\/formation\/","og_locale":"en_US","og_type":"article","og_title":"Formation - IHU Healthage","og_description":"En ce qui concerne le transfert de connaissances et la formation, l&#8217;IHU HealthAge deviendra un centre d&#8217;enseignement et de r\u00e9f\u00e9rence pour la long\u00e9vit\u00e9 en bonne sant\u00e9 \u00e0 plusieurs \u00e9gards. &nbsp; ICOPE Il a d\u00e9j\u00e0 mis en place un centre d&#8217;enseignement national et international pour l&#8217;ICOPE, comprenant des professionnels de la sant\u00e9, mais aussi l&#8217;habilitation de [&hellip;]","og_url":"https:\/\/ihuhealthage.fr\/en\/formation\/","og_site_name":"INSPIRE","article_modified_time":"2026-03-02T09:00:14+00:00","twitter_card":"summary_large_image","twitter_misc":{"Est. reading time":"3 minutes"},"schema":{"@context":"https:\/\/schema.org","@graph":[{"@type":"WebPage","@id":"https:\/\/ihuhealthage.fr\/en\/formation\/","url":"https:\/\/ihuhealthage.fr\/en\/formation\/","name":"Formation - IHU Healthage","isPartOf":{"@id":"https:\/\/ihuhealthage.fr\/fr\/#website"},"datePublished":"2020-03-04T02:10:47+00:00","dateModified":"2026-03-02T09:00:14+00:00","breadcrumb":{"@id":"https:\/\/ihuhealthage.fr\/en\/formation\/#breadcrumb"},"inLanguage":"en-US","potentialAction":[{"@type":"ReadAction","target":["https:\/\/ihuhealthage.fr\/en\/formation\/"]}]},{"@type":"BreadcrumbList","@id":"https:\/\/ihuhealthage.fr\/en\/formation\/#breadcrumb","itemListElement":[{"@type":"ListItem","position":1,"name":"Home","item":"https:\/\/ihuhealthage.fr\/en\/"},{"@type":"ListItem","position":2,"name":"Formation"}]},{"@type":"WebSite","@id":"https:\/\/ihuhealthage.fr\/fr\/#website","url":"https:\/\/ihuhealthage.fr\/fr\/","name":"IHU Healthage","description":"","potentialAction":[{"@type":"SearchAction","target":{"@type":"EntryPoint","urlTemplate":"https:\/\/ihuhealthage.fr\/fr\/?s={search_term_string}"},"query-input":{"@type":"PropertyValueSpecification","valueRequired":true,"valueName":"search_term_string"}}],"inLanguage":"en-US"}]}},"_links":{"self":[{"href":"https:\/\/ihuhealthage.fr\/en\/wp-json\/wp\/v2\/pages\/225","targetHints":{"allow":["GET"]}}],"collection":[{"href":"https:\/\/ihuhealthage.fr\/en\/wp-json\/wp\/v2\/pages"}],"about":[{"href":"https:\/\/ihuhealthage.fr\/en\/wp-json\/wp\/v2\/types\/page"}],"author":[{"embeddable":true,"href":"https:\/\/ihuhealthage.fr\/en\/wp-json\/wp\/v2\/users\/1"}],"replies":[{"embeddable":true,"href":"https:\/\/ihuhealthage.fr\/en\/wp-json\/wp\/v2\/comments?post=225"}],"version-history":[{"count":25,"href":"https:\/\/ihuhealthage.fr\/en\/wp-json\/wp\/v2\/pages\/225\/revisions"}],"predecessor-version":[{"id":4546,"href":"https:\/\/ihuhealthage.fr\/en\/wp-json\/wp\/v2\/pages\/225\/revisions\/4546"}],"wp:attachment":[{"href":"https:\/\/ihuhealthage.fr\/en\/wp-json\/wp\/v2\/media?parent=225"}],"curies":[{"name":"wp","href":"https:\/\/api.w.org\/{rel}","templated":true}]}}